{"id":130,"date":"2023-04-03T18:23:20","date_gmt":"2023-04-03T21:23:20","guid":{"rendered":"https:\/\/consmoron.esteri.it\/chi-siamo\/"},"modified":"2026-02-09T09:11:02","modified_gmt":"2026-02-09T12:11:02","slug":"chi-siamo","status":"publish","type":"page","link":"https:\/\/consmoron.esteri.it\/es\/chi-siamo\/","title":{"rendered":"Qui\u00e9nes somos"},"content":{"rendered":"<p><strong>COMO COMUNICARSE<\/strong><\/p>\n<p>Telefonos: (0054 11) 4489-4676 \/ 4629-9573 \/ 4489-1615<\/p>\n<p>Invitamos los usuarios institucionales a utilizar la direcci\u00f3n PEC: con.moron@cert.esteri.it (casilla habilitada exclusivamente a recibir correos electronicos certificados &#8211; PEC)<\/p>\n<p>Informaci\u00f3n general: de lunes a viernes de 9:00 a 11.30hs &#8211; Tel. 4483 4716<\/p>\n<p>E-mail general: moron.info@esteri.it<\/p>\n<p>Los invitamos a consultar con atenci\u00f3n las diversas secciones del sitio web, antes de enviar correos electr\u00f3nicos con solicitudes de informaci\u00f3n.<br \/>\nEsta Agencia Consular no podr\u00e1 responder a los correos que solicitan informaciones ya disponibles en nuestro sitio.<\/p>\n<p><strong>COMO LLEGAR<br \/>\n<\/strong><\/p>\n<p>Rep\u00fablica Oriental del Uruguay 129 &#8211; Mor\u00f3n<\/p>\n<p>CAP. 1708 &#8211; Prov. Buenos Aires \u2013 Argentina<\/p>\n<p><img loading=\"lazy\" decoding=\"async\" class=\"alignnone wp-image-138 img-fluid\" src=\"https:\/\/consmoron.esteri.it\/wp-content\/uploads\/2023\/07\/22905_f_cons97mappa2-300x225.jpg\" alt=\"22905_f_cons97mappa2\" width=\"427\" height=\"320\" srcset=\"https:\/\/consmoron.esteri.it\/wp-content\/uploads\/2023\/07\/22905_f_cons97mappa2-300x225.jpg 300w, https:\/\/consmoron.esteri.it\/wp-content\/uploads\/2023\/07\/22905_f_cons97mappa2.jpg 640w\" sizes=\"auto, (max-width: 427px) 100vw, 427px\" \/><\/p>\n<p>&nbsp;<\/p>\n<p><strong>PROTECCI\u00d3N DE LOS DATOS PERSONALES<\/strong><\/p>\n<p>En conformidad con el Reglamento general de protecci\u00f3n de datos personales \/ RGPD (EU) 2016\/679, se comunica que esta Agencia Consular debe verificar la identidad del interesado antes de comunicarle los datos que detiene en su expediente. Por lo tanto, las solicitudes de informaci\u00f3n por correo electr\u00f3nico ser\u00e1n contestadas solo si provienen del interesado y de la direcci\u00f3n de correo electr\u00f3nico registrada en nuestro registro consular.<\/p>\n<p>&nbsp;<\/p>\n","protected":false},"excerpt":{"rendered":"COMO COMUNICARSE Telefonos: (0054 11) 4489-4676 \/ 4629-9573 \/ 4489-1615 Invitamos los usuarios institucionales a utilizar la direcci\u00f3n PEC: con.moron@cert.esteri.it (casilla habilitada exclusivamente a recibir correos electronicos certificados &#8211; PEC) Informaci\u00f3n general: de lunes a viernes de 9:00 a 11.30hs &#8211; Tel. 4483 4716 E-mail general: moron.info@esteri.it Los invitamos a consultar con atenci\u00f3n las diversas [&hellip;]","protected":false},"author":1,"featured_media":0,"parent":0,"menu_order":2,"comment_status":"closed","ping_status":"closed","template":"","meta":{"footnotes":""},"class_list":["post-130","page","type-page","status-publish","hentry"],"_links":{"self":[{"href":"https:\/\/consmoron.esteri.it\/es\/wp-json\/wp\/v2\/pages\/130","targetHints":{"allow":["GET"]}}],"collection":[{"href":"https:\/\/consmoron.esteri.it\/es\/wp-json\/wp\/v2\/pages"}],"about":[{"href":"https:\/\/consmoron.esteri.it\/es\/wp-json\/wp\/v2\/types\/page"}],"author":[{"embeddable":true,"href":"https:\/\/consmoron.esteri.it\/es\/wp-json\/wp\/v2\/users\/1"}],"replies":[{"embeddable":true,"href":"https:\/\/consmoron.esteri.it\/es\/wp-json\/wp\/v2\/comments?post=130"}],"version-history":[{"count":6,"href":"https:\/\/consmoron.esteri.it\/es\/wp-json\/wp\/v2\/pages\/130\/revisions"}],"predecessor-version":[{"id":4294,"href":"https:\/\/consmoron.esteri.it\/es\/wp-json\/wp\/v2\/pages\/130\/revisions\/4294"}],"wp:attachment":[{"href":"https:\/\/consmoron.esteri.it\/es\/wp-json\/wp\/v2\/media?parent=130"}],"curies":[{"name":"wp","href":"https:\/\/api.w.org\/{rel}","templated":true}]}}