{"id":131,"date":"2023-04-03T19:15:16","date_gmt":"2023-04-03T22:15:16","guid":{"rendered":"https:\/\/consmoron.esteri.it\/chi-siamo\/il-console-generale\/"},"modified":"2026-03-16T13:00:16","modified_gmt":"2026-03-16T16:00:16","slug":"il-console-generale","status":"publish","type":"page","link":"https:\/\/consmoron.esteri.it\/es\/chi-siamo\/il-console-generale\/","title":{"rendered":"El Agente Consular"},"content":{"rendered":"<p>Giulio Barbato naci\u00f3 en Roma el 22 de junio de 1984.<\/p>\n<p>Desde el 12 de septiembre de 2022 trabaja como Agente Consular en el distrito de Mor\u00f3n.<br \/>\nAntes de su nombramiento, trabaj\u00f3 en la Direcci\u00f3n General de Promoci\u00f3n del Sistema Pa\u00eds, donde era responsable de la promoci\u00f3n y protecci\u00f3n de los sectores de importancia estrat\u00e9gica y de los eventos de asociaci\u00f3n econ\u00f3mica.<\/p>\n<p>Ha adquirido diez a\u00f1os de experiencia en el sector privado en el \u00e1mbito de los negocios, los eventos y la comunicaci\u00f3n en varios pa\u00edses, como Italia, el Reino Unido y Francia.<\/p>\n<p>En la Universidad LUISS Business School de Roma, obtuvo un MBA &#8211; M\u00e1ster en Administraci\u00f3n de Empresas. En 2017, realiz\u00f3 un programa de intercambio en la Universidad de Carolina del Norte, en Estados Unidos.<\/p>\n<p>Realiz\u00f3 sus estudios universitarios en la Universidad de Roma La Sapienza, donde se gradu\u00f3 \u00abcum laude\u00bb en Relaciones Internacionales en la Facultad de Ciencias Pol\u00edticas.<\/p>\n<p>Habla con fluidez ingl\u00e9s, espa\u00f1ol y franc\u00e9s.<\/p>\n<p><img loading=\"lazy\" decoding=\"async\" class=\"img-fluid aligncenter wp-image-4461 size-full\" src=\"https:\/\/consmoron.esteri.it\/wp-content\/uploads\/2026\/03\/Giulio-Barbato.png\" alt=\"\" width=\"1536\" height=\"1024\" srcset=\"https:\/\/consmoron.esteri.it\/wp-content\/uploads\/2026\/03\/Giulio-Barbato.png 1536w, https:\/\/consmoron.esteri.it\/wp-content\/uploads\/2026\/03\/Giulio-Barbato-300x200.png 300w, https:\/\/consmoron.esteri.it\/wp-content\/uploads\/2026\/03\/Giulio-Barbato-1024x683.png 1024w, https:\/\/consmoron.esteri.it\/wp-content\/uploads\/2026\/03\/Giulio-Barbato-768x512.png 768w\" sizes=\"auto, (max-width: 1536px) 100vw, 1536px\" \/><\/p>\n","protected":false},"excerpt":{"rendered":"Giulio Barbato naci\u00f3 en Roma el 22 de junio de 1984. Desde el 12 de septiembre de 2022 trabaja como Agente Consular en el distrito de Mor\u00f3n. Antes de su nombramiento, trabaj\u00f3 en la Direcci\u00f3n General de Promoci\u00f3n del Sistema Pa\u00eds, donde era responsable de la promoci\u00f3n y protecci\u00f3n de los sectores de importancia estrat\u00e9gica [&hellip;]","protected":false},"author":1,"featured_media":4461,"parent":130,"menu_order":0,"comment_status":"closed","ping_status":"closed","template":"","meta":{"footnotes":""},"class_list":["post-131","page","type-page","status-publish","has-post-thumbnail","hentry"],"_links":{"self":[{"href":"https:\/\/consmoron.esteri.it\/es\/wp-json\/wp\/v2\/pages\/131","targetHints":{"allow":["GET"]}}],"collection":[{"href":"https:\/\/consmoron.esteri.it\/es\/wp-json\/wp\/v2\/pages"}],"about":[{"href":"https:\/\/consmoron.esteri.it\/es\/wp-json\/wp\/v2\/types\/page"}],"author":[{"embeddable":true,"href":"https:\/\/consmoron.esteri.it\/es\/wp-json\/wp\/v2\/users\/1"}],"replies":[{"embeddable":true,"href":"https:\/\/consmoron.esteri.it\/es\/wp-json\/wp\/v2\/comments?post=131"}],"version-history":[{"count":7,"href":"https:\/\/consmoron.esteri.it\/es\/wp-json\/wp\/v2\/pages\/131\/revisions"}],"predecessor-version":[{"id":4466,"href":"https:\/\/consmoron.esteri.it\/es\/wp-json\/wp\/v2\/pages\/131\/revisions\/4466"}],"up":[{"embeddable":true,"href":"https:\/\/consmoron.esteri.it\/es\/wp-json\/wp\/v2\/pages\/130"}],"wp:featuredmedia":[{"embeddable":true,"href":"https:\/\/consmoron.esteri.it\/es\/wp-json\/wp\/v2\/media\/4461"}],"wp:attachment":[{"href":"https:\/\/consmoron.esteri.it\/es\/wp-json\/wp\/v2\/media?parent=131"}],"curies":[{"name":"wp","href":"https:\/\/api.w.org\/{rel}","templated":true}]}}