{"id":133,"date":"2023-04-03T19:15:47","date_gmt":"2023-04-03T22:15:47","guid":{"rendered":"https:\/\/consmoron.esteri.it\/chi-siamo\/gli-uffici\/"},"modified":"2024-02-23T12:18:03","modified_gmt":"2024-02-23T15:18:03","slug":"gli-uffici","status":"publish","type":"page","link":"https:\/\/consmoron.esteri.it\/es\/chi-siamo\/gli-uffici\/","title":{"rendered":"Las oficinas"},"content":{"rendered":"<p><strong>Horarios de apertura al publico:<\/strong><\/p>\n<p>Las oficinas de la Agencia Consular se encuentran abiertas al p\u00fablico de lunes a viernes entre las 9 hs y las 11.30 hs, previa reserva de turno desde el <a href=\"https:\/\/prenotami.esteri.it\/\">Prenot@mi<\/a>.<\/p>\n<p>Para poder acceder a las oficinas de la Agencia Consular, los residentes de esta circunscripci\u00f3n deber\u00e1 presentar un documento de identidad argentino vigente.<\/p>\n<p>Unicamente para solicitar informaci\u00f3n que no se encuentre en la p\u00e1gina web, se podr\u00e1n contactar las oficinas por tel\u00e9fono o por e-mail:<\/p>\n<p><a href=\"https:\/\/consmoron.esteri.it\/es\/chi-siamo\/contatti\/\">CONTATTI<\/a><\/p>\n","protected":false},"excerpt":{"rendered":"Horarios de apertura al publico: Las oficinas de la Agencia Consular se encuentran abiertas al p\u00fablico de lunes a viernes entre las 9 hs y las 11.30 hs, previa reserva de turno desde el Prenot@mi. Para poder acceder a las oficinas de la Agencia Consular, los residentes de esta circunscripci\u00f3n deber\u00e1 presentar un documento de [&hellip;]","protected":false},"author":1,"featured_media":0,"parent":130,"menu_order":6,"comment_status":"closed","ping_status":"closed","template":"","meta":{"footnotes":""},"class_list":["post-133","page","type-page","status-publish","hentry"],"_links":{"self":[{"href":"https:\/\/consmoron.esteri.it\/es\/wp-json\/wp\/v2\/pages\/133","targetHints":{"allow":["GET"]}}],"collection":[{"href":"https:\/\/consmoron.esteri.it\/es\/wp-json\/wp\/v2\/pages"}],"about":[{"href":"https:\/\/consmoron.esteri.it\/es\/wp-json\/wp\/v2\/types\/page"}],"author":[{"embeddable":true,"href":"https:\/\/consmoron.esteri.it\/es\/wp-json\/wp\/v2\/users\/1"}],"replies":[{"embeddable":true,"href":"https:\/\/consmoron.esteri.it\/es\/wp-json\/wp\/v2\/comments?post=133"}],"version-history":[{"count":6,"href":"https:\/\/consmoron.esteri.it\/es\/wp-json\/wp\/v2\/pages\/133\/revisions"}],"predecessor-version":[{"id":1587,"href":"https:\/\/consmoron.esteri.it\/es\/wp-json\/wp\/v2\/pages\/133\/revisions\/1587"}],"up":[{"embeddable":true,"href":"https:\/\/consmoron.esteri.it\/es\/wp-json\/wp\/v2\/pages\/130"}],"wp:attachment":[{"href":"https:\/\/consmoron.esteri.it\/es\/wp-json\/wp\/v2\/media?parent=133"}],"curies":[{"name":"wp","href":"https:\/\/api.w.org\/{rel}","templated":true}]}}