{"id":134,"date":"2023-04-03T19:15:59","date_gmt":"2023-04-03T22:15:59","guid":{"rendered":"https:\/\/consmoron.esteri.it\/chi-siamo\/contatti\/"},"modified":"2025-01-22T11:13:00","modified_gmt":"2025-01-22T14:13:00","slug":"contatti","status":"publish","type":"page","link":"https:\/\/consmoron.esteri.it\/es\/chi-siamo\/contatti\/","title":{"rendered":"Contactos"},"content":{"rendered":"<p>Unicamente para solicitar informaci\u00f3n que no se encuentre en la p\u00e1gina web, se podr\u00e1n contactar las oficinas por tel\u00e9fono o por e-mail:<\/p>\n<p>OFICINAS DE ANAGRAFE, ESTADO CIVIL, CIUDADAN\u00cdA:<\/p>\n<p>Anagrafe: <a href=\"mailto:anagrafe.moron@esteri.it\">anagrafe.moron@esteri.it<\/a><\/p>\n<p>Estado Civil: <a href=\"mailto:statocivile.moron@esteri.it\">statocivile.moron@esteri.it<\/a><\/p>\n<p>Ciudadan\u00eda: <a href=\"mailto:cittadinanza.moron@esteri.it\">cittadinanza.moron@esteri.it<\/a><\/p>\n<p>Exclusivamente para consultas acerca del portal Fast it: <a href=\"mailto:moron.fastit@esteri.it\">moron.fastit@esteri.it<\/a><\/p>\n<p>Exclusivamente para solicitud de c\u00f3digo de identificaci\u00f3n fiscal: <a href=\"mailto:moron.codicefiscale@esteri.it\">moron.codicefiscale@esteri.it<\/a><\/p>\n<p>&#8212;&#8212;&#8212;&#8212;&#8212;&#8212;&#8212;&#8212;&#8212;&#8212;&#8212;&#8212;&#8212;&#8212;&#8212;&#8212;<\/p>\n<p>OFICINA DE ASISTENCIA SOCIAL y PENSIONES: lunes y viernes desde las 9:00 a las 12:00 horas- Tel. 4489-3395<\/p>\n<p>Asistencia Social: <a href=\"mailto:assistenza.moron@esteri.it\">assistenza.moron@esteri.it<\/a><\/p>\n<p>Pensiones: <a href=\"mailto:pensioni.moron@esteri.it\">pensioni.moron@esteri.it<\/a><\/p>\n<p>&#8212;&#8212;&#8212;&#8212;&#8212;&#8212;&#8212;&#8212;&#8212;&#8212;&#8212;&#8212;&#8212;&#8212;&#8212;&#8212;<\/p>\n<p>OFICINAS NOTARIAL Y TITULOS DE ESTUDIO:<\/p>\n<p>Notarial y T\u00edtulos de Estudio: <a href=\"mailto:studi-notarile.moron@esteri.it\">studi-notarile.moron@esteri.it<\/a><\/p>\n<p>&#8212;&#8212;&#8212;&#8212;&#8212;&#8212;&#8212;&#8212;&#8212;&#8212;&#8212;&#8212;&#8212;&#8212;&#8212;&#8212;<\/p>\n<p>OFICINA DE PASAPORTES: <a href=\"mailto:passaporti.moron@esteri.it\">passaporti.moron@esteri.it<\/a><\/p>\n<p>&#8212;&#8212;&#8212;&#8212;&#8212;&#8212;&#8212;&#8212;&#8212;&#8212;&#8212;&#8212;&#8212;&#8212;&#8212;&#8212;<\/p>\n<p>INFORMACI\u00d3N GENERAL: de lunes a viernes de 9:00 a 11:30hs &#8211; Tel. 4483 4716<\/p>\n<p>E-mail general: <a href=\"mailto:moron.info@esteri.it\">moron.info@esteri.it<\/a><\/p>\n<p>&#8212;&#8212;&#8212;&#8212;&#8212;&#8212;&#8212;&#8212;&#8212;&#8212;&#8212;&#8212;&#8212;&#8212;&#8212;<\/p>\n<p>Invitamos los usuarios institucionales a utilizar la direcci\u00f3n <strong>PEC<\/strong> (casilla habilitada exclusivamente a recibir correos electronicos certificados &#8211; PEC):<\/p>\n<ul>\n<li><a href=\"mailto:con.moron@cert.esteri.it\">con.moron@cert.esteri.it<\/a><\/li>\n<li><a href=\"mailto:con.moron.nonrinuncia@cert.esteri.it\">con.moron.nonrinuncia@cert.esteri.it<\/a><\/li>\n<\/ul>\n<p>&nbsp;<\/p>\n<p>&nbsp;<\/p>\n","protected":false},"excerpt":{"rendered":"Unicamente para solicitar informaci\u00f3n que no se encuentre en la p\u00e1gina web, se podr\u00e1n contactar las oficinas por tel\u00e9fono o por e-mail: OFICINAS DE ANAGRAFE, ESTADO CIVIL, CIUDADAN\u00cdA: Anagrafe: anagrafe.moron@esteri.it Estado Civil: statocivile.moron@esteri.it Ciudadan\u00eda: cittadinanza.moron@esteri.it Exclusivamente para consultas acerca del portal Fast it: moron.fastit@esteri.it Exclusivamente para solicitud de c\u00f3digo de identificaci\u00f3n fiscal: moron.codicefiscale@esteri.it &#8212;&#8212;&#8212;&#8212;&#8212;&#8212;&#8212;&#8212;&#8212;&#8212;&#8212;&#8212;&#8212;&#8212;&#8212;&#8212; OFICINA [&hellip;]","protected":false},"author":1,"featured_media":0,"parent":130,"menu_order":8,"comment_status":"closed","ping_status":"closed","template":"","meta":{"footnotes":""},"class_list":["post-134","page","type-page","status-publish","hentry"],"_links":{"self":[{"href":"https:\/\/consmoron.esteri.it\/es\/wp-json\/wp\/v2\/pages\/134","targetHints":{"allow":["GET"]}}],"collection":[{"href":"https:\/\/consmoron.esteri.it\/es\/wp-json\/wp\/v2\/pages"}],"about":[{"href":"https:\/\/consmoron.esteri.it\/es\/wp-json\/wp\/v2\/types\/page"}],"author":[{"embeddable":true,"href":"https:\/\/consmoron.esteri.it\/es\/wp-json\/wp\/v2\/users\/1"}],"replies":[{"embeddable":true,"href":"https:\/\/consmoron.esteri.it\/es\/wp-json\/wp\/v2\/comments?post=134"}],"version-history":[{"count":7,"href":"https:\/\/consmoron.esteri.it\/es\/wp-json\/wp\/v2\/pages\/134\/revisions"}],"predecessor-version":[{"id":3019,"href":"https:\/\/consmoron.esteri.it\/es\/wp-json\/wp\/v2\/pages\/134\/revisions\/3019"}],"up":[{"embeddable":true,"href":"https:\/\/consmoron.esteri.it\/es\/wp-json\/wp\/v2\/pages\/130"}],"wp:attachment":[{"href":"https:\/\/consmoron.esteri.it\/es\/wp-json\/wp\/v2\/media?parent=134"}],"curies":[{"name":"wp","href":"https:\/\/api.w.org\/{rel}","templated":true}]}}