{"id":140,"date":"2023-04-03T18:23:50","date_gmt":"2023-04-03T21:23:50","guid":{"rendered":"https:\/\/consmoron.esteri.it\/italia-e-argentina\/"},"modified":"2024-11-29T12:11:18","modified_gmt":"2024-11-29T15:11:18","slug":"italia-e-argentina","status":"publish","type":"page","link":"https:\/\/consmoron.esteri.it\/es\/italia-e-argentina\/","title":{"rendered":"Italia y Argentina"},"content":{"rendered":"<div>\n<p>Con el objetivo de racionalizar la distribuci\u00f3n de los servicios consulares, eliminar las filas para entrar en la Agencia consular y disminuir los tiempos en nuestra sala de espera, se encuentra en funcionamiento el sistema de solicitud de turnos <a href=\"https:\/\/prenotami.esteri.it\/\">Prenot@Mi.<\/a><\/p>\n<p><span style=\"color: #ff0000;\"><a style=\"color: #ff0000;\" href=\"https:\/\/www.youtube.com\/watch?v=QDcw95gGK0g&amp;list=PLP6yk6ndBIUdEkRXG7TmCJvHrmTYvEluF&amp;index=6&amp;t=26s\">VER VIDEO INFORMATIVO<\/a><\/span><\/p>\n<p><a name=\"turnos\"><\/a><strong>Turnos<\/strong><\/p>\n<p>Se recuerda que <strong>LOS TURNOS SON GRATUITOS<\/strong>, PERSONALES, EXCLUSIVAMENTE PARA LAS PERSONAS QUE RESIDAN EN NUESTRA <a href=\"https:\/\/consmoron.esteri.it\/it\/chi-siamo\/la-sede\/\">CIRCUNSCRIPCI\u00d3N CONSULAR<\/a>, NO PUEDEN SER CEDIDOS NI INTERCAMBIADOS. NO SE PODR\u00c1N CREAR USUARIOS A NOMBRE DE MENORES DE EDAD.<\/p>\n<p>A los usuarios nunca se les pedir\u00e1 que paguen una tarifa para reservar un turno en esta Agencia Consular de Italia. Deseamos enfatizar que no existe ninguna conexi\u00f3n entre esta Agencia Consular de Italia y los sitios web, agencias o individuos que ofrecen servicios pagos de reserva de turnos.<\/p>\n<p>Los nuevos turnos se habilitan en el sistema <a href=\"mailto:Prenot@mi\">Prenot@mi<\/a> cada domingo, lunes, mi\u00e9rcoles y jueves a la medianoche de Roma (19.00 \u00f3 20.00 horas de Argentina, seg\u00fan el per\u00edodo).<\/p>\n<p>La Agencia Consular de Italia de Mor\u00f3n atiende con turnos previos los cuales se solicitan, seg\u00fan disponibilidad, a trav\u00e9s del sistema <a href=\"mailto:Prenot@mi\">Prenot@mi.<\/a><\/p>\n<p>Una vez obtenida la fecha y hora del turno, exclusivamente las personas directamente interesadas podr\u00e1n presentarse en nuestra Agencia con un documento v\u00e1lido (DNI o Pasaporte).<\/p>\n<p><a href=\"https:\/\/consmoron.esteri.it\/it\/servizi-consolari-e-visti\/servizi-per-il-cittadino-straniero\/cittadinanza\/\"><strong>Oficina Ciudadania: <\/strong><\/a>Todo interesado en obtener el reconocimiento de la ciudadan\u00eda italiana debe solicitar turno a trav\u00e9s del sistema Prenot@Mi seg\u00fan sea el caso:<\/p>\n<ul>\n<li>Servicios consulares \u2013 Hijos directos mayores de edad:Para mayores de 18 a\u00f1os hijos de padre y\/o madre ciudadanos italianos.<\/li>\n<li>Ciudadan\u00eda \u2013 Reconstrucci\u00f3n:Para los descendientes de ciudadanos italianos en l\u00ednea recta a partir del segundo grado cuyo\/s padre y\/o madre no sean o hayan sido ciudadanos italianos.Para mujeres casadas con ciudadanos italianos antes del 27 de abril de 1983.<\/li>\n<li>Naturalizaci\u00f3n por matrimonio: ver procedimiento en la secci\u00f3n de \u201cCiudadan\u00eda\u201d Adquisici\u00f3n por naturalizaci\u00f3n.<\/li>\n<\/ul>\n<p><a href=\"https:\/\/consmoron.esteri.it\/it\/servizi-consolari-e-visti\/servizi-per-il-cittadino-italiano\/passaporti-e-carte-didentita\/\"><strong>Oficina Pasaportes:<\/strong> <\/a>exclusivamente para la Oficina de Pasaportes: cada ciudadano italiano tiene la facultad, si hubiera turnos disponibles, de solicitar un turno para s\u00ed y para sus familiares directos (conyuge e hijos convivientes)<\/p>\n<p><a name=\"mail\"><\/a><\/p>\n<p><a name=\"mail\"><\/a><strong>Turnos que pueden ser solicitados por mail<\/strong><\/p>\n<p><strong><a href=\"https:\/\/consmoron.esteri.it\/it\/servizi-consolari-e-visti\/servizi-per-il-cittadino-italiano\/passaporti-e-carte-didentita\/\">Oficina Pasaportes<\/a>:<\/strong> podr\u00e1n solicitar un turno enviando un correo electr\u00f3nico a passaporti.moron@esteri.it adjuntando copia del D.N.I. y, en caso de urgencia, la documentaci\u00f3n comprobante de la misma, solamente en los siguientes casos:<\/p>\n<ul>\n<li>Los ciudadanos italianos que posean solo ciudadan\u00eda italiana EN LOS CASOS DE COMPROBADA Y GRAVE EMERGENCIA (por ej. robo de pasaporte o urgencia por viajar).<\/li>\n<li>Los ciudadanos italianos mayores de 65 a\u00f1os.<\/li>\n<li>Los ciudadanos italianos discapacitados.<\/li>\n<\/ul>\n<p>NO SE TOMARAN EN CONSIDERACI\u00d3N LAS SOLICITUDES DE TURNOS DESPROVISTAS DE LA DOCUMENTACI\u00d3N REQUERIDA.<\/p>\n<p><a href=\"https:\/\/consmoron.esteri.it\/it\/servizi-consolari-e-visti\/servizi-per-il-cittadino-italiano\/pensioni-e-sicurezza-sociale\/\"><strong>Oficina Pensiones: <\/strong><\/a>para la Oficina Pensiones es posible solicitar un turno enviando un mail a <a href=\"mailto:pensioni.moron@esteri.it\">pensioni.moron@esteri.it<\/a><\/p>\n<p><a href=\"https:\/\/consmoron.esteri.it\/it\/servizi-consolari-e-visti\/servizi-per-il-cittadino-italiano\/assistenza-ai-cittadini-allestero\/\"><strong>Oficina Asistencia<\/strong><\/a>: para asistencia social a los ciudadanos italianos, comunicarse al n\u00famero +54 11 4489 3395, de lunes a viernes desde las 9 a las 12:30 horas o bien enviar un e-mail a <a href=\"mailto:assistenza.moron@esteri.it\">assistenza.moron@esteri.it<\/a><\/p>\n<p>&nbsp;<\/p>\n<p>Para poder ingresar ser\u00e1 necesario presentar un documento de identidad v\u00e1lido: DNI con domicilio actual (con su correspondiente fotocopia), pasaporte u otro documento italiano (para los no residentes).<\/p>\n<p><a name=\"sintur\"><\/a><strong>Atenci\u00f3n sin turno<\/strong><\/p>\n<p><strong>Entrega de actas y documentaci\u00f3n complementaria<\/strong><strong><br \/>\n<\/strong><strong>Los d\u00edas lunes, martes, jueves y viernes de 9:00 a 11:30 hs.<\/strong><strong>(<\/strong>excepto d\u00edas festivos italianos y argentinos<strong>)<\/strong> en la planta baja de nuestra Sede (Rep\u00fablica Oriental del Uruguay 129, Mor\u00f3n) una persona designada por la Agencia Consular asistir\u00e1 a los usuarios <strong>exclusivamente para los siguientes servicios:<\/strong><\/p>\n<ul>\n<li>Entrega de la documentaci\u00f3n adicional solicitada por los empleados de las oficinas de Ciudadan\u00eda \/ Anagrafe \/ Estado Civil (personalmente o a trav\u00e9s de otra persona autorizada, presentando una copia del DNI del interesado)<\/li>\n<li>Entrega de actas de defunci\u00f3n y \/ o matrimonio de ciudadanos italianos, traducidas correctamente al italiano y acompa\u00f1adas de una solicitud de transcripci\u00f3n a completar en esta Agencia Consular. En la solicitud de transcripci\u00f3n ser\u00e1 indispensable indicar una direcci\u00f3n de correo electr\u00f3nico.<\/li>\n<\/ul>\n<p>LA PERSONA A CARGO DEL SERVICIO NO EST\u00c1 AUTORIZADA A PROPORCIONAR NING\u00daN TIPO DE INFORMACI\u00d3N SOBRE LOS DEM\u00c1S SERVICIOS CONSULARES<\/p>\n<p><a href=\"https:\/\/consmoron.esteri.it\/it\/servizi-consolari-e-visti\/servizi-per-il-cittadino-italiano\/stato-civile\/\"><strong>Oficina de estado civil:<\/strong><\/a> Para registrar en Italia actas de estado civil (nacimiento de hijos menores de edad, matrimonio, divorcio, adopci\u00f3n, defunci\u00f3n), otorgadas por las autoridades argentinas en formato electr\u00f3nico (por ejemplo a trav\u00e9s del sistema GEDO) donde figura el c\u00f3digo de verificaci\u00f3n, ser\u00e1 necesario presentarlas a trav\u00e9s del portal <a href=\"https:\/\/serviziconsolari.esteri.it\/ScoFE\/index.sco\">Fast It.<\/a><\/p>\n<p><strong><a name=\"cont\"><\/a><a href=\"https:\/\/consmoron.esteri.it\/it\/chi-siamo\/contatti\/\">CONTACTOS:<\/a><br \/>\n<\/strong><\/p>\n<p>&nbsp;<\/p>\n<p><a name=\"tel\"><\/a><strong>Atenci\u00f3n telef\u00f3nica y n\u00fameros de emergencia<\/strong><\/p>\n<p>OFICINA DE ASISTENCIA SOCIAL Y PENSIONES: todos los d\u00edas h\u00e1biles desde 9.30 hasta 12.30 hs &#8211; Tel. 4489-3395<\/p>\n<p>INFORMACI\u00d3N GENERAL: de lunes a viernes de 9:00 a 11:30hs &#8211; Tel. 4483 4716<\/p>\n<p>EXCLUSIVAMENTE en caso de emergencias graves comunicarse con los<a href=\"https:\/\/consmoron.esteri.it\/it\/chi-siamo\/numeri-di-emergenza\/\"> n\u00fameros de EMERGENCIA<\/a>:<\/p>\n<\/div>\n","protected":false},"excerpt":{"rendered":"Con el objetivo de racionalizar la distribuci\u00f3n de los servicios consulares, eliminar las filas para entrar en la Agencia consular y disminuir los tiempos en nuestra sala de espera, se encuentra en funcionamiento el sistema de solicitud de turnos Prenot@Mi. VER VIDEO INFORMATIVO Turnos Se recuerda que LOS TURNOS SON GRATUITOS, PERSONALES, EXCLUSIVAMENTE PARA LAS [&hellip;]","protected":false},"author":1,"featured_media":0,"parent":0,"menu_order":4,"comment_status":"closed","ping_status":"closed","template":"","meta":{"footnotes":""},"class_list":["post-140","page","type-page","status-publish","hentry"],"_links":{"self":[{"href":"https:\/\/consmoron.esteri.it\/es\/wp-json\/wp\/v2\/pages\/140","targetHints":{"allow":["GET"]}}],"collection":[{"href":"https:\/\/consmoron.esteri.it\/es\/wp-json\/wp\/v2\/pages"}],"about":[{"href":"https:\/\/consmoron.esteri.it\/es\/wp-json\/wp\/v2\/types\/page"}],"author":[{"embeddable":true,"href":"https:\/\/consmoron.esteri.it\/es\/wp-json\/wp\/v2\/users\/1"}],"replies":[{"embeddable":true,"href":"https:\/\/consmoron.esteri.it\/es\/wp-json\/wp\/v2\/comments?post=140"}],"version-history":[{"count":6,"href":"https:\/\/consmoron.esteri.it\/es\/wp-json\/wp\/v2\/pages\/140\/revisions"}],"predecessor-version":[{"id":2855,"href":"https:\/\/consmoron.esteri.it\/es\/wp-json\/wp\/v2\/pages\/140\/revisions\/2855"}],"wp:attachment":[{"href":"https:\/\/consmoron.esteri.it\/es\/wp-json\/wp\/v2\/media?parent=140"}],"curies":[{"name":"wp","href":"https:\/\/api.w.org\/{rel}","templated":true}]}}