{"id":153,"date":"2023-04-03T19:25:07","date_gmt":"2023-04-03T22:25:07","guid":{"rendered":"https:\/\/consmoron.esteri.it\/servizi-per-il-cittadino-italiano\/"},"modified":"2023-07-13T09:39:20","modified_gmt":"2023-07-13T12:39:20","slug":"servizi-per-il-cittadino-italiano","status":"publish","type":"page","link":"https:\/\/consmoron.esteri.it\/es\/servizi-consolari-e-visti\/servizi-per-il-cittadino-italiano\/","title":{"rendered":"Servicios para el ciudadano italiano"},"content":{"rendered":"<p>Los servicios consulares son erogados seg\u00fan principios de igualdad, imparcialidad, eficiencia y transparencia.<\/p>\n<p>Los Consulados aseguran a todos los compatriotas tutela en caso de violaci\u00f3n de sus derechos fundamentales y de limitaci\u00f3n o privaci\u00f3n de su libertad personal. Adem\u00e1s aseguran asistencia para los casos de emergencia, para la b\u00fasqueda de familiares, para la pr\u00e1ctica de sucesiones abiertas en el exterior y para la repatriaci\u00f3n de los f\u00e9retros.<\/p>\n<p><span style=\"text-decoration: underline;\">Se ruega leer atentamente la pagina antes de enviar mensajes a las oficinas solicitando informaci\u00f3n. Se responder\u00e1n solo las consultas sobre temas que no se encuentren en nuestro sitio web.<\/span><\/p>\n<p>El conjunto de los servicios ofrecidos y la normativa est\u00e1n detallados por el Ministerio de Asuntos Exteriores en el <a href=\"https:\/\/www.esteri.it\/it\/servizi-consolari-e-visti\/\"><strong>siguiente link.<\/strong><\/a><\/p>\n<p><strong><a href=\"https:\/\/consbuenosaires.esteri.it\/wp-content\/uploads\/2023\/05\/Informativa-protezione-dati-personali.pdf\" target=\"_blank\" rel=\"noopener\">Reglamento General sobre la Protecci\u00f3n de Datos (UE) 2016\/679, art. 13<\/a><\/strong><\/p>\n<p>Pol\u00edtica sobre la protecci\u00f3n de las personas f\u00edsicas respecto al tratamiento de los datos personales para la prestaci\u00f3n de servicios consulares (excluyendo la emisi\u00f3n de visas y los tr\u00e1mites de ciudadan\u00eda).<\/p>\n<p>&nbsp;<\/p>\n","protected":false},"excerpt":{"rendered":"Los servicios consulares son erogados seg\u00fan principios de igualdad, imparcialidad, eficiencia y transparencia. Los Consulados aseguran a todos los compatriotas tutela en caso de violaci\u00f3n de sus derechos fundamentales y de limitaci\u00f3n o privaci\u00f3n de su libertad personal. Adem\u00e1s aseguran asistencia para los casos de emergencia, para la b\u00fasqueda de familiares, para la pr\u00e1ctica de [&hellip;]","protected":false},"author":1,"featured_media":0,"parent":152,"menu_order":0,"comment_status":"closed","ping_status":"closed","template":"","meta":{"footnotes":""},"class_list":["post-153","page","type-page","status-publish","hentry"],"_links":{"self":[{"href":"https:\/\/consmoron.esteri.it\/es\/wp-json\/wp\/v2\/pages\/153","targetHints":{"allow":["GET"]}}],"collection":[{"href":"https:\/\/consmoron.esteri.it\/es\/wp-json\/wp\/v2\/pages"}],"about":[{"href":"https:\/\/consmoron.esteri.it\/es\/wp-json\/wp\/v2\/types\/page"}],"author":[{"embeddable":true,"href":"https:\/\/consmoron.esteri.it\/es\/wp-json\/wp\/v2\/users\/1"}],"replies":[{"embeddable":true,"href":"https:\/\/consmoron.esteri.it\/es\/wp-json\/wp\/v2\/comments?post=153"}],"version-history":[{"count":8,"href":"https:\/\/consmoron.esteri.it\/es\/wp-json\/wp\/v2\/pages\/153\/revisions"}],"predecessor-version":[{"id":526,"href":"https:\/\/consmoron.esteri.it\/es\/wp-json\/wp\/v2\/pages\/153\/revisions\/526"}],"up":[{"embeddable":true,"href":"https:\/\/consmoron.esteri.it\/es\/wp-json\/wp\/v2\/pages\/152"}],"wp:attachment":[{"href":"https:\/\/consmoron.esteri.it\/es\/wp-json\/wp\/v2\/media?parent=153"}],"curies":[{"name":"wp","href":"https:\/\/api.w.org\/{rel}","templated":true}]}}