{"id":154,"date":"2023-04-03T19:27:59","date_gmt":"2023-04-03T22:27:59","guid":{"rendered":"https:\/\/consmoron.esteri.it\/passaporti-e-carte-didentita\/"},"modified":"2026-04-17T16:25:12","modified_gmt":"2026-04-17T19:25:12","slug":"passaporti-e-carte-didentita","status":"publish","type":"page","link":"https:\/\/consmoron.esteri.it\/es\/servizi-consolari-e-visti\/servizi-per-il-cittadino-italiano\/passaporti-e-carte-didentita\/","title":{"rendered":"Pasaportes"},"content":{"rendered":"<p>Normativa de referencia: Ley n. 1185 del 21 de noviembre de 1967 y sucesivas modificaciones.<\/p>\n<p>Para solicitar el pasaporte es necesario reservar un turno desde <a href=\"https:\/\/prenotami.esteri.it\/\">Prenot@Mi <\/a>y presentarse personalmente en esta Agencia Consular durante el horario de atenci\u00f3n al p\u00fablico.<\/p>\n<p>Informativa sul trattamento dei dati personali disponibile al link <a href=\"https:\/\/www.esteri.it\/it\/sportello_info\/informativa-sul-trattamento-dei-dati-personali\/\">https:\/\/www.esteri.it\/it\/sportello_info\/informativa-sul-trattamento-dei-dati-personali\/<\/a><\/p>\n<p><span style=\"color: #ff0000;\"><a style=\"color: #ff0000;\" href=\"https:\/\/www.youtube.com\/watch?v=P7v0qdp5FD4&amp;list=PLP6yk6ndBIUdEkRXG7TmCJvHrmTYvEluF&amp;index=3&amp;t=2s\">VER VIDEO INFORMATIVO<\/a><\/span><\/p>\n<p><strong>INFORMACIONES GENERALES<\/strong><\/p>\n<p>La Oficina Pasaportes de la Agencia Consular de Mor\u00f3n tiene competencia para la emisi\u00f3n de pasaportes a los ciudadanos italianos residentes en su circunscripci\u00f3n consular, la cual comprende los siguientes partidos: Hurlingham, Ituzaing\u00f3, La Matanza y Mor\u00f3n. Para aqu\u00e9llos que no sean residentes, se podr\u00e1 proceder a la emisi\u00f3n del pasaporte s\u00f3lo despu\u00e9s de la obtenci\u00f3n de la autorizaci\u00f3n de parte de la autoridad italiana competente por residencia (Questura u otro Consulado).<\/p>\n<p>Premisa fundamental para el otorgamiento del pasaporte es estar inscriptos en el Registro Consular, es decir, haber presentado ante nuestra Agencia Consular un eventual cambio de domicilio a trav\u00e9s del sitio Fast It, (el nuevo domicilio debe estar presente en el DNI) y haber presentado eventuales actas de matrimonio y\/o sentencias de divorcio y\/o actas de nacimiento de hijos menores de 18 a\u00f1os. Se sugiere por tal motivo comunicar con tiempo cada cambio.<\/p>\n<p>El <strong>pasaporte electr\u00f3nico<\/strong> est\u00e1 dotado de particulares caracter\u00edsticas de impresi\u00f3n contra falsificaci\u00f3n y de un microchip que permite el registro de los datos \u2013 certificados electr\u00f3nicamente \u2013 del titular del documento y de la Autoridad que lo ha emitido. Sobre la base de las disposiciones vigentes, todos los pasaportes de nueva emisi\u00f3n contienen el microchip, la imagen del rostro y las huellas digitales del titular. Tambi\u00e9n para los menores de edad a partir de los doce a\u00f1os es obligatoria la adquisici\u00f3n de las huellas digitales. Es necesaria la presencia de los menores el d\u00eda del turno sin excepci\u00f3n.<\/p>\n<p>TURNOS<\/p>\n<p><strong>Reserva de turnos on line en <a href=\"https:\/\/prenotami.esteri.it\/\">Prenot@Mi<\/a>:<\/strong> cada ciudadano italiano tiene la facultad de reservar un turno para s\u00ed y para sus hijos menores, siempre que haya turnos disponibles tambi\u00e9n para sus familiares.<br \/>\n<a href=\"https:\/\/consmoron.esteri.it\/wp-content\/uploads\/2023\/07\/richiesta_appuntamenti_on_line_per_passaporti_tendina-1.pdf\">Para mayores detalles ingrese aqu\u00ed<\/a>.<\/p>\n<p><strong>Reserva de turnos por mail:<\/strong> podr\u00e1n solicitar un turno enviando un correo electr\u00f3nico a passaporti.moron@esteri.it adjuntando copia del D.N.I. y, en caso de urgencia, la documentaci\u00f3n comprobante de la misma, solamente en los siguientes casos:<\/p>\n<ul>\n<li>Los ciudadanos italianos que posean solo ciudadan\u00eda italiana EN LOS CASOS DE COMPROBADA Y GRAVE EMERGENCIA (por ej. robo de pasaporte o urgencia por viajar).<\/li>\n<li>Los ciudadanos italianos mayores de 65 a\u00f1os.<\/li>\n<li>Los ciudadanos italianos con discapacidad.<\/li>\n<\/ul>\n<p>NO SE TOMARAN EN CONSIDERACI\u00d3N LAS SOLICITUDES DE TURNOS DESPROVISTAS DE LA DOCUMENTACI\u00d3N REQUERIDA.<\/p>\n<p><strong>NO es posible solicitar la emisi\u00f3n de la CIE el mismo d\u00eda del turno para pasaporte. Se deber\u00e1 solicitar un turno para cada servicio desde <a href=\"https:\/\/prenotami.esteri.it\/\"><strong>Prenot@Mi<\/strong><\/a><\/strong><\/p>\n<p><span style=\"text-decoration: underline;\">Se establece un per\u00edodo de <strong data-start=\"201\" data-end=\"229\">tolerancia de 15 minutos<\/strong> a partir del horario asignado del turno. Transcurrido dicho plazo, <strong data-start=\"297\" data-end=\"327\">no se permitir\u00e1 el ingreso<\/strong> y la persona deber\u00e1 <strong data-start=\"348\" data-end=\"376\">gestionar un nuevo turno<\/strong>.<\/span><\/p>\n<p><strong>COSTO Y VALIDEZ DEL PASAPORTE<\/strong><\/p>\n<p>El costo en Pesos Argentinos para la emisi\u00f3n del pasaporte var\u00eda trimestralmente.<\/p>\n<p><strong>La tarifa consular desde el 01\/04\/2026 hasta el 30\/06\/2026 es de 194.200 pesos por cada pasaporte<\/strong><\/p>\n<p>SE RUEGA VERIFICAR <a href=\"https:\/\/consmoron.esteri.it\/es\/servizi-consolari-e-visti\/servizi-per-il-cittadino-italiano\/altri-servizi\/tariffe-consolari\/\"><strong>AQUI<\/strong><\/a> EL IMPORTE ANTES DE REALIZAR LA TRANSFERENCIA.<br \/>\nEn caso de modificaci\u00f3n del taso de cambio euro\/peso despu\u00e9s del pago y antes de la expedici\u00f3n del pasaporte, podr\u00e1 solicitarse un pago adicional. <strong>ATENCI\u00d3N: <span style=\"text-decoration: underline;\">las tarifas que se aplican son las vigentes al d\u00eda del turno y no aquellas vigentes al momento de la solicitud.<\/span><\/strong><\/p>\n<p>Se deber\u00e1 abonar el arancel consular en pesos argentinos, por transferencia bancaria, \u00fanicamente el TERCER (3\u00ba) D\u00cdA H\u00c1BIL ARGENTINO ANTERIOR A LA FECHA DEL TURNO y tendr\u00e1n que figurar los siguientes datos:<br \/>\n&#8211; CBU Cuenta corriente: 0340128200128007064015 &#8211; Alias: CONS.MORON, a nombre de la Agencia Consular de Italia de Mor\u00f3n &#8211; CUIT 30-68391133-6<br \/>\n&#8211; Motivo: VARIOS<br \/>\n&#8211; Referencia: APELLIDO y nombre del solicitante del turno<br \/>\n&#8211; Asunto de transferencia: APELLIDO y nombre de quienes solicitan el pasaporte.<\/p>\n<p>Luego de realizar la transferencia se deber\u00e1 enviar un mail a la casilla passaporti.moron@esteri.it<br \/>\n(es importante escribir S\u00d3LO A ESTE CORREO ELECTR\u00d3NICO) con los siguientes datos:<br \/>\nAsunto: PASAPORTE. APELLIDO y nombre del solicitante del turno, m\u00e1s la fecha del turno.<br \/>\nAdjunto: Adjuntar el comprobante de pago<br \/>\nCuerpo del mail: Si no es quien solicit\u00f3 el turno, especificar titular de la cuenta desde la cual se haya realizado la transferencia bancaria (MUY IMPORTANTE).<\/p>\n<p>Esta Agencia Consular proceder\u00e1 a restituir lo abonado por quienes paguen sin tener un turno valido o cancelado por la oficina de pasaportes.<\/p>\n<p>Los pasaportes son v\u00e1lidos por 10 a\u00f1os para los mayores de 18 a\u00f1os, 5 a\u00f1os para los menores de 4 a 17 a\u00f1os y 3 a\u00f1os para los menores de 3 a\u00f1os y NO SON RENOVABLES.<\/p>\n<p>Desde el 8 de julio de 2014 se ha cancelado el pago del impuesto anual al pasaporte.<\/p>\n<p><strong>DOCUMENTACI\u00d3N NECESARIA PARA LA EMISI\u00d3N DEL PASAPORTE<\/strong><\/p>\n<p>La documentaci\u00f3n que se indica a continuaci\u00f3n tiene que ser presentada en original, juntamente a una fotocopia. La Agencia Consular se reserva de todas formas, despu\u00e9s haber evaluado cada caso, la facultad de solicitar eventual ulterior documentaci\u00f3n.<\/p>\n<p><strong>Ciudadanos nacidos en Italia:<\/strong><\/p>\n<ul>\n<li>\u00faltimo pasaporte italiano (original y fotocopia); En caso de no tener un pasaporte italiano se deber\u00e1 presentar el Certificado de ingreso al pa\u00eds emitido por Migraciones.<\/li>\n<li>D.N.I. para extranjeros vigentecon direcci\u00f3n actualizada (original y fotocopia).<\/li>\n<li>las fotos se tomar\u00e1n el mismo d\u00eda del turno en la oficina pasaportes; en el caso que el usuario lo desee, tambi\u00e9n puede presentarlas con los siguientes requisitos: 2 fotos recientes, iguales, formato carnet (35x40mm), NO en formato digital, color, fondo blanco, de frente, de cerca y con la frente descubierta.<\/li>\n<\/ul>\n<ul>\n<li>Certificado de la C\u00e1mara Nacional Electoral en el cual resulte su nombre en italiano y espa\u00f1ol.(debe coincidir con el certificado de nacimiento italiano y el DNI argentino). Siempre que dicho certificado nunca se hubiera presentado o si hubiera sido expedido antes del 16 de agosto de 1992 o si no se indicaran los nombres en espa\u00f1ol e italiano.<\/li>\n<\/ul>\n<p><strong>Ciudadanos nacidos en el exterior:<\/strong><\/p>\n<ul>\n<li>\u00faltimo pasaporte italiano en original y fotocopia;<\/li>\n<li>D.N.I. para extranjeros, vigente con direcci\u00f3n actualizada, original y fotocopia.<\/li>\n<li>las fotos se tomar\u00e1n el mismo d\u00eda del turno en la oficina pasaportes; en el caso que el usuario lo desee, tambi\u00e9n puede presentarlas con los siguientes requisitos: 2 fotos recientes, iguales, formato carnet (35x40mm), NO en formato digital, color, fondo blanco, de frente, de cerca y con la frente descubierta.<\/li>\n<\/ul>\n<p><strong>Solicitante con hijos menores de 18 a\u00f1os:<\/strong><\/p>\n<p>Desde el 14 de junio 2023 no es mas necesario presentar el consentimiento del otro progenitor al fin de la emisi\u00f3n del pasaporte, seg\u00fan el D.L. 69\/2023.<\/p>\n<p>En particular, la normativa nueva en el art\u00edculo 3-bis de la Ley 1185\/1967 indica que, cuando existe un concreto y actual peligro que al trasferirse al exterior el progenitor pueda incumplir con las obligaciones hacia sus hijos, ser\u00e1 posible por parte del otro progenitor solicitar una inhibici\u00f3n para la emisi\u00f3n del pasaporte.<\/p>\n<p>La solicitud podr\u00e1 ser presentada al Juez competente en el Tribunal ordinario en la que el menor tenga residencia o, si el menor reside en el exterior, en el Tribunal competente de la localidad de inscripci\u00f3n AIRE<\/p>\n<p><strong>Para la emisi\u00f3n del pasaporte de menores sigue siendo obligatorio la firma del consentimiento por parte de ambos progenitores o sus tutores legales.<\/strong><\/p>\n<p><strong>ADVERTENCIAS GENERALES<\/strong><\/p>\n<ul>\n<li>Se sugiere presentar la solicitud de un nuevo pasaporte con debida antelaci\u00f3n respecto a la fecha de un eventual viaje.<\/li>\n<li>La fotograf\u00eda debe ser reciente. Dimensiones: entre 35 y 40mm de ancha y alto proporcional, es decir, entre 40 y 53 mm de alta. No se aceptar\u00e1n fotograf\u00edas de tama\u00f1o inferior. &#8211; La cabeza y la parte superior de los hombros deben ocupar entre el 70 y el 80% de la fotograf\u00eda. Desde la parte superior de la cabeza hasta el borde superior de la fotograf\u00eda debe haber al menos dos mil\u00edmetros de separaci\u00f3n. &#8211; El fondo debe ser blanco y uniforme, sin sombras. No debe aparecer tampoco el respaldo de la silla sobre la que est\u00e9 sentada la persona fotografiada. &#8211; La fotograf\u00eda ha de ser en color, centrada y enfocada. &#8211; La cara de la persona debe aparecer mirando directamente a la c\u00e1mara, no de perfil ni mirando por encima del hombro, y no debe haber sombras sobre la cara ni sobre el fondo. &#8211; Los ojos deben estar abiertos, no rojos por el efecto del flash y no cubiertos por el pelo.<\/li>\n<li>El DNI argentino debe tener una fotograf\u00eda que permita la identificaci\u00f3n del solicitante, aunque dicho documento se encuentre vigente, si no fuera posible la identificaci\u00f3n no se proceder\u00e1 a emitir el pasaporte, debiendo el solicitante realizar ante las autoridades argentinas el tr\u00e1mite para la emisi\u00f3n de un nuevo DNI.<\/li>\n<\/ul>\n","protected":false},"excerpt":{"rendered":"Normativa de referencia: Ley n. 1185 del 21 de noviembre de 1967 y sucesivas modificaciones. Para solicitar el pasaporte es necesario reservar un turno desde Prenot@Mi y presentarse personalmente en esta Agencia Consular durante el horario de atenci\u00f3n al p\u00fablico. Informativa sul trattamento dei dati personali disponibile al link https:\/\/www.esteri.it\/it\/sportello_info\/informativa-sul-trattamento-dei-dati-personali\/ VER VIDEO INFORMATIVO INFORMACIONES GENERALES [&hellip;]","protected":false},"author":1,"featured_media":0,"parent":153,"menu_order":0,"comment_status":"closed","ping_status":"closed","template":"","meta":{"footnotes":""},"class_list":["post-154","page","type-page","status-publish","hentry"],"_links":{"self":[{"href":"https:\/\/consmoron.esteri.it\/es\/wp-json\/wp\/v2\/pages\/154","targetHints":{"allow":["GET"]}}],"collection":[{"href":"https:\/\/consmoron.esteri.it\/es\/wp-json\/wp\/v2\/pages"}],"about":[{"href":"https:\/\/consmoron.esteri.it\/es\/wp-json\/wp\/v2\/types\/page"}],"author":[{"embeddable":true,"href":"https:\/\/consmoron.esteri.it\/es\/wp-json\/wp\/v2\/users\/1"}],"replies":[{"embeddable":true,"href":"https:\/\/consmoron.esteri.it\/es\/wp-json\/wp\/v2\/comments?post=154"}],"version-history":[{"count":6,"href":"https:\/\/consmoron.esteri.it\/es\/wp-json\/wp\/v2\/pages\/154\/revisions"}],"predecessor-version":[{"id":4585,"href":"https:\/\/consmoron.esteri.it\/es\/wp-json\/wp\/v2\/pages\/154\/revisions\/4585"}],"up":[{"embeddable":true,"href":"https:\/\/consmoron.esteri.it\/es\/wp-json\/wp\/v2\/pages\/153"}],"wp:attachment":[{"href":"https:\/\/consmoron.esteri.it\/es\/wp-json\/wp\/v2\/media?parent=154"}],"curies":[{"name":"wp","href":"https:\/\/api.w.org\/{rel}","templated":true}]}}