{"id":155,"date":"2023-04-03T19:28:33","date_gmt":"2023-04-03T22:28:33","guid":{"rendered":"https:\/\/consmoron.esteri.it\/servizi-consolari-e-visti\/servizi-per-il-cittadino-italiano\/emergency-travel-documents-etd\/"},"modified":"2023-07-07T10:00:10","modified_gmt":"2023-07-07T13:00:10","slug":"emergency-travel-documents-etd","status":"publish","type":"page","link":"https:\/\/consmoron.esteri.it\/es\/servizi-consolari-e-visti\/servizi-per-il-cittadino-italiano\/emergency-travel-documents-etd\/","title":{"rendered":"Documentos de viaje de emergencia (ETD)"},"content":{"rendered":"<p><strong>En caso de robo o p\u00e9rdida del pasaporte<\/strong>, a un conciudadano residente en Italia o en otro pa\u00eds, en una situaci\u00f3n de emergencia en la que <strong>no haya tiempo suficiente<\/strong> para realizar los tr\u00e1mites necesarios <strong>para emitir un nuevo pasaporte<\/strong>, <strong>se podr\u00e1 expedir un documento de viaje provisional (Emergency Travel Document)<\/strong> v\u00e1lido \u00fanicamente para el viaje de regreso a Italia, al pa\u00eds de residencia estable en el extranjero o, en casos excepcionales, para un destino diferente.<\/p>\n<p>La persona interesada deber\u00e1 enviar un correo electr\u00f3nico a la direcci\u00f3n <a href=\"mailto:passaporti.moron@esteri.it\"><strong>passaporti.moron@esteri.it<\/strong><\/a> adjuntando:<\/p>\n<ul>\n<li>documento de identidad (o copia);<\/li>\n<li>denuncia de robo o p\u00e9rdida del pasaporte realizada ante las Autoridades Policiales locales.<\/li>\n<\/ul>\n<p>Una vez recibida una respuesta, el conciudadano ser\u00e1 convocado y deber\u00e1 llevar presentar:<\/p>\n<ul>\n<li>documento de identidad (o copia);<\/li>\n<li>denuncia de robo o p\u00e9rdida del pasaporte realizada ante las Autoridades Policiales locales;<\/li>\n<li>2 fotograf\u00edas tama\u00f1o pasaporte (35\u00d740 mm), NO digitales, a color, con fondo blanco, expresi\u00f3n neutral y boca cerrada;<\/li>\n<li>fotocopia del t\u00edtulo de viaje para el viaje de regreso.<\/li>\n<\/ul>\n<p>&nbsp;<\/p>\n<p><strong>*CUANDO EL PA\u00cdS DE RESIDENCIA EST\u00c9 FUERA DE LA UE, SE RECOMIENDA VERIFICAR CON LA REPRESENTACI\u00d3N DIPLOM\u00c1TICA Y CONSULAR COMPETENTE LA VALIDEZ DEL DVE PARA FINES DE INGRESO.<\/strong><\/p>\n","protected":false},"excerpt":{"rendered":"En caso de robo o p\u00e9rdida del pasaporte, a un conciudadano residente en Italia o en otro pa\u00eds, en una situaci\u00f3n de emergencia en la que no haya tiempo suficiente para realizar los tr\u00e1mites necesarios para emitir un nuevo pasaporte, se podr\u00e1 expedir un documento de viaje provisional (Emergency Travel Document) v\u00e1lido \u00fanicamente para el [&hellip;]","protected":false},"author":1,"featured_media":0,"parent":153,"menu_order":2,"comment_status":"closed","ping_status":"closed","template":"","meta":{"footnotes":""},"class_list":["post-155","page","type-page","status-publish","hentry"],"_links":{"self":[{"href":"https:\/\/consmoron.esteri.it\/es\/wp-json\/wp\/v2\/pages\/155","targetHints":{"allow":["GET"]}}],"collection":[{"href":"https:\/\/consmoron.esteri.it\/es\/wp-json\/wp\/v2\/pages"}],"about":[{"href":"https:\/\/consmoron.esteri.it\/es\/wp-json\/wp\/v2\/types\/page"}],"author":[{"embeddable":true,"href":"https:\/\/consmoron.esteri.it\/es\/wp-json\/wp\/v2\/users\/1"}],"replies":[{"embeddable":true,"href":"https:\/\/consmoron.esteri.it\/es\/wp-json\/wp\/v2\/comments?post=155"}],"version-history":[{"count":2,"href":"https:\/\/consmoron.esteri.it\/es\/wp-json\/wp\/v2\/pages\/155\/revisions"}],"predecessor-version":[{"id":372,"href":"https:\/\/consmoron.esteri.it\/es\/wp-json\/wp\/v2\/pages\/155\/revisions\/372"}],"up":[{"embeddable":true,"href":"https:\/\/consmoron.esteri.it\/es\/wp-json\/wp\/v2\/pages\/153"}],"wp:attachment":[{"href":"https:\/\/consmoron.esteri.it\/es\/wp-json\/wp\/v2\/media?parent=155"}],"curies":[{"name":"wp","href":"https:\/\/api.w.org\/{rel}","templated":true}]}}