{"id":159,"date":"2023-04-03T19:29:28","date_gmt":"2023-04-03T22:29:28","guid":{"rendered":"https:\/\/consmoron.esteri.it\/servizi-consolari-e-visti\/servizi-per-il-cittadino-italiano\/servizi-elettorali\/"},"modified":"2023-07-07T11:44:03","modified_gmt":"2023-07-07T14:44:03","slug":"servizi-elettorali","status":"publish","type":"page","link":"https:\/\/consmoron.esteri.it\/es\/servizi-consolari-e-visti\/servizi-per-il-cittadino-italiano\/servizi-elettorali\/","title":{"rendered":"Servicios electorales"},"content":{"rendered":"<article id=\"articolo_centro\" class=\"col-md-19 col-sm-19 padding_articolo item-page\" role=\"main\" aria-label=\"articolo\">\n<div>\n<p>Los ciudadanos italianos residentes en el exterior e inscriptos regularmente en el AIRE puede ejercer el derecho de voto en el exterior en el lugar de residencia para las elecciones pol\u00edticas nacionales, para los refer\u00e9ndums abrogativos y constitucionales ex art\u00edculos 75 y 138 de la Constituci\u00f3n y para las elecciones del Parlamento europeo.<\/p>\n<p>El voto en el exterior para las elecciones pol\u00edticas y los refer\u00e9ndums est\u00e1 regulado por la Ley n. 459 del 27 de diciembre de 2001 y por el Reglamento de Ejecuci\u00f3n (Decreto del Presidente de la Rep\u00fablica n. 104 del 2 de abril de 2003), art\u00edculos 48, 56 y 57 de la Constituci\u00f3n, que instituyeron la Circunscripci\u00f3n Exterior. La Ley n. 52 del 6 de mayo de 2015 (llamada \u00abItalicum\u00bb) ha establecido che tambi\u00e9n los ciudadanos temporanemaente residentes en el exterior por un periodo de almenos tres meses por motivos de trabajo, estudio o cuidados medicos pueden pedir a su propia Comuna de votar en el exterior por correspondencia. La disposici\u00f3n tendr\u00e1 efecto para las elecciones de la C\u00c1mara de diputados a partir del 1\u00ba de julio de 2016, mientras entrar\u00e1 en vigor inmediatamente para eventuales Referendum posteriores a la fecha de entrada en vigor de la ley (23 de mayo de 20159<\/p>\n<p>El voto en el exterior para la elecci\u00f3n de los representantes italianos en el Parlamento europeo se encuentra en cambio regulado por la ley n. 18 del 24 de enero de 1979 y por el Decreto ley n. 408 del 24 de junio (convertido en ley n. 483 del 3 de agosto de 1994).<\/p>\n<p>Los electores italianos residentes en el exterior y regularmente inscriptos en el AIRE pueden adem\u00e1s votar para las elecciones de los representantes de los Comites \u2013 Comitatos de los italianos en el exterior (ley n. 286 del 23 de octubre de 2003).<\/p>\n<ul>\n<li>Elecciones Pol\u00edticas y Referendum<\/li>\n<li>Elecciones Europeas<\/li>\n<li>Elecciones COMITES<\/li>\n<li>Elecciones CGIE<\/li>\n<li>Normativa COMITES &#8211; CGIE<\/li>\n<\/ul>\n<\/div>\n<\/article>\n","protected":false},"excerpt":{"rendered":"Los ciudadanos italianos residentes en el exterior e inscriptos regularmente en el AIRE puede ejercer el derecho de voto en el exterior en el lugar de residencia para las elecciones pol\u00edticas nacionales, para los refer\u00e9ndums abrogativos y constitucionales ex art\u00edculos 75 y 138 de la Constituci\u00f3n y para las elecciones del Parlamento europeo. El voto [&hellip;]","protected":false},"author":1,"featured_media":0,"parent":153,"menu_order":10,"comment_status":"closed","ping_status":"closed","template":"","meta":{"footnotes":""},"class_list":["post-159","page","type-page","status-publish","hentry"],"_links":{"self":[{"href":"https:\/\/consmoron.esteri.it\/es\/wp-json\/wp\/v2\/pages\/159","targetHints":{"allow":["GET"]}}],"collection":[{"href":"https:\/\/consmoron.esteri.it\/es\/wp-json\/wp\/v2\/pages"}],"about":[{"href":"https:\/\/consmoron.esteri.it\/es\/wp-json\/wp\/v2\/types\/page"}],"author":[{"embeddable":true,"href":"https:\/\/consmoron.esteri.it\/es\/wp-json\/wp\/v2\/users\/1"}],"replies":[{"embeddable":true,"href":"https:\/\/consmoron.esteri.it\/es\/wp-json\/wp\/v2\/comments?post=159"}],"version-history":[{"count":3,"href":"https:\/\/consmoron.esteri.it\/es\/wp-json\/wp\/v2\/pages\/159\/revisions"}],"predecessor-version":[{"id":441,"href":"https:\/\/consmoron.esteri.it\/es\/wp-json\/wp\/v2\/pages\/159\/revisions\/441"}],"up":[{"embeddable":true,"href":"https:\/\/consmoron.esteri.it\/es\/wp-json\/wp\/v2\/pages\/153"}],"wp:attachment":[{"href":"https:\/\/consmoron.esteri.it\/es\/wp-json\/wp\/v2\/media?parent=159"}],"curies":[{"name":"wp","href":"https:\/\/api.w.org\/{rel}","templated":true}]}}