{"id":160,"date":"2023-04-03T19:29:38","date_gmt":"2023-04-03T22:29:38","guid":{"rendered":"https:\/\/consmoron.esteri.it\/servizi-consolari-e-visti\/servizi-per-il-cittadino-italiano\/servizi-notarili\/"},"modified":"2025-05-21T10:37:27","modified_gmt":"2025-05-21T13:37:27","slug":"servizi-notarili","status":"publish","type":"page","link":"https:\/\/consmoron.esteri.it\/es\/servizi-consolari-e-visti\/servizi-per-il-cittadino-italiano\/servizi-notarili\/","title":{"rendered":"Servicios notariales"},"content":{"rendered":"<p><a name=\"info\"><\/a><strong>Informaciones generales<\/strong><\/p>\n<p>La Oficina Notarial, brinda sus\u00a0<strong>servicios \u00fanicamente a los ciudadanos italianos residentes<\/strong>, de modo permanente o temporal, en la circunscripci\u00f3n consular de Mor\u00f3n.<br \/>\nEn el caso de ciudadanos italianos en tr\u00e1nsito, la Oficina examinar\u00e1 caso por caso la efectiva necesidad y urgencia del servicio solicitado.<\/p>\n<p>Los usuarios que no posean ciudadan\u00eda italiana deber\u00e1n dirigirse a un Escribano local (ver\u00a0<a href=\"https:\/\/consmoron.esteri.it\/it\/servizi-consolari-e-visti\/servizi-per-il-cittadino-straniero\/traduzione-e-legalizzazione-dei-documenti\/\"><strong>Legalizaci\u00f3n de documentos<\/strong><\/a>).<\/p>\n<p>Informativa sul trattamento dei dati personali disponibile al link <a href=\"https:\/\/www.esteri.it\/it\/sportello_info\/informativa-sul-trattamento-dei-dati-personali\/\">https:\/\/www.esteri.it\/it\/sportello_info\/informativa-sul-trattamento-dei-dati-personali\/<\/a><\/p>\n<p><a href=\"https:\/\/www.youtube.com\/watch?v=BQ7AkO-VpFc&amp;list=PLP6yk6ndBIUdEkRXG7TmCJvHrmTYvEluF&amp;index=11\"><span style=\"color: #ff0000;\">VER VIDEO INFORMATIVO<\/span><\/a><\/p>\n<p><strong>Turnos<\/strong><\/p>\n<p>Los turnos est\u00e1n disponibles\u00a0 a trav\u00e9s del portal <strong><a href=\"https:\/\/prenotami.esteri.it\/\">Prenot@mi<\/a><\/strong>\u00a0seleccionando la opci\u00f3n \u201c<strong>Notarial\u201d<\/strong>.<\/p>\n<p>El turno es virtual, y el d\u00eda seleccionado se debe enviar la documentaci\u00f3n en formato word por correo electr\u00f3nico (<a href=\"mailto:studi-notarile.moron@esteri.it\">studi-notarile.moron@esteri.it<\/a>). En una segunda instancia, luego de que la Oficina se contacte, se podr\u00e1 entregar la documentaci\u00f3n de forma f\u00edsica.<\/p>\n<p>Para brindar un mejor servicio, se solicita al usuario que indique, al momento de reservar el turno, el motivo exacto de su solicitud y, en el caso espec\u00edfico de los poderes notariales, el objeto del poder mismo.<\/p>\n<p><strong>Pago<\/strong><\/p>\n<p>La modalidad de pago ser\u00e1 comunicada al solicitante del servicio por la Oficina competente.<\/p>\n<p><strong>Mail<\/strong>:\u00a0<a href=\"mailto:studi-notarile.moron@esteri.it\">studi-notarile.moron@esteri.it<\/a><\/p>\n<p><a name=\"atti\"><\/a><\/p>\n<p><a name=\"util\"><\/a><strong>Informaciones \u00datiles<\/strong><br \/>\nA continuaci\u00f3n se brindan indicaciones relativas a gestiones a efectuar ante las competentes autoridades argentinas sin la necesidad de tener que presentarse en la Agencia Consular<\/p>\n<p><a name=\"animales\"><\/a><strong>1. TRANSPORTE ANIMALES DE COMPA\u00d1\u00cdA<\/strong><br \/>\nSer\u00e1 necesario dirigirse al \u201cLazareto\u201d de Buenos Aires el cual expedir\u00e1 la documentaci\u00f3n que se requiere.<br \/>\nDirecci\u00f3n: Elvira Rawson de Dellepiane (ex Brasil) y Jos\u00e9 Balbin \u2013 D\u00e1rsena Sur \u2013 Puerto de Buenos Aires. Referencia: a 300 mts. del \u201cCasino Flotante\u201d<br \/>\nHorario: de lunes a viernes desde las 10.30 hs. hasta las 15.30 hs.<br \/>\nTel 4362 \u2013 5755 \/ 4361- 4632.<br \/>\nMail: lazareto@senasa.gov.ar<br \/>\nEntrar en la p\u00e1gina web www.senasa.gov.ar y entrar en el link \u201cRequisitos para viajar con mascotas al exterior\u201d donde es ofrecida informaci\u00f3n actualizada concerniente a la documentaci\u00f3n y a los requisitos necesarios seg\u00fan el Pa\u00eds de destino.<\/p>\n<p><a name=\"antecedentes\"><\/a><strong>2. CERTIFICADO DE ANTECEDENTES PARA PRESENTAR ANTE LAS AUTORIDADES LOCALES<\/strong><br \/>\nEl certificado de antecedentes penales es uno de los documentos fundamentales que deber\u00e1n presentarse ante las autoridades locales para solicitar la residencia en territorio argentino.<br \/>\nLa \u00fanica autoridad que puede emitir dicho certificado es el Ministero della Giustizia italiano.<br \/>\nLas personas que deban presentar este documento ante una autoridad argentina, DEBEN indefectiblemente solicitar el certificado de antecedes penales (casellario giudiziario) a la Procura della Repubblica de la provincia de ultima residencia en Italia o de inscripci\u00f3n AIRE (en caso de connacionales no residentes en Italia y provenientes de otra jurisdicci\u00f3n consular fuera de la Argentina).<br \/>\nA fin de que dicho certificado sea v\u00e1lido en el exterior debe estar legalizado con APOSTILLE DE LA HAYA que la realiza la misma Procura della Repubblica. http:\/\/www.giustizia.it\/giustizia\/it\/mg_3_3_2.wp<\/p>\n<p><a name=\"apostille\"><\/a><strong>3. APOSTILLE SU ATTI RILASCIATI IN ITALIA<\/strong><br \/>\nLas actas emitidas en Italia (actas de estado civil, poderes, sentencias, antecedentes penales), para tener valor en Argentina, deben estar apostilladas en Italia por la Prefettura o la Procura della Repubblica competente del lugar donde fueron emitidas. No es posible realizar dicha legalizaci\u00f3n en la Agencia Consular.<\/p>\n<p><strong>IMPORTANTE: en ning\u00fan caso la Agencia Consular puede reemplazar las autoridades competentes a la emisi\u00f3n del certificado de antecedentes, ni a la legalizaci\u00f3n con APOSTILLE DE LA HAYA.<\/strong><\/p>\n","protected":false},"excerpt":{"rendered":"Informaciones generales La Oficina Notarial, brinda sus\u00a0servicios \u00fanicamente a los ciudadanos italianos residentes, de modo permanente o temporal, en la circunscripci\u00f3n consular de Mor\u00f3n. En el caso de ciudadanos italianos en tr\u00e1nsito, la Oficina examinar\u00e1 caso por caso la efectiva necesidad y urgencia del servicio solicitado. Los usuarios que no posean ciudadan\u00eda italiana deber\u00e1n dirigirse [&hellip;]","protected":false},"author":1,"featured_media":0,"parent":153,"menu_order":12,"comment_status":"closed","ping_status":"closed","template":"","meta":{"footnotes":""},"class_list":["post-160","page","type-page","status-publish","hentry"],"_links":{"self":[{"href":"https:\/\/consmoron.esteri.it\/es\/wp-json\/wp\/v2\/pages\/160","targetHints":{"allow":["GET"]}}],"collection":[{"href":"https:\/\/consmoron.esteri.it\/es\/wp-json\/wp\/v2\/pages"}],"about":[{"href":"https:\/\/consmoron.esteri.it\/es\/wp-json\/wp\/v2\/types\/page"}],"author":[{"embeddable":true,"href":"https:\/\/consmoron.esteri.it\/es\/wp-json\/wp\/v2\/users\/1"}],"replies":[{"embeddable":true,"href":"https:\/\/consmoron.esteri.it\/es\/wp-json\/wp\/v2\/comments?post=160"}],"version-history":[{"count":8,"href":"https:\/\/consmoron.esteri.it\/es\/wp-json\/wp\/v2\/pages\/160\/revisions"}],"predecessor-version":[{"id":3358,"href":"https:\/\/consmoron.esteri.it\/es\/wp-json\/wp\/v2\/pages\/160\/revisions\/3358"}],"up":[{"embeddable":true,"href":"https:\/\/consmoron.esteri.it\/es\/wp-json\/wp\/v2\/pages\/153"}],"wp:attachment":[{"href":"https:\/\/consmoron.esteri.it\/es\/wp-json\/wp\/v2\/media?parent=160"}],"curies":[{"name":"wp","href":"https:\/\/api.w.org\/{rel}","templated":true}]}}