{"id":162,"date":"2023-04-03T19:29:59","date_gmt":"2023-04-03T22:29:59","guid":{"rendered":"https:\/\/consmoron.esteri.it\/servizi-consolari-e-visti\/servizi-per-il-cittadino-italiano\/autoveicoli-e-patenti-di-guida\/"},"modified":"2025-02-10T14:45:02","modified_gmt":"2025-02-10T17:45:02","slug":"autoveicoli-e-patenti-di-guida","status":"publish","type":"page","link":"https:\/\/consmoron.esteri.it\/es\/servizi-consolari-e-visti\/servizi-per-il-cittadino-italiano\/autoveicoli-e-patenti-di-guida\/","title":{"rendered":"Veh\u00edculos y permisos de conducir"},"content":{"rendered":"<p><strong>LICENCIAS DE CONDUCIR<\/strong><\/p>\n<p><strong>Renovaci\u00f3n Licencia de Conducir italiana<br \/>\n<\/strong>La renovaci\u00f3n de la licencia de conducir italiana podr\u00e1 ser solicitada EXCLUSIVAMENTE por ciudadanos italianos residentes en la circunscripci\u00f3n consular e inscriptos en el Registro de Poblaci\u00f3n Residente en el Exterior (AIRE), o bien por ciudadanos que vivan en el exterior por un per\u00edodo de al menos 6 meses, o por ciudadanos inscriptos en el registro consular con procedimiento iniciado de inscripci\u00f3n en el AIRE (Registro de Poblaci\u00f3n Residente en el Exterior).<\/p>\n<p>La Agencia Consular otorgar\u00e1 un certificado consular de renovaci\u00f3n que tendr\u00e1 valor s\u00f3lo para el per\u00edodo durante el cual el interesado se encontrar\u00e1 en el exterior. Una vez que haya regresado a Italia, el certificado deber\u00e1 ser sustituido por la licencia de conducir italiana normal.<\/p>\n<p>Para poder ser renovada en laAgencia Consular, la licencia italiana debe tener de 5 a\u00f1os de vencida.El interesado deber\u00e1 presentarse con un documento de identidad vigente (DNI, pasaporte, y\/o documento de identidad italiano), una prueba de efectiva residencia en la circunscripci\u00f3n consular (DNI a\u00fan con car\u00e1cter provisorio o facturas de servicios a su nombre), licencia de conducir en original + 1 fotocopia y certificado m\u00e9dico expedido por el m\u00e9dico de confianza de esta Agencia Consular.<\/p>\n<p>El certificado m\u00e9dico es un servicio pago, a cargo del solicitante y el costo deber\u00e1 ser abonado directamente al m\u00e9dico.<\/p>\n<p><span style=\"text-decoration: underline;\">El certificado m\u00e9dico tiene una validez de <strong>3 meses<\/strong> a partir de la fecha de emisi\u00f3n<\/span>.<\/p>\n<p>Los m\u00e9dicos de confianza del Consulado son:<\/p>\n<p><strong>Dr. EDUARDO MANZINI<\/strong><strong><br \/>\n<\/strong>Callao 492 \u2013 8\u00ba \u201cA\u201d<br \/>\nC1022AAR C.A. Buenos Aires<br \/>\nTelefono: 4371-8812<br \/>\nCellulare: 15\u00a0 4420-4011<\/p>\n<p><strong>Dr. GUSTAVO MAID<\/strong><br \/>\nPer\u00f3n 4190 (Hospital Italiano) \u2013\u00a0Buenos Aires<br \/>\nTelefono: 6064-4544<br \/>\nCellulare: 15 5341 7025<\/p>\n<p>Para mayor informaci\u00f3n:<\/p>\n<p><a href=\"http:\/\/www.esteri.it\/MAE\/IT\/Italiani_nel_Mondo\/ServiziConsolari\/Autoveicoli_e_Patenti\/\">http:\/\/www.esteri.it\/MAE\/IT\/Italiani_nel_Mondo\/ServiziConsolari\/Autoveicoli_e_Patenti\/<\/a><\/p>\n<p>&nbsp;<\/p>\n<p><strong>LICENCIA DE CONDUCIR TEMPORANEA (para no residentes que no posean una licencia de conducir internacional)<\/strong><\/p>\n<p>La licencia de conducir internacional debe ser solicitada en Italia, antes de la salida hacia el extranjero, en la Oficina de la Motorizaci\u00f3n (Ufficio della Motorizzazione) competente territorialmente seg\u00fan el lugar de residencia del solicitante.<\/p>\n<p>La licencia o permiso internacional es un documento para conducir en todos los Pa\u00edses europeos y en algunos extra-europeos. La otorga la Oficina de Motorizaci\u00f3n italiana. La misma debe estar siempre acompa\u00f1ada por la licencia de conducir italiana vigente. La finalidad de la Licencia Internacional es aquella de proveer a las Autoridades extranjeras la exacta interpretaci\u00f3n del registro de conducir que posee el titular.<\/p>\n<p>En el caso que la persona se encuentre ya en la Rep\u00fablica Argentina, podr\u00e1 solicitar un \u201cREGISTRO DE TURISTA\u201d, o sea una Licencia de Conducir temporal para no residentes y que no posean licencia de conducir internacional.<br \/>\nEste permiso de conducir provisorio tendr\u00e1 una validez no superior a la fecha de vencimiento de la visa temporal por turismo que tenga impresa en su pasaporte.<br \/>\nDeber\u00e1 ser solicitado ante la DIRECCION DE TRANSITO \u2013 Av. Coronel Roca 5252 \u2013 P.A. hs.<\/p>\n<p>La oficina recibe s\u00f3lo con turno previo via Internet www.buenosaires.gov.ar<br \/>\nOpci\u00f3n: \u201cLicencias de Conducci\u00f3n\u201d \u2013 \u201cSector Turnos.\u201d<\/p>\n<p>Los documentos a presentar son:<\/p>\n<ul>\n<li>Certificado expedido por la Polic\u00eda donde conste el domicilio;<br \/>\n\u2022 Pasaporte con la visa\/sello de ingreso;<br \/>\n\u2022 Licencia de conducir italiana;<br \/>\n\u2022 Traducci\u00f3n al espa\u00f1ol de la licencia de conducci\u00f3n italiana, por traductor p\u00fablico.<br \/>\n\u2022 La licencia temporal es expedida al momento y luego del pago de una tarifa cuyo costo podr\u00e1 ser solicitado al reservar el turno.<\/li>\n<\/ul>\n<p><strong>CONVERSION DE LA \u201cLICENCIA DE CONDUCIR ITALIANA\u201d EN \u201cLICENCIA DE CONDUCIR ARGENTINA\u201d<\/strong><br \/>\nAquellos que trasladen su residencia desde Italia a la Rep\u00fablica Argentina podr\u00e1n solicitar la conversi\u00f3n de la licencia de conducci\u00f3n italiana en \u201clicencia de conducci\u00f3n argentina, sin sostener ex\u00e1menes.<br \/>\nLa solicitud deber\u00e1 ser presentada ante la DIRECCION DE TRANSITO \u2013 Av. Coronel Roca 5252 \u2013 P.A.<br \/>\nLa oficina recibe s\u00f3lo con turno previo v\u00eda Internet www.buenosaires.gov.ar<br \/>\nOpci\u00f3n: \u201cLicencias de Conducci\u00f3n\u201d \u2013 \u201cSector Turnos\u201d<\/p>\n<p>El usuario que desee realizar la conversi\u00f3n de su registro de conducir italiano en Argentina, para obtener la certificaci\u00f3n con los datos del registro del cual es titular, deber\u00e1 presentar, directamente o a trav\u00e9s de un delegado, la correspondiente solicitud en los Centros Emisores de la Licencia de Conducir, acompa\u00f1ada de la documentaci\u00f3n que acredite el pago del estampillado y de los derechos previstos por la normativa.<br \/>\nDado que dicha certificaci\u00f3n no est\u00e1 vinculada ni al lugar de residencia del solicitante ni a la Oficina de la Motorizaci\u00f3n Civil que ha emitido el registro, ser\u00e1 posible dirigirse indistintamente a cualquier Oficina de Motorizaci\u00f3n en el territorio italiano.<\/p>\n<p>Dicho certificado, para que tenga valor legal, deber\u00e1 ser Apostillado en Italia y deber\u00e1 ser traducido en Argentina por un traductor p\u00fablico. Si fuese requerido, esta Agencia Consular realizar\u00e1 la legalizaci\u00f3n de la firma del delegante.<\/p>\n<p>Los documentos a presentar son:<\/p>\n<ul>\n<li>\nCertificado expedido por la Polic\u00eda donde conste el domicilio;<br \/>\n\u2022 Pasaporte y DNI;<br \/>\n\u2022 Licencia de conducir italiana;<br \/>\n\u2022 Certificado emitido por la Oficina de Motorizaci\u00f3n italiana que ha otorgado la Patente di Guida, que certifique la validez de la misma. Para que dicho certificado sea aceptado en Argentina debe ser legalizado EN ITALIA con Apostille dell\u2019Aja;<br \/>\n\u2022 Traducci\u00f3n al espa\u00f1ol, efectuada por un traductor p\u00fablico, de la licencia de conducir italiana y del certificado emitido por l\u2019Ufficio della Motorizzazione (que incluya la Apostille de La Haya).<\/li>\n<\/ul>\n<p>La licencia es otorgada en el momento y luego del pago de una tarifa cuyo costo podr\u00e1 ser solicitado cuando reserve el turno.<br \/>\nLa validez de dicho documento coincide con la permanencia en Argentina.<\/p>\n<p><strong>CONVERSION DEL \u201cREGISTRO DE CONDUCIR ARGENTINO\u201d EN \u201cLICENCIA DE CONDUCIR ITALIANA\u201d<\/strong><\/p>\n<p>Al fin de poder desarrollar ante las competentes Autoridades italianas las gestiones relativas a la conversi\u00f3n de la licencia de conducci\u00f3n argentina en aquella italiana, el titular deber\u00e1 presentar ante la representaci\u00f3n Consular de la Rep\u00fablica Argentina en territorio italiano:<br \/>\n\u2022 \u201cCertificado de legalidad\u201d emitido por la \u201cDirecci\u00f3n de tr\u00e1nsito\u201d que a su debido tiempo ha expedido la licencia de conducci\u00f3n. Tal certificado deber\u00e1 llevar la \u201cApostille de La Haya\u201d, puesta por el Ministerio de Relaciones Exteriores (situado en la calle Esmeralda 1214 \u2013 Buenos Aires \u2013 www.mrecig.gov.ar );<br \/>\n\u2022 Pasaporte argentino en curso de validez y\/o DNI + fotocopia;<br \/>\n\u2022 Certificado de residencia italiano (expedido por el Municipio territorialmente competente).<\/p>\n<p>La representaci\u00f3n Consular argentina proceder\u00e1 al otorgamiento de un certificado predispuesto a tal fin para presentar a la competente Motorizaci\u00f3n Civil.<\/p>\n<p>De todos modos se ruega consultar los requisitos arriba detallados directamente en los sitos de la Representaciones Consulares Argentinas en Italia competentes territorialmente seg\u00fan el lugar de residencia del solicitante:<\/p>\n<p>Consulado Argentino en Mil\u00e1n, Via Agnello, 2 \u2013 20121 Milano. +39 02 77729401 (centralino) e-mail: <a href=\"mailto:cmil@mrecic.gov.ar\">cmil@mrecic.gov.ar<\/a> web: <a href=\"http:\/\/www.cmila.mrecic.gov.ar\">www.cmila.mrecic.gov.ar<\/a><\/p>\n<p>Consolado Argentino en Roma, Via Vittorio Veneto, 7 \u2013 00187 Roma Tel. +39 06 42287023 e-mail: consolato.argentina@tiscali.it<\/p>\n<p>&nbsp;<\/p>\n<p><strong>SOLICITUDES CANCELACIONES DEL PRA (PUBBLICO REGISTRO AUTOMOBILISTICO)<\/strong>.<\/p>\n<p>NUEVA NORMATIVA VIGENTE DESDE EL 1 DE ENERO DE 2020.<\/p>\n<p>Desde el 1 de Enero de 2020 la cancelaci\u00f3n del PRA (Pubblico Registro Automobilistico \u2013 Registro P\u00fablico Automotor italiano) por la exportaci\u00f3n definitiva de veh\u00edculos al exterior, ya no podr\u00e1 ser solicitada mediante la red diplom\u00e1tica consular.<\/p>\n<p>El nuevo art\u00edculo 103 del Codice della Strada (C\u00f3digo de Circulaci\u00f3n, italiano) prev\u00e9 que la cancelaci\u00f3n del PRA por la exportaci\u00f3n definitiva al exterior de veh\u00edculos, motocicletas o camiones, se disponga bajo la condici\u00f3n de que los veh\u00edculos mencionados hayan sido inspeccionados, con resultado positivo, con fecha no anterior a los seis meses respecto a la fecha en la cual se solicit\u00f3 la cancelaci\u00f3n. La baja deber\u00e1 solicitarse ANTES de que el veh\u00edculo sea exportado.<br \/>\nPara mayor informaci\u00f3n:\u00a0<a href=\"http:\/\/www.aci.it\/i-servizi\/guide-utili\/guida-pratiche-auto\/esportazione.html\">http:\/\/www.aci.it\/i-servizi\/guide-utili\/guida-pratiche-auto\/esportazione.html<\/a><\/p>\n<p>&nbsp;<\/p>\n","protected":false},"excerpt":{"rendered":"LICENCIAS DE CONDUCIR Renovaci\u00f3n Licencia de Conducir italiana La renovaci\u00f3n de la licencia de conducir italiana podr\u00e1 ser solicitada EXCLUSIVAMENTE por ciudadanos italianos residentes en la circunscripci\u00f3n consular e inscriptos en el Registro de Poblaci\u00f3n Residente en el Exterior (AIRE), o bien por ciudadanos que vivan en el exterior por un per\u00edodo de al menos [&hellip;]","protected":false},"author":1,"featured_media":0,"parent":153,"menu_order":16,"comment_status":"closed","ping_status":"closed","template":"","meta":{"footnotes":""},"class_list":["post-162","page","type-page","status-publish","hentry"],"_links":{"self":[{"href":"https:\/\/consmoron.esteri.it\/es\/wp-json\/wp\/v2\/pages\/162","targetHints":{"allow":["GET"]}}],"collection":[{"href":"https:\/\/consmoron.esteri.it\/es\/wp-json\/wp\/v2\/pages"}],"about":[{"href":"https:\/\/consmoron.esteri.it\/es\/wp-json\/wp\/v2\/types\/page"}],"author":[{"embeddable":true,"href":"https:\/\/consmoron.esteri.it\/es\/wp-json\/wp\/v2\/users\/1"}],"replies":[{"embeddable":true,"href":"https:\/\/consmoron.esteri.it\/es\/wp-json\/wp\/v2\/comments?post=162"}],"version-history":[{"count":3,"href":"https:\/\/consmoron.esteri.it\/es\/wp-json\/wp\/v2\/pages\/162\/revisions"}],"predecessor-version":[{"id":3049,"href":"https:\/\/consmoron.esteri.it\/es\/wp-json\/wp\/v2\/pages\/162\/revisions\/3049"}],"up":[{"embeddable":true,"href":"https:\/\/consmoron.esteri.it\/es\/wp-json\/wp\/v2\/pages\/153"}],"wp:attachment":[{"href":"https:\/\/consmoron.esteri.it\/es\/wp-json\/wp\/v2\/media?parent=162"}],"curies":[{"name":"wp","href":"https:\/\/api.w.org\/{rel}","templated":true}]}}