{"id":163,"date":"2023-04-03T19:30:10","date_gmt":"2023-04-03T22:30:10","guid":{"rendered":"https:\/\/consmoron.esteri.it\/servizi-consolari-e-visti\/servizi-per-il-cittadino-italiano\/codice-fiscale\/"},"modified":"2025-07-29T14:14:53","modified_gmt":"2025-07-29T17:14:53","slug":"codice-fiscale","status":"publish","type":"page","link":"https:\/\/consmoron.esteri.it\/es\/servizi-consolari-e-visti\/servizi-per-il-cittadino-italiano\/codice-fiscale\/","title":{"rendered":"C\u00f3digo de identificaci\u00f3n fiscal"},"content":{"rendered":"<p><strong>C\u00f3digo Fiscal<\/strong><\/p>\n<ol>\n<li><strong>\u00bfQu\u00e9 es?<\/strong><\/li>\n<li><strong>\u00bfPara qu\u00e9 sirve?<\/strong><\/li>\n<li><strong>\u00bfC\u00f3mo presentar la solicitud? <\/strong><\/li>\n<\/ol>\n<ol>\n<li><strong> \u00bfQu\u00e9 es?<\/strong><\/li>\n<\/ol>\n<p>El c\u00f3digo fiscal es un\u00a0<strong>c\u00f3digo alfanum\u00e9rico<\/strong>\u00a0emitido por Agenzia delle Entrate para identificar al ciudadano (italiano o extranjero) en sus relaciones con la administraci\u00f3n p\u00fablica, los privados y las entidades, italianas. Para las personas f\u00edsicas el c\u00f3digo fiscal es atribuido en raz\u00f3n de los datos anagr\u00e1ficos.<\/p>\n<ol start=\"2\">\n<li><strong> \u00bfPara qu\u00e9 sirve?<\/strong><\/li>\n<\/ol>\n<p>Cualquier operaci\u00f3n administrativa (pago de tasas, impuestos, c\u00e1nones, etc.) o actividad contractual (aceptaci\u00f3n de herencia, contratos con sujetos p\u00fablicos o privados, solicitud de financiaci\u00f3n, esponsorizaci\u00f3n, alquileres o comodatos de bienes inmuebles, etc.) requiere la menci\u00f3n del c\u00f3digo fiscal del sujeto que la realiza.<\/p>\n<ol start=\"3\">\n<li><strong> \u00bfC\u00f3mo presentar la solicitud?<\/strong><\/li>\n<\/ol>\n<p>Los <strong>ciudadanos italianos en el exterior<\/strong> pueden solicitar el c\u00f3digo fiscal <strong>mediante la Oficina Consular<\/strong>, adem\u00e1s de <strong>directamente ante las oficinas de Agenzia delle Entrate situadas dentro del territorio italiano<\/strong>, en virtud del art. 1 del D.M. reglamentario n\u00b0 281 del 17 de mayo de 2001, teniendo en cuenta la amplia articulaci\u00f3n y vasta extensi\u00f3n de oficinas de Agenzia delle Entrate en Italia.<\/p>\n<p>Los <strong>ciudadanos extranjeros no residentes en Italia pueden delegar<\/strong> a dichos efectos a un tercero para que presente la solicitud de atribuci\u00f3n del C\u00f3digo Fiscal directamente en las oficinas de Agenzia delle Entrate situadas en el territorio italiano.<\/p>\n<p><u>CIUDADANOS ITALIANOS RESIDENTES EN EL EXTERIOR INSCRIPTOS EN EL A.I.R.E.<\/u><\/p>\n<p>Los ciudadanos italianos mayores inscriptos en el AIRE pueden <strong>solicitar el c\u00f3digo fiscal<\/strong>, para s\u00ed mismos y para los hijos menores, a trav\u00e9s del portal telem\u00e1tico <strong>Fast It.<\/strong>\u00a0Siempre mediante el portal Fast It ser\u00e1 posible descargar el certificado de atribuci\u00f3n del c\u00f3digo fiscal, una vez procesado el tr\u00e1mite.<\/p>\n<p>Las solicitudes de c\u00f3digo fiscal se presentan exclusivamente por la plataforma<a href=\"https:\/\/serviziconsolari.esteri.it\/\"><u> <strong>FAST IT <\/strong><\/u><\/a><u>sin turno<\/u><u>, siguiendo estos pasos:<\/u><\/p>\n<p>1) Registrarse en la plataforma\u00a0(con nombre COMPLETO, fecha y CIUDAD de nacimiento, exactamente como resultan en la partida de nacimiento).<\/p>\n<p>2) Ingresar con su usuario y solicitar la <u>visualizaci\u00f3n de sus datos, adjuntando su DNI<\/u> SOLAMENTE, frente y dorso. Si obtiene un mensaje que le indica que debe registrarse al AIRE, controle los datos ingresados, dado que si no coinciden con los del sistema, \u00e9ste no lo reconoce.<\/p>\n<p>3)<strong> Una vez que un operador la\/o haya habilitada\/o<\/strong>, podr\u00e1 ingresar de nuevo y descargar el Codice fiscale.<\/p>\n<p>Los ciudadanos mayores inscriptos en el AIRE que ya tienen el c\u00f3digo fiscal atribuido pueden <strong>descargar directamente el certificado de atribuci\u00f3n del c\u00f3digo fiscal <\/strong>mediante el portal telem\u00e1tico Fast It, accediendo a dicho servicio y siguiendo las instrucciones brindadas para solicitar el c\u00f3digo fiscal; en este caso no ser\u00e1 necesario que intervenga el Consulado para la emisi\u00f3n del certificado.<\/p>\n<p>Aquellos que deseen recibir la <strong>credencial<\/strong> del c\u00f3digo fiscal, deben solicitar el c\u00f3digo fiscal y la credencial presentando el debido formulario junto con la copia de un documento de identidad.<\/p>\n<p>En caso de <strong>p\u00e9rdida o destrucci\u00f3n del certificado en soporte papel o de la credencial plastificada<\/strong>, puede solicitarse el duplicado bajo la misma modalidad de la atribuci\u00f3n.<\/p>\n<p><u>CIUDADANOS EXTRANJEROS NO RESIDENTES EN ITALIA.<\/u><\/p>\n<p>El ciudadano extranjero no residente en Italia <strong>debe<\/strong> delegar espec\u00edficamente a un sujeto para que presente la solicitud de atribuci\u00f3n del C\u00f3digo Fiscal <strong>directamente en las oficinas de Agenzia delle Entrate situadas dentro del territorio italiano<\/strong>, en virtud del art. 1 del D.M. reglamentario n\u00b0 281 del 17 de mayo de 2001.<\/p>\n<p>Las direcciones de las oficinas de Agenzia delle Entrate pueden consultarse en la p\u00e1gina <a href=\"http:\/\/www.agenziaentrate.it\">www.agenziaentrate.it<\/a><\/p>\n<p>El C\u00f3digo Fiscal puede solicitarlo el ciudadano extranjero a la <strong>Oficina Consular italiana competente por su domicilio<\/strong> s\u00f3lo cuando el C\u00f3digo Fiscal sea necesario para tr\u00e1mites a realizar en forma online y\/o para los cuales el solicitante no pueda delegar a un tercero para que presente la solicitud en Agenzia delle Entrate: en dichos casos, la Oficina consular proveer\u00e1 a transmitir la solicitud a Agenzia delle Entrate en Italia.<\/p>\n<p>La solicitud del C\u00f3digo Fiscal, a presentar completando el debido formulario, ser\u00e1 acompa\u00f1ada por una copia del documento de identidad y con la menci\u00f3n de las razones que motivan la solicitud.<\/p>\n<p>Los <strong>estudiantes<\/strong> que necesiten el c\u00f3digo fiscal para la preinscripci\u00f3n en la Universidad pueden obtenerlo autom\u00e1ticamente a trav\u00e9s del <strong>Portal Universitaly<\/strong> durante el proceso de preinscripci\u00f3n. La atribuci\u00f3n del C\u00f3digo Fiscal podr\u00e1 perfeccionarse: en el caso de los estudiantes no provenientes de la Uni\u00f3n Europea, en el Sportello Unico dell\u2019Immigrazione o en la Questura al momento de solicitar el permiso de residencia; en el caso de estudiantes provenientes de la Uni\u00f3n Europea, en Agenzia delle Entrate presentando el formulario AA4\/8.<\/p>\n<p>Los <strong>ciudadanos extranjeros que necesiten el c\u00f3digo fiscal para comprar inmuebles o para otras actividades comerciales\/financieras<\/strong> en Italia pueden delegar a un representante para que, en su nombre, soliciten el c\u00f3digo fiscal en Agenzia delle Entrate.<\/p>\n<p>A los <strong>ciudadanos de Estados no pertenecientes a la Uni\u00f3n Europea con intenciones de establecerse en Italia<\/strong> el c\u00f3digo fiscal les es atribuido:<\/p>\n<p>-Por el Sportello Unico dell\u2019Immigrazione, presente en cada Prefettura competente para la emisi\u00f3n del Nulla osta (permiso) para el ingreso de los ciudadanos extranjeros que soliciten el permiso de residencia por trabajo dependiente o reagrupaci\u00f3n familiar;<\/p>\n<p>-Por la Questura, oficina de la Polizia di Stato, para los ciudadanos extranjeros que soliciten otros tipos de permisos de residencia.<\/p>\n<p>Los <strong>ciudadanos de Estados pertenecientes a la Uni\u00f3n Europea con intenciones de establecerse en Italia<\/strong> pueden solicitar el c\u00f3digo fiscal presentando el formulario AA4\/8 a una Oficina de Agenzia delle Entrate. La solicitud debe estar motivada y acompa\u00f1ada por un documento vigente (pasaporte o documento de identidad v\u00e1lido para emigrar).<\/p>\n<p>El ciudadano extranjero que necesite el c\u00f3digo fiscal para iniciar un proceso judicial en Italia podr\u00e1 incluir entre las facultades conferidas al abogado apoderado, la de solicitar el c\u00f3digo fiscal ante cualquier oficina de Agenzia delle Entrate.<\/p>\n<p>Las direcciones de las oficinas de Agenzia delle Entrate pueden consultarse en la p\u00e1gina <a href=\"http:\/\/www.agenziaentrate.it\">www.agenziaentrate.it<\/a><\/p>\n<p>Informativa sul trattamento dei dati personali disponibile al link <a href=\"https:\/\/www.esteri.it\/it\/sportello_info\/informativa-sul-trattamento-dei-dati-personali\/\">https:\/\/www.esteri.it\/it\/sportello_info\/informativa-sul-trattamento-dei-dati-personali\/<\/a><\/p>\n","protected":false},"excerpt":{"rendered":"C\u00f3digo Fiscal \u00bfQu\u00e9 es? \u00bfPara qu\u00e9 sirve? \u00bfC\u00f3mo presentar la solicitud? \u00bfQu\u00e9 es? El c\u00f3digo fiscal es un\u00a0c\u00f3digo alfanum\u00e9rico\u00a0emitido por Agenzia delle Entrate para identificar al ciudadano (italiano o extranjero) en sus relaciones con la administraci\u00f3n p\u00fablica, los privados y las entidades, italianas. Para las personas f\u00edsicas el c\u00f3digo fiscal es atribuido en raz\u00f3n de [&hellip;]","protected":false},"author":1,"featured_media":0,"parent":153,"menu_order":18,"comment_status":"closed","ping_status":"closed","template":"","meta":{"footnotes":""},"class_list":["post-163","page","type-page","status-publish","hentry"],"_links":{"self":[{"href":"https:\/\/consmoron.esteri.it\/es\/wp-json\/wp\/v2\/pages\/163","targetHints":{"allow":["GET"]}}],"collection":[{"href":"https:\/\/consmoron.esteri.it\/es\/wp-json\/wp\/v2\/pages"}],"about":[{"href":"https:\/\/consmoron.esteri.it\/es\/wp-json\/wp\/v2\/types\/page"}],"author":[{"embeddable":true,"href":"https:\/\/consmoron.esteri.it\/es\/wp-json\/wp\/v2\/users\/1"}],"replies":[{"embeddable":true,"href":"https:\/\/consmoron.esteri.it\/es\/wp-json\/wp\/v2\/comments?post=163"}],"version-history":[{"count":8,"href":"https:\/\/consmoron.esteri.it\/es\/wp-json\/wp\/v2\/pages\/163\/revisions"}],"predecessor-version":[{"id":3732,"href":"https:\/\/consmoron.esteri.it\/es\/wp-json\/wp\/v2\/pages\/163\/revisions\/3732"}],"up":[{"embeddable":true,"href":"https:\/\/consmoron.esteri.it\/es\/wp-json\/wp\/v2\/pages\/153"}],"wp:attachment":[{"href":"https:\/\/consmoron.esteri.it\/es\/wp-json\/wp\/v2\/media?parent=163"}],"curies":[{"name":"wp","href":"https:\/\/api.w.org\/{rel}","templated":true}]}}