{"id":164,"date":"2023-04-03T19:30:19","date_gmt":"2023-04-03T22:30:19","guid":{"rendered":"https:\/\/consmoron.esteri.it\/servizi-consolari-e-visti\/servizi-per-il-cittadino-italiano\/pensioni-e-sicurezza-sociale\/"},"modified":"2025-08-14T13:57:13","modified_gmt":"2025-08-14T16:57:13","slug":"pensioni-e-sicurezza-sociale","status":"publish","type":"page","link":"https:\/\/consmoron.esteri.it\/es\/servizi-consolari-e-visti\/servizi-per-il-cittadino-italiano\/pensioni-e-sicurezza-sociale\/","title":{"rendered":"Pensiones y seguridad social"},"content":{"rendered":"<div>\n<p>Para la Oficina Pensiones es posible solicitar un turno enviando un mail a <a href=\"mailto:pensioni.moron@esteri.it\">pensioni.moron@esteri.it<\/a><\/p>\n<p>Informativa sul trattamento dei dati personali disponibile al link <a href=\"https:\/\/www.esteri.it\/it\/sportello_info\/informativa-sul-trattamento-dei-dati-personali\/\">https:\/\/www.esteri.it\/it\/sportello_info\/informativa-sul-trattamento-dei-dati-personali\/<\/a><\/p>\n<p><a href=\"https:\/\/www.youtube.com\/watch?v=NzwACPNJEmU&amp;list=PLP6yk6ndBIUdEkRXG7TmCJvHrmTYvEluF&amp;index=12\"><span style=\"color: #ff0000;\">VER VIDEO INFORMATIVO<\/span><\/a><\/p>\n<p><strong>Informaciones generales<\/strong><\/p>\n<p>El procedimiento para la realizaci\u00f3n del tramite de pensi\u00f3n seg\u00fan los acuerdos de la convenci\u00f3n italo-argentina\u00a0(<a title=\"Portal INPS\" href=\"http:\/\/www.inps.it\/portale\/default.aspx?sID=0%3B6969%3B7092%3B7142%3B7143%3B7144%3B&amp;lastMenu=7144&amp;iMenu=1\"><strong>Portal INPS<\/strong><\/a>)\u00a0 es efectuado gratuitamente a trav\u00e9s de las Entidades de patronato reconocidas por la Ley italiana y no es por lo tanto necesaria la intervenci\u00f3n de abogados, procuradores\u00a0 e intermediarios que resulta gravosa\u00a0 y no reduce los tiempos para la obtenci\u00f3n del beneficio.<\/p>\n<p>Listado de los patronatos de la circunscripci\u00f3n consular:<\/p>\n<table style=\"height: 449px;\" width=\"745\">\n<tbody>\n<tr>\n<td colspan=\"6\" width=\"665\">\u00a0\u00a0\u00a0\u00a0\u00a0\u00a0 PATRONATI DELLA CIRCOSCRIZIONE DELL&#8217;AGENZIA CONSOLARE D&#8217;ITALIA IN MORON<\/td>\n<\/tr>\n<tr>\n<td><\/td>\n<td>INDIRIZZO SEDE<\/td>\n<td>C.P.<\/td>\n<td>LOCALITA<\/td>\n<td>TELEFONO<\/td>\n<td>MAIL<\/td>\n<\/tr>\n<tr>\n<td>ACLI<\/td>\n<td>Almafuerte 3459<\/td>\n<td>1754<\/td>\n<td>San Justo<\/td>\n<td>4484-3021<\/td>\n<td><a href=\"mailto:sanjusto@patronato.acli.it\">sanjusto@patronato.acli.it<\/a><\/td>\n<\/tr>\n<tr>\n<td><\/td>\n<td><\/td>\n<td><\/td>\n<td><\/td>\n<td><\/td>\n<td><\/td>\n<\/tr>\n<tr>\n<td>ACLI<\/td>\n<td>Virasoro 351<\/td>\n<td>1684<\/td>\n<td>El Palomar<\/td>\n<td>4103-2292<\/td>\n<td><a href=\"mailto:elpalomar@patronato.acli.it\">elpalomar@patronato.acli.it<\/a><\/td>\n<\/tr>\n<tr>\n<td><\/td>\n<td><\/td>\n<td><\/td>\n<td><\/td>\n<td>4758-7275<\/td>\n<td><a href=\"mailto:maira.gayoso@acli.it\">maira.gayoso@acli.it<\/a><\/td>\n<\/tr>\n<tr>\n<td><\/td>\n<td><\/td>\n<td><\/td>\n<td><\/td>\n<td><\/td>\n<td><a href=\"mailto:mairanet@hotmail.com\">mairanet@hotmail.com<\/a><\/td>\n<\/tr>\n<tr>\n<td>INAS &#8211; CISL<\/td>\n<td>Salta 327<\/td>\n<td>1708<\/td>\n<td>Mor\u00f3n<\/td>\n<td>11-3283-0182<\/td>\n<td><a href=\"mailto:M.Milen@inas.it\">M.Milen@inas.i<\/a><a href=\"mailto:c.scelzo@inas.it\">t<\/a><\/td>\n<\/tr>\n<tr>\n<td><\/td>\n<td>Rivera Indarte 3070<\/td>\n<td>1754<\/td>\n<td>San Justo<\/td>\n<td><\/td>\n<td><\/td>\n<\/tr>\n<tr>\n<td><\/td>\n<td><\/td>\n<td><\/td>\n<td><\/td>\n<td><\/td>\n<td><\/td>\n<\/tr>\n<tr>\n<td>INCA &#8211; CGIL<\/td>\n<td>Mendoza 122<\/td>\n<td>1708<\/td>\n<td>Mor\u00f3n<\/td>\n<td>4483-5352<\/td>\n<td><a href=\"mailto:moron.argentina@inca.it\">moron.argentina@inca.it<\/a><\/td>\n<\/tr>\n<tr>\n<td><\/td>\n<td><\/td>\n<td><\/td>\n<td><\/td>\n<td><\/td>\n<td><a href=\"mailto:mf.gonzalez@inca.it\">mf.gonzalez@inca.it<\/a><\/td>\n<\/tr>\n<\/tbody>\n<\/table>\n<p><strong>Importante<\/strong><\/p>\n<p><strong>Cheque Social<\/strong><strong><br \/>\n<em><br \/>\n<\/em><\/strong><strong><em>(<\/em><\/strong><a title=\"Maggiori informazioni sul sito dell'I.N.P.S\" href=\"http:\/\/www.inps.it\/portale\/default.aspx?sID=0%3B5773%3B5902%3B6004%3B6011%3B&amp;lastMenu=6011&amp;iMenu=1\"><strong><em>Mayores informaciones en el sitio del I.N.P.S<\/em><\/strong><\/a><strong><em>.)<\/em><\/strong><strong><em>Jubilaci\u00f3n por invalid\u00e9z civil(<\/em><\/strong><a title=\"Maggiori informazioni sul sito dell'I.N.P.S\" href=\"http:\/\/www.inps.it\/portale\/default.aspx?sID=0%3b5773%3b5902%3b6004%3b6021%3b6028%3b&amp;lastMenu=6028&amp;iMenu=1\"><strong><em>Mayores informaciones en el sitio del I.N.P.S<\/em><\/strong><\/a><strong><em>.)<\/em><\/strong><\/p>\n<p><strong>No tienen derecho al cheque social y a la pensi\u00f3n por invalid\u00e9z civil los ciudadanos italianos que residen en el exterior y es ilegal cobrarlo a trav\u00e9s de un apoderado en Italia.<\/strong><strong><br \/>\n<\/strong><strong>La Oficina de Pensiones controla la existencia de dichas pensiones que son de inmediato se\u00f1aladas a la Oficina del I.N.P.S. competente territorialmente para la suspensi\u00f3n y para una ulterior recuperaci\u00f3n de las sumas indebidamente cobradas.<\/strong><\/p>\n<p><strong>Poder para cobrar la pensi\u00f3n<\/strong><\/p>\n<p>Al fin de poder otorgar un poder para el cobro de pensi\u00f3n italiana el titular de pensi\u00f3n deber\u00e1 presentar:<\/p>\n<p><strong>Pensi\u00f3n INPS<\/strong><\/p>\n<ul>\n<li>Original + 1 copia de documento de identidad argentino del titular de la pensi\u00f3n y de la persona a la cual desea conferir el poder.<\/li>\n<li>C\u00f3digo Fiscal de ambos. Si no poseen C\u00f3digo Fiscal, presentar copia de la partida de nacimiento.<\/li>\n<li>Recibo de cobro o carta enviada por el INPS donde conste el n\u00famero de la pensi\u00f3n.<\/li>\n<li>No es necesaria la presencia de la persona a la cual se le conferir\u00e1 el poder.<\/li>\n<\/ul>\n<p><strong>Pensi\u00f3n del Ministerio de la Econom\u00eda y de las Finanzas<\/strong><\/p>\n<ul>\n<li>\u00a0Original + 1 copia de documento de identidad argentino del titular de la pensi\u00f3n y de la persona a la cual desea conferir el poder.<\/li>\n<li>C\u00f3digo Fiscal de ambos. Si no poseen C\u00f3digo Fiscal, presentar copia de la partida de nacimiento.<\/li>\n<li>Recibo de cobro o carta enviada por el INPS donde conste el n\u00famero de la pensi\u00f3n.<\/li>\n<li>Es imprescindible la presencia de la persona a la cual se le conferir\u00e1 el poder.<\/li>\n<\/ul>\n<p><a title=\"\" href=\"http:\/\/www.esteri.it\/MAE\/IT\/Italiani_nel_Mondo\/ServiziConsolari\/Codice_Fiscale.htm\"><strong>Mayores informaciones en el sitio del Ministerio de Relaciones Exteriores<\/strong><\/a><\/p>\n<p><strong>Informaciones \u00fatiles<\/strong><\/p>\n<p>Call Center CITI: 0800-266-4513<br \/>\nemail pensiones\u00a0 INPDAP:\u00a0inps.pensionati@citi.com\u00bb<br \/>\nemail pensiones INPS:\u00a0inps.pensionati@citi.com\u00bb<br \/>\nCall Center Western Union: 0800-800.3030<br \/>\nCall Center Banco Itau: 0910-345-4999<\/p>\n<\/div>\n<hr \/>\n","protected":false},"excerpt":{"rendered":"Para la Oficina Pensiones es posible solicitar un turno enviando un mail a pensioni.moron@esteri.it Informativa sul trattamento dei dati personali disponibile al link https:\/\/www.esteri.it\/it\/sportello_info\/informativa-sul-trattamento-dei-dati-personali\/ VER VIDEO INFORMATIVO Informaciones generales El procedimiento para la realizaci\u00f3n del tramite de pensi\u00f3n seg\u00fan los acuerdos de la convenci\u00f3n italo-argentina\u00a0(Portal INPS)\u00a0 es efectuado gratuitamente a trav\u00e9s de las Entidades de [&hellip;]","protected":false},"author":1,"featured_media":0,"parent":153,"menu_order":20,"comment_status":"closed","ping_status":"closed","template":"","meta":{"footnotes":""},"class_list":["post-164","page","type-page","status-publish","hentry"],"_links":{"self":[{"href":"https:\/\/consmoron.esteri.it\/es\/wp-json\/wp\/v2\/pages\/164","targetHints":{"allow":["GET"]}}],"collection":[{"href":"https:\/\/consmoron.esteri.it\/es\/wp-json\/wp\/v2\/pages"}],"about":[{"href":"https:\/\/consmoron.esteri.it\/es\/wp-json\/wp\/v2\/types\/page"}],"author":[{"embeddable":true,"href":"https:\/\/consmoron.esteri.it\/es\/wp-json\/wp\/v2\/users\/1"}],"replies":[{"embeddable":true,"href":"https:\/\/consmoron.esteri.it\/es\/wp-json\/wp\/v2\/comments?post=164"}],"version-history":[{"count":7,"href":"https:\/\/consmoron.esteri.it\/es\/wp-json\/wp\/v2\/pages\/164\/revisions"}],"predecessor-version":[{"id":3736,"href":"https:\/\/consmoron.esteri.it\/es\/wp-json\/wp\/v2\/pages\/164\/revisions\/3736"}],"up":[{"embeddable":true,"href":"https:\/\/consmoron.esteri.it\/es\/wp-json\/wp\/v2\/pages\/153"}],"wp:attachment":[{"href":"https:\/\/consmoron.esteri.it\/es\/wp-json\/wp\/v2\/media?parent=164"}],"curies":[{"name":"wp","href":"https:\/\/api.w.org\/{rel}","templated":true}]}}