{"id":167,"date":"2023-04-03T19:25:23","date_gmt":"2023-04-03T22:25:23","guid":{"rendered":"https:\/\/consmoron.esteri.it\/servizi-consolari-e-visti\/servizi-per-il-cittadino-straniero\/"},"modified":"2023-07-06T12:12:23","modified_gmt":"2023-07-06T15:12:23","slug":"servizi-per-il-cittadino-straniero","status":"publish","type":"page","link":"https:\/\/consmoron.esteri.it\/es\/servizi-consolari-e-visti\/servizi-per-il-cittadino-straniero\/","title":{"rendered":"Servicios para el ciudadano extranjero"},"content":{"rendered":"<p>Esta Agencia Consular ofrece servicios tambi\u00e9n a favor de ciudadanos extranjeros, entre los cuales se encuentran el reconocimiento de la ciudadan\u00eda y la emisi\u00f3n de documentaci\u00f3n administrativa (conformidad de traducciones y legalizaci\u00f3n de documentos).<\/p>\n<p>Para la emisi\u00f3n de visas de ingreso en Italia y en el \u00e1rea Schengen consular con el Consulado General de Italia en Buenos Aires.<\/p>\n<p>En el men\u00fa lateral es posible visualizar los procedimientos para cada servicio<\/p>\n","protected":false},"excerpt":{"rendered":"Esta Agencia Consular ofrece servicios tambi\u00e9n a favor de ciudadanos extranjeros, entre los cuales se encuentran el reconocimiento de la ciudadan\u00eda y la emisi\u00f3n de documentaci\u00f3n administrativa (conformidad de traducciones y legalizaci\u00f3n de documentos). Para la emisi\u00f3n de visas de ingreso en Italia y en el \u00e1rea Schengen consular con el Consulado General de Italia [&hellip;]","protected":false},"author":1,"featured_media":0,"parent":152,"menu_order":2,"comment_status":"closed","ping_status":"closed","template":"","meta":{"footnotes":""},"class_list":["post-167","page","type-page","status-publish","hentry"],"_links":{"self":[{"href":"https:\/\/consmoron.esteri.it\/es\/wp-json\/wp\/v2\/pages\/167","targetHints":{"allow":["GET"]}}],"collection":[{"href":"https:\/\/consmoron.esteri.it\/es\/wp-json\/wp\/v2\/pages"}],"about":[{"href":"https:\/\/consmoron.esteri.it\/es\/wp-json\/wp\/v2\/types\/page"}],"author":[{"embeddable":true,"href":"https:\/\/consmoron.esteri.it\/es\/wp-json\/wp\/v2\/users\/1"}],"replies":[{"embeddable":true,"href":"https:\/\/consmoron.esteri.it\/es\/wp-json\/wp\/v2\/comments?post=167"}],"version-history":[{"count":3,"href":"https:\/\/consmoron.esteri.it\/es\/wp-json\/wp\/v2\/pages\/167\/revisions"}],"predecessor-version":[{"id":321,"href":"https:\/\/consmoron.esteri.it\/es\/wp-json\/wp\/v2\/pages\/167\/revisions\/321"}],"up":[{"embeddable":true,"href":"https:\/\/consmoron.esteri.it\/es\/wp-json\/wp\/v2\/pages\/152"}],"wp:attachment":[{"href":"https:\/\/consmoron.esteri.it\/es\/wp-json\/wp\/v2\/media?parent=167"}],"curies":[{"name":"wp","href":"https:\/\/api.w.org\/{rel}","templated":true}]}}