{"id":1841,"date":"2024-05-02T11:05:59","date_gmt":"2024-05-02T14:05:59","guid":{"rendered":"https:\/\/consmoron.esteri.it\/servizi-consolari-e-visti\/servizi-per-il-cittadino-italiano\/carta-didentita-elettronica-cie\/"},"modified":"2024-11-29T12:07:22","modified_gmt":"2024-11-29T15:07:22","slug":"carta-didentita-elettronica-cie","status":"publish","type":"page","link":"https:\/\/consmoron.esteri.it\/es\/servizi-consolari-e-visti\/servizi-per-il-cittadino-italiano\/carta-didentita-elettronica-cie\/","title":{"rendered":"Carta d\u2019identit\u00e0 elettronica (CIE)"},"content":{"rendered":"<p><strong><a href=\"https:\/\/consmoron.esteri.it\/wp-content\/uploads\/2024\/05\/informativa_privacy.pdf\">Informativa sulla protezione dei dati personali<\/a><\/strong><\/p>\n<p><span style=\"color: #ff0000;\"><a style=\"color: #ff0000;\" href=\"https:\/\/www.youtube.com\/watch?v=UtvYW4KDNHA&amp;list=PLP6yk6ndBIUdEkRXG7TmCJvHrmTYvEluF&amp;index=4&amp;t=12s\">VER VIDEO INFORMATIVO<\/a><\/span><\/p>\n<p><strong>\u00bfQu\u00e9 es la Carta de Identidad Electr\u00f3nica (CIE)?<\/strong><\/p>\n<p>La\u00a0<strong>Carta de Identidad Electr\u00f3nica<\/strong>\u00a0(CIE) es un documento personal, v\u00e1lido para identificarse y circular dentro de la Uni\u00f3n Europea, en algunos Estados adherentes al Acuerdo Schengen (Por ej. Islandia, Noruega y Suiza) y en otros Estados con los cuales hayan acuerdos bilaterales. Antes de empezar un viaje se recomienda consultar el listado \u201cschede Paese\u201d en el sitio\u00a0<a href=\"http:\/\/www.viaggiaresicuri.it\/\">www.viaggiaresicuri.it<\/a>.<\/p>\n<p><strong>La CIE NO puede ser utilizada para salir de Argentina.<\/strong><\/p>\n<p><strong>\u00bfA qui\u00e9n se le puede emitir la Carta de Identidad Electr\u00f3nica?<\/strong><\/p>\n<p>A efectos de la emisi\u00f3n de la CIE es imprescindible que el solicitante:<\/p>\n<ul>\n<li>Sea ciudadano italiano regularmente residente en la Circunscripci\u00f3n consular de Moron;<\/li>\n<li>Se encuentre inscripto en el AIRE y su nombre y apellido completos est\u00e9n indicados en la base de datos correspondiente al municipio italiano de referencia;<\/li>\n<li>Su certificado de nacimiento se encuentre transcripto en Italia, ya que los detalles de la transcripci\u00f3n deben ser indicados en el CIE;<\/li>\n<li>Haya actualizado su posici\u00f3n en los archivos consulares en caso de cambio de domicilio, cambio de estado civil o nacimiento de hijos menores de 18 a\u00f1os.<\/li>\n<li>Tener un c\u00f3digo de C\u00f3digo de identificaci\u00f3n fiscal validado por la \u201cAgenzia delle Entrate\u201d.<\/li>\n<\/ul>\n<p>En caso de falta de alguno de los mencionados requisitos, deber\u00e1 ponerse en contacto con los servicios competentes (Oficinas <a href=\"https:\/\/consmoron.esteri.it\/es\/servizi-consolari-e-visti\/servizi-per-il-cittadino-italiano\/anagrafe-degli-italiani-residenti-allestero-aire\/\">Anagrafe<\/a>, <a href=\"https:\/\/consmoron.esteri.it\/es\/servizi-consolari-e-visti\/servizi-per-il-cittadino-italiano\/stato-civile\/\">Estado Civil<\/a> o <a href=\"https:\/\/consmoron.esteri.it\/es\/servizi-consolari-e-visti\/servizi-per-il-cittadino-italiano\/codice-fiscale\/\">C\u00f3digo de identificaci\u00f3n fiscal<\/a> seg\u00fan corresponda) antes de solicitar un turno para tramitar la carta de identidad.<\/p>\n<p><strong>ATENCI\u00d3N:<\/strong> en caso que, tras las verificaciones, no sea posible proceder a la emisi\u00f3n de la CIE, se cancelar\u00e1 el turno. El interesado ser\u00e1 informado de los motivos del rechazo y tendr\u00e1 que repetir el procedimiento en el portal Prenot@mi una vez que su situaci\u00f3n haya sido regularizada de acuerdo a lo comunicado por la Agencia Consular. <a href=\"https:\/\/consmoron.esteri.it\/it\/servizi-consolari-e-visti\/servizi-per-il-cittadino-italiano\/carta-didentita-elettronica-cie\/motivi-di-cancellazione\/\">Ver motivos de cancelaci\u00f3n<\/a><\/p>\n<p><strong>\u00bfC\u00f3mo me registro al AIRE?<\/strong><\/p>\n<p>La inscripci\u00f3n al AIRE debe ser efectuada \u00fanicamente a trav\u00e9s del portal<a href=\"https:\/\/consmardelplata.esteri.it\/consolato_mardeplata\/es\/i_servizi\/per_i_cittadini\/anagrafe\/anagrafe.html\">\u00a0Fast It.<\/a><\/p>\n<p><strong>\u00bfC\u00f3mo se solicita la Carta de Identidad Electr\u00f3nica (CIE)?<\/strong><\/p>\n<p>La solicitud de la carta de identidad electr\u00f3nica debe realizarse utilizando \u00fanicamente la plataforma\u00a0<a href=\"https:\/\/prenotami.esteri.it\/\">Prenot@mi<\/a>.<\/p>\n<p>LOS TURNOS EST\u00c1N DISPONIBLES PARA UN PER\u00cdODO DE 3 SEMANAS, DE DOMINGO A JUEVES A LAS 00 HORAS ITALIANA (19HS o 20HS &#8211; HORA ARGENTINA).<\/p>\n<p>&nbsp;<\/p>\n<p><strong><span style=\"text-decoration: underline;\">NO es posibile solicitar la emisi\u00f3n de la CIE el mismo dia del turno para pasaporte. Se deber\u00e1 solicitar un turno para cada servicio desde <\/span><a href=\"https:\/\/prenotami.esteri.it\/\"><span style=\"text-decoration: underline;\">Prenot@Mi<\/span><\/a><\/strong><\/p>\n<p>&nbsp;<\/p>\n<p><strong>\u00bfCu\u00e1l es la documentaci\u00f3n necesaria que debo traer el d\u00eda del turno?<\/strong><\/p>\n<p>El solicitante debe presentarse al turno con:<\/p>\n<ol>\n<li>Carta de identidad anterior o pasaporte italiano o DNI argentino.<\/li>\n<li>Fotocopia del DNI argentino.<\/li>\n<li>Acta de consentimiento de los progenitores\u00a0 &#8211; solo en el caso que\u00a0 ambos sean ciudadanos de la Uni\u00f3n Europea &#8211; si\u00a0 el solicitante es un menor de 18 a\u00f1os. Ver <a href=\"https:\/\/consmoron.esteri.it\/it\/servizi-consolari-e-visti\/servizi-per-il-cittadino-italiano\/carta-didentita-elettronica-cie\/cie-per-figli-minori\/\">CIE para hijos menores<\/a>.<\/li>\n<li>Declaraci\u00f3n de extrav\u00edo\/robo en caso de que sea necesario.<\/li>\n<\/ol>\n<p><strong>\u00bfCu\u00e1l es la modalidad de pago?<\/strong><\/p>\n<p>En el caso de cumplir con los requisitos recibir\u00e1 un mail a la direcci\u00f3n de correo declarada en Prenot@mi con los datos que lo habilitan al pago de la tarifa consular.<\/p>\n<p>Para conocer el costo de la CIE ver la secci\u00f3n<a href=\"https:\/\/consmoron.esteri.it\/es\/servizi-consolari-e-visti\/servizi-per-il-cittadino-italiano\/altri-servizi\/tariffe-consolari\/\">\u00a0<u>TARIFA CONSULAR<\/u><\/a><\/p>\n<p><strong>\u00bfCu\u00e1les son las operaciones que ser\u00e1n efectuadas el d\u00eda del turno?<\/strong><\/p>\n<p>El d\u00eda del turno, el operador consular adquiere la documentaci\u00f3n indicada anteriormente, realiza el reconocimiento y verificaci\u00f3n de la foto y adquiere las huellas dactilares y la firma. El d\u00eda del turno, se anular\u00e1 la carta de identidad precedente o CIE vigente, aunque el solicitante no disponga de ning\u00fan otro documento de identidad. Por lo tanto, es aconsejable, si el solicitante no dispone de otro documento de identidad v\u00e1lido, comunicarlo al operador.<\/p>\n<p><strong>\u00bfC\u00f3mo se recibe la CIE?<\/strong><\/p>\n<p><strong>El documento no se emite en el d\u00eda del turno<\/strong>: la CIE es producida por el\u00a0<em>Istituto Poligrafico e Zecca dello Stato<\/em>\u00a0y posteriormente enviada por correo certificado a cargo de\u00a0<em>Poste Italiane<\/em>\u00a0al domicilio personal o a la direcci\u00f3n indicada por el solicitante. El solicitante puede seguir el env\u00edo de forma independiente online, a trav\u00e9s del c\u00f3digo de seguimiento.<\/p>\n<p><strong>La Agencia Consular no se hace cargo de eventuales problemas de env\u00edo, para lo cual es necesario dirigirse a Poste Italiane.<\/strong><\/p>\n<p><strong>\u00bfPor cu\u00e1nto tiempo es v\u00e1lida la CIE?<\/strong><\/p>\n<p>La validez del CIE var\u00eda en funci\u00f3n de la edad del titular y es:<\/p>\n<p>\u2013 3 a\u00f1os para ni\u00f1os de 0 a 3 a\u00f1os;<\/p>\n<p>\u2013 5 a\u00f1os para menores de entre 4 y 18 a\u00f1os;<\/p>\n<p>\u2013 10 a\u00f1os para mayores de 18 a\u00f1os.<\/p>\n<p><strong>\u00bfDebo solicitar una nueva tarjeta si cambio mi direcci\u00f3n?<\/strong><\/p>\n<p>No. La CIE es un documento de identidad y no de residencia.<\/p>\n<p><strong>\u00bfPuedo solicitar un documento de identidad en mi municipio en Italia, incluso si vivo en el extranjero?<\/strong><\/p>\n<p>El interesado tendr\u00e1 que consultarlo con el municipio en Italia.<\/p>\n<p>&nbsp;<\/p>\n<p>&nbsp;<\/p>\n<p>&nbsp;<\/p>\n<p>&nbsp;<\/p>\n<p>&nbsp;<\/p>\n<p>&nbsp;<\/p>\n<p>&nbsp;<\/p>\n<p>&nbsp;<\/p>\n<p>&nbsp;<\/p>\n<p>&nbsp;<\/p>\n","protected":false},"excerpt":{"rendered":"Informativa sulla protezione dei dati personali VER VIDEO INFORMATIVO \u00bfQu\u00e9 es la Carta de Identidad Electr\u00f3nica (CIE)? La\u00a0Carta de Identidad Electr\u00f3nica\u00a0(CIE) es un documento personal, v\u00e1lido para identificarse y circular dentro de la Uni\u00f3n Europea, en algunos Estados adherentes al Acuerdo Schengen (Por ej. Islandia, Noruega y Suiza) y en otros Estados con los cuales [&hellip;]","protected":false},"author":3,"featured_media":0,"parent":153,"menu_order":0,"comment_status":"closed","ping_status":"closed","template":"","meta":{"footnotes":""},"class_list":["post-1841","page","type-page","status-publish","hentry"],"_links":{"self":[{"href":"https:\/\/consmoron.esteri.it\/es\/wp-json\/wp\/v2\/pages\/1841","targetHints":{"allow":["GET"]}}],"collection":[{"href":"https:\/\/consmoron.esteri.it\/es\/wp-json\/wp\/v2\/pages"}],"about":[{"href":"https:\/\/consmoron.esteri.it\/es\/wp-json\/wp\/v2\/types\/page"}],"author":[{"embeddable":true,"href":"https:\/\/consmoron.esteri.it\/es\/wp-json\/wp\/v2\/users\/3"}],"replies":[{"embeddable":true,"href":"https:\/\/consmoron.esteri.it\/es\/wp-json\/wp\/v2\/comments?post=1841"}],"version-history":[{"count":6,"href":"https:\/\/consmoron.esteri.it\/es\/wp-json\/wp\/v2\/pages\/1841\/revisions"}],"predecessor-version":[{"id":2845,"href":"https:\/\/consmoron.esteri.it\/es\/wp-json\/wp\/v2\/pages\/1841\/revisions\/2845"}],"up":[{"embeddable":true,"href":"https:\/\/consmoron.esteri.it\/es\/wp-json\/wp\/v2\/pages\/153"}],"wp:attachment":[{"href":"https:\/\/consmoron.esteri.it\/es\/wp-json\/wp\/v2\/media?parent=1841"}],"curies":[{"name":"wp","href":"https:\/\/api.w.org\/{rel}","templated":true}]}}