{"id":1848,"date":"2024-05-02T11:12:33","date_gmt":"2024-05-02T14:12:33","guid":{"rendered":"https:\/\/consmoron.esteri.it\/servizi-consolari-e-visti\/servizi-per-il-cittadino-italiano\/carta-didentita-elettronica-cie\/motivi-di-cancellazione\/"},"modified":"2024-05-15T14:23:54","modified_gmt":"2024-05-15T17:23:54","slug":"motivi-di-cancellazione","status":"publish","type":"page","link":"https:\/\/consmoron.esteri.it\/es\/servizi-consolari-e-visti\/servizi-per-il-cittadino-italiano\/carta-didentita-elettronica-cie\/motivi-di-cancellazione\/","title":{"rendered":"Motivos de cancelaci\u00f3n"},"content":{"rendered":"<p><strong>Posibles motivos de cancelaci\u00f3n: <\/strong><\/p>\n<ul>\n<li><span style=\"text-decoration: underline;\"><em>Ser ciudadano italiano regularmente residente en la Circunscripci\u00f3n consular de Moron<\/em>;<\/span><\/li>\n<\/ul>\n<p>En este caso deber\u00e1 dirigirse a su Consulado de competencia seg\u00fan su lugar de residencia, lo cual podr\u00e1 consultar <a href=\"https:\/\/serviziconsolari.esteri.it\/ScoFE\/services\/service-info.sco?serviceId=50\">aqu\u00ed<\/a><\/p>\n<ul>\n<li><span style=\"text-decoration: underline;\"><em>Estar inscripto en el AIRE, y que el propio nombre y apellido completos est\u00e9n indicados en la base de datos correspondiente del municipio italiano de referencia;<\/em><\/span><\/li>\n<\/ul>\n<p>Si nunca se inscribi\u00f3 en el AIRE, deber\u00e1 solicitar la inscripci\u00f3n desde el <a href=\"https:\/\/serviziconsolari.esteri.it\/ScoFE\/index.sco\">portal Fast-it<\/a><\/p>\n<p>Si su inscripci\u00f3n resulta \u201cen curso\u201d, deber\u00e1 comunicarse <u>exclusivamente<\/u> su Comuna de referencia. En el caso que Ud. reciba una respuesta por parte de la Comuna solicitando un reenv\u00edo de la documentaci\u00f3n, la misma Comuna deber\u00e1 dirigir la solicitud a esta sede consular, ante lo cual se proceder\u00e1 a la retransmisi\u00f3n de la documentaci\u00f3n de referencia. No se efectuar\u00e1n retransmisiones a pedido del interesado.<\/p>\n<ul>\n<li><span style=\"text-decoration: underline;\"><em>Que el propio certificado de nacimiento se encuentre transcripto en Italia, ya que los detalles de la transcripci\u00f3n deben ser reportados en el CIE;<\/em><\/span><\/li>\n<\/ul>\n<p>En este caso deber\u00e1 comunicarse <u>exclusivamente<\/u> su Comuna de referencia indicando que su acta de nacimiento fue transmitida por la Agencia Consular de Moron.<\/p>\n<p>En el caso que Ud. reciba una respuesta por parte de la Comuna solicitando un reenv\u00edo de la documentaci\u00f3n, la misma Comuna deber\u00e1 dirigir la solicitud a esta sede consular, ante lo cual se proceder\u00e1 a la retransmisi\u00f3n de la documentaci\u00f3n de referencia. No se efectuar\u00e1n retransmisiones a pedido del interesado.<\/p>\n<ul>\n<li><span style=\"text-decoration: underline;\"><em>Tener actualizada la propia posici\u00f3n en los archivos consulares en caso de cambio de domicilio, cambio de estado civil o nacimiento de hijos menores de 18 a\u00f1os<\/em>.<\/span><\/li>\n<\/ul>\n<p>En este caso, deber\u00e1 regularizar su situaci\u00f3n presentando la documentaci\u00f3n pertinente mediante el <a href=\"https:\/\/serviziconsolari.esteri.it\/ScoFE\/index.sco\">portal Fast-it<\/a>, (consultar requisitos en las secciones <a href=\"https:\/\/consmoron.esteri.it\/it\/servizi-consolari-e-visti\/servizi-per-il-cittadino-italiano\/anagrafe-degli-italiani-residenti-allestero-aire\/\">Anagrafe<\/a> y\u00a0\u00a0<a href=\"https:\/\/consmoron.esteri.it\/it\/servizi-consolari-e-visti\/servizi-per-il-cittadino-italiano\/stato-civile\/\">Estado Civil<\/a>).<\/p>\n<ul>\n<li><span style=\"text-decoration: underline;\"><em>\u00a0Poseer un c\u00f3digo de identificaci\u00f3n fiscal validado por la \u201cAgenzia delle Entrate\u201d<\/em><\/span><\/li>\n<\/ul>\n<p>En este caso, deber\u00e1 ponerse en contacto con la <a href=\"https:\/\/consmoron.esteri.it\/it\/servizi-consolari-e-visti\/servizi-per-il-cittadino-italiano\/codice-fiscale\/\">oficina de c\u00f3digo de identificaci\u00f3n fiscal.<\/a><\/p>\n<p>&nbsp;<\/p>\n<p>Una vez superado el impedimento se\u00f1alado, ser\u00e1 preciso volver a tomar turno en la plataforma Prenot@mi.<\/p>\n","protected":false},"excerpt":{"rendered":"Posibles motivos de cancelaci\u00f3n: Ser ciudadano italiano regularmente residente en la Circunscripci\u00f3n consular de Moron; En este caso deber\u00e1 dirigirse a su Consulado de competencia seg\u00fan su lugar de residencia, lo cual podr\u00e1 consultar aqu\u00ed Estar inscripto en el AIRE, y que el propio nombre y apellido completos est\u00e9n indicados en la base de datos [&hellip;]","protected":false},"author":3,"featured_media":0,"parent":1841,"menu_order":0,"comment_status":"closed","ping_status":"closed","template":"","meta":{"footnotes":""},"class_list":["post-1848","page","type-page","status-publish","hentry"],"_links":{"self":[{"href":"https:\/\/consmoron.esteri.it\/es\/wp-json\/wp\/v2\/pages\/1848","targetHints":{"allow":["GET"]}}],"collection":[{"href":"https:\/\/consmoron.esteri.it\/es\/wp-json\/wp\/v2\/pages"}],"about":[{"href":"https:\/\/consmoron.esteri.it\/es\/wp-json\/wp\/v2\/types\/page"}],"author":[{"embeddable":true,"href":"https:\/\/consmoron.esteri.it\/es\/wp-json\/wp\/v2\/users\/3"}],"replies":[{"embeddable":true,"href":"https:\/\/consmoron.esteri.it\/es\/wp-json\/wp\/v2\/comments?post=1848"}],"version-history":[{"count":3,"href":"https:\/\/consmoron.esteri.it\/es\/wp-json\/wp\/v2\/pages\/1848\/revisions"}],"predecessor-version":[{"id":1911,"href":"https:\/\/consmoron.esteri.it\/es\/wp-json\/wp\/v2\/pages\/1848\/revisions\/1911"}],"up":[{"embeddable":true,"href":"https:\/\/consmoron.esteri.it\/es\/wp-json\/wp\/v2\/pages\/1841"}],"wp:attachment":[{"href":"https:\/\/consmoron.esteri.it\/es\/wp-json\/wp\/v2\/media?parent=1848"}],"curies":[{"name":"wp","href":"https:\/\/api.w.org\/{rel}","templated":true}]}}