{"id":2415,"date":"2024-08-21T14:20:39","date_gmt":"2024-08-21T17:20:39","guid":{"rendered":"https:\/\/consmoron.esteri.it\/servizi-consolari-e-visti\/servizi-per-il-cittadino-italiano\/altri-servizi\/albo-consolare\/elezione-di-cittadinanza\/"},"modified":"2025-06-23T12:19:11","modified_gmt":"2025-06-23T15:19:11","slug":"elezione-di-cittadinanza","status":"publish","type":"page","link":"https:\/\/consmoron.esteri.it\/es\/servizi-consolari-e-visti\/servizi-per-il-cittadino-straniero\/cittadinanza\/elezione-di-cittadinanza\/","title":{"rendered":"Elecci\u00f3n de ciudadan\u00eda"},"content":{"rendered":"<div class=\"entry-content\">\n<p align=\"center\"><span style=\"color: #ff0000;\"><strong><u>El contenido de la presente p\u00e1gina web de la Agencia Consular se encuentra en proceso de actualizaci\u00f3n<\/u><\/strong><\/span><\/p>\n<p align=\"center\"><span style=\"color: #ff0000;\"><strong><u>En lo que respecta a las normas actualmente vigentes sobre el reconocimiento de la ciudadan\u00eda \u201ciure sanguinis\u201d, se ruega consultar la normativa publicada en el siguiente <a style=\"color: #ff0000;\" href=\"https:\/\/www.gazzettaufficiale.it\/eli\/id\/2025\/05\/23\/25A03081\/sg\">enlace<\/a>, en el que se encuentra disponible el texto del decreto-ley n. 36 del 28 de marzo de 2025, en coordinaci\u00f3n con la ley de conversi\u00f3n n. 74 del 23 de mayo de 2025, que se recomienda leer atentamente.<\/u><\/strong><\/span><\/p>\n<p>En caso de que el reconocimiento o la declaraci\u00f3n judicial involucre a <strong>un mayor de edad<\/strong>, este no adquirir\u00e1 la ciudadan\u00eda italiana <em>iure sanguinis<\/em> desde su nacimiento, sino \u00fanicamente desde el momento en que manifieste su voluntad en tal sentido a trav\u00e9s del acto jur\u00eddico de <strong>\u00abelecci\u00f3n de la ciudadan\u00eda\u00bb<\/strong>.<\/p>\n<p>La elecci\u00f3n de ciudadan\u00eda es v\u00e1lida solo si se realiza <strong>dentro de un a\u00f1o desde la efectividad del acto <\/strong>(reconocimiento o declaraci\u00f3n judicial) <strong>seg\u00fan el ordenamiento italiano<\/strong> (<a href=\"https:\/\/www.gazzettaufficiale.it\/eli\/id\/1992\/02\/15\/092G0162\/sg\">art\u00edculo 2, p\u00e1rrafo 2, ley n. 91\/1992<\/a>).<\/p>\n<p>La elecci\u00f3n de ciudadan\u00eda solo puede llevarse a cabo si el padre o madre del cual se desea adquirir el <em>status civitatis<\/em> ha sido reconocido como ciudadano italiano.<\/p>\n<p><strong>Los solicitantes deber\u00e1n contactar con la Oficina de Ciudadan\u00eda (<a href=\"mailto:cittadinanza.moron@esteri.it\">cittadinanza.moron<\/a><\/strong><strong><a href=\"mailto:cittadinanza.moron@esteri.it\">@esteri.it<\/a>) para obtener informaci\u00f3n sobre el turno y la documentaci\u00f3n requerida.<\/strong><\/p>\n<\/div>\n<p>&nbsp;<\/p>\n<p><strong>\u00a0<\/strong><\/p>\n","protected":false},"excerpt":{"rendered":"El contenido de la presente p\u00e1gina web de la Agencia Consular se encuentra en proceso de actualizaci\u00f3n En lo que respecta a las normas actualmente vigentes sobre el reconocimiento de la ciudadan\u00eda \u201ciure sanguinis\u201d, se ruega consultar la normativa publicada en el siguiente enlace, en el que se encuentra disponible el texto del decreto-ley n. [&hellip;]","protected":false},"author":3,"featured_media":0,"parent":169,"menu_order":0,"comment_status":"closed","ping_status":"closed","template":"","meta":{"footnotes":""},"class_list":["post-2415","page","type-page","status-publish","hentry"],"_links":{"self":[{"href":"https:\/\/consmoron.esteri.it\/es\/wp-json\/wp\/v2\/pages\/2415","targetHints":{"allow":["GET"]}}],"collection":[{"href":"https:\/\/consmoron.esteri.it\/es\/wp-json\/wp\/v2\/pages"}],"about":[{"href":"https:\/\/consmoron.esteri.it\/es\/wp-json\/wp\/v2\/types\/page"}],"author":[{"embeddable":true,"href":"https:\/\/consmoron.esteri.it\/es\/wp-json\/wp\/v2\/users\/3"}],"replies":[{"embeddable":true,"href":"https:\/\/consmoron.esteri.it\/es\/wp-json\/wp\/v2\/comments?post=2415"}],"version-history":[{"count":4,"href":"https:\/\/consmoron.esteri.it\/es\/wp-json\/wp\/v2\/pages\/2415\/revisions"}],"predecessor-version":[{"id":3523,"href":"https:\/\/consmoron.esteri.it\/es\/wp-json\/wp\/v2\/pages\/2415\/revisions\/3523"}],"up":[{"embeddable":true,"href":"https:\/\/consmoron.esteri.it\/es\/wp-json\/wp\/v2\/pages\/169"}],"wp:attachment":[{"href":"https:\/\/consmoron.esteri.it\/es\/wp-json\/wp\/v2\/media?parent=2415"}],"curies":[{"name":"wp","href":"https:\/\/api.w.org\/{rel}","templated":true}]}}