{"id":2432,"date":"2024-08-21T14:24:57","date_gmt":"2024-08-21T17:24:57","guid":{"rendered":"https:\/\/consmoron.esteri.it\/servizi-consolari-e-visti\/servizi-per-il-cittadino-straniero\/cittadinanza\/pratica-conclusa-in-italia\/"},"modified":"2024-08-21T14:27:36","modified_gmt":"2024-08-21T17:27:36","slug":"pratica-conclusa-in-italia","status":"publish","type":"page","link":"https:\/\/consmoron.esteri.it\/es\/servizi-consolari-e-visti\/servizi-per-il-cittadino-straniero\/cittadinanza\/pratica-conclusa-in-italia\/","title":{"rendered":"Tr\u00e1mite concluido en Italia"},"content":{"rendered":"<div class=\"entry-content\">\n<div class=\"flex flex-grow flex-col gap-3\">\n<div class=\"min-h-[20px] flex flex-col items-start gap-4 whitespace-pre-wrap break-words\">\n<div class=\"markdown prose w-full break-words dark:prose-invert light\">\n<p><strong>Tr\u00e1mites de ciudadan\u00eda en Italia o en otras Representaciones Consulares<\/strong><\/p>\n<p>Si el interesado hubiese establecido su residencia en Italia, la competencia para efectuar el tr\u00e1mite de reconocimiento de la ciudadan\u00eda italiana recae en el Alcalde del Municipio de residencia.<\/p>\n<p>Una vez inscripto en el registro de poblaci\u00f3n residente, el ciudadano extranjero puede iniciar el procedimiento a partir del cual comienzan a correr los plazos totales establecidos por la ley (180 d\u00edas en total) para el reconocimiento de la ciudadan\u00eda \u00abius sanguinis\u00bb, acompa\u00f1ada de los documentos necesarios y correctos, seg\u00fan lo establecido por la Circular K.28.1\/1991.<\/p>\n<p>No est\u00e1 contemplada la posibilidad de que la persona pueda utilizar un representante legal o que alguien act\u00fae en su nombre, o que no est\u00e9 presente en el territorio.<\/p>\n<p>Las personas que hayan iniciado un proceso de reconocimiento de la ciudadan\u00eda italiana \u00abius sanguinis\u00bb en un Municipio italiano no deber\u00e1n solicitar a esta Agencia Consular la emisi\u00f3n del Certificado de No Renuncia.<\/p>\n<p><strong>Dicha solicitud ser\u00e1 presentada exclusivamente<\/strong> por PEC (correo electr\u00f3nico certificado, a la direcci\u00f3n <a href=\"mailto:con.moron.nonrinuncia@cert.esteri.it\">con.moron.nonrinuncia@cert.esteri.it<\/a>), <strong>por parte del Municipio italiano<\/strong> de residencia al Consulado.<\/p>\n<p><strong>La respuesta de la Agencia Consular se enviar\u00e1 en un plazo de 30 d\u00edas al Municipio (no al interesado\/a)<\/strong>, siempre y exclusivamente por PEC, si se ha formulado correctamente.<\/p>\n<p>Los interesados no podr\u00e1n contactar directamente a este Consulado General para tr\u00e1mites realizados por los Municipios u otras oficinas consulares, ya que no se tiene conocimiento de su evoluci\u00f3n m\u00e1s all\u00e1 de la propia responsabilidad.<\/p>\n<p>&nbsp;<\/p>\n<p>&nbsp;<\/p>\n<p>&nbsp;<\/p>\n<\/div>\n<\/div>\n<\/div>\n<\/div>\n","protected":false},"excerpt":{"rendered":"Tr\u00e1mites de ciudadan\u00eda en Italia o en otras Representaciones Consulares Si el interesado hubiese establecido su residencia en Italia, la competencia para efectuar el tr\u00e1mite de reconocimiento de la ciudadan\u00eda italiana recae en el Alcalde del Municipio de residencia. Una vez inscripto en el registro de poblaci\u00f3n residente, el ciudadano extranjero puede iniciar el procedimiento [&hellip;]","protected":false},"author":3,"featured_media":0,"parent":169,"menu_order":0,"comment_status":"closed","ping_status":"closed","template":"","meta":{"footnotes":""},"class_list":["post-2432","page","type-page","status-publish","hentry"],"_links":{"self":[{"href":"https:\/\/consmoron.esteri.it\/es\/wp-json\/wp\/v2\/pages\/2432","targetHints":{"allow":["GET"]}}],"collection":[{"href":"https:\/\/consmoron.esteri.it\/es\/wp-json\/wp\/v2\/pages"}],"about":[{"href":"https:\/\/consmoron.esteri.it\/es\/wp-json\/wp\/v2\/types\/page"}],"author":[{"embeddable":true,"href":"https:\/\/consmoron.esteri.it\/es\/wp-json\/wp\/v2\/users\/3"}],"replies":[{"embeddable":true,"href":"https:\/\/consmoron.esteri.it\/es\/wp-json\/wp\/v2\/comments?post=2432"}],"version-history":[{"count":4,"href":"https:\/\/consmoron.esteri.it\/es\/wp-json\/wp\/v2\/pages\/2432\/revisions"}],"predecessor-version":[{"id":2449,"href":"https:\/\/consmoron.esteri.it\/es\/wp-json\/wp\/v2\/pages\/2432\/revisions\/2449"}],"up":[{"embeddable":true,"href":"https:\/\/consmoron.esteri.it\/es\/wp-json\/wp\/v2\/pages\/169"}],"wp:attachment":[{"href":"https:\/\/consmoron.esteri.it\/es\/wp-json\/wp\/v2\/media?parent=2432"}],"curies":[{"name":"wp","href":"https:\/\/api.w.org\/{rel}","templated":true}]}}