{"id":2510,"date":"2024-09-03T09:20:53","date_gmt":"2024-09-03T12:20:53","guid":{"rendered":"https:\/\/consmoron.esteri.it\/servizi-consolari-e-visti\/servizi-per-il-cittadino-straniero\/codice-fiscale\/"},"modified":"2025-09-09T12:48:00","modified_gmt":"2025-09-09T15:48:00","slug":"codice-fiscale","status":"publish","type":"page","link":"https:\/\/consmoron.esteri.it\/es\/servizi-consolari-e-visti\/servizi-per-il-cittadino-straniero\/codice-fiscale\/","title":{"rendered":"Codice fiscale"},"content":{"rendered":"<div class=\"entry-content\">\n<p>SOLICITUDES PARA CIUDADANOS EXTRANJEROS:<br \/>\nEl c\u00f3digo fiscal es emitido por Agenzia delle Entrate y puede ser solicitado por ciudadanos italianos o extranjeros.<\/p>\n<p><u>CIUDADANOS EXTRANJEROS NO RESIDENTES EN ITALIA.<\/u><\/p>\n<p>El ciudadano extranjero no residente en Italia\u00a0<strong>debe<\/strong>\u00a0delegar espec\u00edficamente a un sujeto para que presente la solicitud de atribuci\u00f3n del C\u00f3digo Fiscal\u00a0<strong>directamente en las oficinas de Agenzia delle Entrate situadas dentro del territorio italiano<\/strong>, en virtud del art. 1 del D.M. reglamentario n\u00b0 281 del 17 de mayo de 2001.<\/p>\n<p>Las direcciones de las oficinas de Agenzia delle Entrate pueden consultarse en la p\u00e1gina\u00a0<a href=\"http:\/\/www.agenziaentrate.it\/\">www.agenziaentrate.it<\/a><\/p>\n<p>El C\u00f3digo Fiscal puede solicitarlo el ciudadano extranjero a la\u00a0<strong>Oficina Consular italiana competente por su domicilio<\/strong>\u00a0s\u00f3lo cuando el C\u00f3digo Fiscal sea necesario para tr\u00e1mites a realizar en forma online y\/o para los cuales el solicitante no pueda delegar a un tercero para que presente la solicitud en Agenzia delle Entrate: en dichos casos, la Oficina consular proveer\u00e1 a transmitir la solicitud a Agenzia delle Entrate en Italia.<\/p>\n<p>La solicitud del C\u00f3digo Fiscal, a presentar completando el debido formulario, ser\u00e1 acompa\u00f1ada por una copia del documento de identidad y con la menci\u00f3n de las razones que motivan la solicitud.<\/p>\n<p>Los\u00a0<strong>estudiantes<\/strong>\u00a0que necesiten el c\u00f3digo fiscal para la preinscripci\u00f3n en la Universidad pueden obtenerlo autom\u00e1ticamente a trav\u00e9s del\u00a0<strong>Portal Universitaly<\/strong>\u00a0durante el proceso de preinscripci\u00f3n. La atribuci\u00f3n del C\u00f3digo Fiscal podr\u00e1 perfeccionarse: en el caso de los estudiantes no provenientes de la Uni\u00f3n Europea, en el Sportello Unico dell\u2019Immigrazione o en la Questura al momento de solicitar el permiso de residencia; en el caso de estudiantes provenientes de la Uni\u00f3n Europea, en Agenzia delle Entrate presentando el formulario AA4\/8.<\/p>\n<p>Los\u00a0<strong>ciudadanos extranjeros que necesiten el c\u00f3digo fiscal para comprar inmuebles o para otras actividades comerciales\/financieras<\/strong>\u00a0en Italia pueden delegar a un representante para que, en su nombre, soliciten el c\u00f3digo fiscal en Agenzia delle Entrate.<\/p>\n<p>A los\u00a0<strong>ciudadanos de Estados no pertenecientes a la Uni\u00f3n Europea con intenciones de establecerse en Italia<\/strong>\u00a0el c\u00f3digo fiscal les es atribuido:<\/p>\n<p>-Por el Sportello Unico dell\u2019Immigrazione, presente en cada Prefettura competente para la emisi\u00f3n del Nulla osta (permiso) para el ingreso de los ciudadanos extranjeros que soliciten el permiso de residencia por trabajo dependiente o reagrupaci\u00f3n familiar;<\/p>\n<p>-Por la Questura, oficina de la Polizia di Stato, para los ciudadanos extranjeros que soliciten otros tipos de permisos de residencia.<\/p>\n<p>Los\u00a0<strong>ciudadanos de Estados pertenecientes a la Uni\u00f3n Europea con intenciones de establecerse en Italia<\/strong>\u00a0pueden solicitar el c\u00f3digo fiscal presentando el formulario AA4\/8 a una Oficina de Agenzia delle Entrate. La solicitud debe estar motivada y acompa\u00f1ada por un documento vigente (pasaporte o documento de identidad v\u00e1lido para emigrar).<\/p>\n<p>El ciudadano extranjero que necesite el c\u00f3digo fiscal para iniciar un proceso judicial en Italia podr\u00e1 incluir entre las facultades conferidas al abogado apoderado, la de solicitar el c\u00f3digo fiscal ante cualquier oficina de Agenzia delle Entrate.<\/p>\n<p>Las direcciones de las oficinas de Agenzia delle Entrate pueden consultarse en la p\u00e1gina\u00a0<a href=\"http:\/\/www.agenziaentrate.it\/\">www.agenziaentrate.it<\/a><\/p>\n<p><span style=\"text-decoration: underline;\"><strong>EXCLUSIVAMENTE PARA RESIDENTES EN LA CIRCUNSCRIPCI\u00d3N DE LA AGENCIA CONSULAR:<\/strong><\/span> El interesado tendr\u00e1 que enviar su solicitud v\u00eda mail a <a href=\"mailto:moron.codicefiscale@esteri.it\">moron.codicefiscale@esteri.it<\/a> adjuntando el siguiente <a href=\"https:\/\/consmoron.esteri.it\/wp-content\/uploads\/2023\/07\/richiesta_codice_fiscale.pdf\">FORMULARIO <\/a>y copia de frente y dorso del documento de identidad. <strong>Enviar formulario y DNI en un \u00fanico file pdf.<\/strong><\/p>\n<p><span lang=\"es-419\">La mencionada casilla es \u00fanicamente para el tratamiento de solicitudes de Codice Fiscale. <\/span><\/p>\n<p><span lang=\"es-419\">El plazo legal para el tratamiento de su solicitud es de 30 d\u00edas h\u00e1biles.<\/span><\/p>\n<p><a href=\"https:\/\/www.youtube.com\/watch?v=KoGFrVCpzjA&amp;list=PLP6yk6ndBIUdEkRXG7TmCJvHrmTYvEluF&amp;index=7&amp;t=2s\">VER VIDEO INFORMATIVO<\/a><\/p>\n<\/div>\n<p><a href=\"https:\/\/consmoron.esteri.it\/it\/servizi-consolari-e-visti\/servizi-per-il-cittadino-italiano\/codice-fiscale\/\">SOLICITUDES PARA CIUDADANOS ITALIANOS<\/a><\/p>\n","protected":false},"excerpt":{"rendered":"SOLICITUDES PARA CIUDADANOS EXTRANJEROS: El c\u00f3digo fiscal es emitido por Agenzia delle Entrate y puede ser solicitado por ciudadanos italianos o extranjeros. CIUDADANOS EXTRANJEROS NO RESIDENTES EN ITALIA. El ciudadano extranjero no residente en Italia\u00a0debe\u00a0delegar espec\u00edficamente a un sujeto para que presente la solicitud de atribuci\u00f3n del C\u00f3digo Fiscal\u00a0directamente en las oficinas de Agenzia delle [&hellip;]","protected":false},"author":3,"featured_media":0,"parent":167,"menu_order":0,"comment_status":"closed","ping_status":"closed","template":"","meta":{"footnotes":""},"class_list":["post-2510","page","type-page","status-publish","hentry"],"_links":{"self":[{"href":"https:\/\/consmoron.esteri.it\/es\/wp-json\/wp\/v2\/pages\/2510","targetHints":{"allow":["GET"]}}],"collection":[{"href":"https:\/\/consmoron.esteri.it\/es\/wp-json\/wp\/v2\/pages"}],"about":[{"href":"https:\/\/consmoron.esteri.it\/es\/wp-json\/wp\/v2\/types\/page"}],"author":[{"embeddable":true,"href":"https:\/\/consmoron.esteri.it\/es\/wp-json\/wp\/v2\/users\/3"}],"replies":[{"embeddable":true,"href":"https:\/\/consmoron.esteri.it\/es\/wp-json\/wp\/v2\/comments?post=2510"}],"version-history":[{"count":3,"href":"https:\/\/consmoron.esteri.it\/es\/wp-json\/wp\/v2\/pages\/2510\/revisions"}],"predecessor-version":[{"id":3780,"href":"https:\/\/consmoron.esteri.it\/es\/wp-json\/wp\/v2\/pages\/2510\/revisions\/3780"}],"up":[{"embeddable":true,"href":"https:\/\/consmoron.esteri.it\/es\/wp-json\/wp\/v2\/pages\/167"}],"wp:attachment":[{"href":"https:\/\/consmoron.esteri.it\/es\/wp-json\/wp\/v2\/media?parent=2510"}],"curies":[{"name":"wp","href":"https:\/\/api.w.org\/{rel}","templated":true}]}}