{"id":3701,"date":"2025-07-16T13:41:05","date_gmt":"2025-07-16T16:41:05","guid":{"rendered":"https:\/\/consmoron.esteri.it\/servizi-consolari-e-visti\/servizi-per-il-cittadino-italiano\/stato-civile\/divorzio\/"},"modified":"2025-07-16T13:48:33","modified_gmt":"2025-07-16T16:48:33","slug":"divorzio","status":"publish","type":"page","link":"https:\/\/consmoron.esteri.it\/es\/servizi-consolari-e-visti\/servizi-per-il-cittadino-italiano\/stato-civile\/divorzio\/","title":{"rendered":"Divorzio"},"content":{"rendered":"<p>&nbsp;<\/p>\n<p data-start=\"73\" data-end=\"139\">La siguiente documentaci\u00f3n deber\u00e1 estar SIEMPRE acompa\u00f1ada de:<\/p>\n<ul data-start=\"141\" data-end=\"491\">\n<li data-start=\"141\" data-end=\"297\">\n<p data-start=\"143\" data-end=\"297\"><a href=\"https:\/\/consmoron.esteri.it\/wp-content\/uploads\/2024\/02\/Istanza-Stato-civile-1.pdf\">Autocertificaci\u00f3n<\/a> debidamente completada y firmada (en caso de no conocer el Comune de referencia en Italia, ese campo puede dejarse sin completar);<\/p>\n<\/li>\n<li data-start=\"298\" data-end=\"382\">\n<p data-start=\"300\" data-end=\"382\">Copia del DNI (frente y dorso) de todos los integrantes del n\u00facleo familiar;<\/p>\n<\/li>\n<li data-start=\"383\" data-end=\"491\">\n<p data-start=\"385\" data-end=\"491\">Documentaci\u00f3n que acredite la residencia dentro de la Circunscripci\u00f3n de la Agencia Consular en Mor\u00f3n.<\/p>\n<\/li>\n<\/ul>\n<hr data-start=\"493\" data-end=\"496\" \/>\n<p data-start=\"498\" data-end=\"516\"><strong data-start=\"498\" data-end=\"516\">Documentaci\u00f3n:<\/strong><\/p>\n<ul data-start=\"518\" data-end=\"1733\">\n<li data-start=\"518\" data-end=\"786\">\n<p data-start=\"520\" data-end=\"786\"><strong data-start=\"520\" data-end=\"579\"><a href=\"https:\/\/consmoron.esteri.it\/wp-content\/uploads\/2024\/02\/ISTANZA-DI-TRASCRIZIONE-DI-SENTENZA-DIVORZIO.pdf\">Solicitud de transcripci\u00f3n de la sentencia de divorcio<\/a>.<\/strong> En la segunda p\u00e1gina del formulario (enlace anterior) se encuentran las instrucciones para facilitar su llenado. Si se tienen dudas sobre los datos de la sentencia, se pueden dejar los espacios en blanco.<\/p>\n<\/li>\n<li data-start=\"787\" data-end=\"950\">\n<p data-start=\"789\" data-end=\"950\"><strong data-start=\"789\" data-end=\"823\">Sentencia completa en original<\/strong> (debe contener los siguientes apartados: \u201cAUTOS\u201d, \u201cVISTOS\u201d, \u201cCONSIDERANDO\u201d, \u201cFALLO\u201d), legalizada por el tribunal competente.<\/p>\n<\/li>\n<li data-start=\"951\" data-end=\"1073\">\n<p data-start=\"953\" data-end=\"1073\">En caso de existir una <strong data-start=\"976\" data-end=\"1009\">sentencia de separaci\u00f3n legal<\/strong> conforme al art\u00edculo 67\/bis, esta tambi\u00e9n deber\u00e1 presentarse.<\/p>\n<\/li>\n<li data-start=\"1074\" data-end=\"1167\">\n<p data-start=\"1076\" data-end=\"1167\">Si hay <strong data-start=\"1083\" data-end=\"1108\">hijos menores de edad<\/strong>, la sentencia deber\u00e1 especificar el r\u00e9gimen de custodia.<\/p>\n<\/li>\n<li data-start=\"1168\" data-end=\"1407\">\n<p data-start=\"1170\" data-end=\"1407\">En la sentencia o en una declaraci\u00f3n por separado, deber\u00e1 constar que la sentencia de divorcio est\u00e1 <strong data-start=\"1270\" data-end=\"1279\">firme<\/strong> (es decir, que ha adquirido el car\u00e1cter de \u201cFIRME\u201d, \u201cCONSENTIDA\u201d, \u201cEJECUTORADA\u201d o que reviste el car\u00e1cter de \u201cCOSA JUZGADA\u201d).<\/p>\n<\/li>\n<li data-start=\"1408\" data-end=\"1655\">\n<p data-start=\"1410\" data-end=\"1655\">La sentencia deber\u00e1 estar legalizada por la C\u00e1mara Nacional de Apelaciones del juzgado competente y por el Ministerio de Relaciones Exteriores, Comercio Internacional y Culto, con la correspondiente Apostilla \u2013 Convenio de La Haya.<\/p>\n<\/li>\n<li data-start=\"1656\" data-end=\"1733\">\n<p data-start=\"1658\" data-end=\"1733\"><strong data-start=\"1658\" data-end=\"1733\">Toda la documentaci\u00f3n deber\u00e1 estar correctamente traducida al italiano.<\/strong><\/p>\n<\/li>\n<\/ul>\n<ul>\n<li style=\"list-style-type: none;\"><\/li>\n<\/ul>\n","protected":false},"excerpt":{"rendered":"&nbsp; La siguiente documentaci\u00f3n deber\u00e1 estar SIEMPRE acompa\u00f1ada de: Autocertificaci\u00f3n debidamente completada y firmada (en caso de no conocer el Comune de referencia en Italia, ese campo puede dejarse sin completar); Copia del DNI (frente y dorso) de todos los integrantes del n\u00facleo familiar; Documentaci\u00f3n que acredite la residencia dentro de la Circunscripci\u00f3n de la [&hellip;]","protected":false},"author":3,"featured_media":0,"parent":157,"menu_order":0,"comment_status":"closed","ping_status":"closed","template":"","meta":{"footnotes":""},"class_list":["post-3701","page","type-page","status-publish","hentry"],"_links":{"self":[{"href":"https:\/\/consmoron.esteri.it\/es\/wp-json\/wp\/v2\/pages\/3701","targetHints":{"allow":["GET"]}}],"collection":[{"href":"https:\/\/consmoron.esteri.it\/es\/wp-json\/wp\/v2\/pages"}],"about":[{"href":"https:\/\/consmoron.esteri.it\/es\/wp-json\/wp\/v2\/types\/page"}],"author":[{"embeddable":true,"href":"https:\/\/consmoron.esteri.it\/es\/wp-json\/wp\/v2\/users\/3"}],"replies":[{"embeddable":true,"href":"https:\/\/consmoron.esteri.it\/es\/wp-json\/wp\/v2\/comments?post=3701"}],"version-history":[{"count":1,"href":"https:\/\/consmoron.esteri.it\/es\/wp-json\/wp\/v2\/pages\/3701\/revisions"}],"predecessor-version":[{"id":3705,"href":"https:\/\/consmoron.esteri.it\/es\/wp-json\/wp\/v2\/pages\/3701\/revisions\/3705"}],"up":[{"embeddable":true,"href":"https:\/\/consmoron.esteri.it\/es\/wp-json\/wp\/v2\/pages\/157"}],"wp:attachment":[{"href":"https:\/\/consmoron.esteri.it\/es\/wp-json\/wp\/v2\/media?parent=3701"}],"curies":[{"name":"wp","href":"https:\/\/api.w.org\/{rel}","templated":true}]}}