{"id":386,"date":"2023-07-07T09:29:20","date_gmt":"2023-07-07T12:29:20","guid":{"rendered":"https:\/\/consmoron.esteri.it\/servizi-consolari-e-visti\/servizi-per-il-cittadino-italiano\/traduzione-e-legalizzazione-dei-documenti\/dichiarazione-di-valore\/"},"modified":"2024-10-09T12:04:35","modified_gmt":"2024-10-09T15:04:35","slug":"dichiarazione-di-valore","status":"publish","type":"page","link":"https:\/\/consmoron.esteri.it\/es\/servizi-consolari-e-visti\/servizi-per-il-cittadino-italiano\/traduzione-e-legalizzazione-dei-documenti\/dichiarazione-di-valore\/","title":{"rendered":"Declaraci\u00f3n de valor"},"content":{"rendered":"<p>La declaraci\u00f3n de valor es un documento emitido por las autoridades consulares italianas a quienes, habiendo conseguido un t\u00edtulo de estudio en instituciones educativas extranjeras, deseen continuar con sus estudios en Italia o bien iniciar los procedimientos de equiparaci\u00f3n de T\u00edtulos de Estudio o bien de Reconocimiento profesional. Esto consiste en la verificaci\u00f3n y certificaci\u00f3n de que los t\u00edtulos de estudio de escuela media superior permiten la admisi\u00f3n a los cursos universitarios en el ordenamiento del pa\u00eds donde fueron obtenidos.<\/p>\n<p>La declaraci\u00f3n de valor no atribuye reconocimiento alguno del t\u00edtulo en Italia, sino que tiene como \u00fanica finalidad la de describir el valor adquirido con el t\u00edtulo de estudio en el pa\u00eds de origen. El reconocimiento o la equiparaci\u00f3n de los t\u00edtulos son competencias de las espec\u00edficas Autoridades italianas.<\/p>\n<p>Los extranjeros y los italianos residentes en esta circunscripci\u00f3n consular pueden acceder a las Universidades italianas presentando en el Consulado General de Italia en Buenos Aires una solicitud acompa\u00f1ada de la documentaci\u00f3n pertinente. Dicha documentaci\u00f3n, conteniente la correspondiente Declaraci\u00f3n de Valor, debe ser aprobada por las Autoridades italianas competentes en virtud del an\u00e1lisis de los t\u00edtulos de estudio conseguidos en el extranjero.<\/p>\n<p>Para presentar en Italia la documentaci\u00f3n correspondiente a los estudios cursados en el exterior (certificados anal\u00edticos, diplomas, boletines, programas, certificaciones varias, etc.) debe ante todo legalizarse en la Oficina de Estudios de la sede consular competente seg\u00fan la direcci\u00f3n de la instituci\u00f3n que la ha expedido (y no por el domicilio del interesado).<\/p>\n<p>Esta Agencia Consular de Italia es competente para legalizar las certificaciones expedidas por todos los establecimientos educativos y acad\u00e9micos de los Partidos de Hurlingham, Ituzaing\u00f3, La Matanza y Mor\u00f3n, y el pedido de legalizaci\u00f3n puede ser presentado tambi\u00e9n por personas no residentes en esta circunscripci\u00f3n consular.<\/p>\n<p>Dicho pedido puede presentarlo personalmente el interesado o, en caso que no pudiere hacerlo, una persona debidamente autorizada por el mismo.<\/p>\n<p>La documentaci\u00f3n escolar \/ acad\u00e9mica argentina a legalizar debe presentarse en original, legalizada por el MRECIyC (Arenales 961, Cap. Fed.) con \u201cApostilla &#8211; Convenci\u00f3n de la Haya del 05.10.1961\u201d, traducida al italiano.<\/p>\n<p>Para obtener la Declaraci\u00f3n de Valor de un titulo secundario, es necesario presentar la siguiente documentaci\u00f3n:<\/p>\n<ul>\n<li>T\u00edtulo final de escuela secundaria<\/li>\n<li>Certificado anal\u00edtico secundario<\/li>\n<\/ul>\n<p>Para obtener la Declaraci\u00f3n de Valor de un diploma de <em>especializaci\u00f3n post secundaria<\/em> (de duraci\u00f3n bianual o trianual) o de un t\u00edtulo universitario es necesario presentar la siguiente documentaci\u00f3n:<\/p>\n<ul>\n<li>T\u00edtulo universitario o diploma de especializaci\u00f3n post secundario;<\/li>\n<li>Certificado anal\u00edtico de los estudios de especializaci\u00f3n post secundarios o universitarios;<\/li>\n<li>Programas de estudio de cada materia del curso\/ carrera (sellados y enumerados por la instituci\u00f3n competente) no es necesario legalizar ni traducir. (Para ulteriores informaciones v\u00e9ase el sito del Ministerio de la Instrucci\u00f3n, de la Universidad y de la Investigaci\u00f3n (www.miur.it)<\/li>\n<li>Declaraci\u00f3n expedida por el Instituto o la Universidad que haga constar el efectivo cumplimiento de los citados programas de estudio, legalizada con Apostille de La Haya y traducida;<\/li>\n<li>Certificaci\u00f3n en original en papel oficial de la Instituci\u00f3n, expedida por la Universidad\/Instituto o Colegio Profesional en la cual conste:\n<ul>\n<li>Normas y fuente jur\u00eddica que regulan el ejercicio de la profesi\u00f3n en la Rep\u00fablica Argentina (Ley, Decreto, Reglamentaci\u00f3n, etc.) que define la actividad y responsabilidad de la profesi\u00f3n;<\/li>\n<li>la Autoridad Estatal competente para el control del ejercicio de la profesi\u00f3n (Ministerio, Departamento, Orden o Colegio Profesional, etc.)<\/li>\n<\/ul>\n<\/li>\n<\/ul>\n<p>En el caso que en el certificado anal\u00edtico no aparecieren los a\u00f1os de estudio previstos para obtener el t\u00edtulo, es necesario presentar:<\/p>\n<ul>\n<li>Certificaci\u00f3n expedida por la Instituci\u00f3n competente, donde conste lo expresado anteriormente (presentarla en original, sin legalizaci\u00f3n ni traducci\u00f3n)<\/li>\n<\/ul>\n<p>En el caso que la Declaraci\u00f3n de Valor sea solicitada para obtener el reconocimiento del t\u00edtulo profesional\/acad\u00e9mico en Italia, es necesario presentar:<\/p>\n<ul>\n<li>Certificaci\u00f3n expedida por la Autoridad competente en la cual conste la inscripci\u00f3n en el Orden o Colegio Profesional y el n\u00famero de matr\u00edcula (para presentar en original, legalizada con la Apostille de La Haya y traducci\u00f3n al italiano.)<\/li>\n<\/ul>\n<p>Con la finalidad de obtener la Declaraci\u00f3n de Valor, todos los documentos deber\u00e1n ser presentados en original, legalizados con Apostille de La Haya, traducidos al italiano + una fotocopia simple.<\/p>\n<p><strong>Turnos<br \/>\n<\/strong><\/p>\n<p>Los turnos est\u00e1n disponibles a trav\u00e9s del portal <strong><a href=\"https:\/\/prenotami.esteri.it\/\">Prenot@mi<\/a><\/strong>\u00a0seleccionando la opci\u00f3n \u201c<strong>Estudios\u201d<\/strong>.<\/p>\n<p>El turno es virtual, y el d\u00eda seleccionado se debe enviar la documentaci\u00f3n en formato word por correo electr\u00f3nico (<a href=\"mailto:studi-notarile.moron@esteri.it\">studi-notarile.moron@esteri.it<\/a>). En una segunda instancia, luego de que la Oficina se contacte, se podr\u00e1 entregar la documentaci\u00f3n de forma f\u00edsica.<\/p>\n<p><strong>NOTA:<\/strong><br \/>\nLas traducciones de los t\u00edtulos de estudio y de eventuales certificados pueden realizarse tambi\u00e9n en Italia. Para las inscripciones a las Universidades se ruega respetar estrictamente los requisitos establecidos por cada Universidad.<\/p>\n<p>&nbsp;<\/p>\n","protected":false},"excerpt":{"rendered":"La declaraci\u00f3n de valor es un documento emitido por las autoridades consulares italianas a quienes, habiendo conseguido un t\u00edtulo de estudio en instituciones educativas extranjeras, deseen continuar con sus estudios en Italia o bien iniciar los procedimientos de equiparaci\u00f3n de T\u00edtulos de Estudio o bien de Reconocimiento profesional. Esto consiste en la verificaci\u00f3n y certificaci\u00f3n [&hellip;]","protected":false},"author":3,"featured_media":0,"parent":161,"menu_order":0,"comment_status":"closed","ping_status":"closed","template":"","meta":{"footnotes":""},"class_list":["post-386","page","type-page","status-publish","hentry"],"_links":{"self":[{"href":"https:\/\/consmoron.esteri.it\/es\/wp-json\/wp\/v2\/pages\/386","targetHints":{"allow":["GET"]}}],"collection":[{"href":"https:\/\/consmoron.esteri.it\/es\/wp-json\/wp\/v2\/pages"}],"about":[{"href":"https:\/\/consmoron.esteri.it\/es\/wp-json\/wp\/v2\/types\/page"}],"author":[{"embeddable":true,"href":"https:\/\/consmoron.esteri.it\/es\/wp-json\/wp\/v2\/users\/3"}],"replies":[{"embeddable":true,"href":"https:\/\/consmoron.esteri.it\/es\/wp-json\/wp\/v2\/comments?post=386"}],"version-history":[{"count":6,"href":"https:\/\/consmoron.esteri.it\/es\/wp-json\/wp\/v2\/pages\/386\/revisions"}],"predecessor-version":[{"id":2678,"href":"https:\/\/consmoron.esteri.it\/es\/wp-json\/wp\/v2\/pages\/386\/revisions\/2678"}],"up":[{"embeddable":true,"href":"https:\/\/consmoron.esteri.it\/es\/wp-json\/wp\/v2\/pages\/161"}],"wp:attachment":[{"href":"https:\/\/consmoron.esteri.it\/es\/wp-json\/wp\/v2\/media?parent=386"}],"curies":[{"name":"wp","href":"https:\/\/api.w.org\/{rel}","templated":true}]}}