{"id":469,"date":"2023-07-07T12:48:37","date_gmt":"2023-07-07T15:48:37","guid":{"rendered":"https:\/\/consmoron.esteri.it\/servizi-consolari-e-visti\/servizi-per-il-cittadino-italiano\/passaporti-e-carte-didentita\/passaporto-per-minori-e-assenso\/"},"modified":"2023-07-07T12:50:10","modified_gmt":"2023-07-07T15:50:10","slug":"passaporto-per-minori-e-assenso","status":"publish","type":"page","link":"https:\/\/consmoron.esteri.it\/es\/servizi-consolari-e-visti\/servizi-per-il-cittadino-italiano\/passaporti-e-carte-didentita\/passaporto-per-minori-e-assenso\/","title":{"rendered":"Pasaporte para menores y consentimiento"},"content":{"rendered":"<p><strong>PASAPORTE PARA MENORES<\/strong><\/p>\n<p>Todos los menores deben poseer un pasaporte individual; a los fines de su emisi\u00f3n, es necesario el consentimiento de ambos padres\u00a0(ver \u00abc\u00f3mo se otorga el consentimiento\u00bb).<\/p>\n<p>Cabe destacar que la inscripci\u00f3n del menor en el pasaporte de los padres ya no es v\u00e1lida y que el menor podr\u00e1 viajar al extranjero \u00fanicamente presentando un documento de viaje individual.<\/p>\n<p>Los pasaportes de los padres con las inscripciones de hijos menores mantienen su validez hasta el vencimiento natural, pero s\u00f3lo para el titular.<\/p>\n<p>El pasaporte individual tendr\u00e1 validez:<\/p>\n<ul>\n<li>de 3 a\u00f1os para los menores hasta 3 a\u00f1os de edad;<\/li>\n<li>de 5 a\u00f1os para los menores entre los 3 hasta los 17 a\u00f1os de edad.<\/li>\n<\/ul>\n<p><strong>Para la emisi\u00f3n del pasaporte es siempre necesaria la presencia del menor provisto de:<\/strong><\/p>\n<ul>\n<li>\u00faltimo pasaporte italiano (original y fotocopia) si fuera titular de un pasaporte individual. En cambio, si el menor estuviera inscripto en uno o en ambos pasaportes de sus progenitores, es necesario que sean presentados estos pasaportes, a\u00fan en el caso en que estuvieran vencidos o anulados);<\/li>\n<li>D.N.I. (original y fotocopia) emitido hace menos de diez a\u00f1os con direcci\u00f3n actualizada, cuya fotograf\u00eda permita la identificaci\u00f3n del menor. El DNI del menor debe tener una fotograf\u00eda que permita la identificaci\u00f3n del mismo, aunque dicho documento se encuentre vigente. Si no fuera posible la identificaci\u00f3n del menor no se proceder\u00e1 a emitir el pasaporte.<\/li>\n<li>2 fotos recientes, iguales, formato carnet (35x40mm), NO en formato digital, color, fondo blanco, de frente, de cerca y con la frente descubierta.<\/li>\n<\/ul>\n<p>Es necesario adquirir las huellas digitales y la firma digital da los menores que hayan cumplido los 12 a\u00f1os.<\/p>\n<p>Para los menores de edad inferior a los 14 a\u00f1os, el uso del pasaporte est\u00e1 de todos modos subordinados a la condici\u00f3n el menor viaje acompa\u00f1ado por al menos uno de sus progenitores (o tutor u otra persona delegada para acompa\u00f1arlo).<\/p>\n<p>&nbsp;<\/p>\n<p><strong>C\u00d3MO SE OTORGA EL CONSENTIMIENTO PARA LA EMISI\u00d3N DEL PASAPORTE<\/strong><\/p>\n<p>La Ley Italiana requiere el consentimiento de ambos padres para otorgar el pasaporte a un menor.<\/p>\n<p>El consentimiento puede manifestarse por escrito de las siguientes maneras:<\/p>\n<ul>\n<li>personalmente, (es decir que el otro progenitor debe estar presente) en la Sede de la Agencia Consular al momento de la presentaci\u00f3n de la solicitud del pasaporte (se recuerda que qui\u00e9n otorga el consentimiento debe presentar un documento de identidad vigente (original y fotocopia).<\/li>\n<li>personalmente en cualquiera de las Oficinas P\u00fablicas de la Administraci\u00f3n Italiana (habilitadas para la declaraci\u00f3n de autenticidad de las firmas);<\/li>\n<li>personalmente delante de un Escribano argentino, con acta notarial apostillada y traducida al italiano<\/li>\n<\/ul>\n<p>Los ciudadanos de cualquier pa\u00eds de la Uni\u00f3n Europea pueden expresar el consentimiento llenando y firmando el correspondiente formulario (<a href=\"https:\/\/consmoron.esteri.it\/wp-content\/uploads\/2023\/07\/atto_di_assenso_per__rilascio_passaporto.pdf\">descargar modelo de acta de consentimiento \u2013 assenso<\/a>)y adjuntando la copia de un documento expedido por un pa\u00eds de la Uni\u00f3n Europea donde figure la firma del declarante.<\/p>\n<p><strong>Qu\u00e9 hacer en caso de rechazo del consentimiento:<\/strong><\/p>\n<p>Entre los motivos que pueden llevar a denegar el consentimiento se encuentran aquellos vinculados al incumplimiento de las obligaciones alimentarias y de mantenimiento de los menores.<\/p>\n<p>En ausencia del consentimiento del otro progenitor, el Agente Consular \u2013 en su investidura de Juez Tutelar de los menores residentes en su Circunscripci\u00f3n Consular y luego de haber efectuado una serie de verificaciones \u2013 podr\u00e1 evaluar si autorizar el otorgamiento del Pasaporte al solicitante, mediante el correspondiente Decreto Consular. A tal fin, el solicitante o el progenitor que brinda el consentimiento deber\u00e1 presentar una carta firmada en la cual explique los motivos por los cuales el otro progenitor se niega a firmar el acto de consentimiento. Ser\u00e1 necesario indicar el domicilio completo y eventuales n\u00fameros telef\u00f3nicos del otro progenitor.<\/p>\n","protected":false},"excerpt":{"rendered":"PASAPORTE PARA MENORES Todos los menores deben poseer un pasaporte individual; a los fines de su emisi\u00f3n, es necesario el consentimiento de ambos padres\u00a0(ver \u00abc\u00f3mo se otorga el consentimiento\u00bb). Cabe destacar que la inscripci\u00f3n del menor en el pasaporte de los padres ya no es v\u00e1lida y que el menor podr\u00e1 viajar al extranjero \u00fanicamente [&hellip;]","protected":false},"author":3,"featured_media":0,"parent":154,"menu_order":0,"comment_status":"closed","ping_status":"closed","template":"","meta":{"footnotes":""},"class_list":["post-469","page","type-page","status-publish","hentry"],"_links":{"self":[{"href":"https:\/\/consmoron.esteri.it\/es\/wp-json\/wp\/v2\/pages\/469","targetHints":{"allow":["GET"]}}],"collection":[{"href":"https:\/\/consmoron.esteri.it\/es\/wp-json\/wp\/v2\/pages"}],"about":[{"href":"https:\/\/consmoron.esteri.it\/es\/wp-json\/wp\/v2\/types\/page"}],"author":[{"embeddable":true,"href":"https:\/\/consmoron.esteri.it\/es\/wp-json\/wp\/v2\/users\/3"}],"replies":[{"embeddable":true,"href":"https:\/\/consmoron.esteri.it\/es\/wp-json\/wp\/v2\/comments?post=469"}],"version-history":[{"count":1,"href":"https:\/\/consmoron.esteri.it\/es\/wp-json\/wp\/v2\/pages\/469\/revisions"}],"predecessor-version":[{"id":470,"href":"https:\/\/consmoron.esteri.it\/es\/wp-json\/wp\/v2\/pages\/469\/revisions\/470"}],"up":[{"embeddable":true,"href":"https:\/\/consmoron.esteri.it\/es\/wp-json\/wp\/v2\/pages\/154"}],"wp:attachment":[{"href":"https:\/\/consmoron.esteri.it\/es\/wp-json\/wp\/v2\/media?parent=469"}],"curies":[{"name":"wp","href":"https:\/\/api.w.org\/{rel}","templated":true}]}}