{"id":471,"date":"2023-07-07T12:52:25","date_gmt":"2023-07-07T15:52:25","guid":{"rendered":"https:\/\/consmoron.esteri.it\/?page_id=471"},"modified":"2023-07-07T12:53:32","modified_gmt":"2023-07-07T15:53:32","slug":"furto-o-smarrimento-del-passaporto","status":"publish","type":"page","link":"https:\/\/consmoron.esteri.it\/es\/servizi-consolari-e-visti\/servizi-per-il-cittadino-italiano\/passaporti-e-carte-didentita\/furto-o-smarrimento-del-passaporto\/","title":{"rendered":"Robo o extravio del pasaporte"},"content":{"rendered":"<p><strong>DOCUMENTOS A PRESENTAR EN CASO DE ROBO O EXTRAV\u00cdO DEL PASAPORTE<\/strong>\u00a0<strong>PARA TODOS, RESIDENTES Y NO RESIDENTES EN LA CIRCUNSCRIPCI\u00d3N CONSULAR<\/strong>:<\/p>\n<ul>\n<li>Denuncia de robo o extrav\u00edo del pasaporte original y fotocopia;<\/li>\n<li>Documento de reconocimiento vigente y con fotograf\u00eda original y fotocopia;<\/li>\n<li>2 fotos recientes, iguales, formato carnet (35x40mm), NO en formato digital, color, fondo blanco, de frente, de cerca y con la frente descubierta.<\/li>\n<\/ul>\n<p>Para los residentes en la circunscripci\u00f3n consular:<\/p>\n<p>Ser\u00e1 emitido un nuevo pasaporte, seg\u00fan las habituales modalidades, despu\u00e9s haber dado comunicaci\u00f3n del robo\/extrav\u00edo, de parte de esta Agencia Consular, a las Autoridades italianas competentes.<\/p>\n<p>Para los NO residentes en la circunscripci\u00f3n consular:<\/p>\n<p>En el caso deban regresar a Italia, se emitir\u00e1 un documento de viaje provisorio (<a href=\"https:\/\/www.esteri.it\/mae\/it\/servizi\/turisti\/documenti-viaggio\">Emergency Travel Document<\/a>):<\/p>\n<p>En el caso deban cruzar otras fronteras antes de ingresar a Italia y sea necesaria la emisi\u00f3n de un nuevo pasaporte, la Agencia Consular solicitar\u00e1 a la Autoridad Italiana competente por residencia, la delega. Esto ser\u00e1 posible siempre y s\u00f3lo si el denunciante est\u00e1 provisto de un documento de identidad.<\/p>\n<p>En ambos casos ser\u00e1 necesario presentar el pasaje a\u00e9reo que compruebe las sucesivas etapas del viaje.<\/p>\n<p><strong>\u00a0<\/strong><\/p>\n","protected":false},"excerpt":{"rendered":"DOCUMENTOS A PRESENTAR EN CASO DE ROBO O EXTRAV\u00cdO DEL PASAPORTE\u00a0PARA TODOS, RESIDENTES Y NO RESIDENTES EN LA CIRCUNSCRIPCI\u00d3N CONSULAR: Denuncia de robo o extrav\u00edo del pasaporte original y fotocopia; Documento de reconocimiento vigente y con fotograf\u00eda original y fotocopia; 2 fotos recientes, iguales, formato carnet (35x40mm), NO en formato digital, color, fondo blanco, de [&hellip;]","protected":false},"author":3,"featured_media":0,"parent":154,"menu_order":0,"comment_status":"closed","ping_status":"closed","template":"","meta":{"footnotes":""},"class_list":["post-471","page","type-page","status-publish","hentry"],"_links":{"self":[{"href":"https:\/\/consmoron.esteri.it\/es\/wp-json\/wp\/v2\/pages\/471","targetHints":{"allow":["GET"]}}],"collection":[{"href":"https:\/\/consmoron.esteri.it\/es\/wp-json\/wp\/v2\/pages"}],"about":[{"href":"https:\/\/consmoron.esteri.it\/es\/wp-json\/wp\/v2\/types\/page"}],"author":[{"embeddable":true,"href":"https:\/\/consmoron.esteri.it\/es\/wp-json\/wp\/v2\/users\/3"}],"replies":[{"embeddable":true,"href":"https:\/\/consmoron.esteri.it\/es\/wp-json\/wp\/v2\/comments?post=471"}],"version-history":[{"count":2,"href":"https:\/\/consmoron.esteri.it\/es\/wp-json\/wp\/v2\/pages\/471\/revisions"}],"predecessor-version":[{"id":474,"href":"https:\/\/consmoron.esteri.it\/es\/wp-json\/wp\/v2\/pages\/471\/revisions\/474"}],"up":[{"embeddable":true,"href":"https:\/\/consmoron.esteri.it\/es\/wp-json\/wp\/v2\/pages\/154"}],"wp:attachment":[{"href":"https:\/\/consmoron.esteri.it\/es\/wp-json\/wp\/v2\/media?parent=471"}],"curies":[{"name":"wp","href":"https:\/\/api.w.org\/{rel}","templated":true}]}}