{"id":480,"date":"2023-07-07T14:06:12","date_gmt":"2023-07-07T17:06:12","guid":{"rendered":"https:\/\/consmoron.esteri.it\/servizi-consolari-e-visti\/servizi-per-il-cittadino-italiano\/servizi-notarili\/atti-notarili\/"},"modified":"2023-07-07T14:07:01","modified_gmt":"2023-07-07T17:07:01","slug":"atti-notarili","status":"publish","type":"page","link":"https:\/\/consmoron.esteri.it\/es\/servizi-consolari-e-visti\/servizi-per-il-cittadino-italiano\/servizi-notarili\/atti-notarili\/","title":{"rendered":"Atti Notarili"},"content":{"rendered":"<p>Se trata de actos redactados en idioma italiano para los cuales se requiere la presencia f\u00edsica del declarante (identificado mediante un documento de reconocimiento v\u00e1lido) y el conocimiento por parte del mismo del idioma italiano.<br \/>\nEn consideraci\u00f3n de la complejidad y la delicadeza de la materia y con el objetivo de reducir los tiempos de elaboraci\u00f3n, se aconseja siempre consultar previamente con el abogado o escribano que en Italia utilizar\u00e1 el documento, a fin de que los mismos indiquen el contenido espec\u00edfico que dicho acto debe incluir.<\/p>\n<p>Los datos generales que deber\u00e1n ser siempre proporcionados por los interesados para la preparaci\u00f3n de actos notariales con forma de \u201cescritura p\u00fablica\u201d, son los siguientes:<\/p>\n<ul>\n<li>Del Mandante (quien confiere el mandato\/poder): apellido y nombre, lugar y fecha de nacimiento, lugar de residencia (ciudad, calle\/plaza, n\u00famero), c\u00f3digo fiscal italiano;<\/li>\n<li>\u00a0Del Mandatario (quien recibe el mandato\/poder): apellido y nombre, lugar y fecha de nacimiento, lugar de residencia (ciudad, calle\/plaza, n\u00famero), c\u00f3digo fiscal italiano;<\/li>\n<li>Objeto del acto.<\/li>\n<\/ul>\n<p>Para los diferentes actos se necesitar\u00e1:<br \/>\n\u2022<strong> Poder General<\/strong>: generalidades del mandante y del mandatario + 2 testigos con documento de identidad vigente (se aconseja utilizar dicho poder con extrema cautela dadas las amplias facultades que confiere al mandatario);<br \/>\n\u2022<strong> Poder Especial para Litigios:<\/strong> generalidades del mandante y del mandatario (en el caso que sea un abogado, proporcionar tambi\u00e9n la Sede del Estudio legal) + generalidades completas o datos de la persona o sociedad contra la cual actuar;<br \/>\n\u2022 <strong>Poder Especial para la Compra o Venta de bienes inmuebles:<\/strong> generalidades del mandante y del mandatario + descripci\u00f3n del inmueble (ubicaci\u00f3n \u2013 composici\u00f3n) preferiblemente con los datos catastrales;<br \/>\n\u2022 Poder especial para la compra o venta de auto veh\u00edculos\/motociclos: generalidades del mandante y del mandatario + descripci\u00f3n del veh\u00edculo\/motociclo (marca, modelo, patente);<br \/>\n\u2022 <strong>Poder especial para la compra\/venta\/disoluci\u00f3n de sociedad<\/strong>: generalidades del mandante y del mandatario + descripci\u00f3n de la sociedad;<br \/>\n\u2022<strong> Poder especial para gestiones de sucesi\u00f3n y\/o actos de aceptaci\u00f3n\/renuncia relativos a herencias<\/strong>: generalidades del mandante y del mandatario + bien objeto de herencia + generalidades completas del \u201cde cujus\u201d (familiar fallecido), incluido el lugar y la fecha de nacimiento y de fallecimiento, + 2 testigos con documento de identidad v\u00e1lido;<br \/>\n\u2022 <strong>Poder especial para donaci\u00f3n\/aceptaci\u00f3n de donaci\u00f3n:<\/strong> generalidades del mandante y del mandatario + beneficiario de la donaci\u00f3n + descripci\u00f3n detallada de los bienes objeto de la donaci\u00f3n + 2 testigos con documento de identidad v\u00e1lido;<\/p>\n<p><strong>Autorizaci\u00f3n de viaje a menores:<\/strong> podr\u00e1 ser solicitada s\u00f3lo para menores ITALIANOS y NO residentes en Argentina. Si el menor fuere residente en esta circunscripci\u00f3n y por lo tanto tuviese un Documento Nacional de Identidad v\u00e1lido, la autorizaci\u00f3n deber\u00e1 ser solicitada frente a un escribano argentino;<\/p>\n<p>\u2022 <strong>Acta de Consentimiento:<\/strong> Puede ser solicitada a los fines de la emisi\u00f3n del pasaporte, a favor del padre de un menor o a favor de un menor. Se debe indicar nombre, apellido, lugar y fecha de nacimiento y domicilio de quien solicita el pasaporte.<\/p>\n<p>Para mayor informaci\u00f3n: <a href=\"http:\/\/www.esteri.it\/MAE\/IT\/Italiani_nel_Mondo\/ServiziConsolari\/AttiNotarili\/Procure.htm\">http:\/\/www.esteri.it\/MAE\/IT\/Italiani_nel_Mondo\/ServiziConsolari\/AttiNotarili\/Procure.htm<\/a><\/p>\n<p>&nbsp;<\/p>\n","protected":false},"excerpt":{"rendered":"Se trata de actos redactados en idioma italiano para los cuales se requiere la presencia f\u00edsica del declarante (identificado mediante un documento de reconocimiento v\u00e1lido) y el conocimiento por parte del mismo del idioma italiano. En consideraci\u00f3n de la complejidad y la delicadeza de la materia y con el objetivo de reducir los tiempos de [&hellip;]","protected":false},"author":3,"featured_media":0,"parent":160,"menu_order":0,"comment_status":"closed","ping_status":"closed","template":"","meta":{"footnotes":""},"class_list":["post-480","page","type-page","status-publish","hentry"],"_links":{"self":[{"href":"https:\/\/consmoron.esteri.it\/es\/wp-json\/wp\/v2\/pages\/480","targetHints":{"allow":["GET"]}}],"collection":[{"href":"https:\/\/consmoron.esteri.it\/es\/wp-json\/wp\/v2\/pages"}],"about":[{"href":"https:\/\/consmoron.esteri.it\/es\/wp-json\/wp\/v2\/types\/page"}],"author":[{"embeddable":true,"href":"https:\/\/consmoron.esteri.it\/es\/wp-json\/wp\/v2\/users\/3"}],"replies":[{"embeddable":true,"href":"https:\/\/consmoron.esteri.it\/es\/wp-json\/wp\/v2\/comments?post=480"}],"version-history":[{"count":1,"href":"https:\/\/consmoron.esteri.it\/es\/wp-json\/wp\/v2\/pages\/480\/revisions"}],"predecessor-version":[{"id":481,"href":"https:\/\/consmoron.esteri.it\/es\/wp-json\/wp\/v2\/pages\/480\/revisions\/481"}],"up":[{"embeddable":true,"href":"https:\/\/consmoron.esteri.it\/es\/wp-json\/wp\/v2\/pages\/160"}],"wp:attachment":[{"href":"https:\/\/consmoron.esteri.it\/es\/wp-json\/wp\/v2\/media?parent=480"}],"curies":[{"name":"wp","href":"https:\/\/api.w.org\/{rel}","templated":true}]}}