{"id":488,"date":"2023-07-07T14:12:37","date_gmt":"2023-07-07T17:12:37","guid":{"rendered":"https:\/\/consmoron.esteri.it\/?page_id=488"},"modified":"2023-07-07T14:13:05","modified_gmt":"2023-07-07T17:13:05","slug":"rientro-masserizie","status":"publish","type":"page","link":"https:\/\/consmoron.esteri.it\/es\/servizi-consolari-e-visti\/servizi-per-il-cittadino-italiano\/servizi-notarili\/rientro-masserizie\/","title":{"rendered":"Rientro masserizie"},"content":{"rendered":"<p><strong>Regreso definitivo a Italia \u2013 Facilidades aduaneras<\/strong><br \/>\nEl ciudadano italiano que reside en el exterior desde al menos 12 meses y que transfiere su residencia a Italia, tiene derecho a facilidades aduaneras y \u2013seg\u00fan las normas regionales, provinciales o municipales- a posibles tributos financieros.<br \/>\nLas exenciones aduaneras se aplican a los efectos personales pose\u00eddos y usados por el interesado, destinados a su uso personal, como as\u00ed tambi\u00e9n al autom\u00f3vil con un m\u00ednimo de 6 meses de posesi\u00f3n.<br \/>\nEl reingreso de las pertenencias debe realizarse dentro de los 12 meses desde la fecha declarada como \u00faltimo d\u00eda de residencia en el exterior.<br \/>\nEl interesado, ciudadano italiano, deber\u00e1 presentarse en la Oficinal Notarial con la siguiente documentaci\u00f3n:<br \/>\n\u2022 Cancelaci\u00f3n del registro consular (a efectuarse en la Oficina Anagrafe de la Agencia Consular);<br \/>\n\u2022 fotocopia del pasaporte;<br \/>\n\u2022 dos copias de la lista de las pertenencias en italiano y dos en espa\u00f1ol (la traducci\u00f3n podr\u00e1 ser hecha por el interesado);<br \/>\n\u2022 declaraci\u00f3n sustitutiva donde conste el per\u00edodo de residencia en la circunscripci\u00f3n consular y el Municipio en Italia donde residir\u00e1.<br \/>\nEl interesado, ciudadano extranjero, que se traslada a vivir a Italia con visa para tal fin, deber\u00e1 presentarse en la oficina Notarial con la siguiente documentaci\u00f3n:<br \/>\n\u2022 Fotocopia del pasaporte + visa;<br \/>\n\u2022 Dos copias de la lista de las pertenencias en italiano y dos en espa\u00f1ol (la traducci\u00f3n podr\u00e1 ser hecha por el interesado).<br \/>\nNota: Quien ya se ha trasladado a Italia tiene un a\u00f1o de tiempo, desde la fecha en la cual estableci\u00f3 su residencia, para efectuar la importaci\u00f3n de las propias pertenencias con exenci\u00f3n.<br \/>\nLos certificados aduaneros est\u00e1n sujetos al pago de los derechos seg\u00fan la Tarifa Consular actualmente vigente.<br \/>\nPara mayor informaci\u00f3n, remitirse a: Sitio Web de la \u201cAgenzia delle Dogane e dei Monopoli\u201d<br \/>\n<a href=\"http:\/\/www.esteri.it\/MAE\/IT\/Italiani_nel_Mondo\/ServiziConsolari\/AssistenzaCittadiniEstero\/Rimpatri.htm\">http:\/\/www.esteri.it\/MAE\/IT\/Italiani_nel_Mondo\/ServiziConsolari\/AssistenzaCittadiniEstero\/Rimpatri.htm<\/a><\/p>\n","protected":false},"excerpt":{"rendered":"Regreso definitivo a Italia \u2013 Facilidades aduaneras El ciudadano italiano que reside en el exterior desde al menos 12 meses y que transfiere su residencia a Italia, tiene derecho a facilidades aduaneras y \u2013seg\u00fan las normas regionales, provinciales o municipales- a posibles tributos financieros. Las exenciones aduaneras se aplican a los efectos personales pose\u00eddos y [&hellip;]","protected":false},"author":3,"featured_media":0,"parent":160,"menu_order":0,"comment_status":"closed","ping_status":"closed","template":"","meta":{"footnotes":""},"class_list":["post-488","page","type-page","status-publish","hentry"],"_links":{"self":[{"href":"https:\/\/consmoron.esteri.it\/es\/wp-json\/wp\/v2\/pages\/488","targetHints":{"allow":["GET"]}}],"collection":[{"href":"https:\/\/consmoron.esteri.it\/es\/wp-json\/wp\/v2\/pages"}],"about":[{"href":"https:\/\/consmoron.esteri.it\/es\/wp-json\/wp\/v2\/types\/page"}],"author":[{"embeddable":true,"href":"https:\/\/consmoron.esteri.it\/es\/wp-json\/wp\/v2\/users\/3"}],"replies":[{"embeddable":true,"href":"https:\/\/consmoron.esteri.it\/es\/wp-json\/wp\/v2\/comments?post=488"}],"version-history":[{"count":2,"href":"https:\/\/consmoron.esteri.it\/es\/wp-json\/wp\/v2\/pages\/488\/revisions"}],"predecessor-version":[{"id":491,"href":"https:\/\/consmoron.esteri.it\/es\/wp-json\/wp\/v2\/pages\/488\/revisions\/491"}],"up":[{"embeddable":true,"href":"https:\/\/consmoron.esteri.it\/es\/wp-json\/wp\/v2\/pages\/160"}],"wp:attachment":[{"href":"https:\/\/consmoron.esteri.it\/es\/wp-json\/wp\/v2\/media?parent=488"}],"curies":[{"name":"wp","href":"https:\/\/api.w.org\/{rel}","templated":true}]}}