{"id":496,"date":"2023-07-07T14:13:45","date_gmt":"2023-07-07T17:13:45","guid":{"rendered":"https:\/\/consmoron.esteri.it\/servizi-consolari-e-visti\/servizi-per-il-cittadino-italiano\/servizi-notarili\/rimpatrio-salme-e-ceneri-in-italia\/"},"modified":"2023-07-07T14:14:50","modified_gmt":"2023-07-07T17:14:50","slug":"rimpatrio-salme-e-ceneri-in-italia","status":"publish","type":"page","link":"https:\/\/consmoron.esteri.it\/es\/servizi-consolari-e-visti\/servizi-per-il-cittadino-italiano\/servizi-notarili\/rimpatrio-salme-e-ceneri-in-italia\/","title":{"rendered":"Repatriaci\u00f3n de Restos y Cenizas a Italia"},"content":{"rendered":"<p>El solicitante, o su apoderado, deber\u00e1 presentarse en la Agencia Consular para efectuar las gestiones relativas al traslado de las ceniza\/restos a Italia.<br \/>\nDocumentaci\u00f3n a ser presentada:<br \/>\n\u2022 Dos certificados de defunci\u00f3n en original, uno de ellos con la \u201cApostille de La Haya\u201d puesta por el Ministerio de Relaciones Exteriores (situado en la calle Esmeralda 1214 \u2013 Buenos Aires \u2013www.mrecig.gov.ar ) ambos con relativa traducci\u00f3n al italiano (all\u00ed donde fuere necesario un traductor se ruega consultar la siguiente p\u00e1gina. www.traductores.pba.org \/ www.traductores.org.ar ) + una fotocopia;<br \/>\n\u2022 Autorizaci\u00f3n para el entierro de los restos\/cenizas expedida por el Municipio competente;<br \/>\n\u2022 EN CASO DE CENIZAS Certificado de cremaci\u00f3n (sin traducci\u00f3n);<br \/>\n\u2022 EN CASO DE RESTOS Certificado m\u00e9dico (sin traducci\u00f3n) donde se indique que el deceso non ocurri\u00f3 por causa de enfermedad infecto-contagiosa.<br \/>\nLa firma del m\u00e9dico deber\u00e1 ser legalizada por el \u201cMinisterio de Salud\u201d.<br \/>\nEn caso de reciente deceso (24\/48 horas) se requiere adem\u00e1s \u201cCertificado de Tanatopraxia\u201d predispuesto por la empresa de servicios f\u00fanebres donde se indique que el cuerpo ha sido tratado seg\u00fan las normas internacionales actualmente vigentes.<br \/>\nTranscurridas 48 horas desde el deceso el certificado expedido por el m\u00e9dico deber\u00e1 indicar, adem\u00e1s, que los restos han sido sometidos a tratamiento anti-putrefactivo mediante la introducci\u00f3n en las cavidades corp\u00f3reas de al menos 500 cc. de formalina, luego de que haya transcurrido el eventual per\u00edodo de observaci\u00f3n;<br \/>\n\u2022 Indicar compa\u00f1\u00eda a\u00e9rea, vuelo, fecha de llegada a Italia y lugar de traspaso de frontera.<br \/>\nUna vez presentada la documentaci\u00f3n m\u00e1s arriba citada, la Agencia Consular procede a solicitar al Municipio la autorizaci\u00f3n para el ingreso en territorio italiano de las cenizas\/restos.<br \/>\nLos restos o cenizas deber\u00e1n estar cerrados en una caja doble (consultar empresa de servicios f\u00fanebres).<br \/>\nApenas recibida la autorizaci\u00f3n para el ingreso por pare del competente Municipio, un funcionario de la Agencia Consular proceder\u00e1 al sellado de la caja mediante los sellos previstos y a la entrega del pasaporte mortuorio con adjunto el relativo certificado de defunci\u00f3n.<br \/>\nEl pasaporte mortuorio y la legalizaci\u00f3n de la traducci\u00f3n del certificado de defunci\u00f3n est\u00e1n sujetos al pago de los derechos seg\u00fan la Tarifa Consular actualmente vigente.<br \/>\nPara mayor informaci\u00f3n: <a href=\"http:\/\/www.esteri.it\/MAE\/IT\/Italiani_nel_Mondo\/ServiziConsolari\/AssistenzaCittadiniEsteri\/Rimpatrio_Salme.htm\">http:\/\/www.esteri.it\/MAE\/IT\/Italiani_nel_Mondo\/ServiziConsolari\/AssistenzaCittadiniEsteri\/Rimpatrio_Salme.htm<\/a><\/p>\n","protected":false},"excerpt":{"rendered":"El solicitante, o su apoderado, deber\u00e1 presentarse en la Agencia Consular para efectuar las gestiones relativas al traslado de las ceniza\/restos a Italia. Documentaci\u00f3n a ser presentada: \u2022 Dos certificados de defunci\u00f3n en original, uno de ellos con la \u201cApostille de La Haya\u201d puesta por el Ministerio de Relaciones Exteriores (situado en la calle Esmeralda [&hellip;]","protected":false},"author":3,"featured_media":0,"parent":160,"menu_order":0,"comment_status":"closed","ping_status":"closed","template":"","meta":{"footnotes":""},"class_list":["post-496","page","type-page","status-publish","hentry"],"_links":{"self":[{"href":"https:\/\/consmoron.esteri.it\/es\/wp-json\/wp\/v2\/pages\/496","targetHints":{"allow":["GET"]}}],"collection":[{"href":"https:\/\/consmoron.esteri.it\/es\/wp-json\/wp\/v2\/pages"}],"about":[{"href":"https:\/\/consmoron.esteri.it\/es\/wp-json\/wp\/v2\/types\/page"}],"author":[{"embeddable":true,"href":"https:\/\/consmoron.esteri.it\/es\/wp-json\/wp\/v2\/users\/3"}],"replies":[{"embeddable":true,"href":"https:\/\/consmoron.esteri.it\/es\/wp-json\/wp\/v2\/comments?post=496"}],"version-history":[{"count":1,"href":"https:\/\/consmoron.esteri.it\/es\/wp-json\/wp\/v2\/pages\/496\/revisions"}],"predecessor-version":[{"id":497,"href":"https:\/\/consmoron.esteri.it\/es\/wp-json\/wp\/v2\/pages\/496\/revisions\/497"}],"up":[{"embeddable":true,"href":"https:\/\/consmoron.esteri.it\/es\/wp-json\/wp\/v2\/pages\/160"}],"wp:attachment":[{"href":"https:\/\/consmoron.esteri.it\/es\/wp-json\/wp\/v2\/media?parent=496"}],"curies":[{"name":"wp","href":"https:\/\/api.w.org\/{rel}","templated":true}]}}