{"id":501,"date":"2023-07-07T14:15:37","date_gmt":"2023-07-07T17:15:37","guid":{"rendered":"https:\/\/consmoron.esteri.it\/servizi-consolari-e-visti\/servizi-per-il-cittadino-italiano\/servizi-notarili\/autorizzazioni-di-viaggio-a-minori\/"},"modified":"2023-07-07T14:53:52","modified_gmt":"2023-07-07T17:53:52","slug":"autorizzazioni-di-viaggio-a-minori","status":"publish","type":"page","link":"https:\/\/consmoron.esteri.it\/es\/servizi-consolari-e-visti\/servizi-per-il-cittadino-italiano\/servizi-notarili\/autorizzazioni-di-viaggio-a-minori\/","title":{"rendered":"Autorizaci\u00f3n de viaje a menores"},"content":{"rendered":"<p>Hasta el cumplimiento de los 14 a\u00f1os de edad, los menores italianos pueden viajar fuera de las fronteras de su pa\u00eds de residencia con la condici\u00f3n de que viajen acompa\u00f1ados por lo menos por uno de los padres o por su tutor. De lo contrario, los padres o tutor deben completar en esta sede una \u201c<a href=\"https:\/\/consmoron.esteri.it\/wp-content\/uploads\/2023\/07\/dichiarazione_accompagnamento_12_03.pdf\">Declaraci\u00f3n de acompa\u00f1iamiento\u00bb<\/a> con los datos de la persona, del ente o de la compa\u00f1\u00eda de transporte que se encargar\u00e1 del menor durante el viaje.<br \/>\nEn caso de que los padres o tutores sean residentes en la circunscripci\u00f3n consular de esta Agencia, la declaraci\u00f3n deber\u00e1 hacerse personalmente previa reserva de un turno para la Oficina Notarial escribiendo a studi-notarile.moron@esteri.it y firmada en presencia del funcionario. Si el padre o tutor no es ciudadano de un pa\u00eds de la UE, su firma debe ser autenticada. Deben adjuntarse a la declaraci\u00f3n, copias de los documentos de identidad de los acompa\u00f1antes.<br \/>\nLa declaraci\u00f3n de acompa\u00f1amiento puede ser emitida para un solo viaje (debe entenderse para egreso y\/o ingreso) del pa\u00eds de residencia del menor con un destino determinado y no puede exceder, por norma, el t\u00e9rmino m\u00e1ximo de seis meses. En ning\u00fan caso puede exceder la fecha de vencimiento del pasaporte del menor.<br \/>\nLos que ejerzan la patria potestad o tutela de un menor, pueden solicitar que los nombres de los acompa\u00f1antes (hasta un m\u00e1ximo de dos), la duraci\u00f3n del viaje y el destino se impriman en el pasaporte del menor o bien, que dichos datos figuren en una constancia por separado que ser\u00e1 emitida por la Oficina competente.<\/p>\n<p>En el caso en que el menor sea confiado a un ente o una compa\u00f1\u00eda de transporte, para garantizar de forma completa y leg\u00edtima los datos relativos al viaje, solo se emitir\u00e1 la mencionada constancia.<br \/>\nSe sugiere que, antes de comprar el pasaje, se contacte con la compa\u00f1\u00eda de transporte, para verificar las condiciones establecidas por la misma compa\u00f1\u00eda para ejercer la tutela del menor durante el viaje.<\/p>\n<p>Los menores de edad con doble ciudadan\u00eda que deban viajar solos o acompa\u00f1ados por uno de los padres deber\u00e1n presentar ante la Autoridades de frontera una autorizaci\u00f3n de ambos padres producida ante un escribano argentino.<br \/>\nSi uno de los padres se encontrare en el exterior, deber\u00e1 enviar la autorizaci\u00f3n de viaje realizada ante las autoridades consulares argentinas del pa\u00eds donde tiene residencia.<\/p>\n<p>&nbsp;<\/p>\n","protected":false},"excerpt":{"rendered":"Hasta el cumplimiento de los 14 a\u00f1os de edad, los menores italianos pueden viajar fuera de las fronteras de su pa\u00eds de residencia con la condici\u00f3n de que viajen acompa\u00f1ados por lo menos por uno de los padres o por su tutor. De lo contrario, los padres o tutor deben completar en esta sede una [&hellip;]","protected":false},"author":3,"featured_media":0,"parent":160,"menu_order":0,"comment_status":"closed","ping_status":"closed","template":"","meta":{"footnotes":""},"class_list":["post-501","page","type-page","status-publish","hentry"],"_links":{"self":[{"href":"https:\/\/consmoron.esteri.it\/es\/wp-json\/wp\/v2\/pages\/501","targetHints":{"allow":["GET"]}}],"collection":[{"href":"https:\/\/consmoron.esteri.it\/es\/wp-json\/wp\/v2\/pages"}],"about":[{"href":"https:\/\/consmoron.esteri.it\/es\/wp-json\/wp\/v2\/types\/page"}],"author":[{"embeddable":true,"href":"https:\/\/consmoron.esteri.it\/es\/wp-json\/wp\/v2\/users\/3"}],"replies":[{"embeddable":true,"href":"https:\/\/consmoron.esteri.it\/es\/wp-json\/wp\/v2\/comments?post=501"}],"version-history":[{"count":3,"href":"https:\/\/consmoron.esteri.it\/es\/wp-json\/wp\/v2\/pages\/501\/revisions"}],"predecessor-version":[{"id":509,"href":"https:\/\/consmoron.esteri.it\/es\/wp-json\/wp\/v2\/pages\/501\/revisions\/509"}],"up":[{"embeddable":true,"href":"https:\/\/consmoron.esteri.it\/es\/wp-json\/wp\/v2\/pages\/160"}],"wp:attachment":[{"href":"https:\/\/consmoron.esteri.it\/es\/wp-json\/wp\/v2\/media?parent=501"}],"curies":[{"name":"wp","href":"https:\/\/api.w.org\/{rel}","templated":true}]}}