{"id":527,"date":"2023-07-13T11:56:59","date_gmt":"2023-07-13T14:56:59","guid":{"rendered":"https:\/\/consmoron.esteri.it\/?page_id=527"},"modified":"2023-07-13T12:14:44","modified_gmt":"2023-07-13T15:14:44","slug":"faq","status":"publish","type":"page","link":"https:\/\/consmoron.esteri.it\/es\/servizi-consolari-e-visti\/servizi-per-il-cittadino-straniero\/cittadinanza\/faq\/","title":{"rendered":"Preguntas frecuentes"},"content":{"rendered":"<div>\n<p>El siguiente es un listado con las preguntas frecuentes que recibimos de los interesados en obtener el reconocimiento de la ciudadan\u00eda italiana.<\/p>\n<p>Por \u00faltimo encontrar\u00e1 algunas consultas de quienes ya son ciudadanos italianos.<\/p>\n<p><span style=\"text-decoration: underline;\"><strong>\u00c8 inoltre possibile consultare l\u2019assistente virtuale Botita inviando un messaggio via Whats App al 11.6271.3009<\/strong><\/span><\/p>\n<p><strong>\u00bfQu\u00e9 necesito para solicitar el reconocimiento de la ciudadan\u00eda como descendiente de antepasado italiano?<\/strong><\/p>\n<p>Usted encontrar\u00e1 los requisitos presionando <a href=\"https:\/\/consmoron.esteri.it\/es\/servizi-consolari-e-visti\/servizi-per-il-cittadino-straniero\/cittadinanza\/\">aqu\u00ed<\/a>. Tenga en cuenta que, en algunos casos particulares, podr\u00eda serle solicitada documentaci\u00f3n adicional.<\/p>\n<p><strong>\u00bfD\u00f3nde debo solicitar el reconocimiento de la ciudadan\u00eda italiana?<\/strong><\/p>\n<p>Usted debe realizar su tr\u00e1mite ante la autoridad italiana de su lugar de residencia. Puede presentar su solicitud en esta Agencia Consular solamente si Usted es residente desde hace m\u00e1s de seis meses en nuestra jurisdicci\u00f3n consular, conformada por:<\/p>\n<ul>\n<li>-MORON: Mor\u00f3n, Castelar, Haedo, Villa Sarmiento, El Palomar.<\/li>\n<li>-LA MATANZA: San Justo, Gregorio de Laferrere, Isidro Casanova, La Tablada, Ciudad Madero, Virrey del Pino, Aldo Bonzi, Gonz\u00e1lez Cat\u00e1n, Ramos Mej\u00eda, Rafael Castillo, Villa Luzuriaga, Ciudad Evita, Tapiales, 20 de Junio, Lomas del Mirador, Loma del Mill\u00f3n, Villa Celina, Villa Luzuriaga, Villa Insuperable.<\/li>\n<li>-ITUZAINGO: Ituzaing\u00f3, Villa Udaondo.<\/li>\n<li>-HURLINGHAM: Hurlingham, Ciudad de Villa Tesei, William Morris.<\/li>\n<\/ul>\n<p><strong>\u00bfPuedo solicitar el reconocimiento de la ciudadan\u00eda si no he actualizado mi domicilio en el DNI?<\/strong><\/p>\n<p>NO. Para realizar el tr\u00e1mite Usted deber\u00e1 presentar su DNI con domicilio real y efectivo actualizado. Del mismo modo, los DNI del resto de su familia deber\u00e1n ser presentados con domicilio actualizado. La fecha de expedici\u00f3n de los DNI deber\u00e1 ser superior a los seis meses. En caso de haber cambiado recientemente de domicilio dentro de esta jurisdicci\u00f3n consular, deber\u00e1 presentar su actual DNI m\u00e1s el anterior, para as\u00ed demostrar su residencia en nuestra jurisdicci\u00f3n territorial no menor a los seis meses.<\/p>\n<p><strong>\u00bfDebo abonar para solicitar el reconocimiento de la ciudadan\u00eda como descendiente de antepasado italiano?<\/strong><\/p>\n<p>S\u00ed. La solicitud de reconocimiento de ciudadan\u00eda italiana de toda persona mayor de 18 a\u00f1os est\u00e1 sujeta al pago de una tasa consular equivalente a 300 euros a abonarse en pesos argentinos.<\/p>\n<p>La inscripci\u00f3n de hijos menores de 18 a\u00f1os es gratuita y los padres pueden solicitarla en el marco de su propia solicitud o posteriormente, a trav\u00e9s de la Oficina \u201cAnagrafe\/Stato Civile\u201d<\/p>\n<p><strong>Si otro familiar ya present\u00f3 la documentaci\u00f3n de mis ascendientes en la Agencia Consular de Mor\u00f3n, \u00bfdebo volver a presentarla?<\/strong><\/p>\n<p>En principio, la documentaci\u00f3n ya presentada en esta Agencia Consular NO le ser\u00e1 requerida nuevamente. El d\u00eda del turno deber\u00e1 indicar los datos de su familiar o el n\u00famero de expediente a fin verificar la documentaci\u00f3n ya presentada. Si fuera necesario se le podr\u00e1 indicar completar\/actualizar documentaci\u00f3n.<\/p>\n<p><strong>Si mi hermano\/a o padre\/madre solicita el reconocimiento de la ciudadan\u00eda conmigo en la Agencia Consular de Mor\u00f3n, \u00bfdebemos presentar la documentaci\u00f3n por duplicado?<\/strong><\/p>\n<p>NO. Para tr\u00e1mites a realizarse en esta Agencia Consular de Mor\u00f3n la documentaci\u00f3n de los ascendientes en com\u00fan se deber\u00e1 presentar solamente una vez.<\/p>\n<p><strong>Si la documentaci\u00f3n de mis antepasados ya fue presentada en otro consulado, \u00bfpuedo utilizarla para el tr\u00e1mite que realizar\u00e9 en la Agencia Consular de Mor\u00f3n?<\/strong><\/p>\n<p>NO. La documentaci\u00f3n presentada en otra sede consular no puede ser utilizada para tr\u00e1mites a realizarse en esta Agencia Consular. Ser\u00e1 necesario, como tr\u00e1mite independiente, que Ud. presente la documentaci\u00f3n completa indicada <a href=\"https:\/\/consmoron.esteri.it\/es\/servizi-consolari-e-visti\/servizi-per-il-cittadino-straniero\/cittadinanza\/\">aqu\u00ed<\/a>.<\/p>\n<p><strong>\u00bfExiste una instancia previa al turno donde puedan verificar mi documentaci\u00f3n, ya sea de manera presencial o envi\u00e1ndola por correo electr\u00f3nico?<\/strong><\/p>\n<p>NO. La documentaci\u00f3n ser\u00e1 evaluada solamente el d\u00eda de su turno, previo pago del arancel consular correspondiente al tr\u00e1mite de ciudadan\u00eda. En esa instancia se indicar\u00e1, si fuera necesario, la realizaci\u00f3n de rectificaciones en las actas o el aporte de documentaci\u00f3n adicional.<\/p>\n<p><strong>\u00bfEs necesario que mi padre\/madre solicite el reconocimiento de la ciudadan\u00eda para que yo pueda hacerlo?<\/strong><\/p>\n<p>NO, no es necesario. De todos modos, tal como est\u00e1 indicado en los requisitos (ver <a href=\"https:\/\/consmoron.esteri.it\/es\/servizi-consolari-e-visti\/servizi-per-il-cittadino-straniero\/cittadinanza\/\">aqu\u00ed<\/a>), Usted deber\u00e1 de presentar fotocopia simple del DNI y las actas de su padre\/madre, descendiente del ciudadano italiano.<\/p>\n<p><strong>\u00bfPuedo solicitar turno para el mismo d\u00eda que mi padre\/madre o hijo?<\/strong><\/p>\n<p>S\u00cd. Cada solicitante de 18 a\u00f1os o m\u00e1s debe solicitar un turno a su nombre. Otros familiares podr\u00e1n solicitar su propio turno para el mismo u otro d\u00eda. En el tr\u00e1mite de cada solicitante podr\u00e1 incluirse la solicitud del reconocimiento de la ciudadan\u00eda para los hijos menores de 18 a\u00f1os, para los cuales NO deber\u00e1 solicitar un turno individual.<\/p>\n<p><strong>Si estoy casado\/a con un ciudadano\/a italiano\/a, \u00bfpuedo solicitar la ciudadan\u00eda italiana?<\/strong><\/p>\n<p>S\u00ed. A las mujeres que hayan contra\u00eddo matrimonio con un ciudadano italiano antes del 27.04.1983 (si no se disolvi\u00f3 el v\u00ednculo por separaci\u00f3n, divorcio o muerte del c\u00f3nyuge antes de esa fecha) les corresponde la ciudadan\u00eda de manera directa. Puede consultar la documentaci\u00f3n solicitada <a href=\"https:\/\/consmoron.esteri.it\/es\/servizi-consolari-e-visti\/servizi-per-il-cittadino-straniero\/cittadinanza\/\">aqu\u00ed<\/a>, en el punto 7.1<\/p>\n<p>Las mujeres casadas con ciudadano\/a italiano\/a despu\u00e9s del 27.04.1983 y los hombres casados con un\/a ciudadano\/a italiano\/a -independientemente de la fecha del matrimonio- podr\u00e1n solicitar la ciudadan\u00eda por naturalizaci\u00f3n siguiendo los pasos indicados en el punto 7.2 <a href=\"https:\/\/consmoron.esteri.it\/it\/servizi-consolari-e-visti\/servizi-per-il-cittadino-straniero\/cittadinanza\/cittadinanza-per-matrimonio-o-unione-civile\/\">aqu\u00ed<\/a>.<\/p>\n<p><strong>Estoy unido civilmente\/en uni\u00f3n convivencial con un\/a ciudadano\/a italiano\/a, \u00bfpuedo solicitar la Naturalizaci\u00f3n por matrimonio?<\/strong><\/p>\n<p>No. S\u00f3lo el matrimonio con un\/a ciudadano\/a italiano\/a da derecho al c\u00f3nyuge extranjero a solicitar la Naturalizaci\u00f3n por matrimonio.<\/p>\n<p><strong>\u00bfC\u00f3mo obtengo la partida\/acta de nacimiento de mi ascendiente nacido en Italia?<\/strong><\/p>\n<p>Es necesario que Ud. se contacte directamente, incluso por correo postal, con la Comuna de nacimiento de su ascendiente y solicite el acta de nacimiento. La nota puede ser redactada seg\u00fan <a href=\"https:\/\/consmoron.esteri.it\/wp-content\/uploads\/2023\/07\/richiesta_atti_al_comune.pdf\">este modelo<\/a>.<\/p>\n<p>Es imprescindible que Ud. obtenga el acta en soporte papel con la legalizaci\u00f3n de la Comuna correspondiente. No se aceptan documentos recibidos por correo electr\u00f3nico o por PEC; puesto que tampoco las aceptan las autoridades argentinas, Ud. podr\u00e1 solicitarla \u201cda valere all\u2019estero\u201d.<\/p>\n<p><strong>\u00bfC\u00f3mo averiguo el lugar de nacimiento de mi ascendiente?<\/strong><\/p>\n<p>Debe analizar recuerdos y documentos familiares, pasaporte de entrada al pa\u00eds, actas de Registro Civil de su ascendiente, archivos eclesi\u00e1sticos o militares, etc. donde se indique el lugar de nacimiento.<\/p>\n<p>Las autoridades diplom\u00e1tico-consulares no poseen ninguna lista de italianos emigrados en Argentina, por lo tanto la b\u00fasqueda de los ascendientes est\u00e1 a cargo y bajo la total responsabilidad de los interesados.<\/p>\n<p><strong>\u00bfEs necesario que las traducciones est\u00e9n hechas por traductores matriculados?<\/strong><\/p>\n<p>Si bien no es obligatorio, se sugiere que la traducci\u00f3n sea realizada por un traductor matriculado en el registro de traductores p\u00fablicos. La oficina de ciudadan\u00eda revisar\u00e1 todas las traducciones mas no realizar\u00e1 correcciones, por lo que aquellas que presentaran errores ser\u00e1n rechazadas.<\/p>\n<p><strong>Tengo toda la documentaci\u00f3n traducida hace mucho tiempo y solo ahora puedo presentar la solicitud. Los documentos, \u00bfson todav\u00eda v\u00e1lidos?<\/strong><\/p>\n<p>En principio, la documentaci\u00f3n es v\u00e1lida a menos que en el transcurso se hayan producido cambios en el contenido de las actas o se hayan agregado notas marginales. En ese caso es necesario solicitar la documentaci\u00f3n actualizada.<\/p>\n<p>Las traducciones son siempre v\u00e1lidas, pero si se ha actualizado la documentaci\u00f3n, tambi\u00e9n deber\u00e1n actualizarse las traducciones.<\/p>\n<p><strong>NATURALIZACION POR MATRIMONIO:<\/strong><\/p>\n<p><strong>\u00bfTengo que pedir turno?<\/strong><\/p>\n<p>S\u00ed. Usted tiene que pedir turno para la oficina de ciudadan\u00eda a trav\u00e9s del sistema Prenota on line de nuestro sitio web y elegir la tipolog\u00eda \u00abNaturalizaci\u00f3n por matrimonio \u2013 legalizaci\u00f3n traducciones\u00bb. S\u00f3lo deber\u00e1 hacerlo cuando ya tenga toda la documentaci\u00f3n requerida, incluido el certificado de competencia en lengua italiana de nivel B1 (ver requisitos en el punto 7.2. <a href=\"https:\/\/consmoron.esteri.it\/consolato_moron\/it\/los_servicios\/cittadinanza\">aqu\u00ed<\/a>).<\/p>\n<p><strong>\u00bfQu\u00e9 tengo que llevar el d\u00eda del turno?<\/strong><\/p>\n<p>Usted tiene que traer la siguiente documentaci\u00f3n:<\/p>\n<p>\u25cf partida de nacimiento en original traducida al italiano;<\/p>\n<p>\u25cf certificado\/s de antecedentes penales, en original y traducido\/s al italiano, emitido\/s por la autoridad central del Pa\u00eds de origen y por las autoridades de todos los Pa\u00edses donde haya vivido a partir de los 14 a\u00f1os de edad;<\/p>\n<p>\u25cf documento de identidad con el domicilio actualizado;<\/p>\n<p><strong>\u00bfQu\u00e9 se realiza el d\u00eda del turno?<\/strong><\/p>\n<p>Se procede a la legalizaci\u00f3n de las traducciones de su partida de nacimiento y de su\/s certificado\/s de antecedentes penales.<\/p>\n<p><strong>\u00bfQu\u00e9 hago despu\u00e9s del turno?<\/strong><\/p>\n<p>Usted tendr\u00e1 que registrarse en el sitio web del Ministero dell\u2019Interno accediendo a la p\u00e1gina<a href=\"https:\/\/cittadinanza.dlci.interno.it\"> https:\/\/cittadinanza.dlci.interno.it<\/a><\/p>\n<p><strong>\u00bfTengo que pagar para registrarme?<\/strong><\/p>\n<p>No, el registro es GRATUITO. Usted solo necesita una direcci\u00f3n de correo electr\u00f3nico v\u00e1lida. Despu\u00e9s de haberse registrado recibir\u00e1 en el mail proporcionado las credenciales de acceso. Se recomienda declarar un email que utilice frecuentemente dado que all\u00ed se enviar\u00e1n todas las comunicaciones relativas a su solicitud de ciudadan\u00eda.<\/p>\n<p><strong>\u00bfQu\u00e9 m\u00f3dulo tengo que elegir?<\/strong><\/p>\n<p>Debe seleccionar el Modello AE \u2013 cittadini stranieri residenti all\u2019estero \u2013 Art. 5 \u2013 richiesta per matrimonio con cittadino italiano.<\/p>\n<p><strong>\u00bfC\u00f3mo se completa el m\u00f3dulo?<\/strong><\/p>\n<p>Es obligatorio completar todos los campos en rojo. Los datos personales ingresados deben ser los mismos que resultan en su partida de nacimiento.<\/p>\n<p><strong>\u00bfQu\u00e9 hago si tengo apellido compuesto?<\/strong><\/p>\n<p>En ese caso deber\u00e1 registrar los dos apellidos.<\/p>\n<p><strong>\u00bfQu\u00e9 ingreso en el campo \u00abluogo di nascita\u00bb?<\/strong><\/p>\n<p>En ese campo debe indicar la localidad de nacimiento, tal como resulta en su partida de nacimiento. Por ejemplo si naci\u00f3 en Villa Luzuriaga debe ingresar Villa Luzuriaga y no Buenos Aires.<\/p>\n<p><strong>\u00bfQu\u00e9 ingreso en el campo \u00ablocalit\u00e0 di residenza\u00bb?<\/strong><\/p>\n<p>En ese campo debe indicar la localidad de residencia y no la provincia. Por ejemplo si reside en Haedo debe ingresar Haedo y no Buenos Aires.<\/p>\n<p><strong>\u00bfQu\u00e9 ingreso en el campo \u00abCODICE FISCALE\u00bb?<\/strong><\/p>\n<p>Si Usted no posee un c\u00f3digo fiscal italiano ese campo no se completa.<\/p>\n<p><strong>\u00bfQu\u00e9 ingreso en el campo DATA DI CELEBRAZIONE DEL MATRIMONIO?<\/strong><\/p>\n<p>En ese campo debe ingresar la fecha de su matrimonio civil y no religioso.<\/p>\n<p><strong>\u00bfQu\u00e9 ingreso en el campo \u00abRICONOSCIUTO APOLIDE CON\u00bb?<\/strong><\/p>\n<p>Ese campo no se completa a menos que Usted sea efectivamente ap\u00e1trida (o sea que no posee ninguna ciudadan\u00eda).<\/p>\n<p><strong>\u00bfQu\u00e9 ingreso en los campos EVENTUALI INDIRIZZI NEL PAESE DI ORIGINE E\/O IN QUALSIASI ALTRO PAESE AD ESCLUSIONE DELL\u2019ITALIA A PARTIRE DALL&#8217;ET\u00c0\u2019 DI 14 ANNI?<\/strong><\/p>\n<p>Debe declarar todos los domicilios en los cuales vivi\u00f3 a partir de los catorce a\u00f1os (ya sean de Argentina o del exterior).<\/p>\n<p><strong>\u00bfQu\u00e9 ingreso en el campo COMPOSIZIONE DEL PROPRIO NUCLEO FAMILIARE?<\/strong><\/p>\n<p>Debe ingresar todos los familiares que conviven en el mismo domicilio.<\/p>\n<p><strong>\u00bfQu\u00e9 ingreso en el campo CITTADINANZA CONIUGE?<\/strong><\/p>\n<p>Si su c\u00f3nyuge es ciudadano italiano por sangre, debe seleccionar la opci\u00f3n \u201ccittadino italiano dalla nascita\u201d. No hay que ingresar ninguna fecha.<\/p>\n<p><strong>\u00bfQu\u00e9 hago despu\u00e9s de haber completado el formulario?<\/strong><\/p>\n<p>Deber\u00e1 guardar todos los cambios efectuados y proceder al escaneo de los seis documentos obligatorios.<\/p>\n<p><strong>\u00bfPuedo adjuntar las fotos de los documentos?<\/strong><\/p>\n<p>No. La documentaci\u00f3n tiene que ser escaneada en uno de los siguientes formatos: PDF, JPEG, TIFF.<\/p>\n<p><strong>\u00bfTengo que escanear todas las p\u00e1ginas?<\/strong><\/p>\n<p>S\u00ed, anverso y reverso de cada hoja, y todas las p\u00e1ginas deber\u00e1n ser legibles.<\/p>\n<p><strong>\u00bfQu\u00e9 hago despu\u00e9s de haber enviado la solicitud?<\/strong><\/p>\n<p>Deber\u00e1 esperar a recibir en su mail las comunicaciones del Consulado. La solicitud podr\u00e1 ser aceptada o rechazada. En este \u00faltimo caso se le indicar\u00e1 el motivo del rechazo y, si lo desea, una vez subsanado el error o la omisi\u00f3n, podr\u00e1 volver a ingresar una nueva solicitud.<\/p>\n<p><strong>\u00bfTengo que pedir un nuevo turno si mi solicitud fue aceptada?<\/strong><\/p>\n<p>No. Usted recibir\u00e1 una convocatoria para presentarse ante la oficina Anagrafe para presentar en original su documentaci\u00f3n oportunamente escaneada.<\/p>\n<p><strong>\u00bfSi mi solicitud es aceptada cuanto tiempo tengo que esperar?<\/strong><\/p>\n<p>El procedimiento administrativo de concesi\u00f3n de la ciudadan\u00eda italiana por matrimonio es de competencia exclusiva del Ministero dell\u2019interno y tiene un plazo de cuatro a\u00f1os para su tratamiento.<\/p>\n<p><strong>\u00bfC\u00f3mo puedo seguir mi tr\u00e1mite?<\/strong><\/p>\n<p>Podr\u00e1 seguir su tr\u00e1mite ingresando al portal del Ministero dell\u2019Interno con su usuario y contrase\u00f1a.<\/p>\n<p><strong>\u00bfC\u00f3mo se otorga la ciudadan\u00eda?<\/strong><\/p>\n<p>La ciudadan\u00eda por matrimonio se otorga a trav\u00e9s de un decreto ministerial. Una vez que el Ministero dell\u2019Interno nos env\u00ede su decreto de concesi\u00f3n de la ciudadan\u00eda Usted ser\u00e1 convocado para prestar el juramento de fidelidad a la Rep\u00fablica Italiana.<\/p>\n<p><strong>\u00bfC\u00f3mo me avisan que lleg\u00f3 mi decreto?<\/strong><\/p>\n<p>Usted ser\u00e1 convocado a trav\u00e9s de una carta certificada al \u00faltimo domicilio declarado.<\/p>\n<p><strong>\u00bfCu\u00e1ndo tengo que jurar?<\/strong><\/p>\n<p>Deber\u00e1 jurar obligatoriamente dentro de los seis meses de haber sido notificado. Pasado ese plazo el decreto perder\u00e1 su validez.<\/p>\n<p><strong>\u00bfCu\u00e1ndo soy italiano?<\/strong><\/p>\n<p>Usted ser\u00e1 italiano por ley el d\u00eda siguiente de prestar juramento.<\/p>\n<p>&nbsp;<\/p>\n<p><strong>YA SOY CIUDADANO ITALIANO:<\/strong><\/p>\n<p><strong>\u00bfQu\u00e9 necesito para solicitar la inscripci\u00f3n de un hijo menor de 18 a\u00f1os?<\/strong><\/p>\n<p>Si Usted es ciudadano italiano correctamente inscripto en esta Agencia Consular, deber\u00e1 registrar el nacimiento de sus hijos menores presentando la documentaci\u00f3n requerida por la Oficina \u201cAnagrafe\/Stato Civile\u201d detallada <a href=\"https:\/\/consmoron.esteri.it\/it\/servizi-consolari-e-visti\/servizi-per-il-cittadino-italiano\/stato-civile\/\">aqu\u00ed<\/a>.<\/p>\n<p><strong>\u00bfQu\u00e9 debo hacer si he cambiado de estado civil?<\/strong><\/p>\n<p>Si Usted ha contra\u00eddo matrimonio, deber\u00e1 presentar:<\/p>\n<ul>\n<li>acta de matrimonio digital\/electr\u00f3nica, traducida al italiano<\/li>\n<li>DNI suyo y de su c\u00f3nyuge, con direcci\u00f3n actualizada<\/li>\n<\/ul>\n<p>Si Usted se ha divorciado, deber\u00e1 presentar la Sentencia de divorcio tal como se indica <a href=\"https:\/\/consmoron.esteri.it\/consolato_moron\/es\/los_servicios\/para%20los%20ciudadanios\/stato%20civile\">aqu\u00ed<\/a>.<\/p>\n<p>En caso de viudez, si su c\u00f3nyuge era ciudadano italiano, deber\u00e1 presentar el acta de defunci\u00f3n digital\/electr\u00f3nica, traducida al italiano. Si, en cambio, su c\u00f3nyuge no era ciudadano italiano, ser\u00e1 suficiente presentar una fotocopia de la partida de defunci\u00f3n que, en este caso, no necesita ser traducida.<\/p>\n<p>En caso de estar en Uni\u00f3n convivencial, Ud. puede registrar dicha situaci\u00f3n en la Agencia Consular, presentando el acta traducida al italiano, su DNI y el de su pareja, en los cuales debe constar el mismo domicilio, pero esto no cambia su estado civil y el acta no es transmitida a la Comuna de referencia.<\/p>\n<p><strong>\u00bfQu\u00e9 debo hacer si he cambiado de domicilio?<\/strong><\/p>\n<p>Si Usted ha cambiado domicilio dentro de nuestra jurisdicci\u00f3n territorial consular, deber\u00e1 informar el cambio a trav\u00e9s del portal <a href=\"https:\/\/consmoron.esteri.it\/consolato_moron\/it\/la_comunicazione\/dal_consolato\/fast-it-il-portale-dei-servizi.html\">FAST IT<\/a> (si Usted no posee a\u00fan un usuario en dicho portal, deber\u00e1 crearlo registr\u00e1ndose con su nombre tal como figura en su acta de nacimiento y, a continuaci\u00f3n, seleccionar \u201cComunicare la variazione della propria residenza\u201d, adjuntando la documentaci\u00f3n requerida).<br \/>\nSi, en cambio, Usted se ha mudado hacia nuestra circunscripci\u00f3n territorial desde otra jurisdicci\u00f3n consular o desde Italia, deber\u00e1 gestionar un usuario a trav\u00e9s de la plataforma FAST IT, con su nombre tal como figura en su acta de nacimiento, y luego solicitar su inscripci\u00f3n al AIRE.<\/p>\n<p>&nbsp;<\/p>\n<\/div>\n","protected":false},"excerpt":{"rendered":"El siguiente es un listado con las preguntas frecuentes que recibimos de los interesados en obtener el reconocimiento de la ciudadan\u00eda italiana. Por \u00faltimo encontrar\u00e1 algunas consultas de quienes ya son ciudadanos italianos. \u00c8 inoltre possibile consultare l\u2019assistente virtuale Botita inviando un messaggio via Whats App al 11.6271.3009 \u00bfQu\u00e9 necesito para solicitar el reconocimiento de [&hellip;]","protected":false},"author":3,"featured_media":0,"parent":169,"menu_order":2,"comment_status":"closed","ping_status":"closed","template":"","meta":{"footnotes":""},"class_list":["post-527","page","type-page","status-publish","hentry"],"_links":{"self":[{"href":"https:\/\/consmoron.esteri.it\/es\/wp-json\/wp\/v2\/pages\/527","targetHints":{"allow":["GET"]}}],"collection":[{"href":"https:\/\/consmoron.esteri.it\/es\/wp-json\/wp\/v2\/pages"}],"about":[{"href":"https:\/\/consmoron.esteri.it\/es\/wp-json\/wp\/v2\/types\/page"}],"author":[{"embeddable":true,"href":"https:\/\/consmoron.esteri.it\/es\/wp-json\/wp\/v2\/users\/3"}],"replies":[{"embeddable":true,"href":"https:\/\/consmoron.esteri.it\/es\/wp-json\/wp\/v2\/comments?post=527"}],"version-history":[{"count":5,"href":"https:\/\/consmoron.esteri.it\/es\/wp-json\/wp\/v2\/pages\/527\/revisions"}],"predecessor-version":[{"id":530,"href":"https:\/\/consmoron.esteri.it\/es\/wp-json\/wp\/v2\/pages\/527\/revisions\/530"}],"up":[{"embeddable":true,"href":"https:\/\/consmoron.esteri.it\/es\/wp-json\/wp\/v2\/pages\/169"}],"wp:attachment":[{"href":"https:\/\/consmoron.esteri.it\/es\/wp-json\/wp\/v2\/media?parent=527"}],"curies":[{"name":"wp","href":"https:\/\/api.w.org\/{rel}","templated":true}]}}