{"id":650,"date":"2023-10-02T10:46:34","date_gmt":"2023-10-02T13:46:34","guid":{"rendered":"https:\/\/consmoron.esteri.it\/servizi-consolari-e-visti\/servizi-per-il-cittadino-italiano\/anagrafe-degli-italiani-residenti-allestero-aire\/richiedere-liscrizione-allaire\/"},"modified":"2023-10-04T14:27:21","modified_gmt":"2023-10-04T17:27:21","slug":"richiedere-liscrizione-allaire","status":"publish","type":"page","link":"https:\/\/consmoron.esteri.it\/es\/servizi-consolari-e-visti\/servizi-per-il-cittadino-italiano\/anagrafe-degli-italiani-residenti-allestero-aire\/richiedere-liscrizione-allaire\/","title":{"rendered":"Solicitar la inscripci\u00f3n en el AIRE"},"content":{"rendered":"<p>Solicitar la inscripci\u00f3n en el padr\u00f3n de los italianos en el exterior (A.I.R.E.) (<a href=\"https:\/\/consmoron.esteri.it\/wp-content\/uploads\/2023\/07\/fast_it_-_manuale_iscrizione_aire_-_spagnolo.pdf\"><strong>leer manual<\/strong><\/a>)<br \/>\nEl servicio permite comunicar a la autoridad consular el cambio de la propia residencia al extranjero.<\/p>\n<p>Antes de iniciar el procedimiento, asegurarse de tener los siguientes documentos (OBLIGATORIOS) en formato digital:<\/p>\n<ul>\n<li><strong>Formulario \u00abDichiarazione sostitutiva \/ modulo d\u2019iscrizione all\u2019AIRE\u00bb<\/strong> completado en TODOS SUS CAMPOS; este formulario, generado por el FAST IT, deber\u00e1 ser descargado en formato PDF, impreso, firmado (obligatorio) y adjuntado como parte de la documentaci\u00f3n requerida para completar el tr\u00e1mite.<\/li>\n<\/ul>\n<ul>\n<li><strong>DNI argentino vigente<\/strong> (obligatorio, frente y dorso) del titular y de cada uno de los familiares que viven con \u00e9l declarados en la solicitud. Los familiares deben declararse, sean o no italianos. (CON LA DIRECCI\u00d3N ACTUALIZADA)<\/li>\n<\/ul>\n<ul>\n<li><strong>Documentaci\u00f3n (RECIENTE: no m\u00e1s de seis meses)<\/strong> <strong>que acredite la residencia<\/strong>\u00a0 <strong>A SU NOMBRE<\/strong> (o a nombre del conyuge) en la circunscripci\u00f3n consular de Mor\u00f3n: facturas de servicios (luz, gas, tel\u00e9fono, agua, etc.) o, como segunda opci\u00f3n, alguna otra documentaci\u00f3n A SU NOMBRE, comprobante el domicilio (contrato de alquiler, pago de celular, recibo de tarjeta bancaria etc). En el caso de no tener una prueba fehaciente de residencia a nombre del solicitante o del c\u00f3nyuge, no ser\u00e1 posible proceder a la inscripci\u00f3n AIRE (seg\u00fan lo establecido por el Decreto legislativo 223\/2012 la presentaci\u00f3n de dicha prueba es obligatoria).<\/li>\n<li><strong>Si hizo la ciudadan\u00eda en Italia, <\/strong>una copia de su acta de nacimiento , EMITIDA POR EL COMUNE ITALIANO (en formato pdf\u00a0 o\u00a0 jpg) y alg\u00fan documento (en formato pdf\u00a0 o\u00a0 jpg ) que demuestre que usted cuenta con la ciudadan\u00eda italiana (es. carta d\u2019identit\u00e1 (frente y dorso), passaporto, certificato di cittadinanza)<\/li>\n<\/ul>\n<p>En el caso de ciudadanos italianos emigrados a Argentina antes del 1992 se requerir\u00e1 Certificado de la C\u00e1mara Nacional Electoral (en original sin traducir) que indique si han adquirido o no la ciudadan\u00eda argentina.<\/p>\n<p>Le acordamos que en un \u00fanico archivo se pueden cargar varios documentos.<\/p>\n<p>Para iniciar tu tr\u00e1mite en el portal <strong>Fast It<\/strong> utilizar el siguiente link: <a href=\"https:\/\/serviziconsolarionline.esteri.it\"><strong>https:\/\/serviziconsolarionline.esteri.it<\/strong><\/a><\/p>\n<p>Podr\u00e0 dirigir su consulta relacionada con el Portal Fast It al siguiente correo electr\u00f3nico: <a href=\"mailto:moron.fastit@esteri.it\">moron.fastit@esteri.it<\/a><\/p>\n<p>Una vez presentada la solicitud en el portal FAST IT, el estado del tr\u00e1mite ser\u00e1 informado al mail declarado por el usuario. Sugerimos por tanto controlar peri\u00f3dicamente la casilla de entrada del mail declarado.<\/p>\n","protected":false},"excerpt":{"rendered":"Solicitar la inscripci\u00f3n en el padr\u00f3n de los italianos en el exterior (A.I.R.E.) (leer manual) El servicio permite comunicar a la autoridad consular el cambio de la propia residencia al extranjero. Antes de iniciar el procedimiento, asegurarse de tener los siguientes documentos (OBLIGATORIOS) en formato digital: Formulario \u00abDichiarazione sostitutiva \/ modulo d\u2019iscrizione all\u2019AIRE\u00bb completado en [&hellip;]","protected":false},"author":3,"featured_media":0,"parent":156,"menu_order":0,"comment_status":"closed","ping_status":"closed","template":"","meta":{"footnotes":""},"class_list":["post-650","page","type-page","status-publish","hentry"],"_links":{"self":[{"href":"https:\/\/consmoron.esteri.it\/es\/wp-json\/wp\/v2\/pages\/650","targetHints":{"allow":["GET"]}}],"collection":[{"href":"https:\/\/consmoron.esteri.it\/es\/wp-json\/wp\/v2\/pages"}],"about":[{"href":"https:\/\/consmoron.esteri.it\/es\/wp-json\/wp\/v2\/types\/page"}],"author":[{"embeddable":true,"href":"https:\/\/consmoron.esteri.it\/es\/wp-json\/wp\/v2\/users\/3"}],"replies":[{"embeddable":true,"href":"https:\/\/consmoron.esteri.it\/es\/wp-json\/wp\/v2\/comments?post=650"}],"version-history":[{"count":3,"href":"https:\/\/consmoron.esteri.it\/es\/wp-json\/wp\/v2\/pages\/650\/revisions"}],"predecessor-version":[{"id":739,"href":"https:\/\/consmoron.esteri.it\/es\/wp-json\/wp\/v2\/pages\/650\/revisions\/739"}],"up":[{"embeddable":true,"href":"https:\/\/consmoron.esteri.it\/es\/wp-json\/wp\/v2\/pages\/156"}],"wp:attachment":[{"href":"https:\/\/consmoron.esteri.it\/es\/wp-json\/wp\/v2\/media?parent=650"}],"curies":[{"name":"wp","href":"https:\/\/api.w.org\/{rel}","templated":true}]}}