{"id":655,"date":"2023-10-02T10:51:55","date_gmt":"2023-10-02T13:51:55","guid":{"rendered":"https:\/\/consmoron.esteri.it\/servizi-consolari-e-visti\/servizi-per-il-cittadino-italiano\/anagrafe-degli-italiani-residenti-allestero-aire\/comunicazione-variazione-residenza\/"},"modified":"2023-10-02T10:55:53","modified_gmt":"2023-10-02T13:55:53","slug":"comunicazione-variazione-residenza","status":"publish","type":"page","link":"https:\/\/consmoron.esteri.it\/es\/servizi-consolari-e-visti\/servizi-per-il-cittadino-italiano\/anagrafe-degli-italiani-residenti-allestero-aire\/comunicazione-variazione-residenza\/","title":{"rendered":"Comunicar un cambio de domicilio"},"content":{"rendered":"<p>Comunicar un cambio de domicilio (<a href=\"https:\/\/consmoron.esteri.it\/wp-content\/uploads\/2023\/07\/fast_it___aggiornamento_indirizzo_spagnolo.pdf\"><strong>leer manual<\/strong><\/a>)<br \/>\nEl servicio permite, al ciudadano ya inscripto en el A.I.R.E., comunicar el nuevo domicilio de residencia dentro de la misma circunscripci\u00f3n consular.<\/p>\n<p>Cada ciudadano italiano mayor de edad podr\u00e1 presentar la declaraci\u00f3n de cambio de domicilio para s\u00ed mismo y para los familiares que viven con \u00e9l\/ella.<\/p>\n<p>Antes de iniciar el procedimiento, asegurarse de tener los siguientes documentos (OBLIGATORIOS) en formato digital:<\/p>\n<ul>\n<li><strong>Formulario \u00abComunicaci\u00f3n de variaci\u00f3n de la residencia\u00bb<\/strong> completo en TODOS SUS CAMPOS; este formulario, generado por el sistema FAST IT, deber\u00e1 ser descargado en formato PDF, impreso, firmado (obligatorio) y adjuntado como parte de la documentaci\u00f3n requerida para completar el tr\u00e1mite.<\/li>\n<\/ul>\n<ul>\n<li><strong>DNI argentino vigente<\/strong> (obligatorio, frente y dorso) del titular y de cada uno de los familiares que viven con \u00e9l declarados en la solicitud (los familiares deben declararse, sean o no italianos).<\/li>\n<\/ul>\n<ul>\n<li><strong>Documentaci\u00f3n que acredite la residencia<\/strong> en la circunscripci\u00f3n consular de Mor\u00f3n: facturas de servicios (luz, gas, tel\u00e9fono, agua, etc.). En el caso de no tener una prueba fehaciente de residencia a nombre del solicitante o del c\u00f3nyuge, no ser\u00e1 posible proceder a la inscripci\u00f3n AIRE (seg\u00fan lo establecido por el Decreto legislativo 223\/2012 la presentaci\u00f3n de dicha prueba es obligatoria).<\/li>\n<\/ul>\n<p>Para iniciar tu tr\u00e1mite en el portal <strong>Fast It<\/strong> utilizar el siguiente link: <a href=\"https:\/\/serviziconsolarionline.esteri.it\"><strong>https:\/\/serviziconsolarionline.esteri.it<\/strong><\/a><\/p>\n<p><em>Podr\u00e0 dirigir su consulta relacionada con el Portal Fast It al siguiente correo electr\u00f3nico:<\/em> moron.fastit@esteri.it<\/p>\n<p>Una vez presentada la solicitud en el portal FAST IT, el estado del tr\u00e1mite ser\u00e1 informado al mail declarado por el usuario. Sugerimos por tanto controlar peri\u00f3dicamente la casilla de entrada del mail declarado.<\/p>\n","protected":false},"excerpt":{"rendered":"Comunicar un cambio de domicilio (leer manual) El servicio permite, al ciudadano ya inscripto en el A.I.R.E., comunicar el nuevo domicilio de residencia dentro de la misma circunscripci\u00f3n consular. Cada ciudadano italiano mayor de edad podr\u00e1 presentar la declaraci\u00f3n de cambio de domicilio para s\u00ed mismo y para los familiares que viven con \u00e9l\/ella. Antes [&hellip;]","protected":false},"author":3,"featured_media":0,"parent":156,"menu_order":0,"comment_status":"closed","ping_status":"closed","template":"","meta":{"footnotes":""},"class_list":["post-655","page","type-page","status-publish","hentry"],"_links":{"self":[{"href":"https:\/\/consmoron.esteri.it\/es\/wp-json\/wp\/v2\/pages\/655","targetHints":{"allow":["GET"]}}],"collection":[{"href":"https:\/\/consmoron.esteri.it\/es\/wp-json\/wp\/v2\/pages"}],"about":[{"href":"https:\/\/consmoron.esteri.it\/es\/wp-json\/wp\/v2\/types\/page"}],"author":[{"embeddable":true,"href":"https:\/\/consmoron.esteri.it\/es\/wp-json\/wp\/v2\/users\/3"}],"replies":[{"embeddable":true,"href":"https:\/\/consmoron.esteri.it\/es\/wp-json\/wp\/v2\/comments?post=655"}],"version-history":[{"count":1,"href":"https:\/\/consmoron.esteri.it\/es\/wp-json\/wp\/v2\/pages\/655\/revisions"}],"predecessor-version":[{"id":657,"href":"https:\/\/consmoron.esteri.it\/es\/wp-json\/wp\/v2\/pages\/655\/revisions\/657"}],"up":[{"embeddable":true,"href":"https:\/\/consmoron.esteri.it\/es\/wp-json\/wp\/v2\/pages\/156"}],"wp:attachment":[{"href":"https:\/\/consmoron.esteri.it\/es\/wp-json\/wp\/v2\/media?parent=655"}],"curies":[{"name":"wp","href":"https:\/\/api.w.org\/{rel}","templated":true}]}}