{"id":660,"date":"2023-10-02T10:59:54","date_gmt":"2023-10-02T13:59:54","guid":{"rendered":"https:\/\/consmoron.esteri.it\/servizi-consolari-e-visti\/servizi-per-il-cittadino-italiano\/anagrafe-degli-italiani-residenti-allestero-aire\/iscrizione-di-figli-minorenni-non-conviventi\/"},"modified":"2023-10-04T08:46:17","modified_gmt":"2023-10-04T11:46:17","slug":"iscrizione-di-figli-minorenni-non-conviventi","status":"publish","type":"page","link":"https:\/\/consmoron.esteri.it\/es\/servizi-consolari-e-visti\/servizi-per-il-cittadino-italiano\/anagrafe-degli-italiani-residenti-allestero-aire\/iscrizione-di-figli-minorenni-non-conviventi\/","title":{"rendered":"Inscripci\u00f3n\/actualizaci\u00f3n AIRE de un menor"},"content":{"rendered":"<p>La solicitud de inscripci\u00f3n\/actualizaci\u00f3n AIRE de un menor <span style=\"text-decoration: underline;\">que no vive en el mismo domicilio con ambos padres<\/span> DEBE SER FIRMADA el d\u00eda del turno POR AMBOS PADRES TITULARES DE LA PATRIA POTESTAD y acompa\u00f1ada por las copias del documento de identidad de ambos.<\/p>\n<p>En caso de que uno de los padres no pudiera presentarse el d\u00eda de turno deber\u00e1 utilizar el siguiente formulario:\u00a0<a href=\"https:\/\/consmoron.esteri.it\/wp-content\/uploads\/2023\/07\/atto_di_assenso_aire_figlio_minore-AIRE.pdf\">Acta de consentimiento para inscripci\u00f3n\/actualizaci\u00f3n AIRE de un hijo menor de edad<\/a><\/p>\n<ul>\n<li>si se trata de un ciudadano italiano o de la Uni\u00f3n Europea, el mismo podr\u00e1 manifestar su consentimiento para la inscripci\u00f3n\/actualizaci\u00f3n requerida enviando dicho consentimiento firmado y escaneado por correo electr\u00f3nico con copia de su documento de identidad;<\/li>\n<\/ul>\n<ul>\n<li>si es ciudadano de un pa\u00eds que no pertenece a la Uni\u00f3n Europea, deber\u00e1 presentar en original el formulario, con firma autenticada, con copia de su documento de identidad<\/li>\n<\/ul>\n<p>En caso de no poder manifestarse dicho consentimiento (por ej. por defunci\u00f3n o por p\u00e9rdida de la patria potestad del otro progenitor, o bien porque el menor ha sido reconocido por uno solo de los padres) el solicitante deber\u00e1 presentar prueba documental id\u00f3nea, salvo que dicha prueba obre ya en su legajo.<\/p>\n","protected":false},"excerpt":{"rendered":"La solicitud de inscripci\u00f3n\/actualizaci\u00f3n AIRE de un menor que no vive en el mismo domicilio con ambos padres DEBE SER FIRMADA el d\u00eda del turno POR AMBOS PADRES TITULARES DE LA PATRIA POTESTAD y acompa\u00f1ada por las copias del documento de identidad de ambos. En caso de que uno de los padres no pudiera presentarse [&hellip;]","protected":false},"author":3,"featured_media":0,"parent":156,"menu_order":0,"comment_status":"closed","ping_status":"closed","template":"","meta":{"footnotes":""},"class_list":["post-660","page","type-page","status-publish","hentry"],"_links":{"self":[{"href":"https:\/\/consmoron.esteri.it\/es\/wp-json\/wp\/v2\/pages\/660","targetHints":{"allow":["GET"]}}],"collection":[{"href":"https:\/\/consmoron.esteri.it\/es\/wp-json\/wp\/v2\/pages"}],"about":[{"href":"https:\/\/consmoron.esteri.it\/es\/wp-json\/wp\/v2\/types\/page"}],"author":[{"embeddable":true,"href":"https:\/\/consmoron.esteri.it\/es\/wp-json\/wp\/v2\/users\/3"}],"replies":[{"embeddable":true,"href":"https:\/\/consmoron.esteri.it\/es\/wp-json\/wp\/v2\/comments?post=660"}],"version-history":[{"count":3,"href":"https:\/\/consmoron.esteri.it\/es\/wp-json\/wp\/v2\/pages\/660\/revisions"}],"predecessor-version":[{"id":715,"href":"https:\/\/consmoron.esteri.it\/es\/wp-json\/wp\/v2\/pages\/660\/revisions\/715"}],"up":[{"embeddable":true,"href":"https:\/\/consmoron.esteri.it\/es\/wp-json\/wp\/v2\/pages\/156"}],"wp:attachment":[{"href":"https:\/\/consmoron.esteri.it\/es\/wp-json\/wp\/v2\/media?parent=660"}],"curies":[{"name":"wp","href":"https:\/\/api.w.org\/{rel}","templated":true}]}}