{"id":665,"date":"2023-10-02T11:03:23","date_gmt":"2023-10-02T14:03:23","guid":{"rendered":"https:\/\/consmoron.esteri.it\/servizi-consolari-e-visti\/servizi-per-il-cittadino-italiano\/anagrafe-degli-italiani-residenti-allestero-aire\/rimpatrio-cittadini-iscritti-allaire\/"},"modified":"2023-10-02T11:04:36","modified_gmt":"2023-10-02T14:04:36","slug":"rimpatrio-cittadini-iscritti-allaire","status":"publish","type":"page","link":"https:\/\/consmoron.esteri.it\/es\/servizi-consolari-e-visti\/servizi-per-il-cittadino-italiano\/anagrafe-degli-italiani-residenti-allestero-aire\/rimpatrio-cittadini-iscritti-allaire\/","title":{"rendered":"Repatriaciones de ciudadanos inscriptos en el AIRE"},"content":{"rendered":"<p>Los ciudadanos inscriptos en el AIRE que regresan a Italia definitivamente deber\u00e1n presentarse en el Municipio donde decidieron establecerse para declarar la nueva direcci\u00f3n de residencia.<\/p>\n<p>En la misma fecha, el Municipio proceder\u00e1 a la anulaci\u00f3n del AIRE y simult\u00e1nea inscripci\u00f3n en el APR (Anagrafe Popolazione Residente).<\/p>\n<p>Est\u00e1 a cargo del Municipio el comunicar oficialmente la fecha de repatriaci\u00f3n al Consulado de procedencia, que inscribir\u00e1 la misma en su registro consular.<\/p>\n<p><a href=\"https:\/\/www.esteri.it\/it\/servizi-consolari-e-visti\/italiani-all-estero\/aire_0\/\">Para mas informaci\u00f3n visite el sitio web del Ministero degli Affari Esteri e della Cooperazione Internazionale \u2013 MAECI<\/a><\/p>\n<p><strong>\u00a0<\/strong><\/p>\n","protected":false},"excerpt":{"rendered":"Los ciudadanos inscriptos en el AIRE que regresan a Italia definitivamente deber\u00e1n presentarse en el Municipio donde decidieron establecerse para declarar la nueva direcci\u00f3n de residencia. En la misma fecha, el Municipio proceder\u00e1 a la anulaci\u00f3n del AIRE y simult\u00e1nea inscripci\u00f3n en el APR (Anagrafe Popolazione Residente). Est\u00e1 a cargo del Municipio el comunicar oficialmente [&hellip;]","protected":false},"author":3,"featured_media":0,"parent":156,"menu_order":0,"comment_status":"closed","ping_status":"closed","template":"","meta":{"footnotes":""},"class_list":["post-665","page","type-page","status-publish","hentry"],"_links":{"self":[{"href":"https:\/\/consmoron.esteri.it\/es\/wp-json\/wp\/v2\/pages\/665","targetHints":{"allow":["GET"]}}],"collection":[{"href":"https:\/\/consmoron.esteri.it\/es\/wp-json\/wp\/v2\/pages"}],"about":[{"href":"https:\/\/consmoron.esteri.it\/es\/wp-json\/wp\/v2\/types\/page"}],"author":[{"embeddable":true,"href":"https:\/\/consmoron.esteri.it\/es\/wp-json\/wp\/v2\/users\/3"}],"replies":[{"embeddable":true,"href":"https:\/\/consmoron.esteri.it\/es\/wp-json\/wp\/v2\/comments?post=665"}],"version-history":[{"count":1,"href":"https:\/\/consmoron.esteri.it\/es\/wp-json\/wp\/v2\/pages\/665\/revisions"}],"predecessor-version":[{"id":666,"href":"https:\/\/consmoron.esteri.it\/es\/wp-json\/wp\/v2\/pages\/665\/revisions\/666"}],"up":[{"embeddable":true,"href":"https:\/\/consmoron.esteri.it\/es\/wp-json\/wp\/v2\/pages\/156"}],"wp:attachment":[{"href":"https:\/\/consmoron.esteri.it\/es\/wp-json\/wp\/v2\/media?parent=665"}],"curies":[{"name":"wp","href":"https:\/\/api.w.org\/{rel}","templated":true}]}}