{"id":672,"date":"2023-10-02T11:23:07","date_gmt":"2023-10-02T14:23:07","guid":{"rendered":"https:\/\/consmoron.esteri.it\/servizi-consolari-e-visti\/servizi-per-il-cittadino-straniero\/cittadinanza\/cittadinanza-per-filiazione-discendenza-iure-sanguinis\/"},"modified":"2025-06-23T12:18:19","modified_gmt":"2025-06-23T15:18:19","slug":"cittadinanza-per-filiazione-discendenza-iure-sanguinis","status":"publish","type":"page","link":"https:\/\/consmoron.esteri.it\/es\/servizi-consolari-e-visti\/servizi-per-il-cittadino-straniero\/cittadinanza\/cittadinanza-per-filiazione-discendenza-iure-sanguinis\/","title":{"rendered":"Ciudadania por filiaci\u00f3n\/descendencia (\u201ciure sanguinis\u201d)"},"content":{"rendered":"<header class=\"entry-header\"><\/header>\n<div class=\"entry-content\">\n<p align=\"center\"><span style=\"color: #ff0000;\"><strong><u>El contenido de la presente p\u00e1gina web de la Agencia Consular se encuentra en proceso de actualizaci\u00f3n<\/u><\/strong><\/span><\/p>\n<p align=\"center\"><span style=\"color: #ff0000;\"><strong><u>En lo que respecta a las normas actualmente vigentes sobre el reconocimiento de la ciudadan\u00eda \u201ciure sanguinis\u201d, se ruega consultar la normativa publicada en el siguiente <a style=\"color: #ff0000;\" href=\"https:\/\/www.gazzettaufficiale.it\/eli\/id\/2025\/05\/23\/25A03081\/sg\">enlace<\/a>, en el que se encuentra disponible el texto del decreto-ley n. 36 del 28 de marzo de 2025, en coordinaci\u00f3n con la ley de conversi\u00f3n n. 74 del 23 de mayo de 2025, que se recomienda leer atentamente.<\/u><\/strong><\/span><\/p>\n<p><strong>Requisitos<\/strong><\/p>\n<p>Seg\u00fan la ley n. 91\/1992, es ciudadano por nacimiento el hijo de padre o madre ciudadanos. Esta regla general, sin embargo, est\u00e1 sujeta a la verificaci\u00f3n de algunos requisitos jur\u00eddicos y f\u00e1cticos:<\/p>\n<ul>\n<li>si el antepasado dante causa naci\u00f3\u00a0<strong>antes del 17 de marzo de 1861<\/strong>(fecha de proclamaci\u00f3n del Reino de Italia), la transmisi\u00f3n del\u00a0<em>status civitatis<\/em>\u00a0es posible solo en el caso de que el mismo no haya fallecido antes de esa fecha o antes de la anexi\u00f3n del territorio de nacimiento al Reino de Italia.<\/li>\n<li>el reconocimiento por v\u00eda administrativa de la posesi\u00f3n de la ciudadan\u00eda italiana por l\u00ednea materna es posible solo para los hijos nacidos\u00a0<strong>despu\u00e9s del 1\u00ba de enero de 1948.<\/strong><\/li>\n<li>el hijo menor de edad del ciudadano italiano naturalizado extranjero\u00a0<strong>antes del 16 de agosto de 1992<\/strong>(fecha de entrada en vigencia de la Ley n. 91) perdi\u00f3 la ciudadan\u00eda italiana si conviv\u00eda con el progenitor y si pose\u00eda otra ciudadan\u00eda;<\/li>\n<li>el ascendiente italiano naturalizado argentino\u00a0<strong>despu\u00e9s del 12 de septiembre de 1974<\/strong>(fecha de entrada en vigencia del Acuerdo \u00edtalo-argentino sobre la doble ciudadan\u00eda) mantuvo la ciudadan\u00eda italiana\u00a0<strong>solo si simult\u00e1neamente manifest\u00f3 la voluntad de adhesi\u00f3n al Acuerdo<\/strong>;<\/li>\n<li><strong><u>en el momento de la suscripci\u00f3n de la solicitud, el solicitante deber\u00e1 estar residiendo en la Circunscripci\u00f3n Consular, ininterrumpidamente, durante al menos 6 meses antes de la reserva del turno<\/u><\/strong>.<\/li>\n<\/ul>\n<p><a href=\"https:\/\/www.esteri.it\/it\/servizi-consolari-e-visti\/normativa_consolare\/serviziconsolari\/cittadinanza\/\"><strong>Referencias normativas<\/strong><\/a><\/p>\n<p><strong>Documentaci\u00f3n<\/strong><\/p>\n<p>El d\u00eda del turno, el solicitante deber\u00e1 entregar toda la documentaci\u00f3n en original o en formato GEDO, debidamente legalizada, en caso que fuese necesario, y traducida al italiano. <u>Los documentos requeridos no tienen fecha de vencimiento y no ser\u00e1n devueltos, <\/u>estos son:<u><br \/>\n<\/u><\/p>\n<ul>\n<li><a href=\"https:\/\/consmoron.esteri.it\/wp-content\/uploads\/2025\/04\/Istanza_albero-genealogico.pdf\">Solicitud de reconocimiento y \u00e1rbol geneal\u00f3gico<\/a>, completada por el solicitante y <span style=\"text-decoration: underline;\">firmada el d\u00eda del turno frente al Oficial Consular<\/span>;<\/li>\n<\/ul>\n<p><strong>para solicitudes de turno por reconstrucci\u00f3n o hijos directos (cuyo progenitor italiano <u>no tenga <\/u>carpeta abierta en esta Agencia Consular), los documentos a presentar:<\/strong>:<\/p>\n<ul>\n<li><strong>Documentaci\u00f3n relativa a las generaciones individuales<\/strong>:\n<ul>\n<li><strong>AVO dante causa (\u00faltimo ascendiente italiano nacido en Italia):<\/strong>\n<ul>\n<li><strong>acta de nacimiento<\/strong>* (<a href=\"https:\/\/consmoron.esteri.it\/it\/servizi-consolari-e-visti\/servizi-per-il-cittadino-straniero\/cittadinanza\/modulistica\/\">a solicitar en el Municipio italiano de nacimiento<\/a>):\n<ul>\n<li>con los nombres de los padres;<\/li>\n<li>en original, firmada y sellada por el Oficial de Estado Civil;<\/li>\n<\/ul>\n<\/li>\n<\/ul>\n<\/li>\n<\/ul>\n<\/li>\n<\/ul>\n<p>*Si el antepasado dante causa naci\u00f3 antes de la instituci\u00f3n del Estado Civil en el Municipio de nacimiento, se deber\u00e1 presentar el <strong>Certificado de Bautismo<\/strong>:<\/p>\n<ul>\n<li style=\"list-style-type: none;\">\n<ul>\n<li style=\"list-style-type: none;\">\n<ul>\n<li style=\"list-style-type: none;\">\n<ul>\n<li>en original, firmado y sellado por la oficina parroquial;<\/li>\n<li>legalizado por la Curia Diocesana competente;<\/li>\n<\/ul>\n<\/li>\n<\/ul>\n<\/li>\n<\/ul>\n<\/li>\n<\/ul>\n<ul>\n<li style=\"list-style-type: none;\">\n<ul>\n<li style=\"list-style-type: none;\">\n<ul>\n<li><strong>actas de Estado Civil<\/strong>* (matrimonio, defunci\u00f3n) o \u201cpartidas\u201d (no certificados):\n<ul>\n<li>en original o formato GEDO;<\/li>\n<li>apostilladas si fueron emitidos en un Estado distinto de Italia y Argentina;<\/li>\n<li>traducidas al italiano (la traducci\u00f3n debe ser realizada en el Estado donde el acta fue emitida y debidamente legalizada si no se realiz\u00f3 en Argentina);<\/li>\n<\/ul>\n<\/li>\n<\/ul>\n<\/li>\n<\/ul>\n<\/li>\n<\/ul>\n<p>*Si el antepasado dante causa se cas\u00f3 o falleci\u00f3 antes de la instituci\u00f3n del Estado Civil, las respectivas <strong>Actas Parroquiales<\/strong> deben ser presentadas:<\/p>\n<ul>\n<li style=\"list-style-type: none;\">\n<ul>\n<li style=\"list-style-type: none;\">\n<ul>\n<li style=\"list-style-type: none;\">\n<ul>\n<li>en original, firmadas y selladas por la oficina parroquial;<\/li>\n<li>legalizadas por la Curia Diocesana competente;<\/li>\n<li>apostilladas (si no fueron emitidas en Italia);<\/li>\n<li>traducidas al italiano (la traducci\u00f3n debe ser realizada en el Estado donde el acta fue emitida y debidamente legalizada si no se realiz\u00f3 en Argentina).<\/li>\n<\/ul>\n<\/li>\n<\/ul>\n<\/li>\n<\/ul>\n<\/li>\n<\/ul>\n<ul>\n<li style=\"list-style-type: none;\">\n<ul>\n<li style=\"list-style-type: none;\">\n<ul>\n<li><strong>certificado de \u201cno naturalizaci\u00f3n\u201d<\/strong>:\n<ul>\n<li><span style=\"text-decoration: underline;\">actualizado (modelo con firma digital)<br \/>\n<\/span><\/li>\n<li>emitido por la Autoridad competente de cada Estado de residencia del antepasado dante causa (para Argentina, la Autoridad competente es la \u201cC\u00e1mara Nacional Electoral\u201d);<\/li>\n<li>si es emitido en un Estado distinto de Argentina, debe estar apostillado y traducido al italiano (la traducci\u00f3n debe ser realizada en el Estado donde se emiti\u00f3 el documento y debidamente legalizada).<\/li>\n<\/ul>\n<\/li>\n<\/ul>\n<\/li>\n<\/ul>\n<\/li>\n<\/ul>\n<ul>\n<li style=\"list-style-type: none;\">\n<ul>\n<li><strong><u>Ascendientes en l\u00ednea recta sucesivos al Antepasado italiano<\/u><\/strong>, cuyas actas de Estado Civil hayan sido emitidas en el extranjero:\n<ul>\n<li><strong>actas de Estado Civil<\/strong>* <strong>(nacimiento, matrimonio\/uni\u00f3n civil, defunci\u00f3n)<\/strong> o \u201c<em>partidas<\/em>\u201d (no certificados):\n<ul>\n<li>en original o en formato GEDO;<\/li>\n<li>apostilladas, si fueron emitidas en un Estado distinto de Argentina;<\/li>\n<li>traducidas al italiano (la traducci\u00f3n debe ser realizada en el Estado donde se emiti\u00f3 el documento y debidamente legalizada si no se realiz\u00f3 en Argentina).<\/li>\n<\/ul>\n<\/li>\n<\/ul>\n<\/li>\n<\/ul>\n<\/li>\n<\/ul>\n<p>*Para las generaciones nacidas y\/o casadas y\/o fallecidas antes de la instituci\u00f3n del Registro Civil, las respectivas <strong>Actas Parroquiales<\/strong> deben ser presentadas:<\/p>\n<ul>\n<li style=\"list-style-type: none;\">\n<ul>\n<li style=\"list-style-type: none;\">\n<ul>\n<li style=\"list-style-type: none;\">\n<ul>\n<li>en original, firmadas y selladas por la oficina parroquial;<\/li>\n<li>legalizadas por la Curia Diocesana competente;<\/li>\n<li>apostilladas;<\/li>\n<li>traducidas al italiano (la traducci\u00f3n debe ser realizada en el Estado donde se emiti\u00f3 el documento y debidamente legalizada si no se realiz\u00f3 en Argentina).<\/li>\n<\/ul>\n<\/li>\n<\/ul>\n<\/li>\n<\/ul>\n<\/li>\n<\/ul>\n<ul>\n<li style=\"list-style-type: none;\">\n<ul>\n<li style=\"list-style-type: none;\"><\/li>\n<\/ul>\n<\/li>\n<\/ul>\n<ul>\n<li style=\"list-style-type: none;\">\n<ul>\n<li style=\"list-style-type: none;\">\n<ul>\n<li><strong>copia del DNI<\/strong> (para las generaciones a\u00fan vivas).<\/li>\n<\/ul>\n<\/li>\n<\/ul>\n<\/li>\n<\/ul>\n<p><strong>para solicitudes de turno por\u00a0 hijos directos (cuyo progenitor italiano<u> tenga <\/u>carpeta abierta en esta Agencia Consular), los documentos a presentar:<\/strong>:<\/p>\n<ul>\n<li style=\"list-style-type: none;\">\n<ul>\n<li><strong><u>Solicitante<\/u><\/strong><u>:<\/u>\n<ul>\n<li><strong>actas de Estado Civil<\/strong><strong> (nacimiento, matrimonio)<\/strong> o \u201c<em>partidas<\/em>\u201d (no certificados):\n<ul>\n<li>en original o en formato GEDO;<\/li>\n<li>apostilladas si fueron emitidas en un Estado distinto de Argentina;<\/li>\n<li>traducidas al italiano (la traducci\u00f3n debe ser realizada en el Estado donde se emiti\u00f3 el documento y debidamente legalizada si no se realiz\u00f3 en Argentina).<\/li>\n<\/ul>\n<\/li>\n<\/ul>\n<\/li>\n<\/ul>\n<\/li>\n<\/ul>\n<ul>\n<li style=\"list-style-type: none;\">\n<ul>\n<li style=\"list-style-type: none;\">\n<ul>\n<li><strong>eventuales sentencias<\/strong> (por ejemplo, de adopci\u00f3n, reconocimiento judicial, divorcio) deber\u00e1n ser presentadas:\n<ul>\n<li>en original y en formato integral (deben incluir AUTOS; VISTOS; CONSIDERANDO; FALLO);<\/li>\n<li>con \u00abCertificaci\u00f3n de cosa juzgada\u00bb (es decir, que la sentencia es \u201cFIRME\u201d, \u201cCONSENTIDA\u201d, \u201cEJECUTORADA\u201d o que tiene car\u00e1cter de \u201cCOSA JUZGADA\u201d, con la indicaci\u00f3n de la fecha a partir de la cual la sentencia es definitiva);<\/li>\n<li>apostilladas;<\/li>\n<li>traducidas al italiano (la traducci\u00f3n debe ser realizada en el Estado donde se emiti\u00f3 el documento y debidamente legalizada si no se realiz\u00f3 en Argentina);<\/li>\n<li>acompa\u00f1adas de la \u201cSolicitud de transcripci\u00f3n\u201d debidamente firmada por el solicitante.<\/li>\n<\/ul>\n<\/li>\n<\/ul>\n<\/li>\n<\/ul>\n<\/li>\n<\/ul>\n<p>*SENTENCIA DE ADOPCI\u00d3N: debe especificar el estado de abandono del menor o la autorizaci\u00f3n de los padres biol\u00f3gicos para la adopci\u00f3n.<\/p>\n<p>*SENTENCIA DE DIVORCIO: en presencia de hijos menores, debe especificar el r\u00e9gimen de custodia de los mismos.<\/p>\n<ul>\n<li style=\"list-style-type: none;\">\n<ul>\n<li style=\"list-style-type: none;\">\n<ul>\n<li><strong>eventuales actas de nacimiento de hijos menores<\/strong> o \u201c<em>partidas<\/em>\u201d (no certificados):\n<ul>\n<li>en original o formato GEDO;<\/li>\n<li>apostilladas si fueron emitidas en un Estado distinto de Argentina;<\/li>\n<li>traducidas al italiano (la traducci\u00f3n debe ser realizada en el Estado donde se emiti\u00f3 el documento y debidamente legalizada si no se realiz\u00f3 en Argentina).<\/li>\n<\/ul>\n<\/li>\n<\/ul>\n<\/li>\n<\/ul>\n<\/li>\n<\/ul>\n<ul>\n<li style=\"list-style-type: none;\">\n<ul>\n<li style=\"list-style-type: none;\">\n<ul>\n<li><strong>copia del DNI<\/strong>;<\/li>\n<\/ul>\n<\/li>\n<\/ul>\n<\/li>\n<\/ul>\n<ul>\n<li style=\"list-style-type: none;\">\n<ul>\n<li style=\"list-style-type: none;\">\n<ul>\n<li><strong>prueba de residencia dentro de la Circunscripci\u00f3n Consular<\/strong> (factura de luz, gas, tel\u00e9fono, televisi\u00f3n por cable, internet y\/o contrato de alquiler, que acrediten la direcci\u00f3n de residencia a partir de los 6 meses anteriores a la fecha del turno).<\/li>\n<\/ul>\n<\/li>\n<\/ul>\n<\/li>\n<\/ul>\n<p><span style=\"text-decoration: underline;\">La falta de presentaci\u00f3n de dicha documentaci\u00f3n, en caso de no proceder en el sentido indicado por la Oficina, podr\u00eda llevar al rechazo de la solicitud, conforme a la Ley 241\/1990. La Oficina se reserva el derecho de solicitar documentaci\u00f3n adicional si fuera necesario.<\/span><\/p>\n<p>Ver <a href=\"https:\/\/consmoron.esteri.it\/it\/servizi-consolari-e-visti\/servizi-per-il-cittadino-straniero\/cittadinanza\/cittadinanza-per-filiazione-discendenza-iure-sanguinis\/come-presentare-la-documentazione\/\">como presentar la documentaci\u00f3n<\/a><\/p>\n<p><strong><span style=\"color: #ff0000;\">Tiempo de trabajo de las solicitudes<\/span><br \/>\n<\/strong><\/p>\n<div class=\"flex flex-grow flex-col gap-3\">\n<div class=\"min-h-[20px] flex flex-col items-start gap-4 whitespace-pre-wrap break-words\">\n<div class=\"markdown prose w-full break-words dark:prose-invert light\">\n<p>Con respecto a los plazos de tramitaci\u00f3n de las solicitudes, seg\u00fan el Decreto del Presidente del Consejo de Ministros n.\u00b0 33 del 17\/01\/2014, publicado en el Bolet\u00edn Oficial n.\u00b0 64 del 18\/03\/2014, el plazo m\u00e1ximo es de 730 d\u00edas.<\/p>\n<\/div>\n<\/div>\n<\/div>\n<p><strong><span style=\"color: #ff0000;\">Turnos<\/span><br \/>\n<\/strong><\/p>\n<p>Los turnos se encuentran disponibles todas las semanas, domingo, lunes miercoles y jueves, a las 00:00 de Roma, a trav\u00e9s del portal <strong><a href=\"https:\/\/prenotami.esteri.it\/\">Prenot@mi<\/a><\/strong> seleccionando la opci\u00f3n \u201c<strong>Cittadinanza<\/strong>\u201c<\/p>\n<p><strong><span class=\"jCAhz ChMk0b\"><span class=\"ryNqvb\">En el marco de la acci\u00f3n de protecci\u00f3n del sistema \u00bb<a href=\"https:\/\/prenotami.esteri.it\/\">Prenot@mi<\/a>\u00bb dirigida a evitar la captaci\u00f3n de turnos por parte de terceros, todos los turnos cancelados imputables a dichos sujetos se pondr\u00e1n nuevamente a disposici\u00f3n de los usuarios con tiempos impredecibles y aleatorios.<\/span><\/span><\/strong><\/p>\n<p><strong><span class=\"jCAhz ChMk0b\"><span class=\"ryNqvb\">Por lo tanto, se invita a los usuarios a conectarse \u2013 adem\u00e1s que en los d\u00edas y horarios indicados anteriormente, que se mantendr\u00e1n \u2013 tambi\u00e9n en cualquier otro momento de la semana.<\/span><\/span><\/strong><\/p>\n<div class=\"flex flex-grow flex-col gap-3\">\n<div class=\"min-h-[20px] flex flex-col items-start gap-4 whitespace-pre-wrap break-words\">\n<div class=\"markdown prose w-full break-words dark:prose-invert light\">\n<p>Se recuerda que se debe solicitar un turno para cada persona mayor de 18 a\u00f1os y que, para el procesamiento de la solicitud de reconocimiento de la ciudadan\u00eda italiana de cada persona adulta, se cobrar\u00e1n aranceles consulares equivalentes a 600 Euros, a pagar en pesos seg\u00fan el tipo de cambio consular oficial.<\/p>\n<\/div>\n<\/div>\n<\/div>\n<p><span style=\"color: #ff0000;\"><strong>Pago<\/strong><\/span><\/p>\n<p>Ver <a href=\"https:\/\/consmoron.esteri.it\/it\/servizi-consolari-e-visti\/servizi-per-il-cittadino-straniero\/cittadinanza\/cittadinanza-per-filiazione-discendenza-iure-sanguinis\/come-effettuare-il-pagamento\/\">como realizar el pago<\/a><br \/>\nEl pago del arancel consular se refiere al tr\u00e1mite mismo, independientemente del resultado de este \u00faltimo. En caso de que no se reconozca la ciudadan\u00eda, el importe pagado no ser\u00e1 reembolsado.<\/p>\n<p><strong>Mail de la Oficina<\/strong>: <a href=\"mailto:cittadinanza.moron@esteri.it\"><strong>cittadinanza.moron@esteri.it<\/strong><\/a><\/p>\n<\/div>\n<p>&nbsp;<\/p>\n","protected":false},"excerpt":{"rendered":"El contenido de la presente p\u00e1gina web de la Agencia Consular se encuentra en proceso de actualizaci\u00f3n En lo que respecta a las normas actualmente vigentes sobre el reconocimiento de la ciudadan\u00eda \u201ciure sanguinis\u201d, se ruega consultar la normativa publicada en el siguiente enlace, en el que se encuentra disponible el texto del decreto-ley n. [&hellip;]","protected":false},"author":3,"featured_media":0,"parent":169,"menu_order":0,"comment_status":"closed","ping_status":"closed","template":"","meta":{"footnotes":""},"class_list":["post-672","page","type-page","status-publish","hentry"],"_links":{"self":[{"href":"https:\/\/consmoron.esteri.it\/es\/wp-json\/wp\/v2\/pages\/672","targetHints":{"allow":["GET"]}}],"collection":[{"href":"https:\/\/consmoron.esteri.it\/es\/wp-json\/wp\/v2\/pages"}],"about":[{"href":"https:\/\/consmoron.esteri.it\/es\/wp-json\/wp\/v2\/types\/page"}],"author":[{"embeddable":true,"href":"https:\/\/consmoron.esteri.it\/es\/wp-json\/wp\/v2\/users\/3"}],"replies":[{"embeddable":true,"href":"https:\/\/consmoron.esteri.it\/es\/wp-json\/wp\/v2\/comments?post=672"}],"version-history":[{"count":7,"href":"https:\/\/consmoron.esteri.it\/es\/wp-json\/wp\/v2\/pages\/672\/revisions"}],"predecessor-version":[{"id":3520,"href":"https:\/\/consmoron.esteri.it\/es\/wp-json\/wp\/v2\/pages\/672\/revisions\/3520"}],"up":[{"embeddable":true,"href":"https:\/\/consmoron.esteri.it\/es\/wp-json\/wp\/v2\/pages\/169"}],"wp:attachment":[{"href":"https:\/\/consmoron.esteri.it\/es\/wp-json\/wp\/v2\/media?parent=672"}],"curies":[{"name":"wp","href":"https:\/\/api.w.org\/{rel}","templated":true}]}}