{"id":676,"date":"2023-10-02T11:25:43","date_gmt":"2023-10-02T14:25:43","guid":{"rendered":"https:\/\/consmoron.esteri.it\/servizi-consolari-e-visti\/servizi-per-il-cittadino-straniero\/cittadinanza\/cittadinanza-per-filiazione-discendenza-iure-sanguinis\/come-effettuare-il-pagamento\/"},"modified":"2026-01-16T10:51:36","modified_gmt":"2026-01-16T13:51:36","slug":"come-effettuare-il-pagamento","status":"publish","type":"page","link":"https:\/\/consmoron.esteri.it\/es\/servizi-consolari-e-visti\/servizi-per-il-cittadino-straniero\/cittadinanza\/cittadinanza-per-filiazione-discendenza-iure-sanguinis\/come-effettuare-il-pagamento\/","title":{"rendered":"Como pagar el arancel consular"},"content":{"rendered":"<p>El arancel establecido por ley para todas las personas mayores de 18 a\u00f1os que soliciten el reconocimiento de la ciudadan\u00eda italiana es de 600 euros. El pago del arancel establecido por ley no constituye un derecho al reconocimiento de la ciudadan\u00eda.<\/p>\n<p>El titular del turno podr\u00e1 pagar solamente por transferencia bancaria, preferentemente a trav\u00e9s del servicio de Home Banking, y deber\u00e1 presentar el comprobante de pago dentro del sobre. Corresponde una transferencia por cada persona que solicita el turno (los hijos menores de edad NO DEBEN PAGAR).<\/p>\n<p>La misma deber\u00e1 realizarse \u00fanicamente el <strong>CUARTO (4\u00ba) d\u00eda h\u00e1bil argentino anterior a la fecha del turno<\/strong> y tendr\u00e1n que figurar los siguientes datos:<\/p>\n<p>\u2013 <strong>CBU<\/strong> Cuenta Corriente de Destino: <strong>0340128200128007064015<\/strong>, a nombre de la Agencia Consular de Italia de Mor\u00f3n CUIT 30-68391133-6<\/p>\n<p>\u2013 Motivo: VARIOS \u2013 Referencia: APELLIDO e inicial del nombre del solicitante del turno<\/p>\n<p>\u2013 Mail de confirmaci\u00f3n: contabile.moron@esteri.it<\/p>\n<p>\u2013 Asunto de transferencia: APELLIDO y nombre y fecha de nacimiento del titular del turno.<\/p>\n<p>Luego de realizar la transferencia se deber\u00e1 enviar un mail a la casilla <a href=\"mailto:contabile.moron@esteri.it\">contabile.moron@esteri.it<\/a> (es importante escribir <strong>S\u00d3LO A ESTE CORREO ELECTR\u00d3NICO<\/strong>) con los siguientes datos:<\/p>\n<ul>\n<li>Asunto: CIUDADAN\u00cdA. APELLIDO y nombre y fecha de nacimiento del titular del turno, y fecha del turno<\/li>\n<li>Adjunto: Adjuntar el comprobante de pago<\/li>\n<li>Cuerpo del mail: Especificar titular de la cuenta desde la cual se haya realizado la transferencia bancaria<strong> (MUY IMPORTANTE).<\/strong><\/li>\n<\/ul>\n<p>La tarifa consular desde<strong> el 01\/01\/2026 hasta el 31\/03\/2026 es de 996.700 pesos<\/strong><\/p>\n<p>ATENCI\u00d3N: las tarifas que se aplican son las vigentes al d\u00eda del turno y no aquellas vigentes al momento de la solicitud. <strong>SE RUEGA VERIFICAR <a href=\"https:\/\/consmoron.esteri.it\/es\/servizi-consolari-e-visti\/servizi-per-il-cittadino-italiano\/altri-servizi\/tariffe-consolari\/\">AQUI<\/a> EL IMPORTE<\/strong> ANTES DE REALIZAR LA TRANSFERENCIA. En caso de modificaci\u00f3n del taso de cambio euro\/peso despu\u00e9s del pago, podr\u00e1 solicitarse un pago adicional.<\/p>\n<p><strong>IMPORTANTE<\/strong>: Eventuales pagos que se efectuaren sin tener asignado un turno v\u00e1lido no dar\u00e1n lugar a asignaci\u00f3n de un turno. Esta Agencia Consular proceder\u00e1 a restituir lo abonado indebidamente en el tiempo necesario para realizar los debidos controles.<\/p>\n","protected":false},"excerpt":{"rendered":"El arancel establecido por ley para todas las personas mayores de 18 a\u00f1os que soliciten el reconocimiento de la ciudadan\u00eda italiana es de 600 euros. El pago del arancel establecido por ley no constituye un derecho al reconocimiento de la ciudadan\u00eda. El titular del turno podr\u00e1 pagar solamente por transferencia bancaria, preferentemente a trav\u00e9s del [&hellip;]","protected":false},"author":3,"featured_media":0,"parent":672,"menu_order":0,"comment_status":"closed","ping_status":"closed","template":"","meta":{"footnotes":""},"class_list":["post-676","page","type-page","status-publish","hentry"],"_links":{"self":[{"href":"https:\/\/consmoron.esteri.it\/es\/wp-json\/wp\/v2\/pages\/676","targetHints":{"allow":["GET"]}}],"collection":[{"href":"https:\/\/consmoron.esteri.it\/es\/wp-json\/wp\/v2\/pages"}],"about":[{"href":"https:\/\/consmoron.esteri.it\/es\/wp-json\/wp\/v2\/types\/page"}],"author":[{"embeddable":true,"href":"https:\/\/consmoron.esteri.it\/es\/wp-json\/wp\/v2\/users\/3"}],"replies":[{"embeddable":true,"href":"https:\/\/consmoron.esteri.it\/es\/wp-json\/wp\/v2\/comments?post=676"}],"version-history":[{"count":7,"href":"https:\/\/consmoron.esteri.it\/es\/wp-json\/wp\/v2\/pages\/676\/revisions"}],"predecessor-version":[{"id":4226,"href":"https:\/\/consmoron.esteri.it\/es\/wp-json\/wp\/v2\/pages\/676\/revisions\/4226"}],"up":[{"embeddable":true,"href":"https:\/\/consmoron.esteri.it\/es\/wp-json\/wp\/v2\/pages\/672"}],"wp:attachment":[{"href":"https:\/\/consmoron.esteri.it\/es\/wp-json\/wp\/v2\/media?parent=676"}],"curies":[{"name":"wp","href":"https:\/\/api.w.org\/{rel}","templated":true}]}}