{"id":682,"date":"2023-10-02T11:30:04","date_gmt":"2023-10-02T14:30:04","guid":{"rendered":"https:\/\/consmoron.esteri.it\/servizi-consolari-e-visti\/servizi-per-il-cittadino-straniero\/cittadinanza\/cittadinanza-per-filiazione-discendenza-iure-sanguinis\/come-presentare-la-documentazione\/"},"modified":"2024-08-21T13:14:08","modified_gmt":"2024-08-21T16:14:08","slug":"come-presentare-la-documentazione","status":"publish","type":"page","link":"https:\/\/consmoron.esteri.it\/es\/servizi-consolari-e-visti\/servizi-per-il-cittadino-straniero\/cittadinanza\/cittadinanza-per-filiazione-discendenza-iure-sanguinis\/come-presentare-la-documentazione\/","title":{"rendered":"Como presentar la solicitud"},"content":{"rendered":"<p>El solicitante deber\u00e1 presentarse ante esta Agencia Consular el d\u00eda del turno en el horario de 9.00 a 9.30, independientemente del horario asignado por el portal Prenot@mi;<\/p>\n<p>El d\u00eda del turno deber\u00e1 presentar en un sobre (traer el sobre):<\/p>\n<ol>\n<li>\u00a0la documentaci\u00f3n requerida para el inicio del tr\u00e1mite (<a href=\"https:\/\/consmoron.esteri.it\/it\/servizi-consolari-e-visti\/servizi-per-il-cittadino-straniero\/cittadinanza\/cittadinanza-per-filiazione-discendenza-iure-sanguinis\/\">Ver secci\u00f3n documentaci\u00f3n<\/a>);<\/li>\n<li>\u00a0el comprobante impreso de la transferencia;<\/li>\n<li>fotocopia del DNI (anverso y reverso en la misma carilla) del solicitante, de eventuales hijos menores de 18 a\u00f1os y de los ascendientes en l\u00ednea recta que est\u00e9n vivos.<\/li>\n<\/ol>\n<p>El solicitante deber\u00e1 completar e imprimir la siguiente etiqueta:<\/p>\n<p style=\"text-align: center;\"><strong>\u2013 Agencia Consular de Italia en Moron<\/strong><\/p>\n<p style=\"text-align: center;\"><strong>\u2013 Turno: Ricostruzione o Figli diretti maggiorenni (Servizi consolari) (eliminar el que no corresponda)<\/strong><\/p>\n<p style=\"text-align: center;\"><strong>\u2013 Su APELLIDO y nombre (apellido en may\u00fasculas)<\/strong><\/p>\n<p style=\"text-align: center;\"><strong>\u2013 Fecha del Turno<\/strong><\/p>\n<p>El sobre se entrega personalmente, \u00fanicamente el d\u00eda del turno. En el momento de la entrega de la documentaci\u00f3n el solicitante s\u00f3lo firmar\u00e1, en presencia del Funcionario Consular, el formulario que traer\u00e1 ya completado.<\/p>\n<p>El control de la documentaci\u00f3n ser\u00e1 efectuado por la Oficina Ciudadan\u00eda con posterioridad. El d\u00eda del turno le entregaremos los comprobantes de recepci\u00f3n de la documentaci\u00f3n y de pago del arancel consular.<\/p>\n<p><strong>ATENCI\u00d3N<\/strong>:<\/p>\n<p>\u2013 Si la documentaci\u00f3n entregada en el sobre no correspondiera con la declarada en el formulario o fuera insuficiente para el tr\u00e1mite, se dar\u00e1 oportuno aviso al interesado indic\u00e1ndole plazo y modalidad de entrega de los documentos faltantes. La Oficina, en caso de considerarlo necesario, podr\u00e1 solicitar documentaci\u00f3n adicional;<\/p>\n<p>\u2013 NO se aceptar\u00e1 documentaci\u00f3n que no corresponda al tr\u00e1mite del solicitante (por ej. documentaci\u00f3n de t\u00edos, hermanos, primos, hijos mayores de 18 a\u00f1os, etc.);<\/p>\n<p>\u2013 La sola presentaci\u00f3n de la documentaci\u00f3n y el pago del arancel consular NO implican ning\u00fan derecho al reconocimiento a la ciudadan\u00eda italiana; el mismo solamente tendr\u00e1 lugar despu\u00e9s de que la Agencia Consular haya examinado las actas y comprobado que no existan impedimentos.<\/p>\n","protected":false},"excerpt":{"rendered":"El solicitante deber\u00e1 presentarse ante esta Agencia Consular el d\u00eda del turno en el horario de 9.00 a 9.30, independientemente del horario asignado por el portal Prenot@mi; El d\u00eda del turno deber\u00e1 presentar en un sobre (traer el sobre): \u00a0la documentaci\u00f3n requerida para el inicio del tr\u00e1mite (Ver secci\u00f3n documentaci\u00f3n); \u00a0el comprobante impreso de la [&hellip;]","protected":false},"author":3,"featured_media":0,"parent":672,"menu_order":0,"comment_status":"closed","ping_status":"closed","template":"","meta":{"footnotes":""},"class_list":["post-682","page","type-page","status-publish","hentry"],"_links":{"self":[{"href":"https:\/\/consmoron.esteri.it\/es\/wp-json\/wp\/v2\/pages\/682","targetHints":{"allow":["GET"]}}],"collection":[{"href":"https:\/\/consmoron.esteri.it\/es\/wp-json\/wp\/v2\/pages"}],"about":[{"href":"https:\/\/consmoron.esteri.it\/es\/wp-json\/wp\/v2\/types\/page"}],"author":[{"embeddable":true,"href":"https:\/\/consmoron.esteri.it\/es\/wp-json\/wp\/v2\/users\/3"}],"replies":[{"embeddable":true,"href":"https:\/\/consmoron.esteri.it\/es\/wp-json\/wp\/v2\/comments?post=682"}],"version-history":[{"count":7,"href":"https:\/\/consmoron.esteri.it\/es\/wp-json\/wp\/v2\/pages\/682\/revisions"}],"predecessor-version":[{"id":2375,"href":"https:\/\/consmoron.esteri.it\/es\/wp-json\/wp\/v2\/pages\/682\/revisions\/2375"}],"up":[{"embeddable":true,"href":"https:\/\/consmoron.esteri.it\/es\/wp-json\/wp\/v2\/pages\/672"}],"wp:attachment":[{"href":"https:\/\/consmoron.esteri.it\/es\/wp-json\/wp\/v2\/media?parent=682"}],"curies":[{"name":"wp","href":"https:\/\/api.w.org\/{rel}","templated":true}]}}