{"id":696,"date":"2023-10-02T11:46:59","date_gmt":"2023-10-02T14:46:59","guid":{"rendered":"https:\/\/consmoron.esteri.it\/servizi-consolari-e-visti\/servizi-per-il-cittadino-italiano\/altri-servizi\/albo-consolare\/modulistica\/"},"modified":"2023-10-02T11:48:32","modified_gmt":"2023-10-02T14:48:32","slug":"modulistica","status":"publish","type":"page","link":"https:\/\/consmoron.esteri.it\/es\/servizi-consolari-e-visti\/servizi-per-il-cittadino-straniero\/cittadinanza\/modulistica\/","title":{"rendered":"Modulistica"},"content":{"rendered":"<div>\n<div>\n<p>Utilice los m\u00f3dulos que se encuentran a continuaci\u00f3n (imprimir y completar) para realizar autocertificaciones, y recuerde que las declaraciones enviadas por correo van acompa\u00f1adas de fotocopia de un documento de identidad v\u00e1lido.<\/p>\n<ul>\n<li><a href=\"https:\/\/consmoron.esteri.it\/wp-content\/uploads\/2023\/10\/richiesta_atti_al_comune.pdf\">Solicitud de actas al comune<\/a><\/li>\n<li><a href=\"https:\/\/consmoron.esteri.it\/wp-content\/uploads\/2023\/10\/richiesta_atto_integrale_matrimonio.pdf\">Solicitud de acto integral de matrimonio<\/a><\/li>\n<\/ul>\n<p><strong>B\u00fasqueda en linea<\/strong><\/p>\n<p>Quiere contactar una Comuna en Italia para informaciones pero no tiene los datos?<br \/>\nNo sabe de donde provenia su antepasado italiano?<br \/>\n\u00c9ste es el lugar indicado para buscarlo:<\/p>\n<ul>\n<li><a href=\"http:\/\/www.comuni.it\/\">Il portale dei cittadini<\/a><\/li>\n<li><a href=\"http:\/\/www.comuni-italiani.it\/alfa\/\">Elenco Comuni italiani<\/a><\/li>\n<li><a href=\"http:\/\/cemla.com\/\">Ricerca le tue radici<\/a><\/li>\n<\/ul>\n<\/div>\n<\/div>\n","protected":false},"excerpt":{"rendered":"Utilice los m\u00f3dulos que se encuentran a continuaci\u00f3n (imprimir y completar) para realizar autocertificaciones, y recuerde que las declaraciones enviadas por correo van acompa\u00f1adas de fotocopia de un documento de identidad v\u00e1lido. Solicitud de actas al comune Solicitud de acto integral de matrimonio B\u00fasqueda en linea Quiere contactar una Comuna en Italia para informaciones pero [&hellip;]","protected":false},"author":3,"featured_media":0,"parent":169,"menu_order":0,"comment_status":"closed","ping_status":"closed","template":"","meta":{"footnotes":""},"class_list":["post-696","page","type-page","status-publish","hentry"],"_links":{"self":[{"href":"https:\/\/consmoron.esteri.it\/es\/wp-json\/wp\/v2\/pages\/696","targetHints":{"allow":["GET"]}}],"collection":[{"href":"https:\/\/consmoron.esteri.it\/es\/wp-json\/wp\/v2\/pages"}],"about":[{"href":"https:\/\/consmoron.esteri.it\/es\/wp-json\/wp\/v2\/types\/page"}],"author":[{"embeddable":true,"href":"https:\/\/consmoron.esteri.it\/es\/wp-json\/wp\/v2\/users\/3"}],"replies":[{"embeddable":true,"href":"https:\/\/consmoron.esteri.it\/es\/wp-json\/wp\/v2\/comments?post=696"}],"version-history":[{"count":2,"href":"https:\/\/consmoron.esteri.it\/es\/wp-json\/wp\/v2\/pages\/696\/revisions"}],"predecessor-version":[{"id":698,"href":"https:\/\/consmoron.esteri.it\/es\/wp-json\/wp\/v2\/pages\/696\/revisions\/698"}],"up":[{"embeddable":true,"href":"https:\/\/consmoron.esteri.it\/es\/wp-json\/wp\/v2\/pages\/169"}],"wp:attachment":[{"href":"https:\/\/consmoron.esteri.it\/es\/wp-json\/wp\/v2\/media?parent=696"}],"curies":[{"name":"wp","href":"https:\/\/api.w.org\/{rel}","templated":true}]}}