{"id":1825,"date":"2024-05-02T11:05:59","date_gmt":"2024-05-02T14:05:59","guid":{"rendered":"https:\/\/consmoron.esteri.it\/?page_id=1825"},"modified":"2024-11-29T12:06:48","modified_gmt":"2024-11-29T15:06:48","slug":"carta-didentita-elettronica-cie","status":"publish","type":"page","link":"https:\/\/consmoron.esteri.it\/it\/servizi-consolari-e-visti\/servizi-per-il-cittadino-italiano\/carta-didentita-elettronica-cie\/","title":{"rendered":"Carta d\u2019identit\u00e0 elettronica (CIE)"},"content":{"rendered":"<p><strong><a href=\"https:\/\/consmoron.esteri.it\/wp-content\/uploads\/2024\/05\/informativa_privacy.pdf\">Informativa sulla protezione dei dati personali<\/a><\/strong><\/p>\n<p><a href=\"https:\/\/www.youtube.com\/watch?v=UtvYW4KDNHA&amp;list=PLP6yk6ndBIUdEkRXG7TmCJvHrmTYvEluF&amp;index=4&amp;t=12s\"><span style=\"color: #ff0000;\">VEDI VIDEO INFORMATIVO<\/span><\/a><\/p>\n<p><strong>Che cos\u2019\u00e8 la carta d\u2019identit\u00e0 elettronica (CIE)?<\/strong><\/p>\n<p>La CIE \u00e8 documento personale di riconoscimento valido per identificarsi e circolare nell\u2019Unione Europea, in alcuni Stati aderenti all\u2019accordo di Schengen (ad es. Islanda, Norvegia e Svizzera) e in altri Stati con cui sono stati raggiunti accordi bilaterali (vedasi le singole \u201cschede Paese\u201d sul sito www.viaggiaresicuri.it). La CIE <u>NON pu\u00f2 essere utilizzata per uscire dall\u2019 Argentina.<\/u><\/p>\n<p><strong>A chi pu\u00f2 essere rilasciata la carta d\u2019identit\u00e0 elettronica?<\/strong><\/p>\n<p>Ai fini dell\u2019emissione della CIE \u00e8 indispensabile che il richiedente:<\/p>\n<ul>\n<li>sia cittadino italiano regolarmente residente nella circoscrizione consolare di Moron;<\/li>\n<li>sia iscritto all\u2019AIRE e il suo nominativo inserito nell\u2019apposito applicativo da parte del comune italiano di riferimento;<\/li>\n<li>abbia l\u2019atto di nascita trascritto in Italia, in quanto gli estremi della trascrizione devono essere riportati sulla CIE;<\/li>\n<li>abbia aggiornato la sua posizione negli schedari consolari nel caso di cambio d\u2019indirizzo, variazione dello stato civile o nascita di figli.<\/li>\n<li>abbia un codice fiscale validato dall&#8217;Agenzia delle Entrate.<\/li>\n<\/ul>\n<p>In caso di mancanza di uno dei requisiti, dovr\u00e0 prendere contatto con i servizi competenti (<a href=\"https:\/\/consmoron.esteri.it\/it\/servizi-consolari-e-visti\/servizi-per-il-cittadino-italiano\/anagrafe-degli-italiani-residenti-allestero-aire\/\">anagrafe<\/a>, <a href=\"hthttps:\/\/consmoron.esteri.it\/it\/servizi-consolari-e-visti\/servizi-per-il-cittadino-italiano\/stato-civile\/\">stato civile<\/a> o <a href=\"https:\/\/consmoron.esteri.it\/it\/servizi-consolari-e-visti\/servizi-per-il-cittadino-italiano\/codice-fiscale\/\">ufficio codice fiscale<\/a>) prima di richiedere un appuntamento per la carta d\u2019identit\u00e0.<\/p>\n<p><strong>ATTENZIONE<\/strong>: nel caso in cui, a seguito di verifiche, non fosse possibile procedere con la pratica di rilascio della CIE, il <u>turno verr\u00e0 annullato<\/u>. Il connazionale sar\u00e0 informato sulle motivazioni del rigetto e dovr\u00e0 ripetere la procedura sul Prenot@mi una volta regolarizzata la propria posizione in base a quanto comunicato dall\u2019Agenzia Consolare. <a href=\"https:\/\/consmoron.esteri.it\/it\/servizi-consolari-e-visti\/servizi-per-il-cittadino-italiano\/carta-didentita-elettronica-cie\/motivi-di-cancellazione\/\">Vedi Motivi di cancellazione<\/a><\/p>\n<p><strong>Come mi registro all\u2019 AIRE? <\/strong>L\u2019iscrizione all\u2019A.I.R.E. deve essere effettuata unicamente attraverso il portale\u00a0<a href=\"https:\/\/consmardelplata.esteri.it\/consolato_mardeplata\/it\/i_servizi\/per_i_cittadini\/anagrafe\/anagrafe.html\">Fast It.<\/a><\/p>\n<p><strong>Come si richiede la carta d\u2019identit\u00e0 elettronica (CIE)?<\/strong><\/p>\n<p>La richiesta della carta d\u2019identit\u00e0 elettronica deve essere presentata utilizzando esclusivamente la piattaforma Prenot@mi https:\/\/prenotami.esteri.it\/ . I TURNI SONO DISPONIBILI PER UN PERIODO DI 3 SETTIMANE, DALLA DOMENICA AL GIOVEDI ALLE ORE 00 ORARIO ITALIANO (19 HS &#8211; o 20 HS &#8211; ORARIO ARGENTINO).<\/p>\n<p>&nbsp;<\/p>\n<p><span style=\"text-decoration: underline;\"><strong>NON \u00e9 possibile richiedere l&#8217;emessione della CIE lo stesso giorno del turno passaporto. Dovr\u00e1 richiedere un turno per ogni servizio nel portale <a href=\"mailto:Prenot@Mi\">Prenot@Mi<\/a>.<\/strong><\/span><\/p>\n<p>&nbsp;<\/p>\n<p><strong>Quale \u00e8 la modalit\u00e0 di pagamento?<\/strong><\/p>\n<p>L\u2019Agenzia Consolare, dopo aver effettuato le verifiche dei requisiti da parte del richiedente, invier\u00e0 una mail all\u2019indirizzo dichiarato nel portale Prenot@mi con i dati per effettuare il pagamento.<\/p>\n<p>Per conoscere il costo della CIE vedere la sezione\u00a0<a href=\"https:\/\/consmoron.esteri.it\/es\/servizi-consolari-e-visti\/servizi-per-il-cittadino-italiano\/altri-servizi\/tariffe-consolari\/\"><u>Tariffe Consolari<\/u><\/a> di questo sito web.<\/p>\n<p><strong>Qual \u00e8 la documentazione necessaria da portare con s\u00e9 al momento dell\u2019appuntamento per richiedere la CIE?<\/strong><\/p>\n<p>Il richiedente deve presentarsi munito di:<\/p>\n<ol>\n<li>Carta di identit\u00e0 precedente o passaporto italiano o DNI argentino.<\/li>\n<li>Fotocopia del DNI argentino.<\/li>\n<li>Atto di assenso dei genitori &#8211; solo se entrambi cittadini dell&#8217; Unione Europea &#8211; nel caso in cui il richiedente sia un minore di 18 anni. Vedi <a href=\"https:\/\/consmoron.esteri.it\/it\/servizi-consolari-e-visti\/servizi-per-il-cittadino-italiano\/carta-didentita-elettronica-cie\/cie-per-figli-minori\/\">CIE per filgi minori<\/a>.<strong><u><br \/>\n<\/u><\/strong><\/li>\n<li>Eventuale dichiarazione di smarrimento\/furto precedente carta.<\/li>\n<\/ol>\n<p><strong>Quali sono le operazioni che saranno effettuate il giorno dell\u2019appuntamento?<\/strong><br \/>\nIl giorno dell\u2019appuntamento, l\u2019operatore consolare acquisisce la documentazione sopra indicata, effettua il riconoscimento e la verifica della foto ed acquisisce le impronte digitali e la firma. Il giorno dell\u2019appuntamento, sar\u00e0 annullata la carta di identit\u00e0 cartacea o CIE in corso di validit\u00e0, anche se il richiedente non possiede altro documento di identit\u00e0. Si consiglia pertanto, qualora il richiedente non abbia altro documento di identit\u00e0 in corso di validit\u00e0, di comunicarlo all\u2019operatore.<\/p>\n<p><strong>Come si riceve la CIE?<\/strong><\/p>\n<p><strong>Il documento non \u00e8 rilasciato a vista il giorno dell\u2019appuntamento<\/strong>: la CIE \u00e8 infatti prodotta dall\u2019Istituto Poligrafico e Zecca dello Stato e successivamente spedita, a mezzo raccomandata a carico di Poste Italiane, all\u2019indirizzo di residenza (o recapito) indicato dal richiedente. Il connazionale potr\u00e0 seguire la spedizione autonomamente online, attraverso il codice di tracciamento.<\/p>\n<p><strong>Il Consolato non si fa carico di eventuali problemi di spedizione, per i quali \u00e8 necessario rivolgersi a Poste Italiane.<\/strong><\/p>\n<p><strong>Quanto tempo vale la CIE?<\/strong><\/p>\n<p>La validit\u00e0 della CIE varia a seconda dell\u2019et\u00e0 del titolare ed \u00e8 di:<br \/>\n\u2013 3 anni per i minori di et\u00e0 compresa tra 0 e 3 anni;<br \/>\n\u2013 5 anni per i minori di et\u00e0 compresa tra 4 e 18 anni;<br \/>\n\u2013 10 anni per persone di et\u00e0 superiore ai 18 anni.<\/p>\n<p><strong>Devo chiedere una nuova carta se cambio indirizzo?<\/strong><\/p>\n<p>No. La carta d\u2019identit\u00e0 \u00e8 un documento di identit\u00e0 e non di residenza.<\/p>\n<p><strong>Posso richiedere la carta di identit\u00e0 presso il mio Comune in Italia, anche se residente all\u2019estero?<\/strong><\/p>\n<p>Il connazionale dovr\u00e0 verificarlo con il Comune in Italia.<\/p>\n<p>&nbsp;<\/p>\n<p>&nbsp;<\/p>\n<p>&nbsp;<\/p>\n<p>&nbsp;<\/p>\n<p>&nbsp;<\/p>\n<p>&nbsp;<\/p>\n<p>&nbsp;<\/p>\n<p>&nbsp;<\/p>\n<p>&nbsp;<\/p>\n<p>&nbsp;<\/p>\n<p>&nbsp;<\/p>\n<p>&nbsp;<\/p>\n<p>&nbsp;<\/p>\n","protected":false},"excerpt":{"rendered":"Informativa sulla protezione dei dati personali VEDI VIDEO INFORMATIVO Che cos\u2019\u00e8 la carta d\u2019identit\u00e0 elettronica (CIE)? La CIE \u00e8 documento personale di riconoscimento valido per identificarsi e circolare nell\u2019Unione Europea, in alcuni Stati aderenti all\u2019accordo di Schengen (ad es. Islanda, Norvegia e Svizzera) e in altri Stati con cui sono stati raggiunti accordi bilaterali (vedasi [&hellip;]","protected":false},"author":3,"featured_media":0,"parent":59,"menu_order":0,"comment_status":"closed","ping_status":"closed","template":"","meta":{"footnotes":""},"class_list":["post-1825","page","type-page","status-publish","hentry"],"_links":{"self":[{"href":"https:\/\/consmoron.esteri.it\/it\/wp-json\/wp\/v2\/pages\/1825","targetHints":{"allow":["GET"]}}],"collection":[{"href":"https:\/\/consmoron.esteri.it\/it\/wp-json\/wp\/v2\/pages"}],"about":[{"href":"https:\/\/consmoron.esteri.it\/it\/wp-json\/wp\/v2\/types\/page"}],"author":[{"embeddable":true,"href":"https:\/\/consmoron.esteri.it\/it\/wp-json\/wp\/v2\/users\/3"}],"replies":[{"embeddable":true,"href":"https:\/\/consmoron.esteri.it\/it\/wp-json\/wp\/v2\/comments?post=1825"}],"version-history":[{"count":6,"href":"https:\/\/consmoron.esteri.it\/it\/wp-json\/wp\/v2\/pages\/1825\/revisions"}],"predecessor-version":[{"id":2844,"href":"https:\/\/consmoron.esteri.it\/it\/wp-json\/wp\/v2\/pages\/1825\/revisions\/2844"}],"up":[{"embeddable":true,"href":"https:\/\/consmoron.esteri.it\/it\/wp-json\/wp\/v2\/pages\/59"}],"wp:attachment":[{"href":"https:\/\/consmoron.esteri.it\/it\/wp-json\/wp\/v2\/media?parent=1825"}],"curies":[{"name":"wp","href":"https:\/\/api.w.org\/{rel}","templated":true}]}}