{"id":2506,"date":"2024-09-03T09:20:53","date_gmt":"2024-09-03T12:20:53","guid":{"rendered":"https:\/\/consmoron.esteri.it\/?page_id=2506"},"modified":"2025-09-09T12:45:59","modified_gmt":"2025-09-09T15:45:59","slug":"codice-fiscale","status":"publish","type":"page","link":"https:\/\/consmoron.esteri.it\/it\/servizi-consolari-e-visti\/servizi-per-il-cittadino-straniero\/codice-fiscale\/","title":{"rendered":"Codice fiscale"},"content":{"rendered":"<div class=\"entry-content\">\n<p>RICHIESTE PER CITTADINI STRANIERI:<\/p>\n<p>Il codice fiscale, che costituisce lo strumento di identificazione del cittadino nei rapporti con gli enti e le amministrazioni pubbliche italiane, viene rilasciato dall\u2019Agenzia delle Entrate. Esso pu\u00f2 essere richiesto all\u2019estero, sia dagli italiani che dagli stranieri, per il tramite dell\u2019Ufficio consolare.<\/p>\n<p><u>CITTADINI STRANIERI NON RESIDENTI IN ITALIA<\/u><\/p>\n<p>Il cittadino straniero non residente in Italia deve\u00a0<strong>delegare<\/strong>\u00a0appositamente un soggetto a presentare il modello di richiesta del Codice Fiscale direttamente agli uffici dell\u2019Agenzia delle Entrate dislocati sul territorio italiano, ai sensi dell\u2019art. 1 del D.M. attuativo del 17 maggio 2001, n. 281.<\/p>\n<p>Gli indirizzi degli uffici dell\u2019Agenzia delle Entrate sono reperibili sul sito Internet\u00a0<a href=\"http:\/\/www.agenziaentrate.it\/\">www.agenziaentrate.it<\/a><\/p>\n<p>Il Codice Fiscale pu\u00f2 essere chiesto dal cittadino straniero all\u2019<strong>Ufficio consolare italiano competente per residenza<\/strong>\u00a0solo nei casi in cui il C.F. sia necessario per procedure da effettuare online e\/o per le quali lo straniero sia impossibilitato a delegare un incaricato per la richiesta all\u2019Agenzia delle Entrate: in tali casi l\u2019Ufficio consolare provveder\u00e0 ad inoltrare la richiesta all\u2019Agenzia delle Entrate in Italia.<\/p>\n<p>La richiesta di Codice fiscale, da avanzare compilando l\u2019apposito modulo, andr\u00e0 presentata unitamente alla copia di un documento d\u2019identit\u00e0 e alla indicazione delle motivazioni della richiesta.<\/p>\n<p>Gli\u00a0<strong>studenti<\/strong>\u00a0che necessitino del codice fiscale per la preiscrizione all\u2019Universit\u00e0 possono ottenerlo automaticamente sul\u00a0<strong>Portale UNIVERSITALY<\/strong>\u00a0durante la domanda di preiscrizione. L\u2019attribuzione del Codice Fiscale potr\u00e0 essere perfezionata: presso lo Sportello Unico dell\u2019Immigrazione o dalla Questura al momento della richiesta del permesso di soggiorno, dagli studenti extra UE; dall\u2019Agenzia delle Entrate presentando il modulo AA4\/8, dagli studenti UE.<\/p>\n<p>I\u00a0<strong>cittadini stranieri che necessitino del codice fiscale per acquisto di immobili o per altre attivit\u00e0 commerciali\/finanziarie<\/strong>\u00a0in Italia possono delegare un loro rappresentante a richiedere il codice fiscale all\u2019Agenzia delle Entrate per proprio conto.<\/p>\n<p>Ai\u00a0<strong>cittadini di Paesi extra UE che intendono soggiornare in Italia<\/strong>\u00a0il codice fiscale \u00e8 attribuito:<\/p>\n<p>\u2013 dallo Sportello unico per l\u2019Immigrazione, presente in ogni Prefettura e competente per il rilascio del nulla osta all\u2019ingresso ai cittadini stranieri che richiedono il permesso di soggiorno per lavoro dipendente o ricongiungimento familiare;<\/p>\n<p>\u2013 dalla Questura, ufficio della Polizia di Stato, per i cittadini stranieri che richiedono altre tipologie di permessi di soggiorno.<\/p>\n<p><span style=\"text-decoration: underline;\"><strong>ESCLUSIVAMENTE PER RESIDENTI NELLA CIRCOSCRIZIONE DELL&#8217;AGENZIA CONSOLARE:<\/strong> <\/span>Per richiedere il codice fiscale presso l\u2019Ufficio consolare occorre inviare una e-mail a: <a href=\"mailto:moron.codicefiscale@esteri.it\">moron.codicefiscale@esteri.it<\/a>, allegando il <a href=\"https:\/\/consmoron.esteri.it\/wp-content\/uploads\/2023\/07\/richiesta_codice_fiscale.pdf\" target=\"_blank\" rel=\"noopener\">MODULO DI RICHIESTA<\/a> unitamente alla copia di un documento d\u2019identit\u00e0. Inviare Modulo e DNI in un \u00fanico file pdf. Il termine legale per il trattamento della sua richiesta \u00e8 di 30 giorni lavorativi.<\/p>\n<p>La menzionata casella \u00e8 esclusivamente per il trattamento delle richieste di Codice Fiscale.<\/p>\n<p><a href=\"https:\/\/www.youtube.com\/watch?v=KoGFrVCpzjA&amp;list=PLP6yk6ndBIUdEkRXG7TmCJvHrmTYvEluF&amp;index=7&amp;t=2s\">VEDI VIDEO INFORMATIVO<\/a><\/p>\n<\/div>\n<p><a href=\"https:\/\/consmoron.esteri.it\/it\/servizi-consolari-e-visti\/servizi-per-il-cittadino-italiano\/codice-fiscale\/\">RICHIESTE PER CITTADINI ITALIANI<\/a><\/p>\n","protected":false},"excerpt":{"rendered":"RICHIESTE PER CITTADINI STRANIERI: Il codice fiscale, che costituisce lo strumento di identificazione del cittadino nei rapporti con gli enti e le amministrazioni pubbliche italiane, viene rilasciato dall\u2019Agenzia delle Entrate. Esso pu\u00f2 essere richiesto all\u2019estero, sia dagli italiani che dagli stranieri, per il tramite dell\u2019Ufficio consolare. CITTADINI STRANIERI NON RESIDENTI IN ITALIA Il cittadino straniero [&hellip;]","protected":false},"author":3,"featured_media":0,"parent":62,"menu_order":0,"comment_status":"closed","ping_status":"closed","template":"","meta":{"footnotes":""},"class_list":["post-2506","page","type-page","status-publish","hentry"],"_links":{"self":[{"href":"https:\/\/consmoron.esteri.it\/it\/wp-json\/wp\/v2\/pages\/2506","targetHints":{"allow":["GET"]}}],"collection":[{"href":"https:\/\/consmoron.esteri.it\/it\/wp-json\/wp\/v2\/pages"}],"about":[{"href":"https:\/\/consmoron.esteri.it\/it\/wp-json\/wp\/v2\/types\/page"}],"author":[{"embeddable":true,"href":"https:\/\/consmoron.esteri.it\/it\/wp-json\/wp\/v2\/users\/3"}],"replies":[{"embeddable":true,"href":"https:\/\/consmoron.esteri.it\/it\/wp-json\/wp\/v2\/comments?post=2506"}],"version-history":[{"count":3,"href":"https:\/\/consmoron.esteri.it\/it\/wp-json\/wp\/v2\/pages\/2506\/revisions"}],"predecessor-version":[{"id":3777,"href":"https:\/\/consmoron.esteri.it\/it\/wp-json\/wp\/v2\/pages\/2506\/revisions\/3777"}],"up":[{"embeddable":true,"href":"https:\/\/consmoron.esteri.it\/it\/wp-json\/wp\/v2\/pages\/62"}],"wp:attachment":[{"href":"https:\/\/consmoron.esteri.it\/it\/wp-json\/wp\/v2\/media?parent=2506"}],"curies":[{"name":"wp","href":"https:\/\/api.w.org\/{rel}","templated":true}]}}