{"id":34,"date":"2023-04-03T19:15:16","date_gmt":"2023-04-03T17:15:16","guid":{"rendered":"https:\/\/consolatozurigo.esteri.it\/?page_id=34"},"modified":"2026-03-16T12:58:10","modified_gmt":"2026-03-16T15:58:10","slug":"il-console-generale","status":"publish","type":"page","link":"https:\/\/consmoron.esteri.it\/it\/chi-siamo\/il-console-generale\/","title":{"rendered":"L\u2019Agente Consolare"},"content":{"rendered":"<p>Giulio Barbato \u00e8 nato a Roma il 22 giugno 1984.<\/p>\n<div>\n<p>Dal 12 settembre 2022 esercita le funzioni di Agente Consolare nella circoscrizione di Mor\u00f3n.<\/p>\n<p>Precedentemente all&#8217;incarico, ha prestato servizio presso la Direzione Generale per la Promozione del Sistema Paese dove si \u00e8 occupato della promozione e della tutela dei settori di rilevanza strategica e di eventi di partenariato economico.<\/p>\n<p>Prima di entrare nei ruoli del Ministero degli Affari Esteri e della Cooperazione Internazionale, ha maturato alcuni anni di esperienza nel settore privato lavorando in diversi Paesi, tra cui Italia, Regno Unito e Francia.<\/p>\n<p>Presso l&#8217;universit\u00e0 LUISS Business School di Roma, nel 2017 ha conseguito il Master in Business Amministration.<\/p>\n<p>Ha compiuto gli studi universitari presso l&#8217;Universit\u00e0 di Roma La Sapienza, dove si \u00e8 laureato &#8220;cum laude&#8221; in Relazioni Internazionali nella facolt\u00e0 di Scienze Politiche.<\/p>\n<p>Parla correntemente inglese, spagnolo e francese.<\/p>\n<p><img loading=\"lazy\" decoding=\"async\" class=\"img-fluid aligncenter wp-image-4461 size-full\" src=\"https:\/\/consmoron.esteri.it\/wp-content\/uploads\/2026\/03\/Giulio-Barbato.png\" alt=\"\" width=\"1536\" height=\"1024\" srcset=\"https:\/\/consmoron.esteri.it\/wp-content\/uploads\/2026\/03\/Giulio-Barbato.png 1536w, https:\/\/consmoron.esteri.it\/wp-content\/uploads\/2026\/03\/Giulio-Barbato-300x200.png 300w, https:\/\/consmoron.esteri.it\/wp-content\/uploads\/2026\/03\/Giulio-Barbato-1024x683.png 1024w, https:\/\/consmoron.esteri.it\/wp-content\/uploads\/2026\/03\/Giulio-Barbato-768x512.png 768w\" sizes=\"auto, (max-width: 1536px) 100vw, 1536px\" \/><\/p>\n<\/div>\n","protected":false},"excerpt":{"rendered":"Giulio Barbato \u00e8 nato a Roma il 22 giugno 1984. Dal 12 settembre 2022 esercita le funzioni di Agente Consolare nella circoscrizione di Mor\u00f3n. Precedentemente all&#8217;incarico, ha prestato servizio presso la Direzione Generale per la Promozione del Sistema Paese dove si \u00e8 occupato della promozione e della tutela dei settori di rilevanza strategica e di [&hellip;]","protected":false},"author":1,"featured_media":4461,"parent":13,"menu_order":0,"comment_status":"closed","ping_status":"closed","template":"","meta":{"footnotes":""},"class_list":["post-34","page","type-page","status-publish","has-post-thumbnail","hentry"],"_links":{"self":[{"href":"https:\/\/consmoron.esteri.it\/it\/wp-json\/wp\/v2\/pages\/34","targetHints":{"allow":["GET"]}}],"collection":[{"href":"https:\/\/consmoron.esteri.it\/it\/wp-json\/wp\/v2\/pages"}],"about":[{"href":"https:\/\/consmoron.esteri.it\/it\/wp-json\/wp\/v2\/types\/page"}],"author":[{"embeddable":true,"href":"https:\/\/consmoron.esteri.it\/it\/wp-json\/wp\/v2\/users\/1"}],"replies":[{"embeddable":true,"href":"https:\/\/consmoron.esteri.it\/it\/wp-json\/wp\/v2\/comments?post=34"}],"version-history":[{"count":5,"href":"https:\/\/consmoron.esteri.it\/it\/wp-json\/wp\/v2\/pages\/34\/revisions"}],"predecessor-version":[{"id":4464,"href":"https:\/\/consmoron.esteri.it\/it\/wp-json\/wp\/v2\/pages\/34\/revisions\/4464"}],"up":[{"embeddable":true,"href":"https:\/\/consmoron.esteri.it\/it\/wp-json\/wp\/v2\/pages\/13"}],"wp:featuredmedia":[{"embeddable":true,"href":"https:\/\/consmoron.esteri.it\/it\/wp-json\/wp\/v2\/media\/4461"}],"wp:attachment":[{"href":"https:\/\/consmoron.esteri.it\/it\/wp-json\/wp\/v2\/media?parent=34"}],"curies":[{"name":"wp","href":"https:\/\/api.w.org\/{rel}","templated":true}]}}