{"id":344,"date":"2023-07-07T09:29:20","date_gmt":"2023-07-07T12:29:20","guid":{"rendered":"https:\/\/consmoron.esteri.it\/?page_id=344"},"modified":"2024-10-09T12:04:09","modified_gmt":"2024-10-09T15:04:09","slug":"dichiarazione-di-valore","status":"publish","type":"page","link":"https:\/\/consmoron.esteri.it\/it\/servizi-consolari-e-visti\/servizi-per-il-cittadino-italiano\/traduzione-e-legalizzazione-dei-documenti\/dichiarazione-di-valore\/","title":{"rendered":"Dichiarazione di valore"},"content":{"rendered":"<p>La <strong>dichiarazione di valore<\/strong> \u00e8 un documento rilasciato dalle autorit\u00e0 consolari italiane a coloro che, avendo conseguito un titolo di studio presso istituti di istruzione stranieri, intendono proseguire gli studi in Italia oppure avviare le procedure di Equipollenza dei Titoli di Studio oppure di Riconoscimento professionale. Consiste nell\u2019accertamento e nella certificazione che i titoli di studio di scuola media superiore consentono l\u2019ammissione ai corsi universitari nell\u2019ordinamento del Paese nel quale sono stati conseguiti.<\/p>\n<p>La dichiarazione di valore non attribuisce alcun riconoscimento al titolo in Italia ma ha l&#8217;unico scopo di descrivere il valore acquisito dal titolo di studio nel Paese di origine. Il riconoscimento o l&#8217;equipollenza dei titoli sono di competenza delle specifiche Autorit\u00e0 italiane. Gli stranieri e gli italiani residenti in questa circoscrizione consolare possono accedere alle Universit\u00e0 italiane presentando al Consolato Generale d\u2019Italia in Buenos Aires una domanda che deve essere corredata dalla documentazione prescritta. Questa documentazione, munita della relativa Dichiarazione di Valore, deve essere approvata dalle competenti Autorit\u00e0 italiane, in base alla valutazione dei titoli di studio conseguiti all\u2019estero.<\/p>\n<p>Per poter essere presentata in Italia, la documentazione relativa agli studi compiuti all\u2019estero (certificati analitici, diplomi, pagelle scolastiche, programmi, certificazioni varie ecc.) deve essere prima legalizzata presso l\u2019Ufficio Studi della sede consolare competente per indirizzo dell\u2019istituzione che l\u2019ha rilasciata (e non quindi per indirizzo dell\u2019interessato).<\/p>\n<p>Questa Agenzia Consolare d\u2019Italia \u00e8 competente per la legalizzazione delle certificazioni rilasciate da tutti gli enti scolastici e accademici dei Distretti di Hurlingham, Ituzaing\u00f3, La Matanza e Mor\u00f3n, e la richiesta di legalizzazione pu\u00f2 essere presentata anche da persone non residenti in questa circoscrizione consolare.<\/p>\n<p>Detta richiesta pu\u00f2 essere presentata personalmente dall\u2019interessato o, qualora questi fosse impossibilitato a farlo, da persona debitamente delegata dallo stesso.<\/p>\n<p>La documentazione scolastica \/ accademica argentina da legalizzare deve essere presentata in originale, legalizzata presso il MRECIyC (Arenales 961, Cap. Fed.) con \u201cApostille \u2013 Convenzione dell\u2019Aja del 5.10.1961\u201d e tradotta\u00a0 in italiano.<\/p>\n<p>Per ottenere la Dichiarazione di Valore di un titolo secondario, occorre presentare la seguente documentazione:<\/p>\n<ul>\n<li>Titolo finale di scuola secondaria;<\/li>\n<li>Certificato analitico secondario;<\/li>\n<\/ul>\n<p>Per ottenere la Dichiarazione di Valore di un diploma di <em>specializzazione post secondaria (di durata biennale o triennale)<\/em> o di un titolo universitario \u00e8 necessario presentare la seguente documentazione:<\/p>\n<ul>\n<li>Titolo universitario o diploma di specializzazione post secondaria;<\/li>\n<li>Certificato analitico degli studi di specializzazione post secondaria o universitari;<\/li>\n<li>Programmi di studio del corso \/ corso di laurea per ogni materia (timbrati e numerati dall\u2019Istituzione competente) non occorre legalizzazione n\u00e9 traduzione. (Per ulteriori informazioni vedi il sito del Ministero dell&#8217;Istruzione, dell&#8217;Universit\u00e0 e della Ricerca);<\/li>\n<li>Dichiarazione rilasciata dall\u2019Istituto o dall&#8217;Universit\u00e0 che attesti l&#8217;effettivo svolgimento dei suddetti programmi di studio, legalizzata con apostille dell\u2019Aja e tradotta;<\/li>\n<li>Certificazione in originale su carta intestata, rilasciata dalla Universit\u00e0 \/ Istituto o Collegio Professionale dal quale risulti: a)Normativa e fonte giuridica che regola l\u2019esercizio della professione nella Repubblica Argentina (Legge, Decreto, Regolamentazione, ecc.) che definisce l\u2019attivit\u00e0 e responsabilit\u00e0 della professione; b) L\u2019 Autorit\u00e0 di Stato competente al controllo dell\u2019esercizio della professione (Ministero, Dipartimento, Ordine Professionale, ecc);<\/li>\n<\/ul>\n<p>Qualora dal certificato analitico non risultassero gli anni di studio previsti per ottenere il titolo \u00e8 necessario presentare:<\/p>\n<ul>\n<li>Certificazione rilasciata dall\u2019Istituzione competente, attestante quanto sopra (presentarla in originale, senza legalizzazione n\u00e9 traduzione)<\/li>\n<\/ul>\n<p>Qualora la Dichiarazione di Valore sia richiesta per ottenere il riconoscimento del titolo professionale \/ accademico in Italia, e\u2019 necessario presentare:<\/p>\n<ul>\n<li>Certificazione rilasciata dall\u2019Autorit\u00e0 competente dalla quale risulti l\u2019iscrizione all\u2019Albo Professionale e il relativo numero di matricola (da presentare in originale, legalizzata con Apostille dell\u2019Aja e traduzione in italiano.)<\/li>\n<\/ul>\n<p><strong>Al fine di ottenere la Dichiarazione di Valore, tutti i documenti dovranno essere presentati in originale, legalizzati con Apostille dell\u2019Aja, tradotti in italiano + una fotocopia (copia semplice).<\/strong><\/p>\n<p><strong>Appuntamento<\/strong><\/p>\n<p>Gli appuntamenti sono resi disponibili tramite il portale <a href=\"https:\/\/prenotami.esteri.it\/\"><strong>Prenot@mi<\/strong><\/a>\u00a0con l\u2019opzione \u201c<strong>Studi<\/strong>\u201d.<\/p>\n<p>L\u2019appuntamento \u00e8 virtuale, in quanto nel giorno indicato dovr\u00e0 essere consegnata la documentazione in formato word via email (<a href=\"mailto:studi-notarile.moron@esteri.it\">studi-notarile.moron@esteri.it<\/a>). Solo in un secondo momento, a seguito di contatto da parte dell\u2019Ufficio, si potr\u00e0 consegnare la documentazione in cartaceo.<\/p>\n<p><strong>NOTA BENE:<\/strong><br \/>\nLa traduzione dei titoli di studio ed eventuali certificazioni pu\u00f2 essere effettuata anche in Italia. Per le iscrizioni alle Universit\u00e0 si prega di attenersi ai requisiti stabiliti da ogni Ateneo.<\/p>\n","protected":false},"excerpt":{"rendered":"La dichiarazione di valore \u00e8 un documento rilasciato dalle autorit\u00e0 consolari italiane a coloro che, avendo conseguito un titolo di studio presso istituti di istruzione stranieri, intendono proseguire gli studi in Italia oppure avviare le procedure di Equipollenza dei Titoli di Studio oppure di Riconoscimento professionale. Consiste nell\u2019accertamento e nella certificazione che i titoli di [&hellip;]","protected":false},"author":3,"featured_media":0,"parent":90,"menu_order":0,"comment_status":"closed","ping_status":"closed","template":"","meta":{"footnotes":""},"class_list":["post-344","page","type-page","status-publish","hentry"],"_links":{"self":[{"href":"https:\/\/consmoron.esteri.it\/it\/wp-json\/wp\/v2\/pages\/344","targetHints":{"allow":["GET"]}}],"collection":[{"href":"https:\/\/consmoron.esteri.it\/it\/wp-json\/wp\/v2\/pages"}],"about":[{"href":"https:\/\/consmoron.esteri.it\/it\/wp-json\/wp\/v2\/types\/page"}],"author":[{"embeddable":true,"href":"https:\/\/consmoron.esteri.it\/it\/wp-json\/wp\/v2\/users\/3"}],"replies":[{"embeddable":true,"href":"https:\/\/consmoron.esteri.it\/it\/wp-json\/wp\/v2\/comments?post=344"}],"version-history":[{"count":6,"href":"https:\/\/consmoron.esteri.it\/it\/wp-json\/wp\/v2\/pages\/344\/revisions"}],"predecessor-version":[{"id":2675,"href":"https:\/\/consmoron.esteri.it\/it\/wp-json\/wp\/v2\/pages\/344\/revisions\/2675"}],"up":[{"embeddable":true,"href":"https:\/\/consmoron.esteri.it\/it\/wp-json\/wp\/v2\/pages\/90"}],"wp:attachment":[{"href":"https:\/\/consmoron.esteri.it\/it\/wp-json\/wp\/v2\/media?parent=344"}],"curies":[{"name":"wp","href":"https:\/\/api.w.org\/{rel}","templated":true}]}}