{"id":3693,"date":"2025-07-16T13:41:05","date_gmt":"2025-07-16T16:41:05","guid":{"rendered":"https:\/\/consmoron.esteri.it\/?page_id=3693"},"modified":"2025-07-16T13:41:05","modified_gmt":"2025-07-16T16:41:05","slug":"divorzio","status":"publish","type":"page","link":"https:\/\/consmoron.esteri.it\/it\/servizi-consolari-e-visti\/servizi-per-il-cittadino-italiano\/stato-civile\/divorzio\/","title":{"rendered":"Divorzio"},"content":{"rendered":"<p>La documentazione riportata di seguito dovr\u00e0\u00a0SEMPRE\u00a0essere accompagnata da:<\/p>\n<ul>\n<li><a href=\"https:\/\/consmoron.esteri.it\/wp-content\/uploads\/2024\/02\/Istanza-Stato-civile-1.pdf\">autocertificazione<\/a> debitamente compilata e firmata (nel caso in cui non si conosca il Comune di riferimento in Italia, il relativo campo pu\u00f2 essere non completato);<\/li>\n<li>copia del DNI fronte\/retro di tutto il nucleo familiare;<\/li>\n<li>documentazione attestante la residenza nella Circoscrizione dell\u2019Agenzia Consolare in Moron.<\/li>\n<\/ul>\n<p>Documentazione:<\/p>\n<ul>\n<li style=\"list-style-type: none;\">\n<ul>\n<li><a href=\"https:\/\/consmoron.esteri.it\/wp-content\/uploads\/2024\/02\/ISTANZA-DI-TRASCRIZIONE-DI-SENTENZA-DIVORZIO.pdf\">istanza di trascrizione della sentenza di divorzio<\/a>. Nella seconda pagina del modulo (link precedente) sono presenti le istruzioni per facilitare la compilazione. Se si hanno dei dubbi sui dati relativi alla sentenza lasciare gli spazi in bianco.<\/li>\n<li><strong><span style=\"text-decoration: underline;\">Sentenza completa in originale<\/span> <\/strong>(dovr\u00e0 riportare i seguenti paragrafi: \u201cAUTOS\u201d; \u201cVISTOS\u201d; CONSIDERANDO\u201d; \u201cFALLO\u201d) legalizzata dal Tribunale competente.<\/li>\n<li>Qualora vi sia una sentenza di separazione legale in base all\u2019art.67\/bis, \u00e8 necessario presentarla.<\/li>\n<li>In presenza di figli minorenni, la sentenza dovr\u00e0 specificare l\u2019affidamento.<\/li>\n<li>Nella sentenza, o in una dichiarazione a parte, dovr\u00e0 essere specificato che la sentenza di divorzio \u00e8 passata in giudicato (vale a dire che \u00e8 \u201cFIRME\u201d, o \u201cCONSENTIDA\u201d o \u201cEJECUTORADA\u201d o che riveste il carattere di \u201cCOSA JUZGADA\u201d.<\/li>\n<li>La sentenza dovr\u00e0 essere legalizzata dalla \u201cCamara Nacional de Apelaciones\u201d del Mandamento Giudiziario competente e dal \u201cMinisterio de Relaciones Exteriores, Comercio internacional y Culto\u201d con l\u2019apposizione dell\u2019Apostille \u2013 Convenzione dell\u2019Aja.<\/li>\n<li>Tutta la documentazione dovr\u00e0 essere correttamente tradotta in italiano.<\/li>\n<\/ul>\n<\/li>\n<\/ul>\n","protected":false},"excerpt":{"rendered":"La documentazione riportata di seguito dovr\u00e0\u00a0SEMPRE\u00a0essere accompagnata da: autocertificazione debitamente compilata e firmata (nel caso in cui non si conosca il Comune di riferimento in Italia, il relativo campo pu\u00f2 essere non completato); copia del DNI fronte\/retro di tutto il nucleo familiare; documentazione attestante la residenza nella Circoscrizione dell\u2019Agenzia Consolare in Moron. Documentazione: istanza di [&hellip;]","protected":false},"author":3,"featured_media":0,"parent":86,"menu_order":0,"comment_status":"closed","ping_status":"closed","template":"","meta":{"footnotes":""},"class_list":["post-3693","page","type-page","status-publish","hentry"],"_links":{"self":[{"href":"https:\/\/consmoron.esteri.it\/it\/wp-json\/wp\/v2\/pages\/3693","targetHints":{"allow":["GET"]}}],"collection":[{"href":"https:\/\/consmoron.esteri.it\/it\/wp-json\/wp\/v2\/pages"}],"about":[{"href":"https:\/\/consmoron.esteri.it\/it\/wp-json\/wp\/v2\/types\/page"}],"author":[{"embeddable":true,"href":"https:\/\/consmoron.esteri.it\/it\/wp-json\/wp\/v2\/users\/3"}],"replies":[{"embeddable":true,"href":"https:\/\/consmoron.esteri.it\/it\/wp-json\/wp\/v2\/comments?post=3693"}],"version-history":[{"count":1,"href":"https:\/\/consmoron.esteri.it\/it\/wp-json\/wp\/v2\/pages\/3693\/revisions"}],"predecessor-version":[{"id":3694,"href":"https:\/\/consmoron.esteri.it\/it\/wp-json\/wp\/v2\/pages\/3693\/revisions\/3694"}],"up":[{"embeddable":true,"href":"https:\/\/consmoron.esteri.it\/it\/wp-json\/wp\/v2\/pages\/86"}],"wp:attachment":[{"href":"https:\/\/consmoron.esteri.it\/it\/wp-json\/wp\/v2\/media?parent=3693"}],"curies":[{"name":"wp","href":"https:\/\/api.w.org\/{rel}","templated":true}]}}