{"id":3695,"date":"2025-07-16T13:44:34","date_gmt":"2025-07-16T16:44:34","guid":{"rendered":"https:\/\/consmoron.esteri.it\/?page_id=3695"},"modified":"2025-07-16T13:44:43","modified_gmt":"2025-07-16T16:44:43","slug":"atti-di-morte","status":"publish","type":"page","link":"https:\/\/consmoron.esteri.it\/it\/servizi-consolari-e-visti\/servizi-per-il-cittadino-italiano\/stato-civile\/atti-di-morte\/","title":{"rendered":"Atti di morte"},"content":{"rendered":"<p>Documentazione:<\/p>\n<ul>\n<li>atti emessi con sistema GEDO con traduzione integrale (sia dell\u2019atto che della firma digitale emessa dal locale ufficio del \u201cRegistro Civil\u201d);<\/li>\n<li>atti emessi con firma olografata muniti di Apostille digitale emessa dal Ministero degli Affari Esteri o dal \u201cColegio de Escribanos\u201d con traduzione integrale (sia dell\u2019atto che dell\u2019Apostille Digitale).<\/li>\n<\/ul>\n<p>L\u2019atto di morte pu\u00f2 essere presentato da qualsiasi parente presso l\u2019Ufficio consolare di competenza o tramite il portale <a href=\"https:\/\/serviziconsolari.esteri.it\/ScoFE\/index.sco\">Fast It<\/a>. In caso di non essere cittadini italiani, \u00e8 possibile avviare la pratica scrivendo alla seguente email: <a href=\"mailto:statocivile.moron@esteri.it\">statocivile.moron@esteri.it<\/a><\/p>\n<p>Atti di morte, corredati di traduzione, potranno essere presentati all\u2019Agenzia Consolare personalmente senza appuntamento, i giorni luned\u00ec, marted\u00ec, gioved\u00ec e venerd\u00ec &#8211; dalle ore 9:00 alle ore 11:30, <strong>con una copia del documento d&#8217;identit\u00e0 dell\u2019interessato, o inviati per posta<\/strong> (Rep. Oriental del Uruguay 129, Moron), allegando il modello di richiesta <a href=\"https:\/\/consmoron.esteri.it\/wp-content\/uploads\/2024\/02\/Istanza-Stato-civile-1.pdf\">scaricabile qui<\/a>.<\/p>\n<p><u>Non si accettano i certificati bilingue rilasciati dal \u201cRegistro Civil\u201d. In tutti i casi si deve presentare l\u2019atto o <em>PARTIDA<\/em> <\/u><\/p>\n<p>&nbsp;<\/p>\n<p>&nbsp;<\/p>\n","protected":false},"excerpt":{"rendered":"Documentazione: atti emessi con sistema GEDO con traduzione integrale (sia dell\u2019atto che della firma digitale emessa dal locale ufficio del \u201cRegistro Civil\u201d); atti emessi con firma olografata muniti di Apostille digitale emessa dal Ministero degli Affari Esteri o dal \u201cColegio de Escribanos\u201d con traduzione integrale (sia dell\u2019atto che dell\u2019Apostille Digitale). L\u2019atto di morte pu\u00f2 essere [&hellip;]","protected":false},"author":3,"featured_media":0,"parent":86,"menu_order":0,"comment_status":"closed","ping_status":"closed","template":"","meta":{"footnotes":""},"class_list":["post-3695","page","type-page","status-publish","hentry"],"_links":{"self":[{"href":"https:\/\/consmoron.esteri.it\/it\/wp-json\/wp\/v2\/pages\/3695","targetHints":{"allow":["GET"]}}],"collection":[{"href":"https:\/\/consmoron.esteri.it\/it\/wp-json\/wp\/v2\/pages"}],"about":[{"href":"https:\/\/consmoron.esteri.it\/it\/wp-json\/wp\/v2\/types\/page"}],"author":[{"embeddable":true,"href":"https:\/\/consmoron.esteri.it\/it\/wp-json\/wp\/v2\/users\/3"}],"replies":[{"embeddable":true,"href":"https:\/\/consmoron.esteri.it\/it\/wp-json\/wp\/v2\/comments?post=3695"}],"version-history":[{"count":1,"href":"https:\/\/consmoron.esteri.it\/it\/wp-json\/wp\/v2\/pages\/3695\/revisions"}],"predecessor-version":[{"id":3697,"href":"https:\/\/consmoron.esteri.it\/it\/wp-json\/wp\/v2\/pages\/3695\/revisions\/3697"}],"up":[{"embeddable":true,"href":"https:\/\/consmoron.esteri.it\/it\/wp-json\/wp\/v2\/pages\/86"}],"wp:attachment":[{"href":"https:\/\/consmoron.esteri.it\/it\/wp-json\/wp\/v2\/media?parent=3695"}],"curies":[{"name":"wp","href":"https:\/\/api.w.org\/{rel}","templated":true}]}}