{"id":385,"date":"2023-07-07T10:09:55","date_gmt":"2023-07-07T13:09:55","guid":{"rendered":"https:\/\/consmoron.esteri.it\/servizi-consolari-e-visti\/servizi-per-il-cittadino-italiano\/altri-servizi\/studi\/"},"modified":"2025-05-21T10:40:37","modified_gmt":"2025-05-21T13:40:37","slug":"studi","status":"publish","type":"page","link":"https:\/\/consmoron.esteri.it\/it\/servizi-consolari-e-visti\/servizi-per-il-cittadino-italiano\/altri-servizi\/studi\/","title":{"rendered":"Studi"},"content":{"rendered":"<p>Informativa sul trattamento dei dati personali disponibile al link <a href=\"https:\/\/www.esteri.it\/it\/sportello_info\/informativa-sul-trattamento-dei-dati-personali\/\">https:\/\/www.esteri.it\/it\/sportello_info\/informativa-sul-trattamento-dei-dati-personali\/<\/a><\/p>\n<p><span style=\"color: #ff0000;\"><a style=\"color: #ff0000;\" href=\"https:\/\/www.youtube.com\/watch?v=U4AsgEBuR0I&amp;list=PLP6yk6ndBIUdEkRXG7TmCJvHrmTYvEluF&amp;index=10\">VEDI VIDEO INFORMATIVO<\/a><\/span><\/p>\n<p><strong>Appuntamenti<\/strong><\/p>\n<p>Gli appuntamenti sono resi disponibili tramite il portale <a href=\"https:\/\/prenotami.esteri.it\/\"><strong>Prenot@mi<\/strong><\/a>\u00a0con l\u2019opzione \u201c<strong>Studi<\/strong>\u201d.<\/p>\n<p>L\u2019appuntamento \u00e8 virtuale, in quanto nel giorno indicato dovr\u00e0 essere consegnata la documentazione in formato word via email (<a href=\"mailto:studi-notarile.moron@esteri.it\">studi-notarile.moron@esteri.it<\/a>). Solo in un secondo momento, a seguito di contatto da parte dell\u2019Ufficio, si potr\u00e0 consegnare la documentazione in cartaceo.<\/p>\n<p><a name=\"IN\"><\/a><strong>Informazioni Generali<\/strong><\/p>\n<p>IMPORTANTE: Possono accedere ai servizi resi dall\u2019Ufficio Studi, previo appuntamento, tutti gli utenti, cittadini italiani e\/o stranieri, che hanno conseguito un titolo di studio presso una istituzione scolastica situata nella circoscrizione consolare dell\u2019Agenzia Consolare d\u2019Italia in Moron (La Matanza, Mor\u00f3n, Ituzaing\u00f3, Hurlingham.), anche se non residenti nella stessa circoscrizone consolare.<\/p>\n<p>Le pratiche presso l\u2019Ufficio Studi sono gratuite se necessarie per:<\/p>\n<ul>\n<li>proseguimento degli studi;<\/li>\n<li>borse di studio;<\/li>\n<li>equipollenza dei titoli di studio.<\/li>\n<\/ul>\n<p>I cittadini italiani o stranieri in possesso di titolo accademico straniero &#8211; conseguito a seguito di studi ed esami svoltisi all&#8217;estero presso Universit\u00e0 statali o legalmente riconosciute &#8211; che aspirino a chiedere il riconoscimento in Italia del proprio curriculum studiorum ai fini del conseguimento di analogo titolo accademico italiano, possono avanzare richiesta in tal senso presso una Universit\u00e0 di loro scelta.<\/p>\n<p>Per maggiori informazioni: <a href=\"http:\/\/www.esteri.it\/MAE\/IT\/Politica_Estera\/Cultura\/Universita\/Riconoscimento_titoli_studio\/\">http:\/\/www.esteri.it\/MAE\/IT\/Politica_Estera\/Cultura\/Universita\/Riconoscimento_titoli_studio\/<\/a><\/p>\n<p>I vari Ministeri sono responsabili delle procedure di riconoscimento professionale dei titoli conseguiti all\u2019estero, da cittadini sia italiani che stranieri, per l&#8217;accesso a quelle professioni sulle quali esercitano la vigilanza. I professionisti in possesso di un titolo conseguito in un Paese non appartenente all&#8217;Unione Europea possono presentare domanda di riconoscimento del titolo al fine di esercitare la professione corrispondente in Italia. Oltre ai cittadini comunitari, anche ogni cittadino straniero che ne faccia richiesta pu\u00f2 ottenere il riconoscimento.<\/p>\n<p>Nel caso in cui l\u2019interessato non si presenti personalmente dovr\u00e0 esibire, tramite persona incaricata, delega firmata con allegata copia di un documento d\u2019identit\u00e0 in corso di validit\u00e0 dell\u2019interessato e del delegato (Passaporto, Carta d\u2019Identit\u00e0 Italiana, DNI, CI Mercosur).<\/p>\n<p>I cittadini argentini o stranieri per potersi recare in Italia per motivi di studio devono necessariamente richiedere il VISTO di tipo D per l\u2019ingresso in Italia. Gli interessati devono istruire la pratica presso l\u2019Ufficio Visti del Consolato Generale d&#8217;Italia in Buenos Aires. I cittadini in possesso di doppia cittadinanza (italiana e argentina) non hanno bisogno di Visto per recarsi in Italia a studiare.<\/p>\n<p>L&#8217;Ufficio Studi fornisce informazioni e consulenza per l&#8217;iscrizione a Scuole e Universit\u00e0 in Italia e rilascia le necessarie dichiarazioni di valore per i titoli conseguiti presso Scuole e Universit\u00e0 della circoscrizione consolare perch\u00e8 gli interessati possano ottenere l\u2019equipollenza dei titoli di studio primari e secondari con analoghi titoli italiani, l\u2019iscrizione a scuole ed Universit\u00e0 italiane, il riconoscimento in Italia degli studi universitari e l\u2019assegnazione di borse di studio.<\/p>\n<p>Vedi <a href=\"https:\/\/consmoron.esteri.it\/it\/servizi-consolari-e-visti\/servizi-per-il-cittadino-italiano\/traduzione-e-legalizzazione-dei-documenti\/dichiarazione-di-valore\/\">DICHIARAZIONE DI VALORE<\/a><\/p>\n<p><a name=\"SCUOLE\"><\/a><strong>Le scuole in Italia<\/strong><\/p>\n<p>Un elenco completo di Scuole Elementari, Medie e dei Licei Italiani statali e non statali (<a href=\"https:\/\/cercalatuascuola.istruzione.it\/cercalatuascuola\/\">https:\/\/cercalatuascuola.istruzione.it\/cercalatuascuola\/<\/a>) \u00e8 costantemente aggiornato dal Ministero dell\u2019Istruzione, dell\u2019Universit\u00e0 e della Ricerca (MIUR)<\/p>\n<p>Per l&#8217;iscrizione a scuole primarie o secondarie in Italia:<\/p>\n<ul>\n<li>Certificazione degli studi compiuti con allegata Dichiarazione di Valore rilasciata dall\u2019Agenzia Consolare;<\/li>\n<\/ul>\n<p>Per l&#8217;equipollenza del titolo di studio secondario:<\/p>\n<ul>\n<li>Titolo finale di scuola secondaria;<\/li>\n<li>Certificato analitico con allegata Dichiarazione di Valore rilasciata dal Consolato o Agenzia Consolare d\u2019Italia competente;<\/li>\n<li>Eventuali certificati di frequenza di corsi di lingua italiana.<\/li>\n<\/ul>\n<p><a name=\"UNIVERSITA\"><\/a><strong>Le Universit\u00e0 in Italia<\/strong><\/p>\n<p>Notizie di interesse generale sull\u2019organizzazione e sul funzionamento delle Universit\u00e0 italiane si trovano nella sezione del <a href=\"https:\/\/www.miur.gov.it\/universita\">sito del Ministero dell\u2019Istruzione, dell\u2019Universit\u00e0 e della Ricerca. <\/a><\/p>\n<p>Liste complete degli Atenei sono consultabili attraverso lo speciale <a href=\"https:\/\/cercauniversita.cineca.it\/php5\/docenti\/cerca.php\">motore di ricerca CINECA<\/a>.<\/p>\n<p>E\u2019 presente anche pagina dedicata alle Universit\u00e0 nel sito della <a href=\"https:\/\/www.crui.it\/\">CRUI &#8211; Conferenza dei Rettori delle Universit\u00e0 Italiane<\/a><\/p>\n<p>1. Per l&#8217;iscrizione a Facolt\u00e0 Universitarie in Italia<\/p>\n<p>Richiedere la Dichiarazione di Valore del titolo di studio di scuola secondaria presso la Rappresentanza italiana competente presentando:<\/p>\n<ul>\n<li>Titolo finale di scuola secondaria;<\/li>\n<li>Certificato analitico.<\/li>\n<\/ul>\n<p>L&#8217;iscrizione a Universit\u00e0 in Italia di cittadini stranieri residenti nella circoscrizione di questa Agenzia Consolare si effettua tramite il Consolato Generale d\u2019Italia in Buenos Aires. Le disposizioni che disciplinano l\u2019immatricolazione universitaria vengono pubblicate annualmente con gli aggiornamenti e secondo termini e modalit\u00e0 stabiliti da ordinanze ministeriali. Per informazioni utili e date di iscrizione consultare la seguente pagina del MIUR: <a href=\"https:\/\/www.studiare-in-italia.it\/studentistranieri\/\">https:\/\/www.studiare-in-italia.it\/studentistranieri\/<\/a><\/p>\n<p>2. Per il riconoscimento in Italia degli studi universitari parziali o totali compiuti in Argentina \u00e8 necessario presentare:<\/p>\n<ul>\n<li>Titolo finale di scuola secondaria;<\/li>\n<li>Certificato analitico secondario;<\/li>\n<li>Titolo universitario;<\/li>\n<li>Certificato analitico degli studi universitari;<\/li>\n<li>Programmi di studio del corso di laurea per ogni materia (timbrati e numerati dall&#8217;Universit\u00e0) non \u00e8 necessaria legalizzazione n\u00e9 traduzione. (Per ulteriori informazioni vedasi il sito del Ministero dell\u2019Istruzione, dell\u2019Universit\u00e0 e della Ricerca);<\/li>\n<li>Dichiarazione rilasciata dall&#8217;Universit\u00e0 che attesti l&#8217;effettivo svolgimento dei suddetti programmi di studio, legalizzata con Apostille dell\u2019Aja e tradotta.<\/li>\n<\/ul>\n<p><a name=\"EQUI\"><\/a><strong>Equipollenza titoli di Studio<\/strong><\/p>\n<p>Titoli universitari: I titoli di studio argentini <strong>non sono<\/strong> automaticamente riconosciuti in Italia. I cittadini italiani o stranieri interessati al riconoscimento accademico dell\u2019eguaglianza di valore e di efficacia (&#8220;equipollenza&#8221;) dei propri titoli di studio (conseguiti in Istituti di istruzione ufficialmente riconosciuti all\u2019estero) ai corrispondenti titoli di studio italiani, possono avanzare richiesta in tal senso presso una Universit\u00e0 di loro scelta.<\/p>\n<p>Titoli di scuola secondaria: I cittadini italiani o stranieri devono invece rivolgersi direttamente al Centro Servizi Amministrativi (CSA) oppure Ufficio Scolastico Provinciale (USP) ex Provveditorato agli Studi, per l\u2019ambito territoriale della provincia di appartenenza, ma sempre dopo aver richiesto all\u2019Ufficio Studi del Consolato competente il rilascio della &#8220;Dichiarazione di Valore&#8221;. I titoli di studio di scuola secondaria argentini <strong>non sono<\/strong> automaticamente riconosciuti in Italia, ma, in conformit\u00e0 a quanto previsto dall\u2019Accordo Culturale tra l\u2019Italia e l\u2019Argentina del 03\/12\/1997, sono idonei all\u2019ammissione alle Universit\u00e0 e agli Istituti di Istruzione Superiore Italiani se muniti della relativa Dichiarazione di Valore.<\/p>\n<p>I titoli scolastici ottenuti all\u2019estero, una volta dichiarati equipollenti ai titoli italiani di corrispondente valore (terza media, diploma di scuola media superiore o laurea), hanno in Italia valore legale; questo significa, ad esempio, che la persona in possesso della cittadinanza italiana ha diritto a partecipare ai concorsi banditi dalla Pubblica Amministrazione italiana.<\/p>\n<p>Per ulteriori informazione, visitare il seguente link: <a href=\"https:\/\/www.esteri.it\/mae\/it\/politica_estera\/cultura\/universita\/riconoscimento_titoli_studio\/\">https:\/\/www.esteri.it\/mae\/it\/politica_estera\/cultura\/universita\/riconoscimento_titoli_studio\/<\/a><\/p>\n<p>&nbsp;<\/p>\n<p><strong>Titoli di studio conseguiti in Italia<\/strong><br \/>\nAgli interessati che abbiano studiato o conseguito titoli in Italia e desiderino continuare gli studi o farli riconoscere in Argentina, si consiglia di effettuare in Italia il percorso inverso:<\/p>\n<ul>\n<li>Legalizzare le schede di valutazione, le pagelle, i diplomi, le lauree, ecc. presso le competenti Autorit\u00e1 italiane;<\/li>\n<li>Legalizzare con Apostille dell\u2019Aja presso la Procura della Repubblica o la Prefettura competente, cio\u00e8, della provincia in cui fu conseguito il titolo;<\/li>\n<li>Far tradurre in lingua spagnola da un traduttore;<\/li>\n<li>Richiedere al Consolato argentino competente per territorio la legalizzazione delle traduzioni e la dichiarazione di valore di ciascun documento.<\/li>\n<\/ul>\n<p>Ulteriori informazioni: Ministerio de Educaci\u00f3n de la Nacion (<a href=\"https:\/\/www.argentina.gob.ar\/educacion\">https:\/\/www.argentina.gob.ar\/educacion<\/a>)<\/p>\n<p><a name=\"BORSE\"><\/a><strong>Borse di studio<\/strong><\/p>\n<p>Presentare i documenti richiesti dal relativo bando.<br \/>\nBorse di Studio offerte dal Governo Italiano: rivolgersi all\u2019 <a href=\"https:\/\/iicbuenosaires.esteri.it\/IIC_BuenosAires\/es\/\">ISTITUTO ITALIANO DI CULTURA<\/a>, Marcelo T. de Alvear 1119, Tel.: 5252-6800<\/p>\n<p>&nbsp;<\/p>\n","protected":false},"excerpt":{"rendered":"Informativa sul trattamento dei dati personali disponibile al link https:\/\/www.esteri.it\/it\/sportello_info\/informativa-sul-trattamento-dei-dati-personali\/ VEDI VIDEO INFORMATIVO Appuntamenti Gli appuntamenti sono resi disponibili tramite il portale Prenot@mi\u00a0con l\u2019opzione \u201cStudi\u201d. L\u2019appuntamento \u00e8 virtuale, in quanto nel giorno indicato dovr\u00e0 essere consegnata la documentazione in formato word via email (studi-notarile.moron@esteri.it). Solo in un secondo momento, a seguito di contatto da parte [&hellip;]","protected":false},"author":3,"featured_media":0,"parent":94,"menu_order":0,"comment_status":"closed","ping_status":"closed","template":"","meta":{"footnotes":""},"class_list":["post-385","page","type-page","status-publish","hentry"],"_links":{"self":[{"href":"https:\/\/consmoron.esteri.it\/it\/wp-json\/wp\/v2\/pages\/385","targetHints":{"allow":["GET"]}}],"collection":[{"href":"https:\/\/consmoron.esteri.it\/it\/wp-json\/wp\/v2\/pages"}],"about":[{"href":"https:\/\/consmoron.esteri.it\/it\/wp-json\/wp\/v2\/types\/page"}],"author":[{"embeddable":true,"href":"https:\/\/consmoron.esteri.it\/it\/wp-json\/wp\/v2\/users\/3"}],"replies":[{"embeddable":true,"href":"https:\/\/consmoron.esteri.it\/it\/wp-json\/wp\/v2\/comments?post=385"}],"version-history":[{"count":6,"href":"https:\/\/consmoron.esteri.it\/it\/wp-json\/wp\/v2\/pages\/385\/revisions"}],"predecessor-version":[{"id":3384,"href":"https:\/\/consmoron.esteri.it\/it\/wp-json\/wp\/v2\/pages\/385\/revisions\/3384"}],"up":[{"embeddable":true,"href":"https:\/\/consmoron.esteri.it\/it\/wp-json\/wp\/v2\/pages\/94"}],"wp:attachment":[{"href":"https:\/\/consmoron.esteri.it\/it\/wp-json\/wp\/v2\/media?parent=385"}],"curies":[{"name":"wp","href":"https:\/\/api.w.org\/{rel}","templated":true}]}}