{"id":39,"date":"2023-04-03T19:16:29","date_gmt":"2023-04-03T17:16:29","guid":{"rendered":"https:\/\/consolatozurigo.esteri.it\/?page_id=39"},"modified":"2023-07-05T06:41:14","modified_gmt":"2023-07-05T09:41:14","slug":"la-rete-consolare","status":"publish","type":"page","link":"https:\/\/consmoron.esteri.it\/it\/chi-siamo\/la-rete-consolare\/","title":{"rendered":"La Rete Consolare"},"content":{"rendered":"<p><strong>AMBASCIATA D&#8217;ITALIA &#8211; BUENOS AIRES<\/strong><\/p>\n<p>Billinghurst n. 2577 (esq. Libertador)<br \/>\n(1425) Buenos Aires<br \/>\ntel.: 011\/40112100<br \/>\nfax: 011\/40112159<br \/>\nwww.ambbuenosaires.esteri.it<br \/>\nambasciata.buenosaires@esteri.it<\/p>\n<p><strong>CONSOLATO GENERALE D&#8217;ITALIA &#8211; BUENOS AIRES<\/strong><\/p>\n<p>Reconquista 572<br \/>\n(C1003ABL) Buenos Aires<br \/>\ntel.: 011\/4114-4800<br \/>\nfax: 011\/4114-4799<br \/>\nwww.consbuenosaires.esteri.it<br \/>\nservizi.buenosaires@esteri.it<\/p>\n<p>Circoscrizione:<\/p>\n<p>Capital Federal e 24 Partidos della Provincia di Buenos Aires (Avellaneda, Baradero, Campana, Escobar, Exaltaci\u00f3n de la Cruz, General Rodr\u00edguez, General San Mart\u00edn, Jos\u00e9 C. Paz, Luj\u00e1n, Malvinas Argentinas, Marcos Paz, Merlo, Moreno, Pilar, San Andr\u00e9s de Giles, San Antonio de Areco, San Fernando, San Isidro, San Miguel, San Pedro, Tigre, Tres de Febrero, Vicente L\u00f3pez, Z\u00e1rate)<\/p>\n<p>Uffici onorari:<\/p>\n<p>Campana &#8211; San Isidro &#8211; Moreno &#8211; San Miguel &#8211; Tres de Febrero<\/p>\n<p><strong>AGENZIA CONSOLARE D&#8217;ITALIA &#8211; LOMAS DE ZAMORA<\/strong><\/p>\n<p>Av. Meeks n. 701<br \/>\n(1834) Temperley<br \/>\ntel.: 011\/4292-7954<br \/>\nfax: 011\/4292-7955<br \/>\nwww.conslomasdezamora.esteri.it<br \/>\nagentecons.lomas@esteri.it<\/p>\n<p>Circoscrizione:<\/p>\n<p>7 Partidos della Provincia di Buenos Aires (Almirante Brown, Esteban Echeverr\u00eda, Ezeiza, Lan\u00fas, Lomas de Zamora, San Vicente, Presidente Per\u00f3n).<\/p>\n<p><strong>AGENZIA CONSOLARE D&#8217;ITALIA &#8211; MOR\u00d3N<\/strong><\/p>\n<p>Rep\u00fablica Oriental del Uruguay n. 129<br \/>\n(1708) Mor\u00f3n<br \/>\ntel.: 011\/4489-4676 \/ 4629-9573<br \/>\nfax: 011\/4483-1143<br \/>\nwww.consmoron.esteri.it<br \/>\nagenteconsolare.moron@esteri.it<\/p>\n<p>Circoscrizione:<\/p>\n<p>4 Partidos della Provincia di Buenos Aires (Hurlingham, Ituzaing\u00f3, La Matanza, Mor\u00f3n)<\/p>\n<p><strong>CONSOLATO GENERALE D&#8217;ITALIA &#8211; BAHIA BLANCA<\/strong><\/p>\n<p>Av. Col\u00f3n n. 446<br \/>\n(8000) Bah\u00eda Blanca<br \/>\ntel: 0291-4545140\/4544731<br \/>\nfax: 0291-4551633<br \/>\nwww.consbahiablanca.esteri.it<br \/>\nconsolato.bahiablanca@esteri.it<\/p>\n<p>Circoscrizione:<\/p>\n<p>Provincie di La Pampa, Chubut, Neuqu\u00e9n, R\u00edo Negro, Santa Cruz, Tierra del Fuego, Ant\u00e1rtida Argentina e Islas del Atl\u00e1ntico Sur, 16 Partidos della Provincia di Buenos Aires (Adolfo Alsina, Adolfo Gonzales Chaves, Bah\u00eda Blanca, Coronel de Marina Leonardo Rosales, Coronel Dorrego, Coronel Pringles, Coronel Su\u00e1rez, Daireaux, Guamin\u00ed, Monte Hermoso, Patagones, Pu\u00e1n, Saavedra, Tornquist, Tres Arroyos, Villarino).<\/p>\n<p>Uffici onorari:<\/p>\n<p>Comodoro &#8211; Neuq\u00faen &#8211; San Carlos de Bariloche &#8211; Viedma &#8211; Esquel &#8211; General Roca &#8211; Santa Rosa &#8211; Tres Arroyos &#8211; Ushuaia &#8211; Villa Regina<\/p>\n<p><strong>CONSOLATO GENERALE D&#8217;ITALIA &#8211; CORDOBA<\/strong><\/p>\n<p>Av. V\u00e9lez Sarsfield n. 360<br \/>\n(5000) C\u00f3rdoba<br \/>\ntel.: 0351\/5261000 &#8211; 5261032<br \/>\nfax: 0351-5261010<br \/>\nwww.conscordoba.esteri.it<br \/>\nconsolegenerale.cordoba@esteri.it<\/p>\n<p>Circoscrizione:<\/p>\n<p>Provincie di C\u00f3rdoba, Catamarca, Jujuy, La Rioja, Salta, Santiago del Estero, Tucum\u00e1n<\/p>\n<p>Uffici onorari:<\/p>\n<p>Catamarca &#8211; Jujuy &#8211; La Rioja &#8211; Salta &#8211; Santiago del Estero &#8211; Tucum\u00e1n &#8211; Las Varillas &#8211; Leones &#8211; Rio Cuarto &#8211; San Francisco<\/p>\n<p><strong>CONSOLATO GENERALE D&#8217;ITALIA &#8211; LA PLATA<\/strong><\/p>\n<p>48 N. 869<br \/>\n(1900) La Plata<br \/>\ntel.: 0221-5218800\/1\/2<br \/>\nfax: 0221-5218828<br \/>\nwww.conslaplata.esteri.it<br \/>\nconsolegenerale.laplata@esteri.it<\/p>\n<p>Circoscrizione:<\/p>\n<p>58 partidos della Provincia di Buenos Aires: 25 de Mayo, Alberti, Azul, Berazategui, Berisso, Bol\u00edvar, Bragado, Brandsen, Ca\u00f1uelas, Carlos Casares, Carlos Tejedor, Castelli, Chacabuco, Chascom\u00fas, Chivilcoy, Dolores, Ensenada, Florencio Varela, Florentino Ameghino, General Alvear, General Arenales, General Belgrano, General Guido, General La Madrid, General Las Heras, General Lavalle, General Paz, General Pinto, General Viamonte, General Villegas, Hip\u00f3lito Yrigoyen, Jun\u00edn, La Plata, Laprida, Las Flores, Leandro N. Alem, Lincoln, Lobos, Magdalena, Mercedes, Monte, Navarro, Nueve de Julio, Olavarr\u00eda, Pehuaj\u00f3, Pellegrini, Pila, Punta Indio, Quilmes, Rivadavia, Roque P\u00e9rez, Saladillo, Salliquel\u00f3, Suipacha, Tapalqu\u00e9, Tordillo, Trenque Lauquen, Tres Lomas.<\/p>\n<p>Uffici onorari:<\/p>\n<p>Quilmes &#8211; Carlos Casares &#8211; Chivilcoy &#8211; Jun\u00edn &#8211; Olavarria &#8211; Mercedes<\/p>\n<p><strong>CONSOLATO GENERALE D&#8217;ITALIA &#8211; ROSARIO<\/strong><\/p>\n<p>Montevideo 2182 (Montevideo y Oro\u00f1o)<br \/>\n(2000) Rosario<br \/>\ntel.: 0341-4407020-1-2<br \/>\nfax: 0341-4258189<br \/>\nwww.consrosario.esteri.it<br \/>\ntitolare.rosario@esteri.it<\/p>\n<p>Circoscrizione:<\/p>\n<p>Provincie di Entre R\u00edos, Santa Fe, Chaco, Corrientes, Formosa, Misiones, 9 Partidos della Provincia di Buenos Aires (Arrecifes, Capit\u00e1n Sarmiento, Carmen de Areco, Col\u00f3n, Pergamino, Ramallo, Rojas, Salto, San Nicol\u00e1s).<\/p>\n<p>Uffici onorari:<\/p>\n<p>Corrientes &#8211; Formosa &#8211; Paran\u00e1 &#8211; Posadas &#8211; Resistencia &#8211; Santa F\u00e9 &#8211; Casilda &#8211; Concepci\u00f3n del Uruguay &#8211; Pergamino &#8211; Concordia &#8211; Nogoy\u00e1 &#8211; Rafaela &#8211; Rufino &#8211; San Jorge &#8211; Venado Tuerto &#8211; Villa Constituci\u00f3n<\/p>\n<p><strong>CONSOLATO D&#8217;ITALIA &#8211; MENDOZA<\/strong><\/p>\n<p>Necochea 712<br \/>\n(5500) Mendoza<br \/>\ntel.: 0261-5201400<br \/>\nfax: 0261-5201401<br \/>\nwww.consmendoza.esteri.it<br \/>\nconsolato.mendoza@esteri.it<\/p>\n<p>Circoscrizione:<\/p>\n<p>Provincie di Mendoza, San Juan e San Luis<\/p>\n<p>Uffici onorari<\/p>\n<p>San Juan &#8211; San Luis &#8211; San Rafael &#8211; General Alvear<\/p>\n<p><strong>CONSOLATO D&#8217;ITALIA &#8211; MAR DEL PLATA<\/strong><\/p>\n<p>Falucho 1416<br \/>\n(7600) Mar del Plata<br \/>\ntel.: 0223\/4517703 &#8211; 4512138<br \/>\nfax: 0223\/4518623<br \/>\nwww.consmardelplata.esteri.it<br \/>\nsegreteria.mardelplata@esteri.it<\/p>\n<p>Circoscrizione:<\/p>\n<p>17 Partidos dela Provincia diBuenos Aires (Ayacucho, Balcarce, Benito Ju\u00e1rez, General Alvarado, General Juan Madariaga, General Pueyrred\u00f3n, La Costa, Lober\u00eda, Maip\u00fa, Mar Chiquita, Necochea, Pinamar, Rauch, San Cayetano, Tandil, Villa Gesell)<\/p>\n<p>Uffici Onorari:<\/p>\n<p>Necochea &#8211; Tandil<\/p>\n","protected":false},"excerpt":{"rendered":"AMBASCIATA D&#8217;ITALIA &#8211; BUENOS AIRES Billinghurst n. 2577 (esq. Libertador) (1425) Buenos Aires tel.: 011\/40112100 fax: 011\/40112159 www.ambbuenosaires.esteri.it ambasciata.buenosaires@esteri.it CONSOLATO GENERALE D&#8217;ITALIA &#8211; BUENOS AIRES Reconquista 572 (C1003ABL) Buenos Aires tel.: 011\/4114-4800 fax: 011\/4114-4799 www.consbuenosaires.esteri.it servizi.buenosaires@esteri.it Circoscrizione: Capital Federal e 24 Partidos della Provincia di Buenos Aires (Avellaneda, Baradero, Campana, Escobar, Exaltaci\u00f3n de la Cruz, [&hellip;]","protected":false},"author":1,"featured_media":0,"parent":13,"menu_order":12,"comment_status":"closed","ping_status":"closed","template":"","meta":{"footnotes":""},"class_list":["post-39","page","type-page","status-publish","hentry"],"_links":{"self":[{"href":"https:\/\/consmoron.esteri.it\/it\/wp-json\/wp\/v2\/pages\/39","targetHints":{"allow":["GET"]}}],"collection":[{"href":"https:\/\/consmoron.esteri.it\/it\/wp-json\/wp\/v2\/pages"}],"about":[{"href":"https:\/\/consmoron.esteri.it\/it\/wp-json\/wp\/v2\/types\/page"}],"author":[{"embeddable":true,"href":"https:\/\/consmoron.esteri.it\/it\/wp-json\/wp\/v2\/users\/1"}],"replies":[{"embeddable":true,"href":"https:\/\/consmoron.esteri.it\/it\/wp-json\/wp\/v2\/comments?post=39"}],"version-history":[{"count":1,"href":"https:\/\/consmoron.esteri.it\/it\/wp-json\/wp\/v2\/pages\/39\/revisions"}],"predecessor-version":[{"id":280,"href":"https:\/\/consmoron.esteri.it\/it\/wp-json\/wp\/v2\/pages\/39\/revisions\/280"}],"up":[{"embeddable":true,"href":"https:\/\/consmoron.esteri.it\/it\/wp-json\/wp\/v2\/pages\/13"}],"wp:attachment":[{"href":"https:\/\/consmoron.esteri.it\/it\/wp-json\/wp\/v2\/media?parent=39"}],"curies":[{"name":"wp","href":"https:\/\/api.w.org\/{rel}","templated":true}]}}