{"id":410,"date":"2023-07-07T10:37:21","date_gmt":"2023-07-07T13:37:21","guid":{"rendered":"https:\/\/consmoron.esteri.it\/servizi-consolari-e-visti\/servizi-per-il-cittadino-italiano\/altri-servizi\/eventi\/"},"modified":"2025-09-24T15:49:33","modified_gmt":"2025-09-24T18:49:33","slug":"eventi","status":"publish","type":"page","link":"https:\/\/consmoron.esteri.it\/it\/servizi-consolari-e-visti\/servizi-per-il-cittadino-italiano\/altri-servizi\/eventi\/","title":{"rendered":"Eventi"},"content":{"rendered":"<p><em><strong>Eventi dell&#8217;Agenzia Consolare d&#8217;Italia a Mor\u00f2n<\/strong><\/em><\/p>\n<p>2025<\/p>\n<ul>\n<li><a href=\"https:\/\/consmoron.esteri.it\/es\/news\/dal_consolato\/2025\/05\/festa-della-repubblica-2025\/\">Celebrazione del 79\u00b0 Anniversario della Repubblica italiana<\/a><\/li>\n<li><a href=\"https:\/\/consmoron.esteri.it\/it\/news\/dal_consolato\/2025\/08\/diplomatura-en-estudios-y-gestion-de-instituciones-de-la-colectividad-italiana-en-argentina\/\">Diplomatura en Estudios y Gesti\u00f3n de Instituciones de la Colectividad Italiana en Argentina<\/a><\/li>\n<li><a href=\"https:\/\/consmoron.esteri.it\/it\/news\/dal_consolato\/2025\/06\/presentazione-della-serie-cruzar-el-charco-il-sogno-argentino\/\">Presentazione della serie: &#8220;Cruzar el charco- Il sogno argentino&#8221;<\/a><\/li>\n<\/ul>\n<p>2024<\/p>\n<ul>\n<li><a href=\"https:\/\/consmoron.esteri.it\/es\/news\/dal_consolato\/2024\/12\/concerto-di-fine-anno-2-2\/\">Concerto di Fine Anno<\/a><\/li>\n<li><a href=\"https:\/\/consmoron.esteri.it\/it\/news\/dal_consolato\/2024\/05\/ciclo-de-cine-italiano-radici-italiane\/\">Ciclo de cine italiano \u201cRadici italiane<\/a><\/li>\n<li><a href=\"https:\/\/consmoron.esteri.it\/it\/news\/dal_consolato\/2024\/10\/italia-enotica\/\">ITALI\u04d4NOTICA. Feria de Vinos y Negocios.<\/a><\/li>\n<li><a href=\"https:\/\/consmoron.esteri.it\/it\/news\/dal_consolato\/2024\/10\/settimana-della-lingua-italiana-nel-mondo-2024\/\">Settimana della Lingua Italiana nel Mondo 2024<\/a><\/li>\n<li><a href=\"https:\/\/consmoron.esteri.it\/it\/news\/dal_consolato\/2024\/10\/prima-edizione-della-passeggiata-italiana-a-moron\/\">PRIMA EDIZIONE DELLA PASSEGGIATA ITALIANA A MOR\u00d3N<\/a><\/li>\n<li><a href=\"https:\/\/consmoron.esteri.it\/it\/news\/dal_consolato\/2024\/07\/1-festival-de-video-arte-de-moron\/\">1\u00b0 FESTIVAL DE VIDEO ARTE DE MOR\u00d3N<\/a><\/li>\n<li><a href=\"https:\/\/consmoron.esteri.it\/it\/news\/dal_consolato\/2024\/06\/78-anniversario-della-repubblica\/\">Celebrazione del 78\u00b0 Anniversario della Repubblica italiana<\/a><\/li>\n<li><a href=\"https:\/\/consmoron.esteri.it\/it\/news\/dal_consolato\/2024\/07\/nuova-edizione-della-diplomatura-master-in-studi-e-gestione-delle-istituzioni-della-collettivita-italiana-in-argentina\/\">Diplomatura (Master) in Studi e gestione delle istituzioni della collettivit\u00e0 italiana in Argentina 2024<\/a><\/li>\n<li><a href=\"https:\/\/consmoron.esteri.it\/it\/news\/dal_consolato\/2024\/10\/settimana-della-lingua-italiana-nel-mondo-2024\/\">Settimana della Lingua Italiana nel Mondo 2024<\/a><\/li>\n<\/ul>\n<p>2023<\/p>\n<ul>\n<li><a href=\"https:\/\/consmoron.esteri.it\/it\/news\/dal_consolato\/2023\/11\/festa-di-fine-anno-2023\/\">Festa di fine anno 2023<\/a><\/li>\n<li><a href=\"https:\/\/consmoron.esteri.it\/it\/news\/dal_consolato\/2023\/11\/viii-settimana-della-cucina-italiana-nel-mondo\/\">VIII Settimana della Cucina Italiana nel Mondo<\/a><\/li>\n<li class=\"style-scope ytd-watch-metadata\"><a href=\"https:\/\/www.youtube.com\/watch?v=VxDIU7RHf7s\">Italia \u00bfQu\u00e9 Tal? | Italia Contempor\u00e1nea: Culturas y territorios del nuevo milenio<\/a><\/li>\n<li class=\"style-scope ytd-watch-metadata\"><a href=\"https:\/\/www.youtube.com\/watch?v=IAmm0fD9pVU&amp;t=4s\">Italia \u00bfQu\u00e9 Tal? | Itinerarios Culturales Europeos<\/a><\/li>\n<li class=\"style-scope ytd-watch-metadata\"><a href=\"https:\/\/www.youtube.com\/watch?v=_J51BunkWtY\">Italia \u00bfQu\u00e9 Tal? | Migraciones: Formas de protecci\u00f3n y teor\u00edas de integraci\u00f3n<\/a><\/li>\n<li><a href=\"https:\/\/consmoron.esteri.it\/it\/news\/dal_consolato\/2023\/10\/settimana-della-lingua-italiana-nel-mondo-100-anni-di-italo-calvino\/\">Italia \u00bfQu\u00e9 Tal? |Settimana della lingua italiana nel mondo &#8211; 100 anni di Italo Calvino<\/a><\/li>\n<li><a href=\"https:\/\/consmoron.esteri.it\/consolato_moron\/it\/la_comunicazione\/dal_consolato\/2023\/06\/celebrazione-del-77-anniversario.html\">Celebrazione del 77\u00b0 Anniversario della Repubblica italiana<\/a><\/li>\n<li><a href=\"https:\/\/consmoron.esteri.it\/consolato_moron\/it\/la_comunicazione\/dal_consolato\/2023\/03\/nuova-edizione-della-diplomatura_0.html\">Diplomatura (Master) in Studi e gestione delle istituzioni della collettivit\u00e0 italiana in ArgentinaNuova edizione della Diplomatura (Master) in Studi e gestione delle istituzioni della collettivit\u00e0 italiana in Argentina<\/a><\/li>\n<li><a href=\"https:\/\/www.youtube.com\/watch?v=lIfrQTJuTfQ\">LAS FRONTERAS DE LA PIEL &#8211; Evento di celebrazione della Giornata Internazionale delle Donne<\/a><\/li>\n<li><a href=\"https:\/\/www.youtube.com\/watch?v=UHduMl3DdPM\">Presentazione progetto Fenix<\/a><\/li>\n<\/ul>\n<p>2022<\/p>\n<ul>\n<li><a href=\"https:\/\/www.youtube.com\/watch?v=oMlEe6YamHA&amp;t=3s\">Concerto di fine anno 2022<\/a><\/li>\n<\/ul>\n","protected":false},"excerpt":{"rendered":"Eventi dell&#8217;Agenzia Consolare d&#8217;Italia a Mor\u00f2n 2025 Celebrazione del 79\u00b0 Anniversario della Repubblica italiana Diplomatura en Estudios y Gesti\u00f3n de Instituciones de la Colectividad Italiana en Argentina Presentazione della serie: &#8220;Cruzar el charco- Il sogno argentino&#8221; 2024 Concerto di Fine Anno Ciclo de cine italiano \u201cRadici italiane ITALI\u04d4NOTICA. Feria de Vinos y Negocios. Settimana della [&hellip;]","protected":false},"author":3,"featured_media":0,"parent":94,"menu_order":0,"comment_status":"closed","ping_status":"closed","template":"","meta":{"footnotes":""},"class_list":["post-410","page","type-page","status-publish","hentry"],"_links":{"self":[{"href":"https:\/\/consmoron.esteri.it\/it\/wp-json\/wp\/v2\/pages\/410","targetHints":{"allow":["GET"]}}],"collection":[{"href":"https:\/\/consmoron.esteri.it\/it\/wp-json\/wp\/v2\/pages"}],"about":[{"href":"https:\/\/consmoron.esteri.it\/it\/wp-json\/wp\/v2\/types\/page"}],"author":[{"embeddable":true,"href":"https:\/\/consmoron.esteri.it\/it\/wp-json\/wp\/v2\/users\/3"}],"replies":[{"embeddable":true,"href":"https:\/\/consmoron.esteri.it\/it\/wp-json\/wp\/v2\/comments?post=410"}],"version-history":[{"count":7,"href":"https:\/\/consmoron.esteri.it\/it\/wp-json\/wp\/v2\/pages\/410\/revisions"}],"predecessor-version":[{"id":3844,"href":"https:\/\/consmoron.esteri.it\/it\/wp-json\/wp\/v2\/pages\/410\/revisions\/3844"}],"up":[{"embeddable":true,"href":"https:\/\/consmoron.esteri.it\/it\/wp-json\/wp\/v2\/pages\/94"}],"wp:attachment":[{"href":"https:\/\/consmoron.esteri.it\/it\/wp-json\/wp\/v2\/media?parent=410"}],"curies":[{"name":"wp","href":"https:\/\/api.w.org\/{rel}","templated":true}]}}