{"id":473,"date":"2023-07-07T12:52:25","date_gmt":"2023-07-07T15:52:25","guid":{"rendered":"https:\/\/consmoron.esteri.it\/servizi-consolari-e-visti\/servizi-per-il-cittadino-italiano\/passaporti-e-carte-didentita\/furto-o-smarrimento-del-passaporto\/"},"modified":"2023-10-02T10:31:50","modified_gmt":"2023-10-02T13:31:50","slug":"furto-o-smarrimento-del-passaporto","status":"publish","type":"page","link":"https:\/\/consmoron.esteri.it\/it\/servizi-consolari-e-visti\/servizi-per-il-cittadino-italiano\/passaporti-e-carte-didentita\/furto-o-smarrimento-del-passaporto\/","title":{"rendered":"Furto o smarrimento del passaporto"},"content":{"rendered":"<p>PER TUTTI, RESIDENTI E NON RESIDENTI NELLA CIRCOSCRIZIONE CONSOLARE:<\/p>\n<ul>\n<li>Denuncia di furto o smarrimento del passaporto originale e fotocopia;<\/li>\n<li>Documento di riconoscimento con foto ed in corso di validit\u00e0 originale e fotocopia;<\/li>\n<\/ul>\n<p><em><strong>Per i residenti nella circoscrizione consolare<\/strong><\/em><\/p>\n<p>Verr\u00e0 rilasciato nuovo passaporto, secondo le modalit\u00e0 consuete, previa formale comunicazione d\u2019ufficio dell\u2019avvenuto furto\/smarrimento alle competenti Autorit\u00e0 italiane.<\/p>\n<p><em><strong>Per i\u00a0NON residenti nella circoscrizione consolare<\/strong><\/em><\/p>\n<ul>\n<li><strong>Nel caso<\/strong> debbano fare rientro in Italia, si proceder\u00e0 al rilascio di un documento di viaggio (<a id=\"Vai alla pagina del MAE\" title=\"ETD\" href=\"http:\/\/www.esteri.it\/mae\/it\/servizi\/turisti\/documenti-viaggio\" name=\"Vai alla pagina del MAE\">ETD<\/a>);<\/li>\n<li><strong>Nel caso<\/strong> invece necessitino di nuovo passaporto per attraversare altre frontiere prima di far rientro in Italia, l\u2019Agenzia Consolare provveder\u00e0 a richiedere all\u2019Autorit\u00e0 Italiana competente per residenza (Questura o Ufficio Consolare) la delega per il rilascio del un nuovo passaporto. Questo sempre e solo nel caso gli interessati siano provvisti di un qualsiasi documento di identit\u00e0.<\/li>\n<\/ul>\n<p>In entrambi i casi sopra descritti \u00e8 necessario esibire il biglietto aereo che mostri le successive tappe del viaggio.<\/p>\n<p><strong>\u00a0<\/strong><\/p>\n","protected":false},"excerpt":{"rendered":"PER TUTTI, RESIDENTI E NON RESIDENTI NELLA CIRCOSCRIZIONE CONSOLARE: Denuncia di furto o smarrimento del passaporto originale e fotocopia; Documento di riconoscimento con foto ed in corso di validit\u00e0 originale e fotocopia; Per i residenti nella circoscrizione consolare Verr\u00e0 rilasciato nuovo passaporto, secondo le modalit\u00e0 consuete, previa formale comunicazione d\u2019ufficio dell\u2019avvenuto furto\/smarrimento alle competenti Autorit\u00e0 [&hellip;]","protected":false},"author":3,"featured_media":0,"parent":67,"menu_order":0,"comment_status":"closed","ping_status":"closed","template":"","meta":{"footnotes":""},"class_list":["post-473","page","type-page","status-publish","hentry"],"_links":{"self":[{"href":"https:\/\/consmoron.esteri.it\/it\/wp-json\/wp\/v2\/pages\/473","targetHints":{"allow":["GET"]}}],"collection":[{"href":"https:\/\/consmoron.esteri.it\/it\/wp-json\/wp\/v2\/pages"}],"about":[{"href":"https:\/\/consmoron.esteri.it\/it\/wp-json\/wp\/v2\/types\/page"}],"author":[{"embeddable":true,"href":"https:\/\/consmoron.esteri.it\/it\/wp-json\/wp\/v2\/users\/3"}],"replies":[{"embeddable":true,"href":"https:\/\/consmoron.esteri.it\/it\/wp-json\/wp\/v2\/comments?post=473"}],"version-history":[{"count":3,"href":"https:\/\/consmoron.esteri.it\/it\/wp-json\/wp\/v2\/pages\/473\/revisions"}],"predecessor-version":[{"id":647,"href":"https:\/\/consmoron.esteri.it\/it\/wp-json\/wp\/v2\/pages\/473\/revisions\/647"}],"up":[{"embeddable":true,"href":"https:\/\/consmoron.esteri.it\/it\/wp-json\/wp\/v2\/pages\/67"}],"wp:attachment":[{"href":"https:\/\/consmoron.esteri.it\/it\/wp-json\/wp\/v2\/media?parent=473"}],"curies":[{"name":"wp","href":"https:\/\/api.w.org\/{rel}","templated":true}]}}