{"id":478,"date":"2023-07-07T14:06:12","date_gmt":"2023-07-07T17:06:12","guid":{"rendered":"https:\/\/consmoron.esteri.it\/?page_id=478"},"modified":"2023-07-07T14:06:12","modified_gmt":"2023-07-07T17:06:12","slug":"atti-notarili","status":"publish","type":"page","link":"https:\/\/consmoron.esteri.it\/it\/servizi-consolari-e-visti\/servizi-per-il-cittadino-italiano\/servizi-notarili\/atti-notarili\/","title":{"rendered":"Atti Notarili"},"content":{"rendered":"<p>Sono atti redatti in lingua italiana per i quali \u00e8 necessaria la presenza fisica del dichiarante (munito di valido documento di riconoscimento) e la sua conoscenza della lingua. Considerate la complessit\u00e0 e la delicatezza della materia e al fine di accorciare i tempi di lavorazione, \u00e8 sempre consigliabile consultare preventivamente il legale o il notaio che utilizzer\u00e0 l\u2019atto in Italia, per avere da questi indicazioni sugli specifici elementi che l\u2019atto deve contenere.<\/p>\n<p>I dati generali che dovranno essere <strong>sempre<\/strong> forniti dagli interessati per la preparazione di tutti gli atti notarili da redigere in forma di \u201catto pubblico\u201d, sono i seguenti:<\/p>\n<ol>\n<li>per il mandante (colui che d\u00e0 mandato\/procura): cognome e nome, luogo e data di nascita, luogo di residenza (citt\u00e0, via\/piazza, numero civico), codice fiscale italiano;<\/li>\n<li>per il mandatario (colui che riceve mandato\/procura): cognome e nome, luogo e data di nascita, luogo di residenza (citt\u00e0, via\/piazza, numero civico), codice fiscale italiano;<\/li>\n<li>oggetto dell\u2019atto.<\/li>\n<\/ol>\n<p>Per i singoli atti serviranno quindi:<\/p>\n<ul>\n<li><strong>Procura Generale<\/strong>: generalit\u00e0 di mandante e mandatario + 2 testimoni muniti di documento d\u2019identit\u00e0 valido (si consiglia di utilizzare la procura generale con estrema cautela dati gli amplissimi poteri che conferisce al mandatario);<\/li>\n<li><strong>Procura speciale alle Liti:<\/strong> generalit\u00e0 di mandante e mandatario (poich\u00e9 trattasi di un avvocato, fornire anche sede dello Studio legale) + generalit\u00e0 complete o estremi della persona o societ\u00e0 contro cui agire;<\/li>\n<li><strong>Procura speciale per acquisto o vendita beni immobili<\/strong>: generalit\u00e0 di mandante e mandatario + descrizione dell\u2019immobile (ubicazione-composizione) preferibilmente con gli estremi catastali;<\/li>\n<li><strong>Procura speciale per acquisto o vendita autoveicoli\/motocicli<\/strong>: generalit\u00e0 di mandante e mandatario + descrizione del veicolo\/motociclo (marca, modello, targa);<\/li>\n<li><strong>Procura speciale per acquisto\/vendita\/scioglimento di societ\u00e0<\/strong>: generalit\u00e0 di mandante e mandatario + descrizione della societ\u00e0;<\/li>\n<li><strong>Procure speciali per pratiche di successione e\/o atti di accettazione\/rinuncia relativi a eredit\u00e0<\/strong>: generalit\u00e0 di mandante e mandatario + bene oggetto dell\u2019eredit\u00e0 + generalit\u00e0 complete del \u201cde cujus\u201d (congiunto deceduto), compresi luogo e data di nascita e di decesso, + 2 testimoni muniti di documento d\u2019identit\u00e0 valido;<\/li>\n<li><strong>Procura speciale per donazione\/accettazione di donazione:<\/strong> generalit\u00e0 di mandante e mandatario + beneficiario della donazione + descrizione dettagliata dei beni oggetto della donazione + 2 testimoni muniti di documento d\u2019identit\u00e0 valido;<\/li>\n<li><strong>Autorizzazione di viaggio a minori:<\/strong> pu\u00f2 essere richiesta solo per minori ITALIANI e NON residenti in Argentina. Qualora il minore fosse residente in loco, quindi in possesso di regolare DNI, l\u2019autorizzazione deve essere richiesta davanti ad un notaio argentino.<\/li>\n<li><strong>Atto di assenso<\/strong>: pu\u00f2 essere richiesto, ai fini del rilascio del passaporto, in favore del genitore di un minore o in favore di un minore. Si devono indicare nome, cognome, luogo e data di nascita e domicilio del richiedente il passaporto.<\/li>\n<\/ul>\n<p>Per maggiori informazioni:<\/p>\n<p><a href=\"http:\/\/www.esteri.it\/MAE\/IT\/Italiani_nel_Mondo\/ServiziConsolari\/AttiNotarili\/Procure.htm\">http:\/\/www.esteri.it\/MAE\/IT\/Italiani_nel_Mondo\/ServiziConsolari\/AttiNotarili\/Procure.htm<\/a><\/p>\n","protected":false},"excerpt":{"rendered":"Sono atti redatti in lingua italiana per i quali \u00e8 necessaria la presenza fisica del dichiarante (munito di valido documento di riconoscimento) e la sua conoscenza della lingua. Considerate la complessit\u00e0 e la delicatezza della materia e al fine di accorciare i tempi di lavorazione, \u00e8 sempre consigliabile consultare preventivamente il legale o il notaio [&hellip;]","protected":false},"author":3,"featured_media":0,"parent":89,"menu_order":0,"comment_status":"closed","ping_status":"closed","template":"","meta":{"footnotes":""},"class_list":["post-478","page","type-page","status-publish","hentry"],"_links":{"self":[{"href":"https:\/\/consmoron.esteri.it\/it\/wp-json\/wp\/v2\/pages\/478","targetHints":{"allow":["GET"]}}],"collection":[{"href":"https:\/\/consmoron.esteri.it\/it\/wp-json\/wp\/v2\/pages"}],"about":[{"href":"https:\/\/consmoron.esteri.it\/it\/wp-json\/wp\/v2\/types\/page"}],"author":[{"embeddable":true,"href":"https:\/\/consmoron.esteri.it\/it\/wp-json\/wp\/v2\/users\/3"}],"replies":[{"embeddable":true,"href":"https:\/\/consmoron.esteri.it\/it\/wp-json\/wp\/v2\/comments?post=478"}],"version-history":[{"count":1,"href":"https:\/\/consmoron.esteri.it\/it\/wp-json\/wp\/v2\/pages\/478\/revisions"}],"predecessor-version":[{"id":479,"href":"https:\/\/consmoron.esteri.it\/it\/wp-json\/wp\/v2\/pages\/478\/revisions\/479"}],"up":[{"embeddable":true,"href":"https:\/\/consmoron.esteri.it\/it\/wp-json\/wp\/v2\/pages\/89"}],"wp:attachment":[{"href":"https:\/\/consmoron.esteri.it\/it\/wp-json\/wp\/v2\/media?parent=478"}],"curies":[{"name":"wp","href":"https:\/\/api.w.org\/{rel}","templated":true}]}}