{"id":484,"date":"2023-07-07T14:08:03","date_gmt":"2023-07-07T17:08:03","guid":{"rendered":"https:\/\/consmoron.esteri.it\/servizi-consolari-e-visti\/servizi-per-il-cittadino-italiano\/servizi-notarili\/atti-notarili\/testamenti-autenticazioni-autocertificazioni-attestati\/"},"modified":"2023-07-07T14:50:41","modified_gmt":"2023-07-07T17:50:41","slug":"testamenti-autenticazioni-autocertificazioni-attestati","status":"publish","type":"page","link":"https:\/\/consmoron.esteri.it\/it\/servizi-consolari-e-visti\/servizi-per-il-cittadino-italiano\/servizi-notarili\/testamenti-autenticazioni-autocertificazioni-attestati\/","title":{"rendered":"Testamenti \u2013 Autenticazioni \u2013 Autocertificazioni \u2013 Attestati"},"content":{"rendered":"<p><strong>Testamenti<\/strong><\/p>\n<p><strong>Il testamento pubblico<\/strong> \u00e8 la dichiarazione orale di volont\u00e0 del testatore resa al funzionario consolare delegato alle funzioni notarili in presenza di due testimoni.<\/p>\n<p><strong>Il testamento segreto<\/strong>, il cui contenuto rimane dunque segreto, pu\u00f2 essere depositato presso l\u2019Agenzia Consolare che si limita a ricevere formalmente l\u2019atto e a depositarlo nei suoi archivi.<\/p>\n<p><strong>Il testamento olografo<\/strong>, deve essere scritto integralmente di pugno dal testatore e pu\u00f2 essere depositato in ogni luogo, incluso l\u2019Agenzia Consolare e presso chiunque.<\/p>\n<p>Per maggiori informazioni:<\/p>\n<p><a href=\"http:\/\/www.esteri.it\/MAE\/IT\/Italiani_nel_Mondo\/ServiziConsolari\/AttiNotarili\/Testamento.htm\">http:\/\/www.esteri.it\/MAE\/IT\/Italiani_nel_Mondo\/ServiziConsolari\/AttiNotarili\/Testamento.htm<\/a><\/p>\n<p>&nbsp;<\/p>\n<p><strong>Autenticazioni<\/strong><\/p>\n<p><strong>Autentica di firma<\/strong>: consiste nell\u2019attestazione da parte del pubblico funzionario della firma apposta in sua presenza. Per procedere all\u2019autenticazione della firma \u00e8 necessario presentarsi presso l\u2019Ufficio Notarile con un documento di riconoscimento in corso di validit\u00e0.<\/p>\n<p><strong>Autentica di fotografia<\/strong>: \u00e8 necessario presentarsi presso l\u2019Ufficio Notarile con tre fotografie uguali ed un documento di riconoscimento in corso di validit\u00e0. In assenza di un documento di identit\u00e0 valido, sar\u00e0 valutata la possibilit\u00e0 di effettuare una autentica di fotografia, alla presenza di due testimoni italiani muniti di documento di riconoscimento valido.<\/p>\n<p>Per maggiori informazioni:<br \/>\n<a href=\"http:\/\/www.esteri.it\/MAE\/IT\/Italiani_nel_Mondo\/ServiziConsolari\/AttiNotarili\/Autenticazione.htm\">http:\/\/www.esteri.it\/MAE\/IT\/Italiani_nel_Mondo\/ServiziConsolari\/AttiNotarili\/Autenticazione.htm<\/a><\/p>\n<p>&nbsp;<\/p>\n<p><strong>Autocertificazione<\/strong><\/p>\n<p>\u00c8 una dichiarazione che l&#8217;interessato redige e sottoscrive nel proprio interesse su stati, fatti e qualit\u00e0 personali e che utilizza nei rapporti con la P.A. e con i gestori di pubblici servizi. Nel rapporto con un soggetto privato il ricorso all&#8217;autocertificazione \u00e8 rimesso alla discrezionalit\u00e0 di quest&#8217;ultimo.<\/p>\n<p>N.B. Il 1\u00b0 gennaio 2012 sono entrate in vigore le nuove disposizioni in materia di certificati e di dichiarazioni sostitutive, di cui all\u2019art. 15 della legge 12 novembre 2011 n. 183. A decorrere da tale data i certificati hanno pertanto validit\u00e0 solo nei rapporti tra privati, mentre le Amministrazioni Pubbliche non possono pi\u00f9 chiedere o accettare i certificati, che devono essere sempre sostituiti da autocertificazioni.<\/p>\n<p>Le norme sull\u2019autocertificazione si applicano ai cittadini italiani e dell\u2019Unione europea, nonch\u00e9 ai cittadini extracomunitari regolarmente soggiornanti in Italia limitatamente ai dati verificabili o certificabili in Italia da soggetti pubblici.<br \/>\nNel caso vengano riscontrate dichiarazioni mendaci, la falsit\u00e0 negli atti e l\u2019uso di atti falsi sono puniti ai sensi del codice penale e delle leggi speciali in materia (art. 76 DPR 445\/2000). Il dichiarante inoltre decade dai benefici eventualmente conseguiti grazie a provvedimenti basati su dichiarazioni non veritiere.<\/p>\n<p>Per maggiori informazioni:<br \/>\n<a href=\"http:\/\/www.esteri.it\/MAE\/IT\/Italiani_nel_Mondo\/ServiziConsolari\/Autocertificazione.htm\">http:\/\/www.esteri.it\/MAE\/IT\/Italiani_nel_Mondo\/ServiziConsolari\/Autocertificazione.htm<\/a><\/p>\n<p>&nbsp;<\/p>\n<p><strong>Legalizzazione<\/strong><\/p>\n<p>La legalizzazione consiste nell&#8217;attestazione della qualit\u00e0 legale del pubblico ufficiale che ha apposto la propria firma su un documento, nonch\u00e9 dell&#8217;autenticit\u00e0 della firma stessa. E\u2019 un requisito essenziale affinch\u00e9 un atto prodotto all\u2019estero possa produrre in Italia i suoi effetti legali.<\/p>\n<p>Per i Paesi aderenti alla Convenzione dell&#8217;Aia del 5 ott. 1961 &#8211; quali l\u2019Italia e l\u2019Argentina &#8211; la legalizzazione degli atti notarili, giudiziari e dello stato civile \u00e8 sostituita dall\u2019apposizione dell\u2019<strong>Apostille<\/strong>.<\/p>\n<p>L\u2019Apostille viene apposta dal \u201cMinisterio de Relaciones Exteriores\u201d Argentino: <a href=\"http:\/\/www.tramites.gob.ar\/tramites\/apostilla-haya_t546\">http:\/\/www.tramites.gob.ar\/tramites\/apostilla-haya_t546<\/a><br \/>\no dai \u201cColegios de Escribanos\u201d<\/p>\n<p>&nbsp;<\/p>\n<p><strong>Legalizzazione di firme e Certificazione di traduzione\/copia<\/strong><\/p>\n<p>La legalizzazione \u00e8 un requisito essenziale affinch\u00e9 un atto straniero possa produrre in Italia i suoi effetti legali. Per i Paesi aderenti alla Convenzione dell&#8217;Aia del 5 ott. 1961, alla quale hanno aderito anche Italia e Argentina, la legalizzazione degli atti notarili, giudiziari e dello stato civile \u00e8 sostituita dall\u2019apposizione dell\u2019Apostille.<\/p>\n<p>Tanto la legalizzazione quanto l&#8217;Apostille consistono nella attestazione della qualifica legale del pubblico ufficiale (o funzionario) che ha sottoscritto l\u2019atto, e l\u2019autenticit\u00e0 del suo sigillo o timbro.<\/p>\n<ul>\n<li><strong>Legalizzazione firme depositate<br \/>\n<\/strong>Vengono legalizzate le seguenti firme depositate in Agenzia consolare:<\/li>\n<\/ul>\n<ul>\n<li>\n<ul>\n<li>Medici di riferimento<\/li>\n<li>Funzionari del Collegio dei Traduttori di Buenos Aires<\/li>\n<\/ul>\n<\/li>\n<\/ul>\n<p>L&#8217;interessato dovr\u00e0 presentarsi con l\u2019atto dove risulta la firma e il timbro in originale.<\/p>\n<p><strong>Certificazione Copia conforme all&#8217;originale<\/strong><\/p>\n<p>L\u2019interessato dovr\u00e0 presentarsi con l\u2019originale e la copia del documento da autenticare.<\/p>\n<p><a name=\"medesima\"><\/a><strong>Attestati di medesima persona<\/strong><br \/>\nL\u2019interessato dovr\u00e0 presentare originale e copia dei documenti nei quali risulta la discordanza dei suoi dati anagrafici (es. certificato di nascita, documento di identit\u00e0 argentino, passaporto, ecc.); l\u2019attestato verr\u00e0 prodotto in base alle risultanze dei documenti presentati.<\/p>\n","protected":false},"excerpt":{"rendered":"Testamenti Il testamento pubblico \u00e8 la dichiarazione orale di volont\u00e0 del testatore resa al funzionario consolare delegato alle funzioni notarili in presenza di due testimoni. Il testamento segreto, il cui contenuto rimane dunque segreto, pu\u00f2 essere depositato presso l\u2019Agenzia Consolare che si limita a ricevere formalmente l\u2019atto e a depositarlo nei suoi archivi. Il testamento [&hellip;]","protected":false},"author":3,"featured_media":0,"parent":89,"menu_order":0,"comment_status":"closed","ping_status":"closed","template":"","meta":{"footnotes":""},"class_list":["post-484","page","type-page","status-publish","hentry"],"_links":{"self":[{"href":"https:\/\/consmoron.esteri.it\/it\/wp-json\/wp\/v2\/pages\/484","targetHints":{"allow":["GET"]}}],"collection":[{"href":"https:\/\/consmoron.esteri.it\/it\/wp-json\/wp\/v2\/pages"}],"about":[{"href":"https:\/\/consmoron.esteri.it\/it\/wp-json\/wp\/v2\/types\/page"}],"author":[{"embeddable":true,"href":"https:\/\/consmoron.esteri.it\/it\/wp-json\/wp\/v2\/users\/3"}],"replies":[{"embeddable":true,"href":"https:\/\/consmoron.esteri.it\/it\/wp-json\/wp\/v2\/comments?post=484"}],"version-history":[{"count":3,"href":"https:\/\/consmoron.esteri.it\/it\/wp-json\/wp\/v2\/pages\/484\/revisions"}],"predecessor-version":[{"id":506,"href":"https:\/\/consmoron.esteri.it\/it\/wp-json\/wp\/v2\/pages\/484\/revisions\/506"}],"up":[{"embeddable":true,"href":"https:\/\/consmoron.esteri.it\/it\/wp-json\/wp\/v2\/pages\/89"}],"wp:attachment":[{"href":"https:\/\/consmoron.esteri.it\/it\/wp-json\/wp\/v2\/media?parent=484"}],"curies":[{"name":"wp","href":"https:\/\/api.w.org\/{rel}","templated":true}]}}