{"id":658,"date":"2023-10-02T10:59:54","date_gmt":"2023-10-02T13:59:54","guid":{"rendered":"https:\/\/consmoron.esteri.it\/?page_id=658"},"modified":"2023-10-04T08:45:33","modified_gmt":"2023-10-04T11:45:33","slug":"iscrizione-di-figli-minorenni-non-conviventi","status":"publish","type":"page","link":"https:\/\/consmoron.esteri.it\/it\/servizi-consolari-e-visti\/servizi-per-il-cittadino-italiano\/anagrafe-degli-italiani-residenti-allestero-aire\/iscrizione-di-figli-minorenni-non-conviventi\/","title":{"rendered":"Iscrizione di figli minorenni non conviventi"},"content":{"rendered":"<p>La richiesta di iscrizione\/variazione AIRE di un minore non convivente con entrambi i genitori DEVE ESSERE SOTTOSCRITTA il giorno dell\u2019appuntamento DA ENTRAMBI GLI ESERCENTI LA RESPONSABILIT\u00c0 GENITORIALE e corredata dalle copie del documento di identit\u00e0 di entrambi i firmatari.<br \/>\nIn caso di impossibilit\u00e0 di uno dei due genitori di essere presente il giorno dell\u2019appuntamento, si dovr\u00e0 utilizzare il seguente modulo: <a href=\"https:\/\/consmoron.esteri.it\/wp-content\/uploads\/2023\/10\/atto_di_assenso_aire_figlio_minore.pdf\">Atto di assenso figli minorenni<\/a><\/p>\n<ul>\n<li>se si tratta di cittadino italiano o appartenente all\u2019Unione Europea potr\u00e0 dichiarare il suo assenso all\u2019iscrizione\/variazione inviando per posta elettronica l\u2019assenso unitamente alla copia di un documento di identit\u00e0<\/li>\n<\/ul>\n<ul>\n<li>se \u00e8 cittadino di un Paese al di fuori dell\u2019Unione Europea dovr\u00e0 inviare in originale il suddetto modello con firma autenticata e copia del documento di riconoscimento.<\/li>\n<\/ul>\n<p>In caso di inesistenza dell\u2019altro consenso (ad esempio per morte dell\u2019altro genitore o per provvedimento giurisdizionale interdittivo della sua genitorialit\u00e0 o perch\u00e9 il minore \u00e8 stato riconosciuto da un solo genitore) l\u2019istante dovr\u00e0 fornire \u2013 ove non gi\u00e0 presente in atti \u2013 evidenza documentale.<\/p>\n","protected":false},"excerpt":{"rendered":"La richiesta di iscrizione\/variazione AIRE di un minore non convivente con entrambi i genitori DEVE ESSERE SOTTOSCRITTA il giorno dell\u2019appuntamento DA ENTRAMBI GLI ESERCENTI LA RESPONSABILIT\u00c0 GENITORIALE e corredata dalle copie del documento di identit\u00e0 di entrambi i firmatari. In caso di impossibilit\u00e0 di uno dei due genitori di essere presente il giorno dell\u2019appuntamento, si [&hellip;]","protected":false},"author":3,"featured_media":0,"parent":85,"menu_order":0,"comment_status":"closed","ping_status":"closed","template":"","meta":{"footnotes":""},"class_list":["post-658","page","type-page","status-publish","hentry"],"_links":{"self":[{"href":"https:\/\/consmoron.esteri.it\/it\/wp-json\/wp\/v2\/pages\/658","targetHints":{"allow":["GET"]}}],"collection":[{"href":"https:\/\/consmoron.esteri.it\/it\/wp-json\/wp\/v2\/pages"}],"about":[{"href":"https:\/\/consmoron.esteri.it\/it\/wp-json\/wp\/v2\/types\/page"}],"author":[{"embeddable":true,"href":"https:\/\/consmoron.esteri.it\/it\/wp-json\/wp\/v2\/users\/3"}],"replies":[{"embeddable":true,"href":"https:\/\/consmoron.esteri.it\/it\/wp-json\/wp\/v2\/comments?post=658"}],"version-history":[{"count":3,"href":"https:\/\/consmoron.esteri.it\/it\/wp-json\/wp\/v2\/pages\/658\/revisions"}],"predecessor-version":[{"id":714,"href":"https:\/\/consmoron.esteri.it\/it\/wp-json\/wp\/v2\/pages\/658\/revisions\/714"}],"up":[{"embeddable":true,"href":"https:\/\/consmoron.esteri.it\/it\/wp-json\/wp\/v2\/pages\/85"}],"wp:attachment":[{"href":"https:\/\/consmoron.esteri.it\/it\/wp-json\/wp\/v2\/media?parent=658"}],"curies":[{"name":"wp","href":"https:\/\/api.w.org\/{rel}","templated":true}]}}