{"id":67,"date":"2023-04-03T19:27:59","date_gmt":"2023-04-03T17:27:59","guid":{"rendered":"https:\/\/consolatozurigo.esteri.it\/?page_id=67"},"modified":"2026-04-17T16:25:46","modified_gmt":"2026-04-17T19:25:46","slug":"passaporti-e-carte-didentita","status":"publish","type":"page","link":"https:\/\/consmoron.esteri.it\/it\/servizi-consolari-e-visti\/servizi-per-il-cittadino-italiano\/passaporti-e-carte-didentita\/","title":{"rendered":"Passaporti"},"content":{"rendered":"<p>Normativa di riferimento: Legge n. 1185 del 21 novembre 1967 e successive modifiche.<\/p>\n<p>Per richiedere il rilascio del passaporto \u00e8 necessario prenotare un&#8217;appuntamento dal portale <a href=\"https:\/\/prenotami.esteri.it\/\">Prenot@Mi<\/a> e presentarsi personalmente presso questa Agenzia Consolare nell&#8217;orario di attenzione al pubblico.<\/p>\n<p>Informativa sul trattamento dei dati personali disponibile al link <a href=\"https:\/\/www.esteri.it\/it\/sportello_info\/informativa-sul-trattamento-dei-dati-personali\/\">https:\/\/www.esteri.it\/it\/sportello_info\/informativa-sul-trattamento-dei-dati-personali\/<\/a><\/p>\n<p><span style=\"color: #ff0000;\"><a style=\"color: #ff0000;\" href=\"https:\/\/www.youtube.com\/watch?v=P7v0qdp5FD4&amp;list=PLP6yk6ndBIUdEkRXG7TmCJvHrmTYvEluF&amp;index=3&amp;t=2s\">VEDI VIDEO INFORMATIVO<\/a><\/span><\/p>\n<p><a name=\"INFORMAZIONI\"><\/a>INFORMAZIONI GENERALI<\/p>\n<p>L&#8217;Ufficio Passaporti dell&#8217;Agenzia Consolare di Moron <strong>e&#8217; competente al rilascio dei passaporti a favore dei cittadini italiani residenti nella propria circoscrizione consolare<\/strong>, che comprende le seguenti zone: <strong>\u201cpartido\u201d di Hurlingham, \u201cpartido\u201d di Ituzaing\u00f3, \u201cpartido\u201d di La Matanza e \u201cpartido\u201d di Mor\u00f3n<\/strong>. Per i non residenti, si potra&#8217; procedere al rilascio solo successivamente all&#8217;acquisizione della delega e del nulla osta concesso dall&#8217;Autorit\u00e0 italiana competente per residenza (Questura o altro Consolato).<\/p>\n<p>Presupposto fondamentale per l\u2019ottenimento del passaporto nell&#8217;Agenzia Consolare \u00e8 di <strong>avere residenza e stato civile attualizzati<\/strong><strong>; ci\u00f2 significa aver notificato a questa Agenzia Consolare un eventuale cambio di residenza tramite il portale Fast It (il nuovo indirizzo deve comparire anche nel DNI) e aver presentato eventuali atti di matrimonio, sentenze di divorzio o atti di nascita di figli minori di 18 anni.<\/strong> Si suggerisce pertanto di provvedere per tempo a segnalare ogni variazione.<\/p>\n<p>Il <strong>passaporto elettronico<\/strong> \u00e8 dotato di particolari caratteristiche di stampa anticontraffazione e di un microprocessore che consente la registrazione dei dati &#8211; certificati elettronicamente &#8211; riguardanti il titolare del documento e l&#8217;Autorit\u00e0 che lo ha rilasciato. In base alle disposizioni in vigore, tutti i passaporti contengono all\u2019interno del microchip, l\u2019immagine del volto e le impronte digitali del titolare. Anche per i minori di et\u00e0 superiore ai dodici anni \u00e8 obbligatoria l\u2019acquisizione delle impronte digitali.<\/p>\n<p><a name=\"APPUNTAM\"><\/a><strong>APPUNTAMENTI<\/strong><\/p>\n<p><strong>Richiesta appuntamenti on line:<\/strong> i turni si richiedono mediante il sistema di prenotazione di appuntamenti <a href=\"https:\/\/prenotami.esteri.it\/\">Prenot@Mi<\/a>. Ogni cittadino italiano ha la facolt\u00e0 di presentare la richiesta di turno oltre che per s\u00e9 anche per i figli minorenni, ammesso che ci siano turni disponibili anche per i familiari. <a href=\"https:\/\/consmoron.esteri.it\/wp-content\/uploads\/2023\/07\/richiesta_appuntamenti_on_line_per_passaporti_tendina-1.pdf\">Per maggiori dettagli cliccare qui.<\/a><\/p>\n<p><strong>Richiesta appuntamenti\u00a0via mail: <\/strong>potranno richiedere un appuntamento via mail presso l\u2019indirizzo passaporti.moron@esteri.it, allegando copia del D.N.I. e, nel caso di urgenza, i documenti comprovanti tale grave emergenza, unicamente nei seguenti casi:<\/p>\n<ul>\n<li>I cittadini italiani in possesso di sola cittadinanza italiana NEI CASI DI COMPROVATA E GRAVE EMERGENZA (es. furto passaporto o urgenza di viaggiare).<\/li>\n<li>I cittadini italiani maggiori di 65 anni.<\/li>\n<li>I cittadini italiani con disabilit\u00e0.<\/li>\n<\/ul>\n<p>NON SARANNO PRESE IN CONSIDERAZIONE RICHIESTE DI APPUNTAMENTO VIA MAIL SPROVVISTE DELLA DOCUMENTAZIONE ALLEGATA PRESCRITTA.<\/p>\n<p><strong>NON \u00e9 possibile richiedere l&#8217;emessione della CIE lo stesso giorno del turno passaporto. Dovr\u00e0 richiedere un turno per ogni servizio nel portale <a href=\"https:\/\/prenotami.esteri.it\/\">Prenot@Mi<\/a>.<\/strong><\/p>\n<p><span style=\"text-decoration: underline;\">\u00c8 previsto un periodo di <strong data-start=\"137\" data-end=\"164\">tolleranza di 15 minuti<\/strong> a partire dall&#8217;orario assegnato per l&#8217;appuntamento. Trascorso tale termine, <strong data-start=\"241\" data-end=\"275\">non sar\u00e0 consentito l\u2019ingresso<\/strong> e la persona dovr\u00e0 <strong data-start=\"295\" data-end=\"331\">richiedere un nuovo appuntamento.\u00a0<\/strong><\/span><\/p>\n<p><strong><a id=\"COSTI_VAL_PASSAPORTO\" name=\"COSTI_VAL_PASSAPORTO\"><\/a>COSTI E VALIDIT\u00c0 DEL PASSAPORTO<\/strong><\/p>\n<p>La tariffa consolare dal <strong>01\/04\/2026 al 30\/06\/2026 \u00e8 di 194.200<\/strong>\u00a0pesos per ogni passaporto.<\/p>\n<p>In caso di modifiche del tasso di ragguaglio euro\/peso successive al pagamento e precedenti all\u2019emissione del passaporto, potr\u00e0 essere richiesta un&#8217;integrazione del pagamento. Si prega verificare<a href=\"https:\/\/consmoron.esteri.it\/es\/servizi-consolari-e-visti\/servizi-per-il-cittadino-italiano\/altri-servizi\/tariffe-consolari\/\"><strong> QUI <\/strong><\/a>l&#8217;importo in vigore prima di effettuare il pagamento. ATTENZIONE: <span style=\"text-decoration: underline;\">si applicano le tariffe vigenti al giorno del turno e non le tariffe vigenti al momento della richiesta<\/span><\/p>\n<p>Il titolare dell\u2019appuntamento potr\u00e0 pagare esclusivamente mediante bonifico bancario, preferibilmente attraverso il servizio di home banking.<\/p>\n<p>Il bonifico, individuale, \u00e8 per ogni persona che chiede l\u2019appuntamento e dovr\u00e0 essere effettuato esclusivamente il TERZO (3\u00ba) GIORNO LAVORATIVO ARGENTINO PRIMA DEL TURNO.<\/p>\n<p>In esso devono assolutamente essere indicati i seguenti dati:<\/p>\n<p>&#8211; Beneficiario del pagamento: Agenzia Consolare d\u2019Italia in Moron CUIT 30-68391133-6<\/p>\n<p>&#8211; cuenta corriente CBU: 0340128200128007064015 &#8211; Alias: CONS.MORON<\/p>\n<p>&#8211; Causale: VARIOS<\/p>\n<p>&#8211; Riferimento: COGNOME e iniziale del nome<\/p>\n<p>&#8211; Email di conferma: passaporti.moron@esteri.it<\/p>\n<p>&#8211; Oggetto: COGNOME e NOME del titolare dell\u2019appuntamento, data di nascita<\/p>\n<p>Una volta eseguito il bonifico, si dovr\u00e0 inviare una mail all\u2019indirizzo: passaporti.moron@esteri.it (\u00e8 molto importante scrivere SOLO A QUESTO INDIRIZZO) con i seguenti dati:<\/p>\n<p>Oggetto: PASSAPORTO \u2013 COGNOME e nome e data di nascita del titolare dell\u2019appuntamento, nonch\u00e9 data dell\u2019appuntamento<\/p>\n<p>Allegato: Allegare il comprovante del pagamento<\/p>\n<p>Corpo del messaggio: Specificare titolare del conto dal quale \u00e8 stato fatto il bonifico (MOLTO IMPORTANTE).<\/p>\n<p>Si avverte che l&#8217;eventuale pagamento effettuato senza un appuntamento valido non comporta l&#8217;acquisizione di un appuntamento. Questa Agenzia Consolare provveder\u00e0 alla restituzione di quanto indebitamente corrisposto nelle tempistiche necessarie ad effettuare i dovuti accertamenti.<\/p>\n<p>I passaporti hanno la validit\u00e0 di 10 anni per le persone maggiori di 18 anni, di 5 anni per i minori da 3 a 17 anni e di 3 anni per i minori di 3 anni e NON SONO RINNOVABILI.<br \/>\nDall\u20198 luglio 2014 \u00e8 stato abolito il pagamento della tassa annuale sul passaporto.<\/p>\n<p><strong><a id=\"DOCUMENTI_NECESSARI_RILASCIO_PASSAPORTO\" name=\"DOCUMENTI_NECESSARI_RILASCIO_PASSAPORTO\"><\/a>DOCUMENTI NECESSARI PER IL RILASCIO DEL PASSAPORTO<\/strong><\/p>\n<p>La documentazione sotto indicata deve essere prodotta in originale, accompagnata da una fotocopia semplice. L&#8217;Agenzia Consolare si riserva comunque, dopo aver valutato ogni singolo caso, la facolt\u00e0 di richiedere eventuale ulteriore documentazione.<\/p>\n<p><em><strong><a id=\"Cittadini_nati_Italia\" name=\"Cittadini_nati_Italia\"><\/a>Cittadini nati in Italia<\/strong><\/em><\/p>\n<ul>\n<li>ultimo passaporto italiano in originale e fotocopia; nel caso non si possegga un passaporto italiano, si deve presentare il <strong>\u201cCERTIFICADO DE INGRESO AL PAIS\u201d, rilasciato da MIGRACIONES<\/strong>;<\/li>\n<li>D.N.I. per stranieri, con indirizzo aggiornato, in originale e fotocopia;<\/li>\n<li>le foto verranno scattate lo stesso giorno dell&#8217;appuntamento nello sportello passaporti; nel caso che l&#8217;utente desideri, le pu\u00f3 anche presentare con i seguenti requisiti: 2 fotografie recenti (uguali, frontali, da vicino con l&#8217;arco sopraccigliare scoperto, a colori, sfondo bianco, formato 35x 40 mm);<\/li>\n<li>Certificado de la Camara Nacional Electoral da cui risulti il nome in italiano e in spagnolo (come da certificato nascita italiano e DNI argentino), se non ancora acquisito agli atti, oppure nei casi in cui il Certificado agli atti sia stato rilasciato prima del 16 agosto 1992 oppure se nel Certificado non sia indicata anche la traduzione del nome in spagnolo.<\/li>\n<\/ul>\n<p><em><strong><a id=\"Cittadini_nati_estero\" name=\"Cittadini_nati_estero\"><\/a>Cittadini nati all\u2019estero<\/strong><\/em><\/p>\n<ul>\n<li>ultimo passaporto italiano originale e fotocopia;<\/li>\n<li>D.N.I.\u00a0 con indirizzo aggiornato, originale e fotocopia;<\/li>\n<li>le foto verranno scattate lo stesso giorno dell&#8217;appuntamento nello sportello passaporti; nel caso che l&#8217;utente desideri, le pu\u00f3 anche presentare con i seguenti requisiti: 2 fotografie recenti (uguali, frontali, da vicino con l&#8217;arco sopraccigliare scoperto, a colori, sfondo bianco, formato 35x 40 mm);<\/li>\n<\/ul>\n<p><em><strong><a id=\"Richiedenti_figli_minori_anni _18\" name=\"Richiedenti_figli_minori_anni _18\"><\/a>Richiedenti con figli minori di anni 18<\/strong><\/em><\/p>\n<p>Dal al 14 giugno 2023 non \u00e9 pi\u00f9 necessario presentare l\u2019atto di assenso dell\u2019altro genitore ai fini del rilascio del passaporto, ai sensi del D.L. 69\/2023.<\/p>\n<p>Nello specifico il novellato articolo 3-bis della L. 1185\/1967 indica che, quando vi \u00e8 concreto e attuale pericolo che a causa del trasferimento all&#8217;estero questo possa sottrarsi all&#8217;adempimento dei suoi obblighi verso i figli, sar\u00e0 possibile per l\u2019altro genitore richiedere una inibitoria al rilascio del documento.<\/p>\n<p>L\u2019istanza potr\u00e0 essere presentata presso il giudice competente presso il Tribunale ordinario in cui il minore ha la residenza abituale ovvero, se il minore \u00e8 residente all\u2019estero, il Tribunale nel cui circondario si trova il suo Comune di iscrizione AIRE.<\/p>\n<p>Ai fini del rilascio dei documenti per i minori, invece, resta l\u2019obbligo dell\u2019assenso firmato da entrambi i genitori o da chi esercita la responsabilit\u00e0 genitoriale.<\/p>\n<p>&nbsp;<\/p>\n<p><strong><a id=\"AVVERTENZE_GENERALI\" name=\"AVVERTENZE_GENERALI\"><\/a>AVVERTENZE GENERALI<\/strong><\/p>\n<ul>\n<li>Si suggerisce di presentare la richiesta di un nuovo passaporto con un congruo anticipo rispetto alla data di un eventuale viaggio.<\/li>\n<li>La fotografia deve essere recente. Dimensioni: 35-40 mm di larghezza ed un\u2019altezza proporzionale (40-53 mm). Non si accetteranno fotografie di dimensioni inferiori. <strong>La testa e la parte superiore delle spalle devono occupare all\u2019incirca il 70-80 % dell\u2019intero quadro.<\/strong> Tra la parte superiore della testa ed il limite superiore della foto dev\u2019esserci una distanza minima di 2 mm. Il fondo deve essere bianco ed uniforme, senza ombre. Non deve comparire lo schienale della sedia, su cui siede la persona fotografata. La fotografia deve essere a colori, centrata e con la corretta messa a fuoco. Il volto del soggetto deve fissare direttamente la fotocamera, non di profilo, n\u00e8 guardando in altre direzioni; non devono esserci ombre sul viso, n\u00e9 nel fondo. Gli occhi devono essere aperti, non rossi a causa del flash e non coperti dai capelli.<\/li>\n<li><strong>La fotografia presente nel D.N.I. deve permettere l\u2019identificazione dell\u2019interessato, nonostante il documento sia in corso di validit\u00e0. Nel caso non fosse possibile identificare la persona, non si proceder\u00e0 al rilascio del passaporto; per ovviare a questo, il richiedente dovr\u00e0 ottenere, presso le autorit\u00e0 argentine corrispondenti, il rilascio di un nuovo D.N.I.<\/strong><\/li>\n<\/ul>\n","protected":false},"excerpt":{"rendered":"Normativa di riferimento: Legge n. 1185 del 21 novembre 1967 e successive modifiche. Per richiedere il rilascio del passaporto \u00e8 necessario prenotare un&#8217;appuntamento dal portale Prenot@Mi e presentarsi personalmente presso questa Agenzia Consolare nell&#8217;orario di attenzione al pubblico. Informativa sul trattamento dei dati personali disponibile al link https:\/\/www.esteri.it\/it\/sportello_info\/informativa-sul-trattamento-dei-dati-personali\/ VEDI VIDEO INFORMATIVO INFORMAZIONI GENERALI L&#8217;Ufficio Passaporti [&hellip;]","protected":false},"author":1,"featured_media":0,"parent":59,"menu_order":0,"comment_status":"closed","ping_status":"closed","template":"","meta":{"footnotes":""},"class_list":["post-67","page","type-page","status-publish","hentry"],"_links":{"self":[{"href":"https:\/\/consmoron.esteri.it\/it\/wp-json\/wp\/v2\/pages\/67","targetHints":{"allow":["GET"]}}],"collection":[{"href":"https:\/\/consmoron.esteri.it\/it\/wp-json\/wp\/v2\/pages"}],"about":[{"href":"https:\/\/consmoron.esteri.it\/it\/wp-json\/wp\/v2\/types\/page"}],"author":[{"embeddable":true,"href":"https:\/\/consmoron.esteri.it\/it\/wp-json\/wp\/v2\/users\/1"}],"replies":[{"embeddable":true,"href":"https:\/\/consmoron.esteri.it\/it\/wp-json\/wp\/v2\/comments?post=67"}],"version-history":[{"count":6,"href":"https:\/\/consmoron.esteri.it\/it\/wp-json\/wp\/v2\/pages\/67\/revisions"}],"predecessor-version":[{"id":4586,"href":"https:\/\/consmoron.esteri.it\/it\/wp-json\/wp\/v2\/pages\/67\/revisions\/4586"}],"up":[{"embeddable":true,"href":"https:\/\/consmoron.esteri.it\/it\/wp-json\/wp\/v2\/pages\/59"}],"wp:attachment":[{"href":"https:\/\/consmoron.esteri.it\/it\/wp-json\/wp\/v2\/media?parent=67"}],"curies":[{"name":"wp","href":"https:\/\/api.w.org\/{rel}","templated":true}]}}